{"id":2032,"date":"2024-11-07T07:04:23","date_gmt":"2024-11-07T07:04:11","guid":{"rendered":"https:\/\/byggmanualer.local\/lipsum-standard-mal\/lipsum-standard-mal-2-2\/lipsum-standard-mal-2-3-5\/"},"modified":"2025-02-20T11:11:09","modified_gmt":"2025-02-20T11:11:09","slug":"1-4-styring-av-sosiale-forhold-for-bemanning-og-leverandorkjeden","status":"publish","type":"page","link":"http:\/\/breeam-infrastructure.byggalliansen.no\/v6\/kategorier-og-emner\/1-ledelse\/1-4-styring-av-sosiale-forhold-for-bemanning-og-leverandorkjeden\/","title":{"rendered":"1.4 Styring av sosiale forhold for bemanning og leverand\u00f8rkjeden"},"content":{"rendered":"\n<h2 class=\"wp-block-heading\">M\u00e5l<\/h2>\n\n\n\n<p>\u00c5 fremme etiske rutiner og prosesser for arbeidsforhold i organisasjonene gjennom hele leverand\u00f8rkjeden<\/p>\n\n\n\n<p><\/p>\n","protected":false},"excerpt":{"rendered":"<p>\u00c5 fremme etiske rutiner og prosesser for arbeidsforhold i organisasjonene gjennom hele leverand\u00f8rkjeden<\/p>\n","protected":false},"author":1,"featured_media":0,"parent":2025,"menu_order":3,"comment_status":"closed","ping_status":"closed","template":"page-portaltable.php","meta":{"_acf_changed":false,"footnotes":""},"categories":[],"connection":[],"class_list":["post-2032","page","type-page","status-publish","hentry"],"acf":[],"yoast_head":"<!-- This site is optimized with the Yoast SEO plugin v24.6 - https:\/\/yoast.com\/wordpress\/plugins\/seo\/ -->\n<title>1.4 Styring av sosiale forhold for bemanning og leverand\u00f8rkjeden - BREEAM Infrastructure for prosjekter<\/title>\n<meta name=\"robots\" content=\"index, follow, max-snippet:-1, max-image-preview:large, max-video-preview:-1\" \/>\n<link rel=\"canonical\" href=\"https:\/\/breeam-infrastructure.byggalliansen.no\/v6\/kategorier-og-emner\/1-ledelse\/1-4-styring-av-sosiale-forhold-for-bemanning-og-leverandorkjeden\/\" \/>\n<meta property=\"og:locale\" content=\"nb_NO\" \/>\n<meta property=\"og:type\" content=\"article\" \/>\n<meta property=\"og:title\" content=\"1.4 Styring av sosiale forhold for bemanning og leverand\u00f8rkjeden - BREEAM Infrastructure for prosjekter\" \/>\n<meta property=\"og:description\" content=\"\u00c5 fremme etiske rutiner og prosesser for arbeidsforhold i organisasjonene gjennom hele leverand\u00f8rkjeden\" \/>\n<meta property=\"og:url\" content=\"https:\/\/breeam-infrastructure.byggalliansen.no\/v6\/kategorier-og-emner\/1-ledelse\/1-4-styring-av-sosiale-forhold-for-bemanning-og-leverandorkjeden\/\" \/>\n<meta property=\"og:site_name\" content=\"BREEAM Infrastructure for prosjekter\" \/>\n<meta property=\"article:modified_time\" content=\"2025-02-20T11:11:09+00:00\" \/>\n<meta name=\"twitter:card\" content=\"summary_large_image\" \/>\n<meta name=\"twitter:label1\" content=\"Ansl. lesetid\" \/>\n\t<meta name=\"twitter:data1\" content=\"1 minutt\" \/>\n<script type=\"application\/ld+json\" class=\"yoast-schema-graph\">{\"@context\":\"https:\/\/schema.org\",\"@graph\":[{\"@type\":\"WebPage\",\"@id\":\"https:\/\/breeam-infrastructure.byggalliansen.no\/v6\/kategorier-og-emner\/1-ledelse\/1-4-styring-av-sosiale-forhold-for-bemanning-og-leverandorkjeden\/\",\"url\":\"https:\/\/breeam-infrastructure.byggalliansen.no\/v6\/kategorier-og-emner\/1-ledelse\/1-4-styring-av-sosiale-forhold-for-bemanning-og-leverandorkjeden\/\",\"name\":\"1.4 Styring av sosiale forhold for bemanning og leverand\u00f8rkjeden - BREEAM Infrastructure for prosjekter\",\"isPartOf\":{\"@id\":\"https:\/\/breeam-infrastructure.byggalliansen.no\/v6\/#website\"},\"datePublished\":\"2024-11-07T07:04:11+00:00\",\"dateModified\":\"2025-02-20T11:11:09+00:00\",\"breadcrumb\":{\"@id\":\"https:\/\/breeam-infrastructure.byggalliansen.no\/v6\/kategorier-og-emner\/1-ledelse\/1-4-styring-av-sosiale-forhold-for-bemanning-og-leverandorkjeden\/#breadcrumb\"},\"inLanguage\":\"nb-NO\",\"potentialAction\":[{\"@type\":\"ReadAction\",\"target\":[\"https:\/\/breeam-infrastructure.byggalliansen.no\/v6\/kategorier-og-emner\/1-ledelse\/1-4-styring-av-sosiale-forhold-for-bemanning-og-leverandorkjeden\/\"]}]},{\"@type\":\"BreadcrumbList\",\"@id\":\"https:\/\/breeam-infrastructure.byggalliansen.no\/v6\/kategorier-og-emner\/1-ledelse\/1-4-styring-av-sosiale-forhold-for-bemanning-og-leverandorkjeden\/#breadcrumb\",\"itemListElement\":[{\"@type\":\"ListItem\",\"position\":1,\"name\":\"BREEAM Infrastructure for prosjekter\",\"item\":\"http:\/\/breeam-infrastructure.byggalliansen.no\/v6\/\"},{\"@type\":\"ListItem\",\"position\":2,\"name\":\"Kategorier og emner\",\"item\":\"https:\/\/breeam-infrastructure.byggalliansen.no\/v6\/kategorier-og-emner\/\"},{\"@type\":\"ListItem\",\"position\":3,\"name\":\"1 Ledelse\",\"item\":\"http:\/\/breeam-infrastructure.byggalliansen.no\/v6\/kategorier-og-emner\/1-ledelse\/\"},{\"@type\":\"ListItem\",\"position\":4,\"name\":\"1.4 Styring av sosiale forhold for bemanning og leverand\u00f8rkjeden\"}]},{\"@type\":\"WebSite\",\"@id\":\"https:\/\/breeam-infrastructure.byggalliansen.no\/v6\/#website\",\"url\":\"https:\/\/breeam-infrastructure.byggalliansen.no\/v6\/\",\"name\":\"BREEAM Infrastructure for prosjekter\",\"description\":\"Utgave 6, 2024\",\"potentialAction\":[{\"@type\":\"SearchAction\",\"target\":{\"@type\":\"EntryPoint\",\"urlTemplate\":\"https:\/\/breeam-infrastructure.byggalliansen.no\/v6\/?s={search_term_string}\"},\"query-input\":{\"@type\":\"PropertyValueSpecification\",\"valueRequired\":true,\"valueName\":\"search_term_string\"}}],\"inLanguage\":\"nb-NO\"}]}<\/script>\n<!-- \/ Yoast SEO plugin. -->","yoast_head_json":{"title":"1.4 Styring av sosiale forhold for bemanning og leverand\u00f8rkjeden - BREEAM Infrastructure for prosjekter","robots":{"index":"index","follow":"follow","max-snippet":"max-snippet:-1","max-image-preview":"max-image-preview:large","max-video-preview":"max-video-preview:-1"},"canonical":"https:\/\/breeam-infrastructure.byggalliansen.no\/v6\/kategorier-og-emner\/1-ledelse\/1-4-styring-av-sosiale-forhold-for-bemanning-og-leverandorkjeden\/","og_locale":"nb_NO","og_type":"article","og_title":"1.4 Styring av sosiale forhold for bemanning og leverand\u00f8rkjeden - BREEAM Infrastructure for prosjekter","og_description":"\u00c5 fremme etiske rutiner og prosesser for arbeidsforhold i organisasjonene gjennom hele leverand\u00f8rkjeden","og_url":"https:\/\/breeam-infrastructure.byggalliansen.no\/v6\/kategorier-og-emner\/1-ledelse\/1-4-styring-av-sosiale-forhold-for-bemanning-og-leverandorkjeden\/","og_site_name":"BREEAM Infrastructure for prosjekter","article_modified_time":"2025-02-20T11:11:09+00:00","twitter_card":"summary_large_image","twitter_misc":{"Ansl. lesetid":"1 minutt"},"schema":{"@context":"https:\/\/schema.org","@graph":[{"@type":"WebPage","@id":"https:\/\/breeam-infrastructure.byggalliansen.no\/v6\/kategorier-og-emner\/1-ledelse\/1-4-styring-av-sosiale-forhold-for-bemanning-og-leverandorkjeden\/","url":"https:\/\/breeam-infrastructure.byggalliansen.no\/v6\/kategorier-og-emner\/1-ledelse\/1-4-styring-av-sosiale-forhold-for-bemanning-og-leverandorkjeden\/","name":"1.4 Styring av sosiale forhold for bemanning og leverand\u00f8rkjeden - BREEAM Infrastructure for prosjekter","isPartOf":{"@id":"https:\/\/breeam-infrastructure.byggalliansen.no\/v6\/#website"},"datePublished":"2024-11-07T07:04:11+00:00","dateModified":"2025-02-20T11:11:09+00:00","breadcrumb":{"@id":"https:\/\/breeam-infrastructure.byggalliansen.no\/v6\/kategorier-og-emner\/1-ledelse\/1-4-styring-av-sosiale-forhold-for-bemanning-og-leverandorkjeden\/#breadcrumb"},"inLanguage":"nb-NO","potentialAction":[{"@type":"ReadAction","target":["https:\/\/breeam-infrastructure.byggalliansen.no\/v6\/kategorier-og-emner\/1-ledelse\/1-4-styring-av-sosiale-forhold-for-bemanning-og-leverandorkjeden\/"]}]},{"@type":"BreadcrumbList","@id":"https:\/\/breeam-infrastructure.byggalliansen.no\/v6\/kategorier-og-emner\/1-ledelse\/1-4-styring-av-sosiale-forhold-for-bemanning-og-leverandorkjeden\/#breadcrumb","itemListElement":[{"@type":"ListItem","position":1,"name":"BREEAM Infrastructure for prosjekter","item":"http:\/\/breeam-infrastructure.byggalliansen.no\/v6\/"},{"@type":"ListItem","position":2,"name":"Kategorier og emner","item":"https:\/\/breeam-infrastructure.byggalliansen.no\/v6\/kategorier-og-emner\/"},{"@type":"ListItem","position":3,"name":"1 Ledelse","item":"http:\/\/breeam-infrastructure.byggalliansen.no\/v6\/kategorier-og-emner\/1-ledelse\/"},{"@type":"ListItem","position":4,"name":"1.4 Styring av sosiale forhold for bemanning og leverand\u00f8rkjeden"}]},{"@type":"WebSite","@id":"https:\/\/breeam-infrastructure.byggalliansen.no\/v6\/#website","url":"https:\/\/breeam-infrastructure.byggalliansen.no\/v6\/","name":"BREEAM Infrastructure for prosjekter","description":"Utgave 6, 2024","potentialAction":[{"@type":"SearchAction","target":{"@type":"EntryPoint","urlTemplate":"https:\/\/breeam-infrastructure.byggalliansen.no\/v6\/?s={search_term_string}"},"query-input":{"@type":"PropertyValueSpecification","valueRequired":true,"valueName":"search_term_string"}}],"inLanguage":"nb-NO"}]}},"_links":{"self":[{"href":"http:\/\/breeam-infrastructure.byggalliansen.no\/v6\/wp-json\/wp\/v2\/pages\/2032","targetHints":{"allow":["GET"]}}],"collection":[{"href":"http:\/\/breeam-infrastructure.byggalliansen.no\/v6\/wp-json\/wp\/v2\/pages"}],"about":[{"href":"http:\/\/breeam-infrastructure.byggalliansen.no\/v6\/wp-json\/wp\/v2\/types\/page"}],"author":[{"embeddable":true,"href":"http:\/\/breeam-infrastructure.byggalliansen.no\/v6\/wp-json\/wp\/v2\/users\/1"}],"replies":[{"embeddable":true,"href":"http:\/\/breeam-infrastructure.byggalliansen.no\/v6\/wp-json\/wp\/v2\/comments?post=2032"}],"version-history":[{"count":3,"href":"http:\/\/breeam-infrastructure.byggalliansen.no\/v6\/wp-json\/wp\/v2\/pages\/2032\/revisions"}],"predecessor-version":[{"id":3783,"href":"http:\/\/breeam-infrastructure.byggalliansen.no\/v6\/wp-json\/wp\/v2\/pages\/2032\/revisions\/3783"}],"up":[{"embeddable":true,"href":"http:\/\/breeam-infrastructure.byggalliansen.no\/v6\/wp-json\/wp\/v2\/pages\/2025"}],"wp:attachment":[{"href":"http:\/\/breeam-infrastructure.byggalliansen.no\/v6\/wp-json\/wp\/v2\/media?parent=2032"}],"wp:term":[{"taxonomy":"category","embeddable":true,"href":"http:\/\/breeam-infrastructure.byggalliansen.no\/v6\/wp-json\/wp\/v2\/categories?post=2032"},{"taxonomy":"connection","embeddable":true,"href":"http:\/\/breeam-infrastructure.byggalliansen.no\/v6\/wp-json\/wp\/v2\/connection?post=2032"}],"curies":[{"name":"wp","href":"https:\/\/api.w.org\/{rel}","templated":true}]}}