{"id":2462,"date":"2025-01-14T13:34:00","date_gmt":"2025-01-14T13:34:00","guid":{"rendered":"https:\/\/manualer.byggalliansen.no\/v6\/?page_id=2462"},"modified":"2025-01-14T13:34:02","modified_gmt":"2025-01-14T13:34:02","slug":"1-4-1-organisasjonens-planer-og-retningslinjer-for-etiske-arbeidsforhold","status":"publish","type":"page","link":"http:\/\/breeam-infrastructure.byggalliansen.no\/v6\/kategorier-og-emner\/1-ledelse\/1-4-styring-av-sosiale-forhold-for-bemanning-og-leverandorkjeden\/1-4-1-organisasjonens-planer-og-retningslinjer-for-etiske-arbeidsforhold\/","title":{"rendered":"1.4.1 \u00a0Organisasjonens planer og retningslinjer for etiske arbeidsforhold"},"content":{"rendered":"\n<p>1.4.1.1 \u00a0\u00a0Alle organisasjonene i prosjektgruppen (tiltakshaver, prosjekteringsgruppe og hovedentrepren\u00f8r) har egne retningslinjer og planer for etiske arbeidsforhold i bedriften.<\/p>\n\n\n\n<p>1.4.1.2 &nbsp;Planene og retningslinjene<\/p>\n\n\n\n<ol style=\"list-style-type:lower-alpha\" class=\"wp-block-list\">\n<li>er offentlig tilgjengelige<\/li>\n\n\n\n<li>er godkjent av direkt\u00f8rene (eller tilsvarende) i bedriften<\/li>\n\n\n\n<li>dekker alle medarbeiderne som jobber fast og midlertidig for bedriften og, n\u00e5r det gjelder tiltakshaveren og hovedentrepren\u00f8ren, alle som jobber p\u00e5 anleggene i prosjektet<\/li>\n\n\n\n<li>har pekt ut en navngitt person med spesifikt ansvar for etiske arbeidsforhold<\/li>\n\n\n\n<li>inneholder spesifikke forpliktelser til \u00e5 gj\u00f8re arbeidsforholdene bedre for hvert \u00e5r<\/li>\n<\/ol>\n\n\n\n<p>1.4.1.3 \u00a0\u00a0Fremdriften i oppfyllelsen av forpliktelsene til \u00e5 forbedre arbeidsforholdene rapporteres og offentliggj\u00f8res regelmessig.<\/p>\n\n\n\n<p><\/p>\n","protected":false},"excerpt":{"rendered":"<p>1.4.1.1 \u00a0\u00a0Alle organisasjonene i prosjektgruppen (tiltakshaver, prosjekteringsgruppe og hovedentrepren\u00f8r) har egne retningslinjer og planer for etiske arbeidsforhold i bedriften. 1.4.1.2 &nbsp;Planene og retningslinjene 1.4.1.3 \u00a0\u00a0Fremdriften i oppfyllelsen av forpliktelsene til \u00e5 forbedre arbeidsforholdene rapporteres og offentliggj\u00f8res regelmessig.<\/p>\n","protected":false},"author":2,"featured_media":0,"parent":2032,"menu_order":0,"comment_status":"closed","ping_status":"closed","template":"","meta":{"_acf_changed":false,"footnotes":""},"categories":[31],"connection":[63],"class_list":["post-2462","page","type-page","status-publish","hentry","category-faste-kriterier","connection-1-4-1"],"acf":[],"yoast_head":"<!-- This site is optimized with the Yoast SEO plugin v24.6 - https:\/\/yoast.com\/wordpress\/plugins\/seo\/ -->\n<title>1.4.1 \u00a0Organisasjonens planer og retningslinjer for etiske arbeidsforhold - BREEAM Infrastructure for prosjekter<\/title>\n<meta name=\"robots\" content=\"index, follow, max-snippet:-1, max-image-preview:large, max-video-preview:-1\" \/>\n<link rel=\"canonical\" href=\"http:\/\/breeam-infrastructure.byggalliansen.no\/v6\/kategorier-og-emner\/1-ledelse\/1-4-styring-av-sosiale-forhold-for-bemanning-og-leverandorkjeden\/1-4-1-organisasjonens-planer-og-retningslinjer-for-etiske-arbeidsforhold\/\" \/>\n<meta property=\"og:locale\" content=\"nb_NO\" \/>\n<meta property=\"og:type\" content=\"article\" \/>\n<meta property=\"og:title\" content=\"1.4.1 \u00a0Organisasjonens planer og retningslinjer for etiske arbeidsforhold - BREEAM Infrastructure for prosjekter\" \/>\n<meta property=\"og:description\" content=\"1.4.1.1 \u00a0\u00a0Alle organisasjonene i prosjektgruppen (tiltakshaver, prosjekteringsgruppe og hovedentrepren\u00f8r) har egne retningslinjer og planer for etiske arbeidsforhold i bedriften. 1.4.1.2 &nbsp;Planene og retningslinjene 1.4.1.3 \u00a0\u00a0Fremdriften i oppfyllelsen av forpliktelsene til \u00e5 forbedre arbeidsforholdene rapporteres og offentliggj\u00f8res regelmessig.\" \/>\n<meta property=\"og:url\" content=\"http:\/\/breeam-infrastructure.byggalliansen.no\/v6\/kategorier-og-emner\/1-ledelse\/1-4-styring-av-sosiale-forhold-for-bemanning-og-leverandorkjeden\/1-4-1-organisasjonens-planer-og-retningslinjer-for-etiske-arbeidsforhold\/\" \/>\n<meta property=\"og:site_name\" content=\"BREEAM Infrastructure for prosjekter\" \/>\n<meta property=\"article:modified_time\" content=\"2025-01-14T13:34:02+00:00\" \/>\n<meta name=\"twitter:card\" content=\"summary_large_image\" \/>\n<meta name=\"twitter:label1\" content=\"Ansl. lesetid\" \/>\n\t<meta name=\"twitter:data1\" content=\"1 minutt\" \/>\n<script type=\"application\/ld+json\" class=\"yoast-schema-graph\">{\"@context\":\"https:\/\/schema.org\",\"@graph\":[{\"@type\":\"WebPage\",\"@id\":\"http:\/\/breeam-infrastructure.byggalliansen.no\/v6\/kategorier-og-emner\/1-ledelse\/1-4-styring-av-sosiale-forhold-for-bemanning-og-leverandorkjeden\/1-4-1-organisasjonens-planer-og-retningslinjer-for-etiske-arbeidsforhold\/\",\"url\":\"http:\/\/breeam-infrastructure.byggalliansen.no\/v6\/kategorier-og-emner\/1-ledelse\/1-4-styring-av-sosiale-forhold-for-bemanning-og-leverandorkjeden\/1-4-1-organisasjonens-planer-og-retningslinjer-for-etiske-arbeidsforhold\/\",\"name\":\"1.4.1 \u00a0Organisasjonens planer og retningslinjer for etiske arbeidsforhold - BREEAM Infrastructure for prosjekter\",\"isPartOf\":{\"@id\":\"https:\/\/breeam-infrastructure.byggalliansen.no\/v6\/#website\"},\"datePublished\":\"2025-01-14T13:34:00+00:00\",\"dateModified\":\"2025-01-14T13:34:02+00:00\",\"breadcrumb\":{\"@id\":\"http:\/\/breeam-infrastructure.byggalliansen.no\/v6\/kategorier-og-emner\/1-ledelse\/1-4-styring-av-sosiale-forhold-for-bemanning-og-leverandorkjeden\/1-4-1-organisasjonens-planer-og-retningslinjer-for-etiske-arbeidsforhold\/#breadcrumb\"},\"inLanguage\":\"nb-NO\",\"potentialAction\":[{\"@type\":\"ReadAction\",\"target\":[\"http:\/\/breeam-infrastructure.byggalliansen.no\/v6\/kategorier-og-emner\/1-ledelse\/1-4-styring-av-sosiale-forhold-for-bemanning-og-leverandorkjeden\/1-4-1-organisasjonens-planer-og-retningslinjer-for-etiske-arbeidsforhold\/\"]}]},{\"@type\":\"BreadcrumbList\",\"@id\":\"http:\/\/breeam-infrastructure.byggalliansen.no\/v6\/kategorier-og-emner\/1-ledelse\/1-4-styring-av-sosiale-forhold-for-bemanning-og-leverandorkjeden\/1-4-1-organisasjonens-planer-og-retningslinjer-for-etiske-arbeidsforhold\/#breadcrumb\",\"itemListElement\":[{\"@type\":\"ListItem\",\"position\":1,\"name\":\"BREEAM Infrastructure for prosjekter\",\"item\":\"http:\/\/breeam-infrastructure.byggalliansen.no\/v6\/\"},{\"@type\":\"ListItem\",\"position\":2,\"name\":\"Kategorier og emner\",\"item\":\"https:\/\/breeam-infrastructure.byggalliansen.no\/v6\/kategorier-og-emner\/\"},{\"@type\":\"ListItem\",\"position\":3,\"name\":\"1 Ledelse\",\"item\":\"http:\/\/breeam-infrastructure.byggalliansen.no\/v6\/kategorier-og-emner\/1-ledelse\/\"},{\"@type\":\"ListItem\",\"position\":4,\"name\":\"1.4 Styring av sosiale forhold for bemanning og leverand\u00f8rkjeden\",\"item\":\"https:\/\/breeam-infrastructure.byggalliansen.no\/v6\/kategorier-og-emner\/1-ledelse\/1-4-styring-av-sosiale-forhold-for-bemanning-og-leverandorkjeden\/\"},{\"@type\":\"ListItem\",\"position\":5,\"name\":\"1.4.1 \u00a0Organisasjonens planer og retningslinjer for etiske arbeidsforhold\"}]},{\"@type\":\"WebSite\",\"@id\":\"https:\/\/breeam-infrastructure.byggalliansen.no\/v6\/#website\",\"url\":\"https:\/\/breeam-infrastructure.byggalliansen.no\/v6\/\",\"name\":\"BREEAM Infrastructure for prosjekter\",\"description\":\"Utgave 6, 2024\",\"potentialAction\":[{\"@type\":\"SearchAction\",\"target\":{\"@type\":\"EntryPoint\",\"urlTemplate\":\"https:\/\/breeam-infrastructure.byggalliansen.no\/v6\/?s={search_term_string}\"},\"query-input\":{\"@type\":\"PropertyValueSpecification\",\"valueRequired\":true,\"valueName\":\"search_term_string\"}}],\"inLanguage\":\"nb-NO\"}]}<\/script>\n<!-- \/ Yoast SEO plugin. -->","yoast_head_json":{"title":"1.4.1 \u00a0Organisasjonens planer og retningslinjer for etiske arbeidsforhold - BREEAM Infrastructure for prosjekter","robots":{"index":"index","follow":"follow","max-snippet":"max-snippet:-1","max-image-preview":"max-image-preview:large","max-video-preview":"max-video-preview:-1"},"canonical":"http:\/\/breeam-infrastructure.byggalliansen.no\/v6\/kategorier-og-emner\/1-ledelse\/1-4-styring-av-sosiale-forhold-for-bemanning-og-leverandorkjeden\/1-4-1-organisasjonens-planer-og-retningslinjer-for-etiske-arbeidsforhold\/","og_locale":"nb_NO","og_type":"article","og_title":"1.4.1 \u00a0Organisasjonens planer og retningslinjer for etiske arbeidsforhold - BREEAM Infrastructure for prosjekter","og_description":"1.4.1.1 \u00a0\u00a0Alle organisasjonene i prosjektgruppen (tiltakshaver, prosjekteringsgruppe og hovedentrepren\u00f8r) har egne retningslinjer og planer for etiske arbeidsforhold i bedriften. 1.4.1.2 &nbsp;Planene og retningslinjene 1.4.1.3 \u00a0\u00a0Fremdriften i oppfyllelsen av forpliktelsene til \u00e5 forbedre arbeidsforholdene rapporteres og offentliggj\u00f8res regelmessig.","og_url":"http:\/\/breeam-infrastructure.byggalliansen.no\/v6\/kategorier-og-emner\/1-ledelse\/1-4-styring-av-sosiale-forhold-for-bemanning-og-leverandorkjeden\/1-4-1-organisasjonens-planer-og-retningslinjer-for-etiske-arbeidsforhold\/","og_site_name":"BREEAM Infrastructure for prosjekter","article_modified_time":"2025-01-14T13:34:02+00:00","twitter_card":"summary_large_image","twitter_misc":{"Ansl. lesetid":"1 minutt"},"schema":{"@context":"https:\/\/schema.org","@graph":[{"@type":"WebPage","@id":"http:\/\/breeam-infrastructure.byggalliansen.no\/v6\/kategorier-og-emner\/1-ledelse\/1-4-styring-av-sosiale-forhold-for-bemanning-og-leverandorkjeden\/1-4-1-organisasjonens-planer-og-retningslinjer-for-etiske-arbeidsforhold\/","url":"http:\/\/breeam-infrastructure.byggalliansen.no\/v6\/kategorier-og-emner\/1-ledelse\/1-4-styring-av-sosiale-forhold-for-bemanning-og-leverandorkjeden\/1-4-1-organisasjonens-planer-og-retningslinjer-for-etiske-arbeidsforhold\/","name":"1.4.1 \u00a0Organisasjonens planer og retningslinjer for etiske arbeidsforhold - BREEAM Infrastructure for prosjekter","isPartOf":{"@id":"https:\/\/breeam-infrastructure.byggalliansen.no\/v6\/#website"},"datePublished":"2025-01-14T13:34:00+00:00","dateModified":"2025-01-14T13:34:02+00:00","breadcrumb":{"@id":"http:\/\/breeam-infrastructure.byggalliansen.no\/v6\/kategorier-og-emner\/1-ledelse\/1-4-styring-av-sosiale-forhold-for-bemanning-og-leverandorkjeden\/1-4-1-organisasjonens-planer-og-retningslinjer-for-etiske-arbeidsforhold\/#breadcrumb"},"inLanguage":"nb-NO","potentialAction":[{"@type":"ReadAction","target":["http:\/\/breeam-infrastructure.byggalliansen.no\/v6\/kategorier-og-emner\/1-ledelse\/1-4-styring-av-sosiale-forhold-for-bemanning-og-leverandorkjeden\/1-4-1-organisasjonens-planer-og-retningslinjer-for-etiske-arbeidsforhold\/"]}]},{"@type":"BreadcrumbList","@id":"http:\/\/breeam-infrastructure.byggalliansen.no\/v6\/kategorier-og-emner\/1-ledelse\/1-4-styring-av-sosiale-forhold-for-bemanning-og-leverandorkjeden\/1-4-1-organisasjonens-planer-og-retningslinjer-for-etiske-arbeidsforhold\/#breadcrumb","itemListElement":[{"@type":"ListItem","position":1,"name":"BREEAM Infrastructure for prosjekter","item":"http:\/\/breeam-infrastructure.byggalliansen.no\/v6\/"},{"@type":"ListItem","position":2,"name":"Kategorier og emner","item":"https:\/\/breeam-infrastructure.byggalliansen.no\/v6\/kategorier-og-emner\/"},{"@type":"ListItem","position":3,"name":"1 Ledelse","item":"http:\/\/breeam-infrastructure.byggalliansen.no\/v6\/kategorier-og-emner\/1-ledelse\/"},{"@type":"ListItem","position":4,"name":"1.4 Styring av sosiale forhold for bemanning og leverand\u00f8rkjeden","item":"https:\/\/breeam-infrastructure.byggalliansen.no\/v6\/kategorier-og-emner\/1-ledelse\/1-4-styring-av-sosiale-forhold-for-bemanning-og-leverandorkjeden\/"},{"@type":"ListItem","position":5,"name":"1.4.1 \u00a0Organisasjonens planer og retningslinjer for etiske arbeidsforhold"}]},{"@type":"WebSite","@id":"https:\/\/breeam-infrastructure.byggalliansen.no\/v6\/#website","url":"https:\/\/breeam-infrastructure.byggalliansen.no\/v6\/","name":"BREEAM Infrastructure for prosjekter","description":"Utgave 6, 2024","potentialAction":[{"@type":"SearchAction","target":{"@type":"EntryPoint","urlTemplate":"https:\/\/breeam-infrastructure.byggalliansen.no\/v6\/?s={search_term_string}"},"query-input":{"@type":"PropertyValueSpecification","valueRequired":true,"valueName":"search_term_string"}}],"inLanguage":"nb-NO"}]}},"_links":{"self":[{"href":"http:\/\/breeam-infrastructure.byggalliansen.no\/v6\/wp-json\/wp\/v2\/pages\/2462","targetHints":{"allow":["GET"]}}],"collection":[{"href":"http:\/\/breeam-infrastructure.byggalliansen.no\/v6\/wp-json\/wp\/v2\/pages"}],"about":[{"href":"http:\/\/breeam-infrastructure.byggalliansen.no\/v6\/wp-json\/wp\/v2\/types\/page"}],"author":[{"embeddable":true,"href":"http:\/\/breeam-infrastructure.byggalliansen.no\/v6\/wp-json\/wp\/v2\/users\/2"}],"replies":[{"embeddable":true,"href":"http:\/\/breeam-infrastructure.byggalliansen.no\/v6\/wp-json\/wp\/v2\/comments?post=2462"}],"version-history":[{"count":1,"href":"http:\/\/breeam-infrastructure.byggalliansen.no\/v6\/wp-json\/wp\/v2\/pages\/2462\/revisions"}],"predecessor-version":[{"id":2463,"href":"http:\/\/breeam-infrastructure.byggalliansen.no\/v6\/wp-json\/wp\/v2\/pages\/2462\/revisions\/2463"}],"up":[{"embeddable":true,"href":"http:\/\/breeam-infrastructure.byggalliansen.no\/v6\/wp-json\/wp\/v2\/pages\/2032"}],"wp:attachment":[{"href":"http:\/\/breeam-infrastructure.byggalliansen.no\/v6\/wp-json\/wp\/v2\/media?parent=2462"}],"wp:term":[{"taxonomy":"category","embeddable":true,"href":"http:\/\/breeam-infrastructure.byggalliansen.no\/v6\/wp-json\/wp\/v2\/categories?post=2462"},{"taxonomy":"connection","embeddable":true,"href":"http:\/\/breeam-infrastructure.byggalliansen.no\/v6\/wp-json\/wp\/v2\/connection?post=2462"}],"curies":[{"name":"wp","href":"https:\/\/api.w.org\/{rel}","templated":true}]}}