{"id":2599,"date":"2025-01-20T09:46:08","date_gmt":"2025-01-20T09:46:08","guid":{"rendered":"https:\/\/manualer.byggalliansen.no\/v6\/?page_id=2599"},"modified":"2025-04-29T12:42:30","modified_gmt":"2025-04-29T12:42:30","slug":"7-3-2-miljodeklarasjoner-epd-er","status":"publish","type":"page","link":"http:\/\/breeam-infrastructure.byggalliansen.no\/v6\/kategorier-og-emner\/7-ressurser\/7-3-miljopavirkning-fra-byggeprodukter\/7-3-2-miljodeklarasjoner-epd-er\/","title":{"rendered":"7.3.2 \u00a0Milj\u00f8deklarasjoner (EPD-er)"},"content":{"rendered":"\n<p>7.3.2.1 &nbsp;En <dfn aria-describedby=\"desc-1741166843334-17r49bfmo\" data-definition=\"Fagperson med relevant erfaring innenfor klimagassutslipp\">fagperson med relevant erfaring innenfor klimagassutslipp<\/dfn> eller <dfn aria-describedby=\"desc-1741094972804-9npgoextq\" data-definition=\"Milj\u00f8deklarasjoner (EPD)\">milj\u00f8deklarasjoner (EPD)<\/dfn> identifiserer ti viktige produkter i prosjektet som revideres. Fem av disse produktene spesifiseres i det ferdigstilte prosjektet basert p\u00e5 analysen av produktspesifikke milj\u00f8deklarasjoner verifisert av en uavhengig tredjepart.<\/p>\n\n\n\n<p>7.3.2.2 \u00a0Milj\u00f8deklarasjonene skal danne grunnlaget for fagpersonens anbefalinger til spesifikasjoner, og milj\u00f8deklarasjonene for produktene brukt i det ferdigstilte prosjektet m\u00e5 innhentes og dokumenteres.<\/p>\n\n\n\n<p><\/p>\n","protected":false},"excerpt":{"rendered":"<p>7.3.2.1 &nbsp;En fagperson med relevant erfaring innenfor klimagassutslipp eller milj\u00f8deklarasjoner (EPD) identifiserer ti viktige produkter i prosjektet som revideres. Fem av disse produktene spesifiseres i det ferdigstilte prosjektet basert p\u00e5 analysen av produktspesifikke milj\u00f8deklarasjoner verifisert av en uavhengig tredjepart. 7.3.2.2 \u00a0Milj\u00f8deklarasjonene skal danne grunnlaget for fagpersonens anbefalinger til spesifikasjoner, og milj\u00f8deklarasjonene for produktene brukt i [&hellip;]<\/p>\n","protected":false},"author":2,"featured_media":0,"parent":2578,"menu_order":1,"comment_status":"closed","ping_status":"closed","template":"","meta":{"_acf_changed":false,"footnotes":""},"categories":[31],"connection":[83],"class_list":["post-2599","page","type-page","status-publish","hentry","category-faste-kriterier","connection-7-3-2"],"acf":[],"yoast_head":"<!-- This site is optimized with the Yoast SEO plugin v24.6 - https:\/\/yoast.com\/wordpress\/plugins\/seo\/ -->\n<title>7.3.2 \u00a0Milj\u00f8deklarasjoner (EPD-er) - BREEAM Infrastructure for prosjekter<\/title>\n<meta name=\"robots\" content=\"index, follow, max-snippet:-1, max-image-preview:large, max-video-preview:-1\" \/>\n<link rel=\"canonical\" href=\"http:\/\/breeam-infrastructure.byggalliansen.no\/v6\/kategorier-og-emner\/7-ressurser\/7-3-miljopavirkning-fra-byggeprodukter\/7-3-2-miljodeklarasjoner-epd-er\/\" \/>\n<meta property=\"og:locale\" content=\"nb_NO\" \/>\n<meta property=\"og:type\" content=\"article\" \/>\n<meta property=\"og:title\" content=\"7.3.2 \u00a0Milj\u00f8deklarasjoner (EPD-er) - BREEAM Infrastructure for prosjekter\" \/>\n<meta property=\"og:description\" content=\"7.3.2.1 &nbsp;En fagperson med relevant erfaring innenfor klimagassutslipp eller milj\u00f8deklarasjoner (EPD) identifiserer ti viktige produkter i prosjektet som revideres. Fem av disse produktene spesifiseres i det ferdigstilte prosjektet basert p\u00e5 analysen av produktspesifikke milj\u00f8deklarasjoner verifisert av en uavhengig tredjepart. 7.3.2.2 \u00a0Milj\u00f8deklarasjonene skal danne grunnlaget for fagpersonens anbefalinger til spesifikasjoner, og milj\u00f8deklarasjonene for produktene brukt i [&hellip;]\" \/>\n<meta property=\"og:url\" content=\"http:\/\/breeam-infrastructure.byggalliansen.no\/v6\/kategorier-og-emner\/7-ressurser\/7-3-miljopavirkning-fra-byggeprodukter\/7-3-2-miljodeklarasjoner-epd-er\/\" \/>\n<meta property=\"og:site_name\" content=\"BREEAM Infrastructure for prosjekter\" \/>\n<meta property=\"article:modified_time\" content=\"2025-04-29T12:42:30+00:00\" \/>\n<meta name=\"twitter:card\" content=\"summary_large_image\" \/>\n<meta name=\"twitter:label1\" content=\"Ansl. lesetid\" \/>\n\t<meta name=\"twitter:data1\" content=\"1 minutt\" \/>\n<script type=\"application\/ld+json\" class=\"yoast-schema-graph\">{\"@context\":\"https:\/\/schema.org\",\"@graph\":[{\"@type\":\"WebPage\",\"@id\":\"http:\/\/breeam-infrastructure.byggalliansen.no\/v6\/kategorier-og-emner\/7-ressurser\/7-3-miljopavirkning-fra-byggeprodukter\/7-3-2-miljodeklarasjoner-epd-er\/\",\"url\":\"http:\/\/breeam-infrastructure.byggalliansen.no\/v6\/kategorier-og-emner\/7-ressurser\/7-3-miljopavirkning-fra-byggeprodukter\/7-3-2-miljodeklarasjoner-epd-er\/\",\"name\":\"7.3.2 \u00a0Milj\u00f8deklarasjoner (EPD-er) - BREEAM Infrastructure for prosjekter\",\"isPartOf\":{\"@id\":\"https:\/\/breeam-infrastructure.byggalliansen.no\/v6\/#website\"},\"datePublished\":\"2025-01-20T09:46:08+00:00\",\"dateModified\":\"2025-04-29T12:42:30+00:00\",\"breadcrumb\":{\"@id\":\"http:\/\/breeam-infrastructure.byggalliansen.no\/v6\/kategorier-og-emner\/7-ressurser\/7-3-miljopavirkning-fra-byggeprodukter\/7-3-2-miljodeklarasjoner-epd-er\/#breadcrumb\"},\"inLanguage\":\"nb-NO\",\"potentialAction\":[{\"@type\":\"ReadAction\",\"target\":[\"http:\/\/breeam-infrastructure.byggalliansen.no\/v6\/kategorier-og-emner\/7-ressurser\/7-3-miljopavirkning-fra-byggeprodukter\/7-3-2-miljodeklarasjoner-epd-er\/\"]}]},{\"@type\":\"BreadcrumbList\",\"@id\":\"http:\/\/breeam-infrastructure.byggalliansen.no\/v6\/kategorier-og-emner\/7-ressurser\/7-3-miljopavirkning-fra-byggeprodukter\/7-3-2-miljodeklarasjoner-epd-er\/#breadcrumb\",\"itemListElement\":[{\"@type\":\"ListItem\",\"position\":1,\"name\":\"BREEAM Infrastructure for prosjekter\",\"item\":\"http:\/\/breeam-infrastructure.byggalliansen.no\/v6\/\"},{\"@type\":\"ListItem\",\"position\":2,\"name\":\"Kategorier og emner\",\"item\":\"https:\/\/breeam-infrastructure.byggalliansen.no\/v6\/kategorier-og-emner\/\"},{\"@type\":\"ListItem\",\"position\":3,\"name\":\"7 Ressurser\",\"item\":\"https:\/\/breeam-infrastructure.byggalliansen.no\/v6\/kategorier-og-emner\/7-ressurser\/\"},{\"@type\":\"ListItem\",\"position\":4,\"name\":\"7.3 Milj\u00f8p\u00e5virkning fra byggeprodukter\",\"item\":\"http:\/\/breeam-infrastructure.byggalliansen.no\/v6\/kategorier-og-emner\/7-ressurser\/7-3-miljopavirkning-fra-byggeprodukter\/\"},{\"@type\":\"ListItem\",\"position\":5,\"name\":\"7.3.2 \u00a0Milj\u00f8deklarasjoner (EPD-er)\"}]},{\"@type\":\"WebSite\",\"@id\":\"https:\/\/breeam-infrastructure.byggalliansen.no\/v6\/#website\",\"url\":\"https:\/\/breeam-infrastructure.byggalliansen.no\/v6\/\",\"name\":\"BREEAM Infrastructure for prosjekter\",\"description\":\"Utgave 6, 2024\",\"potentialAction\":[{\"@type\":\"SearchAction\",\"target\":{\"@type\":\"EntryPoint\",\"urlTemplate\":\"https:\/\/breeam-infrastructure.byggalliansen.no\/v6\/?s={search_term_string}\"},\"query-input\":{\"@type\":\"PropertyValueSpecification\",\"valueRequired\":true,\"valueName\":\"search_term_string\"}}],\"inLanguage\":\"nb-NO\"}]}<\/script>\n<!-- \/ Yoast SEO plugin. -->","yoast_head_json":{"title":"7.3.2 \u00a0Milj\u00f8deklarasjoner (EPD-er) - BREEAM Infrastructure for prosjekter","robots":{"index":"index","follow":"follow","max-snippet":"max-snippet:-1","max-image-preview":"max-image-preview:large","max-video-preview":"max-video-preview:-1"},"canonical":"http:\/\/breeam-infrastructure.byggalliansen.no\/v6\/kategorier-og-emner\/7-ressurser\/7-3-miljopavirkning-fra-byggeprodukter\/7-3-2-miljodeklarasjoner-epd-er\/","og_locale":"nb_NO","og_type":"article","og_title":"7.3.2 \u00a0Milj\u00f8deklarasjoner (EPD-er) - BREEAM Infrastructure for prosjekter","og_description":"7.3.2.1 &nbsp;En fagperson med relevant erfaring innenfor klimagassutslipp eller milj\u00f8deklarasjoner (EPD) identifiserer ti viktige produkter i prosjektet som revideres. Fem av disse produktene spesifiseres i det ferdigstilte prosjektet basert p\u00e5 analysen av produktspesifikke milj\u00f8deklarasjoner verifisert av en uavhengig tredjepart. 7.3.2.2 \u00a0Milj\u00f8deklarasjonene skal danne grunnlaget for fagpersonens anbefalinger til spesifikasjoner, og milj\u00f8deklarasjonene for produktene brukt i [&hellip;]","og_url":"http:\/\/breeam-infrastructure.byggalliansen.no\/v6\/kategorier-og-emner\/7-ressurser\/7-3-miljopavirkning-fra-byggeprodukter\/7-3-2-miljodeklarasjoner-epd-er\/","og_site_name":"BREEAM Infrastructure for prosjekter","article_modified_time":"2025-04-29T12:42:30+00:00","twitter_card":"summary_large_image","twitter_misc":{"Ansl. lesetid":"1 minutt"},"schema":{"@context":"https:\/\/schema.org","@graph":[{"@type":"WebPage","@id":"http:\/\/breeam-infrastructure.byggalliansen.no\/v6\/kategorier-og-emner\/7-ressurser\/7-3-miljopavirkning-fra-byggeprodukter\/7-3-2-miljodeklarasjoner-epd-er\/","url":"http:\/\/breeam-infrastructure.byggalliansen.no\/v6\/kategorier-og-emner\/7-ressurser\/7-3-miljopavirkning-fra-byggeprodukter\/7-3-2-miljodeklarasjoner-epd-er\/","name":"7.3.2 \u00a0Milj\u00f8deklarasjoner (EPD-er) - BREEAM Infrastructure for prosjekter","isPartOf":{"@id":"https:\/\/breeam-infrastructure.byggalliansen.no\/v6\/#website"},"datePublished":"2025-01-20T09:46:08+00:00","dateModified":"2025-04-29T12:42:30+00:00","breadcrumb":{"@id":"http:\/\/breeam-infrastructure.byggalliansen.no\/v6\/kategorier-og-emner\/7-ressurser\/7-3-miljopavirkning-fra-byggeprodukter\/7-3-2-miljodeklarasjoner-epd-er\/#breadcrumb"},"inLanguage":"nb-NO","potentialAction":[{"@type":"ReadAction","target":["http:\/\/breeam-infrastructure.byggalliansen.no\/v6\/kategorier-og-emner\/7-ressurser\/7-3-miljopavirkning-fra-byggeprodukter\/7-3-2-miljodeklarasjoner-epd-er\/"]}]},{"@type":"BreadcrumbList","@id":"http:\/\/breeam-infrastructure.byggalliansen.no\/v6\/kategorier-og-emner\/7-ressurser\/7-3-miljopavirkning-fra-byggeprodukter\/7-3-2-miljodeklarasjoner-epd-er\/#breadcrumb","itemListElement":[{"@type":"ListItem","position":1,"name":"BREEAM Infrastructure for prosjekter","item":"http:\/\/breeam-infrastructure.byggalliansen.no\/v6\/"},{"@type":"ListItem","position":2,"name":"Kategorier og emner","item":"https:\/\/breeam-infrastructure.byggalliansen.no\/v6\/kategorier-og-emner\/"},{"@type":"ListItem","position":3,"name":"7 Ressurser","item":"https:\/\/breeam-infrastructure.byggalliansen.no\/v6\/kategorier-og-emner\/7-ressurser\/"},{"@type":"ListItem","position":4,"name":"7.3 Milj\u00f8p\u00e5virkning fra byggeprodukter","item":"http:\/\/breeam-infrastructure.byggalliansen.no\/v6\/kategorier-og-emner\/7-ressurser\/7-3-miljopavirkning-fra-byggeprodukter\/"},{"@type":"ListItem","position":5,"name":"7.3.2 \u00a0Milj\u00f8deklarasjoner (EPD-er)"}]},{"@type":"WebSite","@id":"https:\/\/breeam-infrastructure.byggalliansen.no\/v6\/#website","url":"https:\/\/breeam-infrastructure.byggalliansen.no\/v6\/","name":"BREEAM Infrastructure for prosjekter","description":"Utgave 6, 2024","potentialAction":[{"@type":"SearchAction","target":{"@type":"EntryPoint","urlTemplate":"https:\/\/breeam-infrastructure.byggalliansen.no\/v6\/?s={search_term_string}"},"query-input":{"@type":"PropertyValueSpecification","valueRequired":true,"valueName":"search_term_string"}}],"inLanguage":"nb-NO"}]}},"_links":{"self":[{"href":"http:\/\/breeam-infrastructure.byggalliansen.no\/v6\/wp-json\/wp\/v2\/pages\/2599","targetHints":{"allow":["GET"]}}],"collection":[{"href":"http:\/\/breeam-infrastructure.byggalliansen.no\/v6\/wp-json\/wp\/v2\/pages"}],"about":[{"href":"http:\/\/breeam-infrastructure.byggalliansen.no\/v6\/wp-json\/wp\/v2\/types\/page"}],"author":[{"embeddable":true,"href":"http:\/\/breeam-infrastructure.byggalliansen.no\/v6\/wp-json\/wp\/v2\/users\/2"}],"replies":[{"embeddable":true,"href":"http:\/\/breeam-infrastructure.byggalliansen.no\/v6\/wp-json\/wp\/v2\/comments?post=2599"}],"version-history":[{"count":3,"href":"http:\/\/breeam-infrastructure.byggalliansen.no\/v6\/wp-json\/wp\/v2\/pages\/2599\/revisions"}],"predecessor-version":[{"id":4055,"href":"http:\/\/breeam-infrastructure.byggalliansen.no\/v6\/wp-json\/wp\/v2\/pages\/2599\/revisions\/4055"}],"up":[{"embeddable":true,"href":"http:\/\/breeam-infrastructure.byggalliansen.no\/v6\/wp-json\/wp\/v2\/pages\/2578"}],"wp:attachment":[{"href":"http:\/\/breeam-infrastructure.byggalliansen.no\/v6\/wp-json\/wp\/v2\/media?parent=2599"}],"wp:term":[{"taxonomy":"category","embeddable":true,"href":"http:\/\/breeam-infrastructure.byggalliansen.no\/v6\/wp-json\/wp\/v2\/categories?post=2599"},{"taxonomy":"connection","embeddable":true,"href":"http:\/\/breeam-infrastructure.byggalliansen.no\/v6\/wp-json\/wp\/v2\/connection?post=2599"}],"curies":[{"name":"wp","href":"https:\/\/api.w.org\/{rel}","templated":true}]}}