{"id":2985,"date":"2025-02-04T13:05:17","date_gmt":"2025-02-04T13:05:17","guid":{"rendered":"https:\/\/manualer.byggalliansen.no\/v6\/?page_id=2985"},"modified":"2025-03-12T16:12:28","modified_gmt":"2025-03-12T16:12:28","slug":"2-2-2-forbedringer-knyttet-til-flomfare","status":"publish","type":"page","link":"http:\/\/breeam-infrastructure.byggalliansen.no\/v6\/kategorier-og-emner\/2-robusthet\/2-2-flom-og-overvann\/2-2-2-forbedringer-knyttet-til-flomfare\/","title":{"rendered":"2.2.2 \u00a0Forbedringer knyttet til flomfare"},"content":{"rendered":"\n<p>2.2.2.1 \u00a0Prosjekteringsgruppen har aktivt vurdert mulighetene for forbedringer som en del av tiltakene for h\u00e5ndtering av flomfare <strong>og\/eller<\/strong> fordelene ved \u00e5 ta h\u00f8yde for st\u00f8rre hendelser eller mer robust flomvern i prosjekteringen enn minstekravet i reglene eller retningslinjene for planlegging.<\/p>\n","protected":false},"excerpt":{"rendered":"<p>2.2.2.1 \u00a0Prosjekteringsgruppen har aktivt vurdert mulighetene for forbedringer som en del av tiltakene for h\u00e5ndtering av flomfare og\/eller fordelene ved \u00e5 ta h\u00f8yde for st\u00f8rre hendelser eller mer robust flomvern i prosjekteringen enn minstekravet i reglene eller retningslinjene for planlegging.<\/p>\n","protected":false},"author":4,"featured_media":0,"parent":2981,"menu_order":1,"comment_status":"closed","ping_status":"closed","template":"","meta":{"_acf_changed":false,"footnotes":""},"categories":[1],"connection":[151],"class_list":["post-2985","page","type-page","status-publish","hentry","category-kriterier","connection-2-2-2"],"acf":[],"yoast_head":"<!-- This site is optimized with the Yoast SEO plugin v24.6 - https:\/\/yoast.com\/wordpress\/plugins\/seo\/ -->\n<title>2.2.2 \u00a0Forbedringer knyttet til flomfare - BREEAM Infrastructure for prosjekter<\/title>\n<meta name=\"robots\" content=\"index, follow, max-snippet:-1, max-image-preview:large, max-video-preview:-1\" \/>\n<link rel=\"canonical\" href=\"http:\/\/breeam-infrastructure.byggalliansen.no\/v6\/kategorier-og-emner\/2-robusthet\/2-2-flom-og-overvann\/2-2-2-forbedringer-knyttet-til-flomfare\/\" \/>\n<meta property=\"og:locale\" content=\"nb_NO\" \/>\n<meta property=\"og:type\" content=\"article\" \/>\n<meta property=\"og:title\" content=\"2.2.2 \u00a0Forbedringer knyttet til flomfare - BREEAM Infrastructure for prosjekter\" \/>\n<meta property=\"og:description\" content=\"2.2.2.1 \u00a0Prosjekteringsgruppen har aktivt vurdert mulighetene for forbedringer som en del av tiltakene for h\u00e5ndtering av flomfare og\/eller fordelene ved \u00e5 ta h\u00f8yde for st\u00f8rre hendelser eller mer robust flomvern i prosjekteringen enn minstekravet i reglene eller retningslinjene for planlegging.\" \/>\n<meta property=\"og:url\" content=\"http:\/\/breeam-infrastructure.byggalliansen.no\/v6\/kategorier-og-emner\/2-robusthet\/2-2-flom-og-overvann\/2-2-2-forbedringer-knyttet-til-flomfare\/\" \/>\n<meta property=\"og:site_name\" content=\"BREEAM Infrastructure for prosjekter\" \/>\n<meta property=\"article:modified_time\" content=\"2025-03-12T16:12:28+00:00\" \/>\n<meta name=\"twitter:card\" content=\"summary_large_image\" \/>\n<meta name=\"twitter:label1\" content=\"Ansl. lesetid\" \/>\n\t<meta name=\"twitter:data1\" content=\"1 minutt\" \/>\n<script type=\"application\/ld+json\" class=\"yoast-schema-graph\">{\"@context\":\"https:\/\/schema.org\",\"@graph\":[{\"@type\":\"WebPage\",\"@id\":\"http:\/\/breeam-infrastructure.byggalliansen.no\/v6\/kategorier-og-emner\/2-robusthet\/2-2-flom-og-overvann\/2-2-2-forbedringer-knyttet-til-flomfare\/\",\"url\":\"http:\/\/breeam-infrastructure.byggalliansen.no\/v6\/kategorier-og-emner\/2-robusthet\/2-2-flom-og-overvann\/2-2-2-forbedringer-knyttet-til-flomfare\/\",\"name\":\"2.2.2 \u00a0Forbedringer knyttet til flomfare - BREEAM Infrastructure for prosjekter\",\"isPartOf\":{\"@id\":\"https:\/\/breeam-infrastructure.byggalliansen.no\/v6\/#website\"},\"datePublished\":\"2025-02-04T13:05:17+00:00\",\"dateModified\":\"2025-03-12T16:12:28+00:00\",\"breadcrumb\":{\"@id\":\"http:\/\/breeam-infrastructure.byggalliansen.no\/v6\/kategorier-og-emner\/2-robusthet\/2-2-flom-og-overvann\/2-2-2-forbedringer-knyttet-til-flomfare\/#breadcrumb\"},\"inLanguage\":\"nb-NO\",\"potentialAction\":[{\"@type\":\"ReadAction\",\"target\":[\"http:\/\/breeam-infrastructure.byggalliansen.no\/v6\/kategorier-og-emner\/2-robusthet\/2-2-flom-og-overvann\/2-2-2-forbedringer-knyttet-til-flomfare\/\"]}]},{\"@type\":\"BreadcrumbList\",\"@id\":\"http:\/\/breeam-infrastructure.byggalliansen.no\/v6\/kategorier-og-emner\/2-robusthet\/2-2-flom-og-overvann\/2-2-2-forbedringer-knyttet-til-flomfare\/#breadcrumb\",\"itemListElement\":[{\"@type\":\"ListItem\",\"position\":1,\"name\":\"BREEAM Infrastructure for prosjekter\",\"item\":\"http:\/\/breeam-infrastructure.byggalliansen.no\/v6\/\"},{\"@type\":\"ListItem\",\"position\":2,\"name\":\"Kategorier og emner\",\"item\":\"https:\/\/breeam-infrastructure.byggalliansen.no\/v6\/kategorier-og-emner\/\"},{\"@type\":\"ListItem\",\"position\":3,\"name\":\"2 Robusthet\",\"item\":\"https:\/\/breeam-infrastructure.byggalliansen.no\/v6\/kategorier-og-emner\/2-robusthet\/\"},{\"@type\":\"ListItem\",\"position\":4,\"name\":\"2.2 Flom og overvann\",\"item\":\"http:\/\/breeam-infrastructure.byggalliansen.no\/v6\/kategorier-og-emner\/2-robusthet\/2-2-flom-og-overvann\/\"},{\"@type\":\"ListItem\",\"position\":5,\"name\":\"2.2.2 \u00a0Forbedringer knyttet til flomfare\"}]},{\"@type\":\"WebSite\",\"@id\":\"https:\/\/breeam-infrastructure.byggalliansen.no\/v6\/#website\",\"url\":\"https:\/\/breeam-infrastructure.byggalliansen.no\/v6\/\",\"name\":\"BREEAM Infrastructure for prosjekter\",\"description\":\"Utgave 6, 2024\",\"potentialAction\":[{\"@type\":\"SearchAction\",\"target\":{\"@type\":\"EntryPoint\",\"urlTemplate\":\"https:\/\/breeam-infrastructure.byggalliansen.no\/v6\/?s={search_term_string}\"},\"query-input\":{\"@type\":\"PropertyValueSpecification\",\"valueRequired\":true,\"valueName\":\"search_term_string\"}}],\"inLanguage\":\"nb-NO\"}]}<\/script>\n<!-- \/ Yoast SEO plugin. -->","yoast_head_json":{"title":"2.2.2 \u00a0Forbedringer knyttet til flomfare - BREEAM Infrastructure for prosjekter","robots":{"index":"index","follow":"follow","max-snippet":"max-snippet:-1","max-image-preview":"max-image-preview:large","max-video-preview":"max-video-preview:-1"},"canonical":"http:\/\/breeam-infrastructure.byggalliansen.no\/v6\/kategorier-og-emner\/2-robusthet\/2-2-flom-og-overvann\/2-2-2-forbedringer-knyttet-til-flomfare\/","og_locale":"nb_NO","og_type":"article","og_title":"2.2.2 \u00a0Forbedringer knyttet til flomfare - BREEAM Infrastructure for prosjekter","og_description":"2.2.2.1 \u00a0Prosjekteringsgruppen har aktivt vurdert mulighetene for forbedringer som en del av tiltakene for h\u00e5ndtering av flomfare og\/eller fordelene ved \u00e5 ta h\u00f8yde for st\u00f8rre hendelser eller mer robust flomvern i prosjekteringen enn minstekravet i reglene eller retningslinjene for planlegging.","og_url":"http:\/\/breeam-infrastructure.byggalliansen.no\/v6\/kategorier-og-emner\/2-robusthet\/2-2-flom-og-overvann\/2-2-2-forbedringer-knyttet-til-flomfare\/","og_site_name":"BREEAM Infrastructure for prosjekter","article_modified_time":"2025-03-12T16:12:28+00:00","twitter_card":"summary_large_image","twitter_misc":{"Ansl. lesetid":"1 minutt"},"schema":{"@context":"https:\/\/schema.org","@graph":[{"@type":"WebPage","@id":"http:\/\/breeam-infrastructure.byggalliansen.no\/v6\/kategorier-og-emner\/2-robusthet\/2-2-flom-og-overvann\/2-2-2-forbedringer-knyttet-til-flomfare\/","url":"http:\/\/breeam-infrastructure.byggalliansen.no\/v6\/kategorier-og-emner\/2-robusthet\/2-2-flom-og-overvann\/2-2-2-forbedringer-knyttet-til-flomfare\/","name":"2.2.2 \u00a0Forbedringer knyttet til flomfare - BREEAM Infrastructure for prosjekter","isPartOf":{"@id":"https:\/\/breeam-infrastructure.byggalliansen.no\/v6\/#website"},"datePublished":"2025-02-04T13:05:17+00:00","dateModified":"2025-03-12T16:12:28+00:00","breadcrumb":{"@id":"http:\/\/breeam-infrastructure.byggalliansen.no\/v6\/kategorier-og-emner\/2-robusthet\/2-2-flom-og-overvann\/2-2-2-forbedringer-knyttet-til-flomfare\/#breadcrumb"},"inLanguage":"nb-NO","potentialAction":[{"@type":"ReadAction","target":["http:\/\/breeam-infrastructure.byggalliansen.no\/v6\/kategorier-og-emner\/2-robusthet\/2-2-flom-og-overvann\/2-2-2-forbedringer-knyttet-til-flomfare\/"]}]},{"@type":"BreadcrumbList","@id":"http:\/\/breeam-infrastructure.byggalliansen.no\/v6\/kategorier-og-emner\/2-robusthet\/2-2-flom-og-overvann\/2-2-2-forbedringer-knyttet-til-flomfare\/#breadcrumb","itemListElement":[{"@type":"ListItem","position":1,"name":"BREEAM Infrastructure for prosjekter","item":"http:\/\/breeam-infrastructure.byggalliansen.no\/v6\/"},{"@type":"ListItem","position":2,"name":"Kategorier og emner","item":"https:\/\/breeam-infrastructure.byggalliansen.no\/v6\/kategorier-og-emner\/"},{"@type":"ListItem","position":3,"name":"2 Robusthet","item":"https:\/\/breeam-infrastructure.byggalliansen.no\/v6\/kategorier-og-emner\/2-robusthet\/"},{"@type":"ListItem","position":4,"name":"2.2 Flom og overvann","item":"http:\/\/breeam-infrastructure.byggalliansen.no\/v6\/kategorier-og-emner\/2-robusthet\/2-2-flom-og-overvann\/"},{"@type":"ListItem","position":5,"name":"2.2.2 \u00a0Forbedringer knyttet til flomfare"}]},{"@type":"WebSite","@id":"https:\/\/breeam-infrastructure.byggalliansen.no\/v6\/#website","url":"https:\/\/breeam-infrastructure.byggalliansen.no\/v6\/","name":"BREEAM Infrastructure for prosjekter","description":"Utgave 6, 2024","potentialAction":[{"@type":"SearchAction","target":{"@type":"EntryPoint","urlTemplate":"https:\/\/breeam-infrastructure.byggalliansen.no\/v6\/?s={search_term_string}"},"query-input":{"@type":"PropertyValueSpecification","valueRequired":true,"valueName":"search_term_string"}}],"inLanguage":"nb-NO"}]}},"_links":{"self":[{"href":"http:\/\/breeam-infrastructure.byggalliansen.no\/v6\/wp-json\/wp\/v2\/pages\/2985","targetHints":{"allow":["GET"]}}],"collection":[{"href":"http:\/\/breeam-infrastructure.byggalliansen.no\/v6\/wp-json\/wp\/v2\/pages"}],"about":[{"href":"http:\/\/breeam-infrastructure.byggalliansen.no\/v6\/wp-json\/wp\/v2\/types\/page"}],"author":[{"embeddable":true,"href":"http:\/\/breeam-infrastructure.byggalliansen.no\/v6\/wp-json\/wp\/v2\/users\/4"}],"replies":[{"embeddable":true,"href":"http:\/\/breeam-infrastructure.byggalliansen.no\/v6\/wp-json\/wp\/v2\/comments?post=2985"}],"version-history":[{"count":3,"href":"http:\/\/breeam-infrastructure.byggalliansen.no\/v6\/wp-json\/wp\/v2\/pages\/2985\/revisions"}],"predecessor-version":[{"id":3928,"href":"http:\/\/breeam-infrastructure.byggalliansen.no\/v6\/wp-json\/wp\/v2\/pages\/2985\/revisions\/3928"}],"up":[{"embeddable":true,"href":"http:\/\/breeam-infrastructure.byggalliansen.no\/v6\/wp-json\/wp\/v2\/pages\/2981"}],"wp:attachment":[{"href":"http:\/\/breeam-infrastructure.byggalliansen.no\/v6\/wp-json\/wp\/v2\/media?parent=2985"}],"wp:term":[{"taxonomy":"category","embeddable":true,"href":"http:\/\/breeam-infrastructure.byggalliansen.no\/v6\/wp-json\/wp\/v2\/categories?post=2985"},{"taxonomy":"connection","embeddable":true,"href":"http:\/\/breeam-infrastructure.byggalliansen.no\/v6\/wp-json\/wp\/v2\/connection?post=2985"}],"curies":[{"name":"wp","href":"https:\/\/api.w.org\/{rel}","templated":true}]}}