{"id":3040,"date":"2025-02-04T14:37:14","date_gmt":"2025-02-04T14:37:14","guid":{"rendered":"https:\/\/manualer.byggalliansen.no\/v6\/?page_id=3040"},"modified":"2025-02-04T14:37:15","modified_gmt":"2025-02-04T14:37:15","slug":"2-3-3-prosjektering-for-fremtidige-behov","status":"publish","type":"page","link":"http:\/\/breeam-infrastructure.byggalliansen.no\/v6\/kategorier-og-emner\/2-robusthet\/2-3-fremtidige-behov\/2-3-3-prosjektering-for-fremtidige-behov\/","title":{"rendered":"2.3.3 \u00a0Prosjektering for fremtidige behov"},"content":{"rendered":"\n<p>2.3.3.1 &nbsp;Prosjekteringen gir muligheter til \u00e5 h\u00e5ndtere eller enklere ta h\u00f8yde for forventede fremtidige behov for prosjektet p\u00e5 ett eller flere av omr\u00e5dene man har definert at har mest avgj\u00f8rende betydning for sektoren eller prosjektet.<\/p>\n\n\n\n<p>2.3.3.2 &nbsp;Prosjekteringen gir muligheter for \u00e5 h\u00e5ndtere fremtidige behov uten \u00e5 m\u00e5tte rive komponenter i prosjektet og med minst mulig forstyrrelser.<\/p>\n","protected":false},"excerpt":{"rendered":"<p>2.3.3.1 &nbsp;Prosjekteringen gir muligheter til \u00e5 h\u00e5ndtere eller enklere ta h\u00f8yde for forventede fremtidige behov for prosjektet p\u00e5 ett eller flere av omr\u00e5dene man har definert at har mest avgj\u00f8rende betydning for sektoren eller prosjektet. 2.3.3.2 &nbsp;Prosjekteringen gir muligheter for \u00e5 h\u00e5ndtere fremtidige behov uten \u00e5 m\u00e5tte rive komponenter i prosjektet og med minst mulig [&hellip;]<\/p>\n","protected":false},"author":4,"featured_media":0,"parent":3022,"menu_order":2,"comment_status":"closed","ping_status":"closed","template":"","meta":{"_acf_changed":false,"footnotes":""},"categories":[31],"connection":[162],"class_list":["post-3040","page","type-page","status-publish","hentry","category-faste-kriterier","connection-2-3-3"],"acf":[],"yoast_head":"<!-- This site is optimized with the Yoast SEO plugin v24.6 - https:\/\/yoast.com\/wordpress\/plugins\/seo\/ -->\n<title>2.3.3 \u00a0Prosjektering for fremtidige behov - BREEAM Infrastructure for prosjekter<\/title>\n<meta name=\"robots\" content=\"index, follow, max-snippet:-1, max-image-preview:large, max-video-preview:-1\" \/>\n<link rel=\"canonical\" href=\"https:\/\/breeam-infrastructure.byggalliansen.no\/v6\/kategorier-og-emner\/2-robusthet\/2-3-fremtidige-behov\/2-3-3-prosjektering-for-fremtidige-behov\/\" \/>\n<meta property=\"og:locale\" content=\"nb_NO\" \/>\n<meta property=\"og:type\" content=\"article\" \/>\n<meta property=\"og:title\" content=\"2.3.3 \u00a0Prosjektering for fremtidige behov - BREEAM Infrastructure for prosjekter\" \/>\n<meta property=\"og:description\" content=\"2.3.3.1 &nbsp;Prosjekteringen gir muligheter til \u00e5 h\u00e5ndtere eller enklere ta h\u00f8yde for forventede fremtidige behov for prosjektet p\u00e5 ett eller flere av omr\u00e5dene man har definert at har mest avgj\u00f8rende betydning for sektoren eller prosjektet. 2.3.3.2 &nbsp;Prosjekteringen gir muligheter for \u00e5 h\u00e5ndtere fremtidige behov uten \u00e5 m\u00e5tte rive komponenter i prosjektet og med minst mulig [&hellip;]\" \/>\n<meta property=\"og:url\" content=\"https:\/\/breeam-infrastructure.byggalliansen.no\/v6\/kategorier-og-emner\/2-robusthet\/2-3-fremtidige-behov\/2-3-3-prosjektering-for-fremtidige-behov\/\" \/>\n<meta property=\"og:site_name\" content=\"BREEAM Infrastructure for prosjekter\" \/>\n<meta property=\"article:modified_time\" content=\"2025-02-04T14:37:15+00:00\" \/>\n<meta name=\"twitter:card\" content=\"summary_large_image\" \/>\n<meta name=\"twitter:label1\" content=\"Ansl. lesetid\" \/>\n\t<meta name=\"twitter:data1\" content=\"1 minutt\" \/>\n<script type=\"application\/ld+json\" class=\"yoast-schema-graph\">{\"@context\":\"https:\/\/schema.org\",\"@graph\":[{\"@type\":\"WebPage\",\"@id\":\"https:\/\/breeam-infrastructure.byggalliansen.no\/v6\/kategorier-og-emner\/2-robusthet\/2-3-fremtidige-behov\/2-3-3-prosjektering-for-fremtidige-behov\/\",\"url\":\"https:\/\/breeam-infrastructure.byggalliansen.no\/v6\/kategorier-og-emner\/2-robusthet\/2-3-fremtidige-behov\/2-3-3-prosjektering-for-fremtidige-behov\/\",\"name\":\"2.3.3 \u00a0Prosjektering for fremtidige behov - BREEAM Infrastructure for prosjekter\",\"isPartOf\":{\"@id\":\"http:\/\/breeam-infrastructure.byggalliansen.no\/v6\/#website\"},\"datePublished\":\"2025-02-04T14:37:14+00:00\",\"dateModified\":\"2025-02-04T14:37:15+00:00\",\"breadcrumb\":{\"@id\":\"https:\/\/breeam-infrastructure.byggalliansen.no\/v6\/kategorier-og-emner\/2-robusthet\/2-3-fremtidige-behov\/2-3-3-prosjektering-for-fremtidige-behov\/#breadcrumb\"},\"inLanguage\":\"nb-NO\",\"potentialAction\":[{\"@type\":\"ReadAction\",\"target\":[\"https:\/\/breeam-infrastructure.byggalliansen.no\/v6\/kategorier-og-emner\/2-robusthet\/2-3-fremtidige-behov\/2-3-3-prosjektering-for-fremtidige-behov\/\"]}]},{\"@type\":\"BreadcrumbList\",\"@id\":\"https:\/\/breeam-infrastructure.byggalliansen.no\/v6\/kategorier-og-emner\/2-robusthet\/2-3-fremtidige-behov\/2-3-3-prosjektering-for-fremtidige-behov\/#breadcrumb\",\"itemListElement\":[{\"@type\":\"ListItem\",\"position\":1,\"name\":\"BREEAM Infrastructure for prosjekter\",\"item\":\"http:\/\/breeam-infrastructure.byggalliansen.no\/v6\/\"},{\"@type\":\"ListItem\",\"position\":2,\"name\":\"Kategorier og emner\",\"item\":\"http:\/\/breeam-infrastructure.byggalliansen.no\/v6\/kategorier-og-emner\/\"},{\"@type\":\"ListItem\",\"position\":3,\"name\":\"2 Robusthet\",\"item\":\"https:\/\/breeam-infrastructure.byggalliansen.no\/v6\/kategorier-og-emner\/2-robusthet\/\"},{\"@type\":\"ListItem\",\"position\":4,\"name\":\"2.3 Fremtidige behov\",\"item\":\"https:\/\/breeam-infrastructure.byggalliansen.no\/v6\/kategorier-og-emner\/2-robusthet\/2-3-fremtidige-behov\/\"},{\"@type\":\"ListItem\",\"position\":5,\"name\":\"2.3.3 \u00a0Prosjektering for fremtidige behov\"}]},{\"@type\":\"WebSite\",\"@id\":\"http:\/\/breeam-infrastructure.byggalliansen.no\/v6\/#website\",\"url\":\"http:\/\/breeam-infrastructure.byggalliansen.no\/v6\/\",\"name\":\"BREEAM Infrastructure for prosjekter\",\"description\":\"Utgave 6, 2024\",\"potentialAction\":[{\"@type\":\"SearchAction\",\"target\":{\"@type\":\"EntryPoint\",\"urlTemplate\":\"http:\/\/breeam-infrastructure.byggalliansen.no\/v6\/?s={search_term_string}\"},\"query-input\":{\"@type\":\"PropertyValueSpecification\",\"valueRequired\":true,\"valueName\":\"search_term_string\"}}],\"inLanguage\":\"nb-NO\"}]}<\/script>\n<!-- \/ Yoast SEO plugin. -->","yoast_head_json":{"title":"2.3.3 \u00a0Prosjektering for fremtidige behov - BREEAM Infrastructure for prosjekter","robots":{"index":"index","follow":"follow","max-snippet":"max-snippet:-1","max-image-preview":"max-image-preview:large","max-video-preview":"max-video-preview:-1"},"canonical":"https:\/\/breeam-infrastructure.byggalliansen.no\/v6\/kategorier-og-emner\/2-robusthet\/2-3-fremtidige-behov\/2-3-3-prosjektering-for-fremtidige-behov\/","og_locale":"nb_NO","og_type":"article","og_title":"2.3.3 \u00a0Prosjektering for fremtidige behov - BREEAM Infrastructure for prosjekter","og_description":"2.3.3.1 &nbsp;Prosjekteringen gir muligheter til \u00e5 h\u00e5ndtere eller enklere ta h\u00f8yde for forventede fremtidige behov for prosjektet p\u00e5 ett eller flere av omr\u00e5dene man har definert at har mest avgj\u00f8rende betydning for sektoren eller prosjektet. 2.3.3.2 &nbsp;Prosjekteringen gir muligheter for \u00e5 h\u00e5ndtere fremtidige behov uten \u00e5 m\u00e5tte rive komponenter i prosjektet og med minst mulig [&hellip;]","og_url":"https:\/\/breeam-infrastructure.byggalliansen.no\/v6\/kategorier-og-emner\/2-robusthet\/2-3-fremtidige-behov\/2-3-3-prosjektering-for-fremtidige-behov\/","og_site_name":"BREEAM Infrastructure for prosjekter","article_modified_time":"2025-02-04T14:37:15+00:00","twitter_card":"summary_large_image","twitter_misc":{"Ansl. lesetid":"1 minutt"},"schema":{"@context":"https:\/\/schema.org","@graph":[{"@type":"WebPage","@id":"https:\/\/breeam-infrastructure.byggalliansen.no\/v6\/kategorier-og-emner\/2-robusthet\/2-3-fremtidige-behov\/2-3-3-prosjektering-for-fremtidige-behov\/","url":"https:\/\/breeam-infrastructure.byggalliansen.no\/v6\/kategorier-og-emner\/2-robusthet\/2-3-fremtidige-behov\/2-3-3-prosjektering-for-fremtidige-behov\/","name":"2.3.3 \u00a0Prosjektering for fremtidige behov - BREEAM Infrastructure for prosjekter","isPartOf":{"@id":"http:\/\/breeam-infrastructure.byggalliansen.no\/v6\/#website"},"datePublished":"2025-02-04T14:37:14+00:00","dateModified":"2025-02-04T14:37:15+00:00","breadcrumb":{"@id":"https:\/\/breeam-infrastructure.byggalliansen.no\/v6\/kategorier-og-emner\/2-robusthet\/2-3-fremtidige-behov\/2-3-3-prosjektering-for-fremtidige-behov\/#breadcrumb"},"inLanguage":"nb-NO","potentialAction":[{"@type":"ReadAction","target":["https:\/\/breeam-infrastructure.byggalliansen.no\/v6\/kategorier-og-emner\/2-robusthet\/2-3-fremtidige-behov\/2-3-3-prosjektering-for-fremtidige-behov\/"]}]},{"@type":"BreadcrumbList","@id":"https:\/\/breeam-infrastructure.byggalliansen.no\/v6\/kategorier-og-emner\/2-robusthet\/2-3-fremtidige-behov\/2-3-3-prosjektering-for-fremtidige-behov\/#breadcrumb","itemListElement":[{"@type":"ListItem","position":1,"name":"BREEAM Infrastructure for prosjekter","item":"http:\/\/breeam-infrastructure.byggalliansen.no\/v6\/"},{"@type":"ListItem","position":2,"name":"Kategorier og emner","item":"http:\/\/breeam-infrastructure.byggalliansen.no\/v6\/kategorier-og-emner\/"},{"@type":"ListItem","position":3,"name":"2 Robusthet","item":"https:\/\/breeam-infrastructure.byggalliansen.no\/v6\/kategorier-og-emner\/2-robusthet\/"},{"@type":"ListItem","position":4,"name":"2.3 Fremtidige behov","item":"https:\/\/breeam-infrastructure.byggalliansen.no\/v6\/kategorier-og-emner\/2-robusthet\/2-3-fremtidige-behov\/"},{"@type":"ListItem","position":5,"name":"2.3.3 \u00a0Prosjektering for fremtidige behov"}]},{"@type":"WebSite","@id":"http:\/\/breeam-infrastructure.byggalliansen.no\/v6\/#website","url":"http:\/\/breeam-infrastructure.byggalliansen.no\/v6\/","name":"BREEAM Infrastructure for prosjekter","description":"Utgave 6, 2024","potentialAction":[{"@type":"SearchAction","target":{"@type":"EntryPoint","urlTemplate":"http:\/\/breeam-infrastructure.byggalliansen.no\/v6\/?s={search_term_string}"},"query-input":{"@type":"PropertyValueSpecification","valueRequired":true,"valueName":"search_term_string"}}],"inLanguage":"nb-NO"}]}},"_links":{"self":[{"href":"http:\/\/breeam-infrastructure.byggalliansen.no\/v6\/wp-json\/wp\/v2\/pages\/3040","targetHints":{"allow":["GET"]}}],"collection":[{"href":"http:\/\/breeam-infrastructure.byggalliansen.no\/v6\/wp-json\/wp\/v2\/pages"}],"about":[{"href":"http:\/\/breeam-infrastructure.byggalliansen.no\/v6\/wp-json\/wp\/v2\/types\/page"}],"author":[{"embeddable":true,"href":"http:\/\/breeam-infrastructure.byggalliansen.no\/v6\/wp-json\/wp\/v2\/users\/4"}],"replies":[{"embeddable":true,"href":"http:\/\/breeam-infrastructure.byggalliansen.no\/v6\/wp-json\/wp\/v2\/comments?post=3040"}],"version-history":[{"count":1,"href":"http:\/\/breeam-infrastructure.byggalliansen.no\/v6\/wp-json\/wp\/v2\/pages\/3040\/revisions"}],"predecessor-version":[{"id":3041,"href":"http:\/\/breeam-infrastructure.byggalliansen.no\/v6\/wp-json\/wp\/v2\/pages\/3040\/revisions\/3041"}],"up":[{"embeddable":true,"href":"http:\/\/breeam-infrastructure.byggalliansen.no\/v6\/wp-json\/wp\/v2\/pages\/3022"}],"wp:attachment":[{"href":"http:\/\/breeam-infrastructure.byggalliansen.no\/v6\/wp-json\/wp\/v2\/media?parent=3040"}],"wp:term":[{"taxonomy":"category","embeddable":true,"href":"http:\/\/breeam-infrastructure.byggalliansen.no\/v6\/wp-json\/wp\/v2\/categories?post=3040"},{"taxonomy":"connection","embeddable":true,"href":"http:\/\/breeam-infrastructure.byggalliansen.no\/v6\/wp-json\/wp\/v2\/connection?post=3040"}],"curies":[{"name":"wp","href":"https:\/\/api.w.org\/{rel}","templated":true}]}}