{"id":3090,"date":"2025-02-05T09:40:51","date_gmt":"2025-02-05T09:40:51","guid":{"rendered":"https:\/\/manualer.byggalliansen.no\/v6\/?page_id=3090"},"modified":"2025-02-05T09:47:20","modified_gmt":"2025-02-05T09:47:20","slug":"8-2-5-minimering-av-forstyrrelser-fra-anleggstrafikk","status":"publish","type":"page","link":"http:\/\/breeam-infrastructure.byggalliansen.no\/v6\/kategorier-og-emner\/8-transport\/8-2-logistikk-i-anleggsfasen\/8-2-5-minimering-av-forstyrrelser-fra-anleggstrafikk\/","title":{"rendered":"8.2.5 \u00a0Minimering av forstyrrelser fra anleggstrafikk"},"content":{"rendered":"\n<p>8.2.5.1 &nbsp;Prosjektspesifikasjonene og planen for anleggsledelse inneholder tiltak for \u00e5 redusere forstyrrelsene fra anleggstrafikk \u2013 enten forstyrrelser som p\u00e5virker det offentlige transportnettverket, forstyrrelser fra anleggskj\u00f8ret\u00f8y p\u00e5 stedet, eller begge deler.<\/p>\n\n\n\n<figure class=\"wp-block-table\"><table class=\"has-fixed-layout\"><thead><tr><th>Resultat<\/th><th>Poeng<\/th><th>Revisjonsfase<\/th><\/tr><\/thead><tbody><tr><td>(a<sub>1<\/sub>) Tiltak inng\u00e5r i planleggingen<\/td><td>5<\/td><td>Designfase<\/td><\/tr><tr><td>(a<sub>2<\/sub>) Tiltak er gjennomf\u00f8rt i anleggsfasen<\/td><td>25<\/td><td>Anleggsfase<\/td><\/tr><\/tbody><\/table><\/figure>\n\n\n\n<p><\/p>\n","protected":false},"excerpt":{"rendered":"<p>8.2.5.1 &nbsp;Prosjektspesifikasjonene og planen for anleggsledelse inneholder tiltak for \u00e5 redusere forstyrrelsene fra anleggstrafikk \u2013 enten forstyrrelser som p\u00e5virker det offentlige transportnettverket, forstyrrelser fra anleggskj\u00f8ret\u00f8y p\u00e5 stedet, eller begge deler. Resultat Poeng Revisjonsfase (a1) Tiltak inng\u00e5r i planleggingen 5 Designfase (a2) Tiltak er gjennomf\u00f8rt i anleggsfasen 25 Anleggsfase<\/p>\n","protected":false},"author":2,"featured_media":0,"parent":3036,"menu_order":4,"comment_status":"closed","ping_status":"closed","template":"","meta":{"_acf_changed":false,"footnotes":""},"categories":[1],"connection":[176],"class_list":["post-3090","page","type-page","status-publish","hentry","category-kriterier","connection-8-2-5"],"acf":[],"yoast_head":"<!-- This site is optimized with the Yoast SEO plugin v24.6 - https:\/\/yoast.com\/wordpress\/plugins\/seo\/ -->\n<title>8.2.5 \u00a0Minimering av forstyrrelser fra anleggstrafikk - BREEAM Infrastructure for prosjekter<\/title>\n<meta name=\"robots\" content=\"index, follow, max-snippet:-1, max-image-preview:large, max-video-preview:-1\" \/>\n<link rel=\"canonical\" href=\"http:\/\/breeam-infrastructure.byggalliansen.no\/v6\/kategorier-og-emner\/8-transport\/8-2-logistikk-i-anleggsfasen\/8-2-5-minimering-av-forstyrrelser-fra-anleggstrafikk\/\" \/>\n<meta property=\"og:locale\" content=\"nb_NO\" \/>\n<meta property=\"og:type\" content=\"article\" \/>\n<meta property=\"og:title\" content=\"8.2.5 \u00a0Minimering av forstyrrelser fra anleggstrafikk - BREEAM Infrastructure for prosjekter\" \/>\n<meta property=\"og:description\" content=\"8.2.5.1 &nbsp;Prosjektspesifikasjonene og planen for anleggsledelse inneholder tiltak for \u00e5 redusere forstyrrelsene fra anleggstrafikk \u2013 enten forstyrrelser som p\u00e5virker det offentlige transportnettverket, forstyrrelser fra anleggskj\u00f8ret\u00f8y p\u00e5 stedet, eller begge deler. Resultat Poeng Revisjonsfase (a1) Tiltak inng\u00e5r i planleggingen 5 Designfase (a2) Tiltak er gjennomf\u00f8rt i anleggsfasen 25 Anleggsfase\" \/>\n<meta property=\"og:url\" content=\"http:\/\/breeam-infrastructure.byggalliansen.no\/v6\/kategorier-og-emner\/8-transport\/8-2-logistikk-i-anleggsfasen\/8-2-5-minimering-av-forstyrrelser-fra-anleggstrafikk\/\" \/>\n<meta property=\"og:site_name\" content=\"BREEAM Infrastructure for prosjekter\" \/>\n<meta property=\"article:modified_time\" content=\"2025-02-05T09:47:20+00:00\" \/>\n<meta name=\"twitter:card\" content=\"summary_large_image\" \/>\n<meta name=\"twitter:label1\" content=\"Ansl. lesetid\" \/>\n\t<meta name=\"twitter:data1\" content=\"1 minutt\" \/>\n<script type=\"application\/ld+json\" class=\"yoast-schema-graph\">{\"@context\":\"https:\/\/schema.org\",\"@graph\":[{\"@type\":\"WebPage\",\"@id\":\"http:\/\/breeam-infrastructure.byggalliansen.no\/v6\/kategorier-og-emner\/8-transport\/8-2-logistikk-i-anleggsfasen\/8-2-5-minimering-av-forstyrrelser-fra-anleggstrafikk\/\",\"url\":\"http:\/\/breeam-infrastructure.byggalliansen.no\/v6\/kategorier-og-emner\/8-transport\/8-2-logistikk-i-anleggsfasen\/8-2-5-minimering-av-forstyrrelser-fra-anleggstrafikk\/\",\"name\":\"8.2.5 \u00a0Minimering av forstyrrelser fra anleggstrafikk - BREEAM Infrastructure for prosjekter\",\"isPartOf\":{\"@id\":\"https:\/\/breeam-infrastructure.byggalliansen.no\/v6\/#website\"},\"datePublished\":\"2025-02-05T09:40:51+00:00\",\"dateModified\":\"2025-02-05T09:47:20+00:00\",\"breadcrumb\":{\"@id\":\"http:\/\/breeam-infrastructure.byggalliansen.no\/v6\/kategorier-og-emner\/8-transport\/8-2-logistikk-i-anleggsfasen\/8-2-5-minimering-av-forstyrrelser-fra-anleggstrafikk\/#breadcrumb\"},\"inLanguage\":\"nb-NO\",\"potentialAction\":[{\"@type\":\"ReadAction\",\"target\":[\"http:\/\/breeam-infrastructure.byggalliansen.no\/v6\/kategorier-og-emner\/8-transport\/8-2-logistikk-i-anleggsfasen\/8-2-5-minimering-av-forstyrrelser-fra-anleggstrafikk\/\"]}]},{\"@type\":\"BreadcrumbList\",\"@id\":\"http:\/\/breeam-infrastructure.byggalliansen.no\/v6\/kategorier-og-emner\/8-transport\/8-2-logistikk-i-anleggsfasen\/8-2-5-minimering-av-forstyrrelser-fra-anleggstrafikk\/#breadcrumb\",\"itemListElement\":[{\"@type\":\"ListItem\",\"position\":1,\"name\":\"BREEAM Infrastructure for prosjekter\",\"item\":\"http:\/\/breeam-infrastructure.byggalliansen.no\/v6\/\"},{\"@type\":\"ListItem\",\"position\":2,\"name\":\"Kategorier og emner\",\"item\":\"https:\/\/breeam-infrastructure.byggalliansen.no\/v6\/kategorier-og-emner\/\"},{\"@type\":\"ListItem\",\"position\":3,\"name\":\"8 Transport\",\"item\":\"http:\/\/breeam-infrastructure.byggalliansen.no\/v6\/kategorier-og-emner\/8-transport\/\"},{\"@type\":\"ListItem\",\"position\":4,\"name\":\"8.2 Logistikk i anleggsfasen\",\"item\":\"http:\/\/breeam-infrastructure.byggalliansen.no\/v6\/kategorier-og-emner\/8-transport\/8-2-logistikk-i-anleggsfasen\/\"},{\"@type\":\"ListItem\",\"position\":5,\"name\":\"8.2.5 \u00a0Minimering av forstyrrelser fra anleggstrafikk\"}]},{\"@type\":\"WebSite\",\"@id\":\"https:\/\/breeam-infrastructure.byggalliansen.no\/v6\/#website\",\"url\":\"https:\/\/breeam-infrastructure.byggalliansen.no\/v6\/\",\"name\":\"BREEAM Infrastructure for prosjekter\",\"description\":\"Utgave 6, 2024\",\"potentialAction\":[{\"@type\":\"SearchAction\",\"target\":{\"@type\":\"EntryPoint\",\"urlTemplate\":\"https:\/\/breeam-infrastructure.byggalliansen.no\/v6\/?s={search_term_string}\"},\"query-input\":{\"@type\":\"PropertyValueSpecification\",\"valueRequired\":true,\"valueName\":\"search_term_string\"}}],\"inLanguage\":\"nb-NO\"}]}<\/script>\n<!-- \/ Yoast SEO plugin. -->","yoast_head_json":{"title":"8.2.5 \u00a0Minimering av forstyrrelser fra anleggstrafikk - BREEAM Infrastructure for prosjekter","robots":{"index":"index","follow":"follow","max-snippet":"max-snippet:-1","max-image-preview":"max-image-preview:large","max-video-preview":"max-video-preview:-1"},"canonical":"http:\/\/breeam-infrastructure.byggalliansen.no\/v6\/kategorier-og-emner\/8-transport\/8-2-logistikk-i-anleggsfasen\/8-2-5-minimering-av-forstyrrelser-fra-anleggstrafikk\/","og_locale":"nb_NO","og_type":"article","og_title":"8.2.5 \u00a0Minimering av forstyrrelser fra anleggstrafikk - BREEAM Infrastructure for prosjekter","og_description":"8.2.5.1 &nbsp;Prosjektspesifikasjonene og planen for anleggsledelse inneholder tiltak for \u00e5 redusere forstyrrelsene fra anleggstrafikk \u2013 enten forstyrrelser som p\u00e5virker det offentlige transportnettverket, forstyrrelser fra anleggskj\u00f8ret\u00f8y p\u00e5 stedet, eller begge deler. Resultat Poeng Revisjonsfase (a1) Tiltak inng\u00e5r i planleggingen 5 Designfase (a2) Tiltak er gjennomf\u00f8rt i anleggsfasen 25 Anleggsfase","og_url":"http:\/\/breeam-infrastructure.byggalliansen.no\/v6\/kategorier-og-emner\/8-transport\/8-2-logistikk-i-anleggsfasen\/8-2-5-minimering-av-forstyrrelser-fra-anleggstrafikk\/","og_site_name":"BREEAM Infrastructure for prosjekter","article_modified_time":"2025-02-05T09:47:20+00:00","twitter_card":"summary_large_image","twitter_misc":{"Ansl. lesetid":"1 minutt"},"schema":{"@context":"https:\/\/schema.org","@graph":[{"@type":"WebPage","@id":"http:\/\/breeam-infrastructure.byggalliansen.no\/v6\/kategorier-og-emner\/8-transport\/8-2-logistikk-i-anleggsfasen\/8-2-5-minimering-av-forstyrrelser-fra-anleggstrafikk\/","url":"http:\/\/breeam-infrastructure.byggalliansen.no\/v6\/kategorier-og-emner\/8-transport\/8-2-logistikk-i-anleggsfasen\/8-2-5-minimering-av-forstyrrelser-fra-anleggstrafikk\/","name":"8.2.5 \u00a0Minimering av forstyrrelser fra anleggstrafikk - BREEAM Infrastructure for prosjekter","isPartOf":{"@id":"https:\/\/breeam-infrastructure.byggalliansen.no\/v6\/#website"},"datePublished":"2025-02-05T09:40:51+00:00","dateModified":"2025-02-05T09:47:20+00:00","breadcrumb":{"@id":"http:\/\/breeam-infrastructure.byggalliansen.no\/v6\/kategorier-og-emner\/8-transport\/8-2-logistikk-i-anleggsfasen\/8-2-5-minimering-av-forstyrrelser-fra-anleggstrafikk\/#breadcrumb"},"inLanguage":"nb-NO","potentialAction":[{"@type":"ReadAction","target":["http:\/\/breeam-infrastructure.byggalliansen.no\/v6\/kategorier-og-emner\/8-transport\/8-2-logistikk-i-anleggsfasen\/8-2-5-minimering-av-forstyrrelser-fra-anleggstrafikk\/"]}]},{"@type":"BreadcrumbList","@id":"http:\/\/breeam-infrastructure.byggalliansen.no\/v6\/kategorier-og-emner\/8-transport\/8-2-logistikk-i-anleggsfasen\/8-2-5-minimering-av-forstyrrelser-fra-anleggstrafikk\/#breadcrumb","itemListElement":[{"@type":"ListItem","position":1,"name":"BREEAM Infrastructure for prosjekter","item":"http:\/\/breeam-infrastructure.byggalliansen.no\/v6\/"},{"@type":"ListItem","position":2,"name":"Kategorier og emner","item":"https:\/\/breeam-infrastructure.byggalliansen.no\/v6\/kategorier-og-emner\/"},{"@type":"ListItem","position":3,"name":"8 Transport","item":"http:\/\/breeam-infrastructure.byggalliansen.no\/v6\/kategorier-og-emner\/8-transport\/"},{"@type":"ListItem","position":4,"name":"8.2 Logistikk i anleggsfasen","item":"http:\/\/breeam-infrastructure.byggalliansen.no\/v6\/kategorier-og-emner\/8-transport\/8-2-logistikk-i-anleggsfasen\/"},{"@type":"ListItem","position":5,"name":"8.2.5 \u00a0Minimering av forstyrrelser fra anleggstrafikk"}]},{"@type":"WebSite","@id":"https:\/\/breeam-infrastructure.byggalliansen.no\/v6\/#website","url":"https:\/\/breeam-infrastructure.byggalliansen.no\/v6\/","name":"BREEAM Infrastructure for prosjekter","description":"Utgave 6, 2024","potentialAction":[{"@type":"SearchAction","target":{"@type":"EntryPoint","urlTemplate":"https:\/\/breeam-infrastructure.byggalliansen.no\/v6\/?s={search_term_string}"},"query-input":{"@type":"PropertyValueSpecification","valueRequired":true,"valueName":"search_term_string"}}],"inLanguage":"nb-NO"}]}},"_links":{"self":[{"href":"http:\/\/breeam-infrastructure.byggalliansen.no\/v6\/wp-json\/wp\/v2\/pages\/3090","targetHints":{"allow":["GET"]}}],"collection":[{"href":"http:\/\/breeam-infrastructure.byggalliansen.no\/v6\/wp-json\/wp\/v2\/pages"}],"about":[{"href":"http:\/\/breeam-infrastructure.byggalliansen.no\/v6\/wp-json\/wp\/v2\/types\/page"}],"author":[{"embeddable":true,"href":"http:\/\/breeam-infrastructure.byggalliansen.no\/v6\/wp-json\/wp\/v2\/users\/2"}],"replies":[{"embeddable":true,"href":"http:\/\/breeam-infrastructure.byggalliansen.no\/v6\/wp-json\/wp\/v2\/comments?post=3090"}],"version-history":[{"count":2,"href":"http:\/\/breeam-infrastructure.byggalliansen.no\/v6\/wp-json\/wp\/v2\/pages\/3090\/revisions"}],"predecessor-version":[{"id":3095,"href":"http:\/\/breeam-infrastructure.byggalliansen.no\/v6\/wp-json\/wp\/v2\/pages\/3090\/revisions\/3095"}],"up":[{"embeddable":true,"href":"http:\/\/breeam-infrastructure.byggalliansen.no\/v6\/wp-json\/wp\/v2\/pages\/3036"}],"wp:attachment":[{"href":"http:\/\/breeam-infrastructure.byggalliansen.no\/v6\/wp-json\/wp\/v2\/media?parent=3090"}],"wp:term":[{"taxonomy":"category","embeddable":true,"href":"http:\/\/breeam-infrastructure.byggalliansen.no\/v6\/wp-json\/wp\/v2\/categories?post=3090"},{"taxonomy":"connection","embeddable":true,"href":"http:\/\/breeam-infrastructure.byggalliansen.no\/v6\/wp-json\/wp\/v2\/connection?post=3090"}],"curies":[{"name":"wp","href":"https:\/\/api.w.org\/{rel}","templated":true}]}}