{"id":3190,"date":"2025-02-05T11:22:13","date_gmt":"2025-02-05T11:22:13","guid":{"rendered":"https:\/\/manualer.byggalliansen.no\/v6\/?page_id=3190"},"modified":"2025-03-04T13:16:15","modified_gmt":"2025-03-04T13:16:15","slug":"6-2-9-maling-av-pavirkning-pa-naboer","status":"publish","type":"page","link":"http:\/\/breeam-infrastructure.byggalliansen.no\/v6\/kategorier-og-emner\/6-forurensing\/6-2-luft-stoy-og-lysforurensning\/6-2-9-maling-av-pavirkning-pa-naboer\/","title":{"rendered":"6.2.9 \u00a0M\u00e5ling av p\u00e5virkning p\u00e5 naboer"},"content":{"rendered":"\n<p>6.2.9.1 \u00a0Alle aspekter med potensiell p\u00e5virkning p\u00e5 naboer (identifisert under <a href=\"https:\/\/breeam-infrastructure.byggalliansen.no\/v6\/kategorier-og-emner\/6-forurensing\/6-2-luft-stoy-og-lysforurensning\/6-2-12-forebygging-av-pavirkning-fra-driftsfasen\/\">6.2.1)<\/a> ble m\u00e5lt regelmessig i hele anleggsfasen.<\/p>\n\n\n\n<p><\/p>\n","protected":false},"excerpt":{"rendered":"<p>6.2.9.1 \u00a0Alle aspekter med potensiell p\u00e5virkning p\u00e5 naboer (identifisert under 6.2.1) ble m\u00e5lt regelmessig i hele anleggsfasen.<\/p>\n","protected":false},"author":2,"featured_media":0,"parent":3134,"menu_order":8,"comment_status":"closed","ping_status":"closed","template":"","meta":{"_acf_changed":false,"footnotes":""},"categories":[1],"connection":[199],"class_list":["post-3190","page","type-page","status-publish","hentry","category-kriterier","connection-6-2-9"],"acf":[],"yoast_head":"<!-- This site is optimized with the Yoast SEO plugin v24.6 - https:\/\/yoast.com\/wordpress\/plugins\/seo\/ -->\n<title>6.2.9 \u00a0M\u00e5ling av p\u00e5virkning p\u00e5 naboer - BREEAM Infrastructure for prosjekter<\/title>\n<meta name=\"robots\" content=\"index, follow, max-snippet:-1, max-image-preview:large, max-video-preview:-1\" \/>\n<link rel=\"canonical\" href=\"http:\/\/breeam-infrastructure.byggalliansen.no\/v6\/kategorier-og-emner\/6-forurensing\/6-2-luft-stoy-og-lysforurensning\/6-2-9-maling-av-pavirkning-pa-naboer\/\" \/>\n<meta property=\"og:locale\" content=\"nb_NO\" \/>\n<meta property=\"og:type\" content=\"article\" \/>\n<meta property=\"og:title\" content=\"6.2.9 \u00a0M\u00e5ling av p\u00e5virkning p\u00e5 naboer - BREEAM Infrastructure for prosjekter\" \/>\n<meta property=\"og:description\" content=\"6.2.9.1 \u00a0Alle aspekter med potensiell p\u00e5virkning p\u00e5 naboer (identifisert under 6.2.1) ble m\u00e5lt regelmessig i hele anleggsfasen.\" \/>\n<meta property=\"og:url\" content=\"http:\/\/breeam-infrastructure.byggalliansen.no\/v6\/kategorier-og-emner\/6-forurensing\/6-2-luft-stoy-og-lysforurensning\/6-2-9-maling-av-pavirkning-pa-naboer\/\" \/>\n<meta property=\"og:site_name\" content=\"BREEAM Infrastructure for prosjekter\" \/>\n<meta property=\"article:modified_time\" content=\"2025-03-04T13:16:15+00:00\" \/>\n<meta name=\"twitter:card\" content=\"summary_large_image\" \/>\n<meta name=\"twitter:label1\" content=\"Ansl. lesetid\" \/>\n\t<meta name=\"twitter:data1\" content=\"1 minutt\" \/>\n<script type=\"application\/ld+json\" class=\"yoast-schema-graph\">{\"@context\":\"https:\/\/schema.org\",\"@graph\":[{\"@type\":\"WebPage\",\"@id\":\"http:\/\/breeam-infrastructure.byggalliansen.no\/v6\/kategorier-og-emner\/6-forurensing\/6-2-luft-stoy-og-lysforurensning\/6-2-9-maling-av-pavirkning-pa-naboer\/\",\"url\":\"http:\/\/breeam-infrastructure.byggalliansen.no\/v6\/kategorier-og-emner\/6-forurensing\/6-2-luft-stoy-og-lysforurensning\/6-2-9-maling-av-pavirkning-pa-naboer\/\",\"name\":\"6.2.9 \u00a0M\u00e5ling av p\u00e5virkning p\u00e5 naboer - BREEAM Infrastructure for prosjekter\",\"isPartOf\":{\"@id\":\"https:\/\/breeam-infrastructure.byggalliansen.no\/v6\/#website\"},\"datePublished\":\"2025-02-05T11:22:13+00:00\",\"dateModified\":\"2025-03-04T13:16:15+00:00\",\"breadcrumb\":{\"@id\":\"http:\/\/breeam-infrastructure.byggalliansen.no\/v6\/kategorier-og-emner\/6-forurensing\/6-2-luft-stoy-og-lysforurensning\/6-2-9-maling-av-pavirkning-pa-naboer\/#breadcrumb\"},\"inLanguage\":\"nb-NO\",\"potentialAction\":[{\"@type\":\"ReadAction\",\"target\":[\"http:\/\/breeam-infrastructure.byggalliansen.no\/v6\/kategorier-og-emner\/6-forurensing\/6-2-luft-stoy-og-lysforurensning\/6-2-9-maling-av-pavirkning-pa-naboer\/\"]}]},{\"@type\":\"BreadcrumbList\",\"@id\":\"http:\/\/breeam-infrastructure.byggalliansen.no\/v6\/kategorier-og-emner\/6-forurensing\/6-2-luft-stoy-og-lysforurensning\/6-2-9-maling-av-pavirkning-pa-naboer\/#breadcrumb\",\"itemListElement\":[{\"@type\":\"ListItem\",\"position\":1,\"name\":\"BREEAM Infrastructure for prosjekter\",\"item\":\"http:\/\/breeam-infrastructure.byggalliansen.no\/v6\/\"},{\"@type\":\"ListItem\",\"position\":2,\"name\":\"Kategorier og emner\",\"item\":\"https:\/\/breeam-infrastructure.byggalliansen.no\/v6\/kategorier-og-emner\/\"},{\"@type\":\"ListItem\",\"position\":3,\"name\":\"6 Forurensing\",\"item\":\"http:\/\/breeam-infrastructure.byggalliansen.no\/v6\/kategorier-og-emner\/6-forurensing\/\"},{\"@type\":\"ListItem\",\"position\":4,\"name\":\"6.2 Luft-, st\u00f8y- og lysforurensning\",\"item\":\"http:\/\/breeam-infrastructure.byggalliansen.no\/v6\/kategorier-og-emner\/6-forurensing\/6-2-luft-stoy-og-lysforurensning\/\"},{\"@type\":\"ListItem\",\"position\":5,\"name\":\"6.2.9 \u00a0M\u00e5ling av p\u00e5virkning p\u00e5 naboer\"}]},{\"@type\":\"WebSite\",\"@id\":\"https:\/\/breeam-infrastructure.byggalliansen.no\/v6\/#website\",\"url\":\"https:\/\/breeam-infrastructure.byggalliansen.no\/v6\/\",\"name\":\"BREEAM Infrastructure for prosjekter\",\"description\":\"Utgave 6, 2024\",\"potentialAction\":[{\"@type\":\"SearchAction\",\"target\":{\"@type\":\"EntryPoint\",\"urlTemplate\":\"https:\/\/breeam-infrastructure.byggalliansen.no\/v6\/?s={search_term_string}\"},\"query-input\":{\"@type\":\"PropertyValueSpecification\",\"valueRequired\":true,\"valueName\":\"search_term_string\"}}],\"inLanguage\":\"nb-NO\"}]}<\/script>\n<!-- \/ Yoast SEO plugin. -->","yoast_head_json":{"title":"6.2.9 \u00a0M\u00e5ling av p\u00e5virkning p\u00e5 naboer - BREEAM Infrastructure for prosjekter","robots":{"index":"index","follow":"follow","max-snippet":"max-snippet:-1","max-image-preview":"max-image-preview:large","max-video-preview":"max-video-preview:-1"},"canonical":"http:\/\/breeam-infrastructure.byggalliansen.no\/v6\/kategorier-og-emner\/6-forurensing\/6-2-luft-stoy-og-lysforurensning\/6-2-9-maling-av-pavirkning-pa-naboer\/","og_locale":"nb_NO","og_type":"article","og_title":"6.2.9 \u00a0M\u00e5ling av p\u00e5virkning p\u00e5 naboer - BREEAM Infrastructure for prosjekter","og_description":"6.2.9.1 \u00a0Alle aspekter med potensiell p\u00e5virkning p\u00e5 naboer (identifisert under 6.2.1) ble m\u00e5lt regelmessig i hele anleggsfasen.","og_url":"http:\/\/breeam-infrastructure.byggalliansen.no\/v6\/kategorier-og-emner\/6-forurensing\/6-2-luft-stoy-og-lysforurensning\/6-2-9-maling-av-pavirkning-pa-naboer\/","og_site_name":"BREEAM Infrastructure for prosjekter","article_modified_time":"2025-03-04T13:16:15+00:00","twitter_card":"summary_large_image","twitter_misc":{"Ansl. lesetid":"1 minutt"},"schema":{"@context":"https:\/\/schema.org","@graph":[{"@type":"WebPage","@id":"http:\/\/breeam-infrastructure.byggalliansen.no\/v6\/kategorier-og-emner\/6-forurensing\/6-2-luft-stoy-og-lysforurensning\/6-2-9-maling-av-pavirkning-pa-naboer\/","url":"http:\/\/breeam-infrastructure.byggalliansen.no\/v6\/kategorier-og-emner\/6-forurensing\/6-2-luft-stoy-og-lysforurensning\/6-2-9-maling-av-pavirkning-pa-naboer\/","name":"6.2.9 \u00a0M\u00e5ling av p\u00e5virkning p\u00e5 naboer - BREEAM Infrastructure for prosjekter","isPartOf":{"@id":"https:\/\/breeam-infrastructure.byggalliansen.no\/v6\/#website"},"datePublished":"2025-02-05T11:22:13+00:00","dateModified":"2025-03-04T13:16:15+00:00","breadcrumb":{"@id":"http:\/\/breeam-infrastructure.byggalliansen.no\/v6\/kategorier-og-emner\/6-forurensing\/6-2-luft-stoy-og-lysforurensning\/6-2-9-maling-av-pavirkning-pa-naboer\/#breadcrumb"},"inLanguage":"nb-NO","potentialAction":[{"@type":"ReadAction","target":["http:\/\/breeam-infrastructure.byggalliansen.no\/v6\/kategorier-og-emner\/6-forurensing\/6-2-luft-stoy-og-lysforurensning\/6-2-9-maling-av-pavirkning-pa-naboer\/"]}]},{"@type":"BreadcrumbList","@id":"http:\/\/breeam-infrastructure.byggalliansen.no\/v6\/kategorier-og-emner\/6-forurensing\/6-2-luft-stoy-og-lysforurensning\/6-2-9-maling-av-pavirkning-pa-naboer\/#breadcrumb","itemListElement":[{"@type":"ListItem","position":1,"name":"BREEAM Infrastructure for prosjekter","item":"http:\/\/breeam-infrastructure.byggalliansen.no\/v6\/"},{"@type":"ListItem","position":2,"name":"Kategorier og emner","item":"https:\/\/breeam-infrastructure.byggalliansen.no\/v6\/kategorier-og-emner\/"},{"@type":"ListItem","position":3,"name":"6 Forurensing","item":"http:\/\/breeam-infrastructure.byggalliansen.no\/v6\/kategorier-og-emner\/6-forurensing\/"},{"@type":"ListItem","position":4,"name":"6.2 Luft-, st\u00f8y- og lysforurensning","item":"http:\/\/breeam-infrastructure.byggalliansen.no\/v6\/kategorier-og-emner\/6-forurensing\/6-2-luft-stoy-og-lysforurensning\/"},{"@type":"ListItem","position":5,"name":"6.2.9 \u00a0M\u00e5ling av p\u00e5virkning p\u00e5 naboer"}]},{"@type":"WebSite","@id":"https:\/\/breeam-infrastructure.byggalliansen.no\/v6\/#website","url":"https:\/\/breeam-infrastructure.byggalliansen.no\/v6\/","name":"BREEAM Infrastructure for prosjekter","description":"Utgave 6, 2024","potentialAction":[{"@type":"SearchAction","target":{"@type":"EntryPoint","urlTemplate":"https:\/\/breeam-infrastructure.byggalliansen.no\/v6\/?s={search_term_string}"},"query-input":{"@type":"PropertyValueSpecification","valueRequired":true,"valueName":"search_term_string"}}],"inLanguage":"nb-NO"}]}},"_links":{"self":[{"href":"http:\/\/breeam-infrastructure.byggalliansen.no\/v6\/wp-json\/wp\/v2\/pages\/3190","targetHints":{"allow":["GET"]}}],"collection":[{"href":"http:\/\/breeam-infrastructure.byggalliansen.no\/v6\/wp-json\/wp\/v2\/pages"}],"about":[{"href":"http:\/\/breeam-infrastructure.byggalliansen.no\/v6\/wp-json\/wp\/v2\/types\/page"}],"author":[{"embeddable":true,"href":"http:\/\/breeam-infrastructure.byggalliansen.no\/v6\/wp-json\/wp\/v2\/users\/2"}],"replies":[{"embeddable":true,"href":"http:\/\/breeam-infrastructure.byggalliansen.no\/v6\/wp-json\/wp\/v2\/comments?post=3190"}],"version-history":[{"count":2,"href":"http:\/\/breeam-infrastructure.byggalliansen.no\/v6\/wp-json\/wp\/v2\/pages\/3190\/revisions"}],"predecessor-version":[{"id":3859,"href":"http:\/\/breeam-infrastructure.byggalliansen.no\/v6\/wp-json\/wp\/v2\/pages\/3190\/revisions\/3859"}],"up":[{"embeddable":true,"href":"http:\/\/breeam-infrastructure.byggalliansen.no\/v6\/wp-json\/wp\/v2\/pages\/3134"}],"wp:attachment":[{"href":"http:\/\/breeam-infrastructure.byggalliansen.no\/v6\/wp-json\/wp\/v2\/media?parent=3190"}],"wp:term":[{"taxonomy":"category","embeddable":true,"href":"http:\/\/breeam-infrastructure.byggalliansen.no\/v6\/wp-json\/wp\/v2\/categories?post=3190"},{"taxonomy":"connection","embeddable":true,"href":"http:\/\/breeam-infrastructure.byggalliansen.no\/v6\/wp-json\/wp\/v2\/connection?post=3190"}],"curies":[{"name":"wp","href":"https:\/\/api.w.org\/{rel}","templated":true}]}}