{"id":3583,"date":"2025-02-13T08:16:26","date_gmt":"2025-02-13T08:16:26","guid":{"rendered":"https:\/\/manualer.byggalliansen.no\/v6\/?page_id=3583"},"modified":"2025-03-24T14:26:19","modified_gmt":"2025-03-24T14:26:19","slug":"4-4-4-spesielle-strukturer-eller-fasiliteter-for-dyreliv","status":"publish","type":"page","link":"http:\/\/breeam-infrastructure.byggalliansen.no\/v6\/kategorier-og-emner\/4-arealbruk-og-okologi\/4-4-endring-og-forbedring-av-biodiversitet\/4-4-4-spesielle-strukturer-eller-fasiliteter-for-dyreliv\/","title":{"rendered":"4.4.4 \u00a0Spesielle strukturer eller fasiliteter for dyreliv"},"content":{"rendered":"\n<p>4.4.4.1 \u00a0Det er gitt anbefalinger om eller identifisert muligheter til \u00e5 installere spesielle strukturer eller fasiliteter for \u00e5 fremme eller ivareta hensiktsmessig dyre- og planteliv (s\u00e6rlig arter som omfattes av planer for biologisk mangfold), og disse er integrert i prosjektet.<\/p>\n\n\n\n<figure class=\"wp-block-table\"><table class=\"has-fixed-layout\"><thead><tr><th>Resultat<\/th><th>Poeng<\/th><th>Revisjonsfase<\/th><\/tr><\/thead><tbody><tr><td>(a<sub>1<\/sub>) Det er utarbeidet planer for installasjon av spesielle strukturer eller fasiliteter.<\/td><td>4<\/td><td>Designfase<\/td><\/tr><tr><td>(a<sub>2<\/sub>) Spesielle strukturer eller fasiliteter er integrert i prosjektet.<\/td><td>9<\/td><td>Anleggsfase<\/td><\/tr><\/tbody><\/table><\/figure>\n\n\n\n<p><\/p>\n","protected":false},"excerpt":{"rendered":"<p>4.4.4.1 \u00a0Det er gitt anbefalinger om eller identifisert muligheter til \u00e5 installere spesielle strukturer eller fasiliteter for \u00e5 fremme eller ivareta hensiktsmessig dyre- og planteliv (s\u00e6rlig arter som omfattes av planer for biologisk mangfold), og disse er integrert i prosjektet. Resultat Poeng Revisjonsfase (a1) Det er utarbeidet planer for installasjon av spesielle strukturer eller fasiliteter. [&hellip;]<\/p>\n","protected":false},"author":2,"featured_media":0,"parent":3429,"menu_order":3,"comment_status":"closed","ping_status":"closed","template":"","meta":{"_acf_changed":false,"footnotes":""},"categories":[1],"connection":[267],"class_list":["post-3583","page","type-page","status-publish","hentry","category-kriterier","connection-4-4-4"],"acf":[],"yoast_head":"<!-- This site is optimized with the Yoast SEO plugin v24.6 - https:\/\/yoast.com\/wordpress\/plugins\/seo\/ -->\n<title>4.4.4 \u00a0Spesielle strukturer eller fasiliteter for dyreliv - BREEAM Infrastructure for prosjekter<\/title>\n<meta name=\"robots\" content=\"index, follow, max-snippet:-1, max-image-preview:large, max-video-preview:-1\" \/>\n<link rel=\"canonical\" href=\"http:\/\/breeam-infrastructure.byggalliansen.no\/v6\/kategorier-og-emner\/4-arealbruk-og-okologi\/4-4-endring-og-forbedring-av-biodiversitet\/4-4-4-spesielle-strukturer-eller-fasiliteter-for-dyreliv\/\" \/>\n<meta property=\"og:locale\" content=\"nb_NO\" \/>\n<meta property=\"og:type\" content=\"article\" \/>\n<meta property=\"og:title\" content=\"4.4.4 \u00a0Spesielle strukturer eller fasiliteter for dyreliv - BREEAM Infrastructure for prosjekter\" \/>\n<meta property=\"og:description\" content=\"4.4.4.1 \u00a0Det er gitt anbefalinger om eller identifisert muligheter til \u00e5 installere spesielle strukturer eller fasiliteter for \u00e5 fremme eller ivareta hensiktsmessig dyre- og planteliv (s\u00e6rlig arter som omfattes av planer for biologisk mangfold), og disse er integrert i prosjektet. Resultat Poeng Revisjonsfase (a1) Det er utarbeidet planer for installasjon av spesielle strukturer eller fasiliteter. [&hellip;]\" \/>\n<meta property=\"og:url\" content=\"http:\/\/breeam-infrastructure.byggalliansen.no\/v6\/kategorier-og-emner\/4-arealbruk-og-okologi\/4-4-endring-og-forbedring-av-biodiversitet\/4-4-4-spesielle-strukturer-eller-fasiliteter-for-dyreliv\/\" \/>\n<meta property=\"og:site_name\" content=\"BREEAM Infrastructure for prosjekter\" \/>\n<meta property=\"article:modified_time\" content=\"2025-03-24T14:26:19+00:00\" \/>\n<meta name=\"twitter:card\" content=\"summary_large_image\" \/>\n<meta name=\"twitter:label1\" content=\"Ansl. lesetid\" \/>\n\t<meta name=\"twitter:data1\" content=\"1 minutt\" \/>\n<script type=\"application\/ld+json\" class=\"yoast-schema-graph\">{\"@context\":\"https:\/\/schema.org\",\"@graph\":[{\"@type\":\"WebPage\",\"@id\":\"http:\/\/breeam-infrastructure.byggalliansen.no\/v6\/kategorier-og-emner\/4-arealbruk-og-okologi\/4-4-endring-og-forbedring-av-biodiversitet\/4-4-4-spesielle-strukturer-eller-fasiliteter-for-dyreliv\/\",\"url\":\"http:\/\/breeam-infrastructure.byggalliansen.no\/v6\/kategorier-og-emner\/4-arealbruk-og-okologi\/4-4-endring-og-forbedring-av-biodiversitet\/4-4-4-spesielle-strukturer-eller-fasiliteter-for-dyreliv\/\",\"name\":\"4.4.4 \u00a0Spesielle strukturer eller fasiliteter for dyreliv - BREEAM Infrastructure for prosjekter\",\"isPartOf\":{\"@id\":\"https:\/\/breeam-infrastructure.byggalliansen.no\/v6\/#website\"},\"datePublished\":\"2025-02-13T08:16:26+00:00\",\"dateModified\":\"2025-03-24T14:26:19+00:00\",\"breadcrumb\":{\"@id\":\"http:\/\/breeam-infrastructure.byggalliansen.no\/v6\/kategorier-og-emner\/4-arealbruk-og-okologi\/4-4-endring-og-forbedring-av-biodiversitet\/4-4-4-spesielle-strukturer-eller-fasiliteter-for-dyreliv\/#breadcrumb\"},\"inLanguage\":\"nb-NO\",\"potentialAction\":[{\"@type\":\"ReadAction\",\"target\":[\"http:\/\/breeam-infrastructure.byggalliansen.no\/v6\/kategorier-og-emner\/4-arealbruk-og-okologi\/4-4-endring-og-forbedring-av-biodiversitet\/4-4-4-spesielle-strukturer-eller-fasiliteter-for-dyreliv\/\"]}]},{\"@type\":\"BreadcrumbList\",\"@id\":\"http:\/\/breeam-infrastructure.byggalliansen.no\/v6\/kategorier-og-emner\/4-arealbruk-og-okologi\/4-4-endring-og-forbedring-av-biodiversitet\/4-4-4-spesielle-strukturer-eller-fasiliteter-for-dyreliv\/#breadcrumb\",\"itemListElement\":[{\"@type\":\"ListItem\",\"position\":1,\"name\":\"BREEAM Infrastructure for prosjekter\",\"item\":\"http:\/\/breeam-infrastructure.byggalliansen.no\/v6\/\"},{\"@type\":\"ListItem\",\"position\":2,\"name\":\"Kategorier og emner\",\"item\":\"https:\/\/breeam-infrastructure.byggalliansen.no\/v6\/kategorier-og-emner\/\"},{\"@type\":\"ListItem\",\"position\":3,\"name\":\"4 Arealbruk og \u00f8kologi\",\"item\":\"http:\/\/breeam-infrastructure.byggalliansen.no\/v6\/kategorier-og-emner\/4-arealbruk-og-okologi\/\"},{\"@type\":\"ListItem\",\"position\":4,\"name\":\"4.4 Endring og forbedring av biodiversitet\",\"item\":\"https:\/\/breeam-infrastructure.byggalliansen.no\/v6\/kategorier-og-emner\/4-arealbruk-og-okologi\/4-4-endring-og-forbedring-av-biodiversitet\/\"},{\"@type\":\"ListItem\",\"position\":5,\"name\":\"4.4.4 \u00a0Spesielle strukturer eller fasiliteter for dyreliv\"}]},{\"@type\":\"WebSite\",\"@id\":\"https:\/\/breeam-infrastructure.byggalliansen.no\/v6\/#website\",\"url\":\"https:\/\/breeam-infrastructure.byggalliansen.no\/v6\/\",\"name\":\"BREEAM Infrastructure for prosjekter\",\"description\":\"Utgave 6, 2024\",\"potentialAction\":[{\"@type\":\"SearchAction\",\"target\":{\"@type\":\"EntryPoint\",\"urlTemplate\":\"https:\/\/breeam-infrastructure.byggalliansen.no\/v6\/?s={search_term_string}\"},\"query-input\":{\"@type\":\"PropertyValueSpecification\",\"valueRequired\":true,\"valueName\":\"search_term_string\"}}],\"inLanguage\":\"nb-NO\"}]}<\/script>\n<!-- \/ Yoast SEO plugin. -->","yoast_head_json":{"title":"4.4.4 \u00a0Spesielle strukturer eller fasiliteter for dyreliv - BREEAM Infrastructure for prosjekter","robots":{"index":"index","follow":"follow","max-snippet":"max-snippet:-1","max-image-preview":"max-image-preview:large","max-video-preview":"max-video-preview:-1"},"canonical":"http:\/\/breeam-infrastructure.byggalliansen.no\/v6\/kategorier-og-emner\/4-arealbruk-og-okologi\/4-4-endring-og-forbedring-av-biodiversitet\/4-4-4-spesielle-strukturer-eller-fasiliteter-for-dyreliv\/","og_locale":"nb_NO","og_type":"article","og_title":"4.4.4 \u00a0Spesielle strukturer eller fasiliteter for dyreliv - BREEAM Infrastructure for prosjekter","og_description":"4.4.4.1 \u00a0Det er gitt anbefalinger om eller identifisert muligheter til \u00e5 installere spesielle strukturer eller fasiliteter for \u00e5 fremme eller ivareta hensiktsmessig dyre- og planteliv (s\u00e6rlig arter som omfattes av planer for biologisk mangfold), og disse er integrert i prosjektet. Resultat Poeng Revisjonsfase (a1) Det er utarbeidet planer for installasjon av spesielle strukturer eller fasiliteter. [&hellip;]","og_url":"http:\/\/breeam-infrastructure.byggalliansen.no\/v6\/kategorier-og-emner\/4-arealbruk-og-okologi\/4-4-endring-og-forbedring-av-biodiversitet\/4-4-4-spesielle-strukturer-eller-fasiliteter-for-dyreliv\/","og_site_name":"BREEAM Infrastructure for prosjekter","article_modified_time":"2025-03-24T14:26:19+00:00","twitter_card":"summary_large_image","twitter_misc":{"Ansl. lesetid":"1 minutt"},"schema":{"@context":"https:\/\/schema.org","@graph":[{"@type":"WebPage","@id":"http:\/\/breeam-infrastructure.byggalliansen.no\/v6\/kategorier-og-emner\/4-arealbruk-og-okologi\/4-4-endring-og-forbedring-av-biodiversitet\/4-4-4-spesielle-strukturer-eller-fasiliteter-for-dyreliv\/","url":"http:\/\/breeam-infrastructure.byggalliansen.no\/v6\/kategorier-og-emner\/4-arealbruk-og-okologi\/4-4-endring-og-forbedring-av-biodiversitet\/4-4-4-spesielle-strukturer-eller-fasiliteter-for-dyreliv\/","name":"4.4.4 \u00a0Spesielle strukturer eller fasiliteter for dyreliv - BREEAM Infrastructure for prosjekter","isPartOf":{"@id":"https:\/\/breeam-infrastructure.byggalliansen.no\/v6\/#website"},"datePublished":"2025-02-13T08:16:26+00:00","dateModified":"2025-03-24T14:26:19+00:00","breadcrumb":{"@id":"http:\/\/breeam-infrastructure.byggalliansen.no\/v6\/kategorier-og-emner\/4-arealbruk-og-okologi\/4-4-endring-og-forbedring-av-biodiversitet\/4-4-4-spesielle-strukturer-eller-fasiliteter-for-dyreliv\/#breadcrumb"},"inLanguage":"nb-NO","potentialAction":[{"@type":"ReadAction","target":["http:\/\/breeam-infrastructure.byggalliansen.no\/v6\/kategorier-og-emner\/4-arealbruk-og-okologi\/4-4-endring-og-forbedring-av-biodiversitet\/4-4-4-spesielle-strukturer-eller-fasiliteter-for-dyreliv\/"]}]},{"@type":"BreadcrumbList","@id":"http:\/\/breeam-infrastructure.byggalliansen.no\/v6\/kategorier-og-emner\/4-arealbruk-og-okologi\/4-4-endring-og-forbedring-av-biodiversitet\/4-4-4-spesielle-strukturer-eller-fasiliteter-for-dyreliv\/#breadcrumb","itemListElement":[{"@type":"ListItem","position":1,"name":"BREEAM Infrastructure for prosjekter","item":"http:\/\/breeam-infrastructure.byggalliansen.no\/v6\/"},{"@type":"ListItem","position":2,"name":"Kategorier og emner","item":"https:\/\/breeam-infrastructure.byggalliansen.no\/v6\/kategorier-og-emner\/"},{"@type":"ListItem","position":3,"name":"4 Arealbruk og \u00f8kologi","item":"http:\/\/breeam-infrastructure.byggalliansen.no\/v6\/kategorier-og-emner\/4-arealbruk-og-okologi\/"},{"@type":"ListItem","position":4,"name":"4.4 Endring og forbedring av biodiversitet","item":"https:\/\/breeam-infrastructure.byggalliansen.no\/v6\/kategorier-og-emner\/4-arealbruk-og-okologi\/4-4-endring-og-forbedring-av-biodiversitet\/"},{"@type":"ListItem","position":5,"name":"4.4.4 \u00a0Spesielle strukturer eller fasiliteter for dyreliv"}]},{"@type":"WebSite","@id":"https:\/\/breeam-infrastructure.byggalliansen.no\/v6\/#website","url":"https:\/\/breeam-infrastructure.byggalliansen.no\/v6\/","name":"BREEAM Infrastructure for prosjekter","description":"Utgave 6, 2024","potentialAction":[{"@type":"SearchAction","target":{"@type":"EntryPoint","urlTemplate":"https:\/\/breeam-infrastructure.byggalliansen.no\/v6\/?s={search_term_string}"},"query-input":{"@type":"PropertyValueSpecification","valueRequired":true,"valueName":"search_term_string"}}],"inLanguage":"nb-NO"}]}},"_links":{"self":[{"href":"http:\/\/breeam-infrastructure.byggalliansen.no\/v6\/wp-json\/wp\/v2\/pages\/3583","targetHints":{"allow":["GET"]}}],"collection":[{"href":"http:\/\/breeam-infrastructure.byggalliansen.no\/v6\/wp-json\/wp\/v2\/pages"}],"about":[{"href":"http:\/\/breeam-infrastructure.byggalliansen.no\/v6\/wp-json\/wp\/v2\/types\/page"}],"author":[{"embeddable":true,"href":"http:\/\/breeam-infrastructure.byggalliansen.no\/v6\/wp-json\/wp\/v2\/users\/2"}],"replies":[{"embeddable":true,"href":"http:\/\/breeam-infrastructure.byggalliansen.no\/v6\/wp-json\/wp\/v2\/comments?post=3583"}],"version-history":[{"count":2,"href":"http:\/\/breeam-infrastructure.byggalliansen.no\/v6\/wp-json\/wp\/v2\/pages\/3583\/revisions"}],"predecessor-version":[{"id":4027,"href":"http:\/\/breeam-infrastructure.byggalliansen.no\/v6\/wp-json\/wp\/v2\/pages\/3583\/revisions\/4027"}],"up":[{"embeddable":true,"href":"http:\/\/breeam-infrastructure.byggalliansen.no\/v6\/wp-json\/wp\/v2\/pages\/3429"}],"wp:attachment":[{"href":"http:\/\/breeam-infrastructure.byggalliansen.no\/v6\/wp-json\/wp\/v2\/media?parent=3583"}],"wp:term":[{"taxonomy":"category","embeddable":true,"href":"http:\/\/breeam-infrastructure.byggalliansen.no\/v6\/wp-json\/wp\/v2\/categories?post=3583"},{"taxonomy":"connection","embeddable":true,"href":"http:\/\/breeam-infrastructure.byggalliansen.no\/v6\/wp-json\/wp\/v2\/connection?post=3583"}],"curies":[{"name":"wp","href":"https:\/\/api.w.org\/{rel}","templated":true}]}}