{"id":3593,"date":"2025-02-13T08:25:34","date_gmt":"2025-02-13T08:25:34","guid":{"rendered":"https:\/\/manualer.byggalliansen.no\/v6\/?page_id=3593"},"modified":"2025-03-24T14:26:58","modified_gmt":"2025-03-24T14:26:58","slug":"4-5-1-vedvarende-okologisk-forvaltning","status":"publish","type":"page","link":"http:\/\/breeam-infrastructure.byggalliansen.no\/v6\/kategorier-og-emner\/4-arealbruk-og-okologi\/4-5-langsiktig-forvaltning-av-biodiversitet\/4-5-1-vedvarende-okologisk-forvaltning\/","title":{"rendered":"4.5.1 \u00a0Vedvarende \u00f8kologisk forvaltning"},"content":{"rendered":"\n<p>4.5.1.1 &nbsp;Det er utarbeidet en forvaltningsplan eller tilsvarende for landskap og \u00f8kologi. Den dekker minst de f\u00f8rste fem \u00e5rene etter ferdigstillelse av prosjektet, og omfatter<\/p>\n\n\n\n<ol style=\"list-style-type:lower-alpha\" class=\"wp-block-list\">\n<li>tiltak og ansvarsomr\u00e5der for relevante personer f\u00f8r overlevering<\/li>\n\n\n\n<li>den <dfn aria-describedby=\"desc-1741092630783-ekmdk3g3g\" data-definition=\"\u00d8kologisk verdi\">\u00f8kologiske verdien<\/dfn> og tilstanden til lokaliteten gjennom utviklingen<\/li>\n\n\n\n<li>beskrivelse av muligheter for vedvarende samkj\u00f8ring med aktiviteter utenfor det ferdigstilte prosjektet, som st\u00f8tter form\u00e5lene til BREEAM UK Strategic Ecology Framework.<\/li>\n\n\n\n<li>beskrivelse av hvordan man identifiserer uforutsett p\u00e5virkning og veiledning for \u00e5 h\u00e5ndtere dette med egnede tiltak<\/li>\n\n\n\n<li>klart definerte og tildelte roller og ansvarsomr\u00e5der<\/li>\n<\/ol>\n\n\n\n<p>4.5.1.2 &nbsp;Landskaps- og \u00f8kologiforvaltningsplanen eller lignende har blitt oppdatert etter behov for \u00e5 st\u00f8tte vedlikehold av lokalitetens \u00f8kologiske verdi.<\/p>\n\n\n\n<p><\/p>\n","protected":false},"excerpt":{"rendered":"<p>4.5.1.1 &nbsp;Det er utarbeidet en forvaltningsplan eller tilsvarende for landskap og \u00f8kologi. Den dekker minst de f\u00f8rste fem \u00e5rene etter ferdigstillelse av prosjektet, og omfatter 4.5.1.2 &nbsp;Landskaps- og \u00f8kologiforvaltningsplanen eller lignende har blitt oppdatert etter behov for \u00e5 st\u00f8tte vedlikehold av lokalitetens \u00f8kologiske verdi.<\/p>\n","protected":false},"author":2,"featured_media":0,"parent":3431,"menu_order":0,"comment_status":"closed","ping_status":"closed","template":"","meta":{"_acf_changed":false,"footnotes":""},"categories":[1],"connection":[264],"class_list":["post-3593","page","type-page","status-publish","hentry","category-kriterier","connection-4-5-1"],"acf":[],"yoast_head":"<!-- This site is optimized with the Yoast SEO plugin v24.6 - https:\/\/yoast.com\/wordpress\/plugins\/seo\/ -->\n<title>4.5.1 \u00a0Vedvarende \u00f8kologisk forvaltning - BREEAM Infrastructure for prosjekter<\/title>\n<meta name=\"robots\" content=\"index, follow, max-snippet:-1, max-image-preview:large, max-video-preview:-1\" \/>\n<link rel=\"canonical\" href=\"https:\/\/breeam-infrastructure.byggalliansen.no\/v6\/kategorier-og-emner\/4-arealbruk-og-okologi\/4-5-langsiktig-forvaltning-av-biodiversitet\/4-5-1-vedvarende-okologisk-forvaltning\/\" \/>\n<meta property=\"og:locale\" content=\"nb_NO\" \/>\n<meta property=\"og:type\" content=\"article\" \/>\n<meta property=\"og:title\" content=\"4.5.1 \u00a0Vedvarende \u00f8kologisk forvaltning - BREEAM Infrastructure for prosjekter\" \/>\n<meta property=\"og:description\" content=\"4.5.1.1 &nbsp;Det er utarbeidet en forvaltningsplan eller tilsvarende for landskap og \u00f8kologi. Den dekker minst de f\u00f8rste fem \u00e5rene etter ferdigstillelse av prosjektet, og omfatter 4.5.1.2 &nbsp;Landskaps- og \u00f8kologiforvaltningsplanen eller lignende har blitt oppdatert etter behov for \u00e5 st\u00f8tte vedlikehold av lokalitetens \u00f8kologiske verdi.\" \/>\n<meta property=\"og:url\" content=\"https:\/\/breeam-infrastructure.byggalliansen.no\/v6\/kategorier-og-emner\/4-arealbruk-og-okologi\/4-5-langsiktig-forvaltning-av-biodiversitet\/4-5-1-vedvarende-okologisk-forvaltning\/\" \/>\n<meta property=\"og:site_name\" content=\"BREEAM Infrastructure for prosjekter\" \/>\n<meta property=\"article:modified_time\" content=\"2025-03-24T14:26:58+00:00\" \/>\n<meta name=\"twitter:card\" content=\"summary_large_image\" \/>\n<meta name=\"twitter:label1\" content=\"Ansl. lesetid\" \/>\n\t<meta name=\"twitter:data1\" content=\"1 minutt\" \/>\n<script type=\"application\/ld+json\" class=\"yoast-schema-graph\">{\"@context\":\"https:\/\/schema.org\",\"@graph\":[{\"@type\":\"WebPage\",\"@id\":\"https:\/\/breeam-infrastructure.byggalliansen.no\/v6\/kategorier-og-emner\/4-arealbruk-og-okologi\/4-5-langsiktig-forvaltning-av-biodiversitet\/4-5-1-vedvarende-okologisk-forvaltning\/\",\"url\":\"https:\/\/breeam-infrastructure.byggalliansen.no\/v6\/kategorier-og-emner\/4-arealbruk-og-okologi\/4-5-langsiktig-forvaltning-av-biodiversitet\/4-5-1-vedvarende-okologisk-forvaltning\/\",\"name\":\"4.5.1 \u00a0Vedvarende \u00f8kologisk forvaltning - BREEAM Infrastructure for prosjekter\",\"isPartOf\":{\"@id\":\"http:\/\/breeam-infrastructure.byggalliansen.no\/v6\/#website\"},\"datePublished\":\"2025-02-13T08:25:34+00:00\",\"dateModified\":\"2025-03-24T14:26:58+00:00\",\"breadcrumb\":{\"@id\":\"https:\/\/breeam-infrastructure.byggalliansen.no\/v6\/kategorier-og-emner\/4-arealbruk-og-okologi\/4-5-langsiktig-forvaltning-av-biodiversitet\/4-5-1-vedvarende-okologisk-forvaltning\/#breadcrumb\"},\"inLanguage\":\"nb-NO\",\"potentialAction\":[{\"@type\":\"ReadAction\",\"target\":[\"https:\/\/breeam-infrastructure.byggalliansen.no\/v6\/kategorier-og-emner\/4-arealbruk-og-okologi\/4-5-langsiktig-forvaltning-av-biodiversitet\/4-5-1-vedvarende-okologisk-forvaltning\/\"]}]},{\"@type\":\"BreadcrumbList\",\"@id\":\"https:\/\/breeam-infrastructure.byggalliansen.no\/v6\/kategorier-og-emner\/4-arealbruk-og-okologi\/4-5-langsiktig-forvaltning-av-biodiversitet\/4-5-1-vedvarende-okologisk-forvaltning\/#breadcrumb\",\"itemListElement\":[{\"@type\":\"ListItem\",\"position\":1,\"name\":\"BREEAM Infrastructure for prosjekter\",\"item\":\"http:\/\/breeam-infrastructure.byggalliansen.no\/v6\/\"},{\"@type\":\"ListItem\",\"position\":2,\"name\":\"Kategorier og emner\",\"item\":\"http:\/\/breeam-infrastructure.byggalliansen.no\/v6\/kategorier-og-emner\/\"},{\"@type\":\"ListItem\",\"position\":3,\"name\":\"4 Arealbruk og \u00f8kologi\",\"item\":\"https:\/\/breeam-infrastructure.byggalliansen.no\/v6\/kategorier-og-emner\/4-arealbruk-og-okologi\/\"},{\"@type\":\"ListItem\",\"position\":4,\"name\":\"4.5 Langsiktig forvaltning av biodiversitet\",\"item\":\"https:\/\/breeam-infrastructure.byggalliansen.no\/v6\/kategorier-og-emner\/4-arealbruk-og-okologi\/4-5-langsiktig-forvaltning-av-biodiversitet\/\"},{\"@type\":\"ListItem\",\"position\":5,\"name\":\"4.5.1 \u00a0Vedvarende \u00f8kologisk forvaltning\"}]},{\"@type\":\"WebSite\",\"@id\":\"http:\/\/breeam-infrastructure.byggalliansen.no\/v6\/#website\",\"url\":\"http:\/\/breeam-infrastructure.byggalliansen.no\/v6\/\",\"name\":\"BREEAM Infrastructure for prosjekter\",\"description\":\"Utgave 6, 2024\",\"potentialAction\":[{\"@type\":\"SearchAction\",\"target\":{\"@type\":\"EntryPoint\",\"urlTemplate\":\"http:\/\/breeam-infrastructure.byggalliansen.no\/v6\/?s={search_term_string}\"},\"query-input\":{\"@type\":\"PropertyValueSpecification\",\"valueRequired\":true,\"valueName\":\"search_term_string\"}}],\"inLanguage\":\"nb-NO\"}]}<\/script>\n<!-- \/ Yoast SEO plugin. -->","yoast_head_json":{"title":"4.5.1 \u00a0Vedvarende \u00f8kologisk forvaltning - BREEAM Infrastructure for prosjekter","robots":{"index":"index","follow":"follow","max-snippet":"max-snippet:-1","max-image-preview":"max-image-preview:large","max-video-preview":"max-video-preview:-1"},"canonical":"https:\/\/breeam-infrastructure.byggalliansen.no\/v6\/kategorier-og-emner\/4-arealbruk-og-okologi\/4-5-langsiktig-forvaltning-av-biodiversitet\/4-5-1-vedvarende-okologisk-forvaltning\/","og_locale":"nb_NO","og_type":"article","og_title":"4.5.1 \u00a0Vedvarende \u00f8kologisk forvaltning - BREEAM Infrastructure for prosjekter","og_description":"4.5.1.1 &nbsp;Det er utarbeidet en forvaltningsplan eller tilsvarende for landskap og \u00f8kologi. Den dekker minst de f\u00f8rste fem \u00e5rene etter ferdigstillelse av prosjektet, og omfatter 4.5.1.2 &nbsp;Landskaps- og \u00f8kologiforvaltningsplanen eller lignende har blitt oppdatert etter behov for \u00e5 st\u00f8tte vedlikehold av lokalitetens \u00f8kologiske verdi.","og_url":"https:\/\/breeam-infrastructure.byggalliansen.no\/v6\/kategorier-og-emner\/4-arealbruk-og-okologi\/4-5-langsiktig-forvaltning-av-biodiversitet\/4-5-1-vedvarende-okologisk-forvaltning\/","og_site_name":"BREEAM Infrastructure for prosjekter","article_modified_time":"2025-03-24T14:26:58+00:00","twitter_card":"summary_large_image","twitter_misc":{"Ansl. lesetid":"1 minutt"},"schema":{"@context":"https:\/\/schema.org","@graph":[{"@type":"WebPage","@id":"https:\/\/breeam-infrastructure.byggalliansen.no\/v6\/kategorier-og-emner\/4-arealbruk-og-okologi\/4-5-langsiktig-forvaltning-av-biodiversitet\/4-5-1-vedvarende-okologisk-forvaltning\/","url":"https:\/\/breeam-infrastructure.byggalliansen.no\/v6\/kategorier-og-emner\/4-arealbruk-og-okologi\/4-5-langsiktig-forvaltning-av-biodiversitet\/4-5-1-vedvarende-okologisk-forvaltning\/","name":"4.5.1 \u00a0Vedvarende \u00f8kologisk forvaltning - BREEAM Infrastructure for prosjekter","isPartOf":{"@id":"http:\/\/breeam-infrastructure.byggalliansen.no\/v6\/#website"},"datePublished":"2025-02-13T08:25:34+00:00","dateModified":"2025-03-24T14:26:58+00:00","breadcrumb":{"@id":"https:\/\/breeam-infrastructure.byggalliansen.no\/v6\/kategorier-og-emner\/4-arealbruk-og-okologi\/4-5-langsiktig-forvaltning-av-biodiversitet\/4-5-1-vedvarende-okologisk-forvaltning\/#breadcrumb"},"inLanguage":"nb-NO","potentialAction":[{"@type":"ReadAction","target":["https:\/\/breeam-infrastructure.byggalliansen.no\/v6\/kategorier-og-emner\/4-arealbruk-og-okologi\/4-5-langsiktig-forvaltning-av-biodiversitet\/4-5-1-vedvarende-okologisk-forvaltning\/"]}]},{"@type":"BreadcrumbList","@id":"https:\/\/breeam-infrastructure.byggalliansen.no\/v6\/kategorier-og-emner\/4-arealbruk-og-okologi\/4-5-langsiktig-forvaltning-av-biodiversitet\/4-5-1-vedvarende-okologisk-forvaltning\/#breadcrumb","itemListElement":[{"@type":"ListItem","position":1,"name":"BREEAM Infrastructure for prosjekter","item":"http:\/\/breeam-infrastructure.byggalliansen.no\/v6\/"},{"@type":"ListItem","position":2,"name":"Kategorier og emner","item":"http:\/\/breeam-infrastructure.byggalliansen.no\/v6\/kategorier-og-emner\/"},{"@type":"ListItem","position":3,"name":"4 Arealbruk og \u00f8kologi","item":"https:\/\/breeam-infrastructure.byggalliansen.no\/v6\/kategorier-og-emner\/4-arealbruk-og-okologi\/"},{"@type":"ListItem","position":4,"name":"4.5 Langsiktig forvaltning av biodiversitet","item":"https:\/\/breeam-infrastructure.byggalliansen.no\/v6\/kategorier-og-emner\/4-arealbruk-og-okologi\/4-5-langsiktig-forvaltning-av-biodiversitet\/"},{"@type":"ListItem","position":5,"name":"4.5.1 \u00a0Vedvarende \u00f8kologisk forvaltning"}]},{"@type":"WebSite","@id":"http:\/\/breeam-infrastructure.byggalliansen.no\/v6\/#website","url":"http:\/\/breeam-infrastructure.byggalliansen.no\/v6\/","name":"BREEAM Infrastructure for prosjekter","description":"Utgave 6, 2024","potentialAction":[{"@type":"SearchAction","target":{"@type":"EntryPoint","urlTemplate":"http:\/\/breeam-infrastructure.byggalliansen.no\/v6\/?s={search_term_string}"},"query-input":{"@type":"PropertyValueSpecification","valueRequired":true,"valueName":"search_term_string"}}],"inLanguage":"nb-NO"}]}},"_links":{"self":[{"href":"http:\/\/breeam-infrastructure.byggalliansen.no\/v6\/wp-json\/wp\/v2\/pages\/3593","targetHints":{"allow":["GET"]}}],"collection":[{"href":"http:\/\/breeam-infrastructure.byggalliansen.no\/v6\/wp-json\/wp\/v2\/pages"}],"about":[{"href":"http:\/\/breeam-infrastructure.byggalliansen.no\/v6\/wp-json\/wp\/v2\/types\/page"}],"author":[{"embeddable":true,"href":"http:\/\/breeam-infrastructure.byggalliansen.no\/v6\/wp-json\/wp\/v2\/users\/2"}],"replies":[{"embeddable":true,"href":"http:\/\/breeam-infrastructure.byggalliansen.no\/v6\/wp-json\/wp\/v2\/comments?post=3593"}],"version-history":[{"count":3,"href":"http:\/\/breeam-infrastructure.byggalliansen.no\/v6\/wp-json\/wp\/v2\/pages\/3593\/revisions"}],"predecessor-version":[{"id":4028,"href":"http:\/\/breeam-infrastructure.byggalliansen.no\/v6\/wp-json\/wp\/v2\/pages\/3593\/revisions\/4028"}],"up":[{"embeddable":true,"href":"http:\/\/breeam-infrastructure.byggalliansen.no\/v6\/wp-json\/wp\/v2\/pages\/3431"}],"wp:attachment":[{"href":"http:\/\/breeam-infrastructure.byggalliansen.no\/v6\/wp-json\/wp\/v2\/media?parent=3593"}],"wp:term":[{"taxonomy":"category","embeddable":true,"href":"http:\/\/breeam-infrastructure.byggalliansen.no\/v6\/wp-json\/wp\/v2\/categories?post=3593"},{"taxonomy":"connection","embeddable":true,"href":"http:\/\/breeam-infrastructure.byggalliansen.no\/v6\/wp-json\/wp\/v2\/connection?post=3593"}],"curies":[{"name":"wp","href":"https:\/\/api.w.org\/{rel}","templated":true}]}}