{"id":3646,"date":"2025-02-13T09:03:29","date_gmt":"2025-02-13T09:03:29","guid":{"rendered":"https:\/\/manualer.byggalliansen.no\/v6\/?page_id=3646"},"modified":"2025-02-13T09:03:29","modified_gmt":"2025-02-13T09:03:29","slug":"3-2-4-samfunnsgevinster-i-et-storre-perspektiv","status":"publish","type":"page","link":"http:\/\/breeam-infrastructure.byggalliansen.no\/v6\/kategorier-og-emner\/3-lokalsamfunn-og-interessenter\/3-2-samfunnsgevinster-i-et-storre-perspektiv\/3-2-4-samfunnsgevinster-i-et-storre-perspektiv\/","title":{"rendered":"3.2.4 \u00a0Samfunnsgevinster i et st\u00f8rre perspektiv"},"content":{"rendered":"\n<p>3.2.4.1 \u00a0I forstudie- og prosjekteringsfasen er det tatt tilstrekkelig hensyn til samfunnsgevinster i et st\u00f8rre perspektiv ved prosjektet i anleggs- og driftsfasen og til p\u00e5virkningen fra det ferdigstilte prosjektet p\u00e5 det menneskelige milj\u00f8et.<\/p>\n\n\n\n<p><\/p>\n","protected":false},"excerpt":{"rendered":"<p>3.2.4.1 \u00a0I forstudie- og prosjekteringsfasen er det tatt tilstrekkelig hensyn til samfunnsgevinster i et st\u00f8rre perspektiv ved prosjektet i anleggs- og driftsfasen og til p\u00e5virkningen fra det ferdigstilte prosjektet p\u00e5 det menneskelige milj\u00f8et.<\/p>\n","protected":false},"author":2,"featured_media":0,"parent":3608,"menu_order":3,"comment_status":"closed","ping_status":"closed","template":"","meta":{"_acf_changed":false,"footnotes":""},"categories":[1],"connection":[284],"class_list":["post-3646","page","type-page","status-publish","hentry","category-kriterier","connection-3-2-4"],"acf":[],"yoast_head":"<!-- This site is optimized with the Yoast SEO plugin v24.6 - https:\/\/yoast.com\/wordpress\/plugins\/seo\/ -->\n<title>3.2.4 \u00a0Samfunnsgevinster i et st\u00f8rre perspektiv - BREEAM Infrastructure for prosjekter<\/title>\n<meta name=\"robots\" content=\"index, follow, max-snippet:-1, max-image-preview:large, max-video-preview:-1\" \/>\n<link rel=\"canonical\" href=\"http:\/\/breeam-infrastructure.byggalliansen.no\/v6\/kategorier-og-emner\/3-lokalsamfunn-og-interessenter\/3-2-samfunnsgevinster-i-et-storre-perspektiv\/3-2-4-samfunnsgevinster-i-et-storre-perspektiv\/\" \/>\n<meta property=\"og:locale\" content=\"nb_NO\" \/>\n<meta property=\"og:type\" content=\"article\" \/>\n<meta property=\"og:title\" content=\"3.2.4 \u00a0Samfunnsgevinster i et st\u00f8rre perspektiv - BREEAM Infrastructure for prosjekter\" \/>\n<meta property=\"og:description\" content=\"3.2.4.1 \u00a0I forstudie- og prosjekteringsfasen er det tatt tilstrekkelig hensyn til samfunnsgevinster i et st\u00f8rre perspektiv ved prosjektet i anleggs- og driftsfasen og til p\u00e5virkningen fra det ferdigstilte prosjektet p\u00e5 det menneskelige milj\u00f8et.\" \/>\n<meta property=\"og:url\" content=\"http:\/\/breeam-infrastructure.byggalliansen.no\/v6\/kategorier-og-emner\/3-lokalsamfunn-og-interessenter\/3-2-samfunnsgevinster-i-et-storre-perspektiv\/3-2-4-samfunnsgevinster-i-et-storre-perspektiv\/\" \/>\n<meta property=\"og:site_name\" content=\"BREEAM Infrastructure for prosjekter\" \/>\n<meta name=\"twitter:card\" content=\"summary_large_image\" \/>\n<script type=\"application\/ld+json\" class=\"yoast-schema-graph\">{\"@context\":\"https:\/\/schema.org\",\"@graph\":[{\"@type\":\"WebPage\",\"@id\":\"http:\/\/breeam-infrastructure.byggalliansen.no\/v6\/kategorier-og-emner\/3-lokalsamfunn-og-interessenter\/3-2-samfunnsgevinster-i-et-storre-perspektiv\/3-2-4-samfunnsgevinster-i-et-storre-perspektiv\/\",\"url\":\"http:\/\/breeam-infrastructure.byggalliansen.no\/v6\/kategorier-og-emner\/3-lokalsamfunn-og-interessenter\/3-2-samfunnsgevinster-i-et-storre-perspektiv\/3-2-4-samfunnsgevinster-i-et-storre-perspektiv\/\",\"name\":\"3.2.4 \u00a0Samfunnsgevinster i et st\u00f8rre perspektiv - BREEAM Infrastructure for prosjekter\",\"isPartOf\":{\"@id\":\"https:\/\/breeam-infrastructure.byggalliansen.no\/v6\/#website\"},\"datePublished\":\"2025-02-13T09:03:29+00:00\",\"breadcrumb\":{\"@id\":\"http:\/\/breeam-infrastructure.byggalliansen.no\/v6\/kategorier-og-emner\/3-lokalsamfunn-og-interessenter\/3-2-samfunnsgevinster-i-et-storre-perspektiv\/3-2-4-samfunnsgevinster-i-et-storre-perspektiv\/#breadcrumb\"},\"inLanguage\":\"nb-NO\",\"potentialAction\":[{\"@type\":\"ReadAction\",\"target\":[\"http:\/\/breeam-infrastructure.byggalliansen.no\/v6\/kategorier-og-emner\/3-lokalsamfunn-og-interessenter\/3-2-samfunnsgevinster-i-et-storre-perspektiv\/3-2-4-samfunnsgevinster-i-et-storre-perspektiv\/\"]}]},{\"@type\":\"BreadcrumbList\",\"@id\":\"http:\/\/breeam-infrastructure.byggalliansen.no\/v6\/kategorier-og-emner\/3-lokalsamfunn-og-interessenter\/3-2-samfunnsgevinster-i-et-storre-perspektiv\/3-2-4-samfunnsgevinster-i-et-storre-perspektiv\/#breadcrumb\",\"itemListElement\":[{\"@type\":\"ListItem\",\"position\":1,\"name\":\"BREEAM Infrastructure for prosjekter\",\"item\":\"http:\/\/breeam-infrastructure.byggalliansen.no\/v6\/\"},{\"@type\":\"ListItem\",\"position\":2,\"name\":\"Kategorier og emner\",\"item\":\"https:\/\/breeam-infrastructure.byggalliansen.no\/v6\/kategorier-og-emner\/\"},{\"@type\":\"ListItem\",\"position\":3,\"name\":\"3 Lokalsamfunn og interessenter\",\"item\":\"http:\/\/breeam-infrastructure.byggalliansen.no\/v6\/kategorier-og-emner\/3-lokalsamfunn-og-interessenter\/\"},{\"@type\":\"ListItem\",\"position\":4,\"name\":\"3.2 Samfunnsgevinster i et st\u00f8rre perspektiv\",\"item\":\"http:\/\/breeam-infrastructure.byggalliansen.no\/v6\/kategorier-og-emner\/3-lokalsamfunn-og-interessenter\/3-2-samfunnsgevinster-i-et-storre-perspektiv\/\"},{\"@type\":\"ListItem\",\"position\":5,\"name\":\"3.2.4 \u00a0Samfunnsgevinster i et st\u00f8rre perspektiv\"}]},{\"@type\":\"WebSite\",\"@id\":\"https:\/\/breeam-infrastructure.byggalliansen.no\/v6\/#website\",\"url\":\"https:\/\/breeam-infrastructure.byggalliansen.no\/v6\/\",\"name\":\"BREEAM Infrastructure for prosjekter\",\"description\":\"Utgave 6, 2024\",\"potentialAction\":[{\"@type\":\"SearchAction\",\"target\":{\"@type\":\"EntryPoint\",\"urlTemplate\":\"https:\/\/breeam-infrastructure.byggalliansen.no\/v6\/?s={search_term_string}\"},\"query-input\":{\"@type\":\"PropertyValueSpecification\",\"valueRequired\":true,\"valueName\":\"search_term_string\"}}],\"inLanguage\":\"nb-NO\"}]}<\/script>\n<!-- \/ Yoast SEO plugin. -->","yoast_head_json":{"title":"3.2.4 \u00a0Samfunnsgevinster i et st\u00f8rre perspektiv - BREEAM Infrastructure for prosjekter","robots":{"index":"index","follow":"follow","max-snippet":"max-snippet:-1","max-image-preview":"max-image-preview:large","max-video-preview":"max-video-preview:-1"},"canonical":"http:\/\/breeam-infrastructure.byggalliansen.no\/v6\/kategorier-og-emner\/3-lokalsamfunn-og-interessenter\/3-2-samfunnsgevinster-i-et-storre-perspektiv\/3-2-4-samfunnsgevinster-i-et-storre-perspektiv\/","og_locale":"nb_NO","og_type":"article","og_title":"3.2.4 \u00a0Samfunnsgevinster i et st\u00f8rre perspektiv - BREEAM Infrastructure for prosjekter","og_description":"3.2.4.1 \u00a0I forstudie- og prosjekteringsfasen er det tatt tilstrekkelig hensyn til samfunnsgevinster i et st\u00f8rre perspektiv ved prosjektet i anleggs- og driftsfasen og til p\u00e5virkningen fra det ferdigstilte prosjektet p\u00e5 det menneskelige milj\u00f8et.","og_url":"http:\/\/breeam-infrastructure.byggalliansen.no\/v6\/kategorier-og-emner\/3-lokalsamfunn-og-interessenter\/3-2-samfunnsgevinster-i-et-storre-perspektiv\/3-2-4-samfunnsgevinster-i-et-storre-perspektiv\/","og_site_name":"BREEAM Infrastructure for prosjekter","twitter_card":"summary_large_image","schema":{"@context":"https:\/\/schema.org","@graph":[{"@type":"WebPage","@id":"http:\/\/breeam-infrastructure.byggalliansen.no\/v6\/kategorier-og-emner\/3-lokalsamfunn-og-interessenter\/3-2-samfunnsgevinster-i-et-storre-perspektiv\/3-2-4-samfunnsgevinster-i-et-storre-perspektiv\/","url":"http:\/\/breeam-infrastructure.byggalliansen.no\/v6\/kategorier-og-emner\/3-lokalsamfunn-og-interessenter\/3-2-samfunnsgevinster-i-et-storre-perspektiv\/3-2-4-samfunnsgevinster-i-et-storre-perspektiv\/","name":"3.2.4 \u00a0Samfunnsgevinster i et st\u00f8rre perspektiv - BREEAM Infrastructure for prosjekter","isPartOf":{"@id":"https:\/\/breeam-infrastructure.byggalliansen.no\/v6\/#website"},"datePublished":"2025-02-13T09:03:29+00:00","breadcrumb":{"@id":"http:\/\/breeam-infrastructure.byggalliansen.no\/v6\/kategorier-og-emner\/3-lokalsamfunn-og-interessenter\/3-2-samfunnsgevinster-i-et-storre-perspektiv\/3-2-4-samfunnsgevinster-i-et-storre-perspektiv\/#breadcrumb"},"inLanguage":"nb-NO","potentialAction":[{"@type":"ReadAction","target":["http:\/\/breeam-infrastructure.byggalliansen.no\/v6\/kategorier-og-emner\/3-lokalsamfunn-og-interessenter\/3-2-samfunnsgevinster-i-et-storre-perspektiv\/3-2-4-samfunnsgevinster-i-et-storre-perspektiv\/"]}]},{"@type":"BreadcrumbList","@id":"http:\/\/breeam-infrastructure.byggalliansen.no\/v6\/kategorier-og-emner\/3-lokalsamfunn-og-interessenter\/3-2-samfunnsgevinster-i-et-storre-perspektiv\/3-2-4-samfunnsgevinster-i-et-storre-perspektiv\/#breadcrumb","itemListElement":[{"@type":"ListItem","position":1,"name":"BREEAM Infrastructure for prosjekter","item":"http:\/\/breeam-infrastructure.byggalliansen.no\/v6\/"},{"@type":"ListItem","position":2,"name":"Kategorier og emner","item":"https:\/\/breeam-infrastructure.byggalliansen.no\/v6\/kategorier-og-emner\/"},{"@type":"ListItem","position":3,"name":"3 Lokalsamfunn og interessenter","item":"http:\/\/breeam-infrastructure.byggalliansen.no\/v6\/kategorier-og-emner\/3-lokalsamfunn-og-interessenter\/"},{"@type":"ListItem","position":4,"name":"3.2 Samfunnsgevinster i et st\u00f8rre perspektiv","item":"http:\/\/breeam-infrastructure.byggalliansen.no\/v6\/kategorier-og-emner\/3-lokalsamfunn-og-interessenter\/3-2-samfunnsgevinster-i-et-storre-perspektiv\/"},{"@type":"ListItem","position":5,"name":"3.2.4 \u00a0Samfunnsgevinster i et st\u00f8rre perspektiv"}]},{"@type":"WebSite","@id":"https:\/\/breeam-infrastructure.byggalliansen.no\/v6\/#website","url":"https:\/\/breeam-infrastructure.byggalliansen.no\/v6\/","name":"BREEAM Infrastructure for prosjekter","description":"Utgave 6, 2024","potentialAction":[{"@type":"SearchAction","target":{"@type":"EntryPoint","urlTemplate":"https:\/\/breeam-infrastructure.byggalliansen.no\/v6\/?s={search_term_string}"},"query-input":{"@type":"PropertyValueSpecification","valueRequired":true,"valueName":"search_term_string"}}],"inLanguage":"nb-NO"}]}},"_links":{"self":[{"href":"http:\/\/breeam-infrastructure.byggalliansen.no\/v6\/wp-json\/wp\/v2\/pages\/3646","targetHints":{"allow":["GET"]}}],"collection":[{"href":"http:\/\/breeam-infrastructure.byggalliansen.no\/v6\/wp-json\/wp\/v2\/pages"}],"about":[{"href":"http:\/\/breeam-infrastructure.byggalliansen.no\/v6\/wp-json\/wp\/v2\/types\/page"}],"author":[{"embeddable":true,"href":"http:\/\/breeam-infrastructure.byggalliansen.no\/v6\/wp-json\/wp\/v2\/users\/2"}],"replies":[{"embeddable":true,"href":"http:\/\/breeam-infrastructure.byggalliansen.no\/v6\/wp-json\/wp\/v2\/comments?post=3646"}],"version-history":[{"count":1,"href":"http:\/\/breeam-infrastructure.byggalliansen.no\/v6\/wp-json\/wp\/v2\/pages\/3646\/revisions"}],"predecessor-version":[{"id":3647,"href":"http:\/\/breeam-infrastructure.byggalliansen.no\/v6\/wp-json\/wp\/v2\/pages\/3646\/revisions\/3647"}],"up":[{"embeddable":true,"href":"http:\/\/breeam-infrastructure.byggalliansen.no\/v6\/wp-json\/wp\/v2\/pages\/3608"}],"wp:attachment":[{"href":"http:\/\/breeam-infrastructure.byggalliansen.no\/v6\/wp-json\/wp\/v2\/media?parent=3646"}],"wp:term":[{"taxonomy":"category","embeddable":true,"href":"http:\/\/breeam-infrastructure.byggalliansen.no\/v6\/wp-json\/wp\/v2\/categories?post=3646"},{"taxonomy":"connection","embeddable":true,"href":"http:\/\/breeam-infrastructure.byggalliansen.no\/v6\/wp-json\/wp\/v2\/connection?post=3646"}],"curies":[{"name":"wp","href":"https:\/\/api.w.org\/{rel}","templated":true}]}}