{"id":2102,"date":"2024-11-25T12:02:03","date_gmt":"2024-11-25T12:02:03","guid":{"rendered":"http:\/\/manualer.byggalliansen.no\/v6\/?page_id=2102"},"modified":"2025-02-21T12:30:24","modified_gmt":"2025-02-21T12:30:24","slug":"vekting-av-kategorier","status":"publish","type":"page","link":"https:\/\/breeam-infrastructure.byggalliansen.no\/v6\/innledning\/vekting-av-kategorier\/","title":{"rendered":"Vekting av kategorier"},"content":{"rendered":"\n<p>Vekting er et sv\u00e6rt viktig aspekt av alle revisjonsmetoder for b\u00e6rekraft. Ved hjelp av vekting kan man definere og rangere den forholdsmessige p\u00e5virkningen fra ulike kategorier innenfor b\u00e6rekraft ved \u00e5 ta hensyn til hvor stor betydning den aktuelle kategorien vanligvis har p\u00e5 ulike b\u00e6rekraftaspekter. I BREEAM Infrastructure bygger fastsettelsen av den samlede BREEAM-poengsummen p\u00e5 et klart system for vekting. Poengene som tildeles hvert enkelt emne i dokumentet, er basert p\u00e5 vektingen oppf\u00f8rt i tabell&nbsp;6.<\/p>\n\n\n\n<p>Vektingen bygger p\u00e5 en evaluering av vektingene i b\u00e5de CEEQUAL versjon&nbsp;5 og utkastet til BREEAM Infrastructure. I BREEAM Infrastructure versjon&nbsp;6 er det gjort justeringer basert p\u00e5 endringene i virkeomr\u00e5det til de enkelte delene.<\/p>\n\n\n\n<p>Ved behov kan disse vektingene tilpasses bestemte nasjonale eller regionale kontekster ved \u00e5 gjennomf\u00f8re en formell vektings\u00f8velse. Kontakt BRE&nbsp;Global hvis du vil ha mer informasjon.<\/p>\n\n\n\n<p><\/p>\n\n\n\n<figure class=\"wp-block-table\"><table class=\"has-fixed-layout\"><thead><tr><th>Kategori<\/th><th>Vekting av kategorien i %<\/th><\/tr><\/thead><tbody><tr><td>Ledelse<\/td><td>11<\/td><\/tr><tr><td>Robusthet<\/td><td>12<\/td><\/tr><tr><td>Lokalsamfunn og interessenter<\/td><td>11<\/td><\/tr><tr><td>Arealbruk og \u00f8kologi<\/td><td>12<\/td><\/tr><tr><td>Landskap og kulturarv<\/td><td>9<\/td><\/tr><tr><td>Forurensning<\/td><td>8<\/td><\/tr><tr><td>Ressurser<\/td><td>&nbsp;<\/td><\/tr><tr><td>Materialer, inkludert avfall<\/td><td>16<\/td><\/tr><tr><td>Energi og klimagass (drift)<\/td><td>4<\/td><\/tr><tr><td>Energi og klimagass (bygging)<\/td><td>5<\/td><\/tr><tr><td>Vann<\/td><td>4<\/td><\/tr><tr><td>Transport<\/td><td>8<\/td><\/tr><\/tbody><\/table><figcaption class=\"wp-element-caption\">Tabell\u00a06. Klassifiseringsniv\u00e5er i BREEAM Infrastructure versjon\u00a06<\/figcaption><\/figure>\n\n\n\n<p><\/p>\n","protected":false},"excerpt":{"rendered":"<p>Vekting er et sv\u00e6rt viktig aspekt av alle revisjonsmetoder for b\u00e6rekraft. Ved hjelp av vekting kan man definere og rangere den forholdsmessige p\u00e5virkningen fra ulike kategorier innenfor b\u00e6rekraft ved \u00e5 ta hensyn til hvor stor betydning den aktuelle kategorien vanligvis har p\u00e5 ulike b\u00e6rekraftaspekter. I BREEAM Infrastructure bygger fastsettelsen av den samlede BREEAM-poengsummen p\u00e5 et [&hellip;]<\/p>\n","protected":false},"author":1,"featured_media":0,"parent":2097,"menu_order":1,"comment_status":"closed","ping_status":"closed","template":"page-page.php","meta":{"_acf_changed":false,"footnotes":""},"categories":[],"connection":[],"class_list":["post-2102","page","type-page","status-publish","hentry"],"acf":[],"yoast_head":"<!-- This site is optimized with the Yoast SEO plugin v24.6 - https:\/\/yoast.com\/wordpress\/plugins\/seo\/ -->\n<title>Vekting av kategorier - BREEAM Infrastructure for prosjekter<\/title>\n<meta name=\"robots\" content=\"index, follow, max-snippet:-1, max-image-preview:large, max-video-preview:-1\" \/>\n<link rel=\"canonical\" href=\"http:\/\/breeam-infrastructure.byggalliansen.no\/v6\/innledning\/vekting-av-kategorier\/\" \/>\n<meta property=\"og:locale\" content=\"nb_NO\" \/>\n<meta property=\"og:type\" content=\"article\" \/>\n<meta property=\"og:title\" content=\"Vekting av kategorier - BREEAM Infrastructure for prosjekter\" \/>\n<meta property=\"og:description\" content=\"Vekting er et sv\u00e6rt viktig aspekt av alle revisjonsmetoder for b\u00e6rekraft. Ved hjelp av vekting kan man definere og rangere den forholdsmessige p\u00e5virkningen fra ulike kategorier innenfor b\u00e6rekraft ved \u00e5 ta hensyn til hvor stor betydning den aktuelle kategorien vanligvis har p\u00e5 ulike b\u00e6rekraftaspekter. I BREEAM Infrastructure bygger fastsettelsen av den samlede BREEAM-poengsummen p\u00e5 et [&hellip;]\" \/>\n<meta property=\"og:url\" content=\"http:\/\/breeam-infrastructure.byggalliansen.no\/v6\/innledning\/vekting-av-kategorier\/\" \/>\n<meta property=\"og:site_name\" content=\"BREEAM Infrastructure for prosjekter\" \/>\n<meta property=\"article:modified_time\" content=\"2025-02-21T12:30:24+00:00\" \/>\n<meta name=\"twitter:card\" content=\"summary_large_image\" \/>\n<meta name=\"twitter:label1\" content=\"Ansl. lesetid\" \/>\n\t<meta name=\"twitter:data1\" content=\"2 minutter\" \/>\n<script type=\"application\/ld+json\" class=\"yoast-schema-graph\">{\"@context\":\"https:\/\/schema.org\",\"@graph\":[{\"@type\":\"WebPage\",\"@id\":\"http:\/\/breeam-infrastructure.byggalliansen.no\/v6\/innledning\/vekting-av-kategorier\/\",\"url\":\"http:\/\/breeam-infrastructure.byggalliansen.no\/v6\/innledning\/vekting-av-kategorier\/\",\"name\":\"Vekting av kategorier - BREEAM Infrastructure for prosjekter\",\"isPartOf\":{\"@id\":\"http:\/\/breeam-infrastructure.byggalliansen.no\/v6\/#website\"},\"datePublished\":\"2024-11-25T12:02:03+00:00\",\"dateModified\":\"2025-02-21T12:30:24+00:00\",\"breadcrumb\":{\"@id\":\"http:\/\/breeam-infrastructure.byggalliansen.no\/v6\/innledning\/vekting-av-kategorier\/#breadcrumb\"},\"inLanguage\":\"nb-NO\",\"potentialAction\":[{\"@type\":\"ReadAction\",\"target\":[\"http:\/\/breeam-infrastructure.byggalliansen.no\/v6\/innledning\/vekting-av-kategorier\/\"]}]},{\"@type\":\"BreadcrumbList\",\"@id\":\"http:\/\/breeam-infrastructure.byggalliansen.no\/v6\/innledning\/vekting-av-kategorier\/#breadcrumb\",\"itemListElement\":[{\"@type\":\"ListItem\",\"position\":1,\"name\":\"BREEAM Infrastructure for prosjekter\",\"item\":\"https:\/\/breeam-infrastructure.byggalliansen.no\/v6\/\"},{\"@type\":\"ListItem\",\"position\":2,\"name\":\"Innledning\",\"item\":\"http:\/\/breeam-infrastructure.byggalliansen.no\/v6\/innledning\/\"},{\"@type\":\"ListItem\",\"position\":3,\"name\":\"Vekting av kategorier\"}]},{\"@type\":\"WebSite\",\"@id\":\"http:\/\/breeam-infrastructure.byggalliansen.no\/v6\/#website\",\"url\":\"http:\/\/breeam-infrastructure.byggalliansen.no\/v6\/\",\"name\":\"BREEAM Infrastructure for prosjekter\",\"description\":\"Utgave 6, 2024\",\"potentialAction\":[{\"@type\":\"SearchAction\",\"target\":{\"@type\":\"EntryPoint\",\"urlTemplate\":\"http:\/\/breeam-infrastructure.byggalliansen.no\/v6\/?s={search_term_string}\"},\"query-input\":{\"@type\":\"PropertyValueSpecification\",\"valueRequired\":true,\"valueName\":\"search_term_string\"}}],\"inLanguage\":\"nb-NO\"}]}<\/script>\n<!-- \/ Yoast SEO plugin. -->","yoast_head_json":{"title":"Vekting av kategorier - BREEAM Infrastructure for prosjekter","robots":{"index":"index","follow":"follow","max-snippet":"max-snippet:-1","max-image-preview":"max-image-preview:large","max-video-preview":"max-video-preview:-1"},"canonical":"http:\/\/breeam-infrastructure.byggalliansen.no\/v6\/innledning\/vekting-av-kategorier\/","og_locale":"nb_NO","og_type":"article","og_title":"Vekting av kategorier - BREEAM Infrastructure for prosjekter","og_description":"Vekting er et sv\u00e6rt viktig aspekt av alle revisjonsmetoder for b\u00e6rekraft. Ved hjelp av vekting kan man definere og rangere den forholdsmessige p\u00e5virkningen fra ulike kategorier innenfor b\u00e6rekraft ved \u00e5 ta hensyn til hvor stor betydning den aktuelle kategorien vanligvis har p\u00e5 ulike b\u00e6rekraftaspekter. I BREEAM Infrastructure bygger fastsettelsen av den samlede BREEAM-poengsummen p\u00e5 et [&hellip;]","og_url":"http:\/\/breeam-infrastructure.byggalliansen.no\/v6\/innledning\/vekting-av-kategorier\/","og_site_name":"BREEAM Infrastructure for prosjekter","article_modified_time":"2025-02-21T12:30:24+00:00","twitter_card":"summary_large_image","twitter_misc":{"Ansl. lesetid":"2 minutter"},"schema":{"@context":"https:\/\/schema.org","@graph":[{"@type":"WebPage","@id":"http:\/\/breeam-infrastructure.byggalliansen.no\/v6\/innledning\/vekting-av-kategorier\/","url":"http:\/\/breeam-infrastructure.byggalliansen.no\/v6\/innledning\/vekting-av-kategorier\/","name":"Vekting av kategorier - BREEAM Infrastructure for prosjekter","isPartOf":{"@id":"http:\/\/breeam-infrastructure.byggalliansen.no\/v6\/#website"},"datePublished":"2024-11-25T12:02:03+00:00","dateModified":"2025-02-21T12:30:24+00:00","breadcrumb":{"@id":"http:\/\/breeam-infrastructure.byggalliansen.no\/v6\/innledning\/vekting-av-kategorier\/#breadcrumb"},"inLanguage":"nb-NO","potentialAction":[{"@type":"ReadAction","target":["http:\/\/breeam-infrastructure.byggalliansen.no\/v6\/innledning\/vekting-av-kategorier\/"]}]},{"@type":"BreadcrumbList","@id":"http:\/\/breeam-infrastructure.byggalliansen.no\/v6\/innledning\/vekting-av-kategorier\/#breadcrumb","itemListElement":[{"@type":"ListItem","position":1,"name":"BREEAM Infrastructure for prosjekter","item":"https:\/\/breeam-infrastructure.byggalliansen.no\/v6\/"},{"@type":"ListItem","position":2,"name":"Innledning","item":"http:\/\/breeam-infrastructure.byggalliansen.no\/v6\/innledning\/"},{"@type":"ListItem","position":3,"name":"Vekting av kategorier"}]},{"@type":"WebSite","@id":"http:\/\/breeam-infrastructure.byggalliansen.no\/v6\/#website","url":"http:\/\/breeam-infrastructure.byggalliansen.no\/v6\/","name":"BREEAM Infrastructure for prosjekter","description":"Utgave 6, 2024","potentialAction":[{"@type":"SearchAction","target":{"@type":"EntryPoint","urlTemplate":"http:\/\/breeam-infrastructure.byggalliansen.no\/v6\/?s={search_term_string}"},"query-input":{"@type":"PropertyValueSpecification","valueRequired":true,"valueName":"search_term_string"}}],"inLanguage":"nb-NO"}]}},"_links":{"self":[{"href":"https:\/\/breeam-infrastructure.byggalliansen.no\/v6\/wp-json\/wp\/v2\/pages\/2102","targetHints":{"allow":["GET"]}}],"collection":[{"href":"https:\/\/breeam-infrastructure.byggalliansen.no\/v6\/wp-json\/wp\/v2\/pages"}],"about":[{"href":"https:\/\/breeam-infrastructure.byggalliansen.no\/v6\/wp-json\/wp\/v2\/types\/page"}],"author":[{"embeddable":true,"href":"https:\/\/breeam-infrastructure.byggalliansen.no\/v6\/wp-json\/wp\/v2\/users\/1"}],"replies":[{"embeddable":true,"href":"https:\/\/breeam-infrastructure.byggalliansen.no\/v6\/wp-json\/wp\/v2\/comments?post=2102"}],"version-history":[{"count":3,"href":"https:\/\/breeam-infrastructure.byggalliansen.no\/v6\/wp-json\/wp\/v2\/pages\/2102\/revisions"}],"predecessor-version":[{"id":3796,"href":"https:\/\/breeam-infrastructure.byggalliansen.no\/v6\/wp-json\/wp\/v2\/pages\/2102\/revisions\/3796"}],"up":[{"embeddable":true,"href":"https:\/\/breeam-infrastructure.byggalliansen.no\/v6\/wp-json\/wp\/v2\/pages\/2097"}],"wp:attachment":[{"href":"https:\/\/breeam-infrastructure.byggalliansen.no\/v6\/wp-json\/wp\/v2\/media?parent=2102"}],"wp:term":[{"taxonomy":"category","embeddable":true,"href":"https:\/\/breeam-infrastructure.byggalliansen.no\/v6\/wp-json\/wp\/v2\/categories?post=2102"},{"taxonomy":"connection","embeddable":true,"href":"https:\/\/breeam-infrastructure.byggalliansen.no\/v6\/wp-json\/wp\/v2\/connection?post=2102"}],"curies":[{"name":"wp","href":"https:\/\/api.w.org\/{rel}","templated":true}]}}