{"id":2108,"date":"2024-11-25T12:04:22","date_gmt":"2024-11-25T12:04:22","guid":{"rendered":"http:\/\/manualer.byggalliansen.no\/v6\/virkeomrade\/om-breeam-infrastructure-2-2\/"},"modified":"2025-01-13T14:39:03","modified_gmt":"2025-01-13T14:39:03","slug":"om-breeam-infrastructure-2-2","status":"publish","type":"page","link":"https:\/\/breeam-infrastructure.byggalliansen.no\/v6\/virkeomrade\/om-breeam-infrastructure-2-2\/","title":{"rendered":"Revisjonsfaser"},"content":{"rendered":"\n<p>BREEAM Infrastructure for prosjekter kan brukes for \u00e5 vurdere og klassifisere b\u00e6rekraftresultatene for f\u00f8lgende faser i infrastrukturprosjekter:<\/p>\n\n\n\n<ul class=\"wp-block-list\">\n<li>Tidligfase<\/li>\n\n\n\n<li>Designfase, eller interim-sertifisering<\/li>\n\n\n\n<li>Anleggsfase<\/li>\n<\/ul>\n\n\n\n<p>Detaljert informasjon om kriteriene som vurderes i hver enkelt fase, og poengene som er tilgjengelige, er oppf\u00f8rt i tabellen med poengoversikten i innledningen av hvert emne. Kravene for hver fase samsvarer grovt sett med prosjektfasene i figur&nbsp;1.<\/p>\n\n\n\n<p>Den n\u00f8yaktige fremdriften for revisjonen, verifiseringen og sertifiseringen i hver enkelt fase er fleksibel og kan fastsettes i tr\u00e5d med kravene og anskaffelsesplanen i prosjektet. I tilfeller der aktiviteter i revisjonen m\u00e5 fullf\u00f8res innenfor en viss tidsramme, er disse oppf\u00f8rt i revisjonskriteriene.<\/p>\n\n\n\n<figure data-align=\"none\" class=\"wp-block-image size-full\"><img loading=\"lazy\" decoding=\"async\" width=\"881\" height=\"137\" src=\"https:\/\/breeam-infrastructure.byggalliansen.no\/v6\/wp-content\/uploads\/sites\/3\/2025\/01\/image.png\" alt=\"\" class=\"wp-image-2365\" \/><figcaption class=\"wp-element-caption\">Figur 1 Revisjonsfaser i BREEAM Infrastructure versjon 6 sammenlignet med typiske prosjektfaser (basert p\u00e5 UK BIM Task Group Digital Plan of Work)<\/figcaption><\/figure>\n\n\n\n<p><\/p>\n","protected":false},"excerpt":{"rendered":"<p>BREEAM Infrastructure for prosjekter kan brukes for \u00e5 vurdere og klassifisere b\u00e6rekraftresultatene for f\u00f8lgende faser i infrastrukturprosjekter: Detaljert informasjon om kriteriene som vurderes i hver enkelt fase, og poengene som er tilgjengelige, er oppf\u00f8rt i tabellen med poengoversikten i innledningen av hvert emne. Kravene for hver fase samsvarer grovt sett med prosjektfasene i figur&nbsp;1. Den [&hellip;]<\/p>\n","protected":false},"author":1,"featured_media":0,"parent":2104,"menu_order":1,"comment_status":"closed","ping_status":"closed","template":"page-page.php","meta":{"_acf_changed":false,"footnotes":""},"categories":[],"connection":[],"class_list":["post-2108","page","type-page","status-publish","hentry"],"acf":[],"yoast_head":"<!-- This site is optimized with the Yoast SEO plugin v24.6 - https:\/\/yoast.com\/wordpress\/plugins\/seo\/ -->\n<title>Revisjonsfaser - BREEAM Infrastructure for prosjekter<\/title>\n<meta name=\"robots\" content=\"index, follow, max-snippet:-1, max-image-preview:large, max-video-preview:-1\" \/>\n<link rel=\"canonical\" href=\"https:\/\/breeam-infrastructure.byggalliansen.no\/v6\/virkeomrade\/om-breeam-infrastructure-2-2\/\" \/>\n<meta property=\"og:locale\" content=\"nb_NO\" \/>\n<meta property=\"og:type\" content=\"article\" \/>\n<meta property=\"og:title\" content=\"Revisjonsfaser - BREEAM Infrastructure for prosjekter\" \/>\n<meta property=\"og:description\" content=\"BREEAM Infrastructure for prosjekter kan brukes for \u00e5 vurdere og klassifisere b\u00e6rekraftresultatene for f\u00f8lgende faser i infrastrukturprosjekter: Detaljert informasjon om kriteriene som vurderes i hver enkelt fase, og poengene som er tilgjengelige, er oppf\u00f8rt i tabellen med poengoversikten i innledningen av hvert emne. Kravene for hver fase samsvarer grovt sett med prosjektfasene i figur&nbsp;1. Den [&hellip;]\" \/>\n<meta property=\"og:url\" content=\"https:\/\/breeam-infrastructure.byggalliansen.no\/v6\/virkeomrade\/om-breeam-infrastructure-2-2\/\" \/>\n<meta property=\"og:site_name\" content=\"BREEAM Infrastructure for prosjekter\" \/>\n<meta property=\"article:modified_time\" content=\"2025-01-13T14:39:03+00:00\" \/>\n<meta property=\"og:image\" content=\"https:\/\/breeam-infrastructure.byggalliansen.no\/v6\/wp-content\/uploads\/sites\/3\/2025\/01\/image.png\" \/>\n<meta name=\"twitter:card\" content=\"summary_large_image\" \/>\n<meta name=\"twitter:label1\" content=\"Ansl. lesetid\" \/>\n\t<meta name=\"twitter:data1\" content=\"1 minutt\" \/>\n<script type=\"application\/ld+json\" class=\"yoast-schema-graph\">{\"@context\":\"https:\/\/schema.org\",\"@graph\":[{\"@type\":\"WebPage\",\"@id\":\"https:\/\/breeam-infrastructure.byggalliansen.no\/v6\/virkeomrade\/om-breeam-infrastructure-2-2\/\",\"url\":\"https:\/\/breeam-infrastructure.byggalliansen.no\/v6\/virkeomrade\/om-breeam-infrastructure-2-2\/\",\"name\":\"Revisjonsfaser - BREEAM Infrastructure for prosjekter\",\"isPartOf\":{\"@id\":\"http:\/\/breeam-infrastructure.byggalliansen.no\/v6\/#website\"},\"primaryImageOfPage\":{\"@id\":\"https:\/\/breeam-infrastructure.byggalliansen.no\/v6\/virkeomrade\/om-breeam-infrastructure-2-2\/#primaryimage\"},\"image\":{\"@id\":\"https:\/\/breeam-infrastructure.byggalliansen.no\/v6\/virkeomrade\/om-breeam-infrastructure-2-2\/#primaryimage\"},\"thumbnailUrl\":\"https:\/\/breeam-infrastructure.byggalliansen.no\/v6\/wp-content\/uploads\/sites\/3\/2025\/01\/image.png\",\"datePublished\":\"2024-11-25T12:04:22+00:00\",\"dateModified\":\"2025-01-13T14:39:03+00:00\",\"breadcrumb\":{\"@id\":\"https:\/\/breeam-infrastructure.byggalliansen.no\/v6\/virkeomrade\/om-breeam-infrastructure-2-2\/#breadcrumb\"},\"inLanguage\":\"nb-NO\",\"potentialAction\":[{\"@type\":\"ReadAction\",\"target\":[\"https:\/\/breeam-infrastructure.byggalliansen.no\/v6\/virkeomrade\/om-breeam-infrastructure-2-2\/\"]}]},{\"@type\":\"ImageObject\",\"inLanguage\":\"nb-NO\",\"@id\":\"https:\/\/breeam-infrastructure.byggalliansen.no\/v6\/virkeomrade\/om-breeam-infrastructure-2-2\/#primaryimage\",\"url\":\"https:\/\/breeam-infrastructure.byggalliansen.no\/v6\/wp-content\/uploads\/sites\/3\/2025\/01\/image.png\",\"contentUrl\":\"https:\/\/breeam-infrastructure.byggalliansen.no\/v6\/wp-content\/uploads\/sites\/3\/2025\/01\/image.png\",\"width\":881,\"height\":137},{\"@type\":\"BreadcrumbList\",\"@id\":\"https:\/\/breeam-infrastructure.byggalliansen.no\/v6\/virkeomrade\/om-breeam-infrastructure-2-2\/#breadcrumb\",\"itemListElement\":[{\"@type\":\"ListItem\",\"position\":1,\"name\":\"BREEAM Infrastructure for prosjekter\",\"item\":\"https:\/\/breeam-infrastructure.byggalliansen.no\/v6\/\"},{\"@type\":\"ListItem\",\"position\":2,\"name\":\"Virkeomr\u00e5de\",\"item\":\"https:\/\/breeam-infrastructure.byggalliansen.no\/v6\/virkeomrade\/\"},{\"@type\":\"ListItem\",\"position\":3,\"name\":\"Revisjonsfaser\"}]},{\"@type\":\"WebSite\",\"@id\":\"http:\/\/breeam-infrastructure.byggalliansen.no\/v6\/#website\",\"url\":\"http:\/\/breeam-infrastructure.byggalliansen.no\/v6\/\",\"name\":\"BREEAM Infrastructure for prosjekter\",\"description\":\"Utgave 6, 2024\",\"potentialAction\":[{\"@type\":\"SearchAction\",\"target\":{\"@type\":\"EntryPoint\",\"urlTemplate\":\"http:\/\/breeam-infrastructure.byggalliansen.no\/v6\/?s={search_term_string}\"},\"query-input\":{\"@type\":\"PropertyValueSpecification\",\"valueRequired\":true,\"valueName\":\"search_term_string\"}}],\"inLanguage\":\"nb-NO\"}]}<\/script>\n<!-- \/ Yoast SEO plugin. -->","yoast_head_json":{"title":"Revisjonsfaser - BREEAM Infrastructure for prosjekter","robots":{"index":"index","follow":"follow","max-snippet":"max-snippet:-1","max-image-preview":"max-image-preview:large","max-video-preview":"max-video-preview:-1"},"canonical":"https:\/\/breeam-infrastructure.byggalliansen.no\/v6\/virkeomrade\/om-breeam-infrastructure-2-2\/","og_locale":"nb_NO","og_type":"article","og_title":"Revisjonsfaser - BREEAM Infrastructure for prosjekter","og_description":"BREEAM Infrastructure for prosjekter kan brukes for \u00e5 vurdere og klassifisere b\u00e6rekraftresultatene for f\u00f8lgende faser i infrastrukturprosjekter: Detaljert informasjon om kriteriene som vurderes i hver enkelt fase, og poengene som er tilgjengelige, er oppf\u00f8rt i tabellen med poengoversikten i innledningen av hvert emne. Kravene for hver fase samsvarer grovt sett med prosjektfasene i figur&nbsp;1. Den [&hellip;]","og_url":"https:\/\/breeam-infrastructure.byggalliansen.no\/v6\/virkeomrade\/om-breeam-infrastructure-2-2\/","og_site_name":"BREEAM Infrastructure for prosjekter","article_modified_time":"2025-01-13T14:39:03+00:00","og_image":[{"url":"https:\/\/breeam-infrastructure.byggalliansen.no\/v6\/wp-content\/uploads\/sites\/3\/2025\/01\/image.png","type":"","width":"","height":""}],"twitter_card":"summary_large_image","twitter_misc":{"Ansl. lesetid":"1 minutt"},"schema":{"@context":"https:\/\/schema.org","@graph":[{"@type":"WebPage","@id":"https:\/\/breeam-infrastructure.byggalliansen.no\/v6\/virkeomrade\/om-breeam-infrastructure-2-2\/","url":"https:\/\/breeam-infrastructure.byggalliansen.no\/v6\/virkeomrade\/om-breeam-infrastructure-2-2\/","name":"Revisjonsfaser - BREEAM Infrastructure for prosjekter","isPartOf":{"@id":"http:\/\/breeam-infrastructure.byggalliansen.no\/v6\/#website"},"primaryImageOfPage":{"@id":"https:\/\/breeam-infrastructure.byggalliansen.no\/v6\/virkeomrade\/om-breeam-infrastructure-2-2\/#primaryimage"},"image":{"@id":"https:\/\/breeam-infrastructure.byggalliansen.no\/v6\/virkeomrade\/om-breeam-infrastructure-2-2\/#primaryimage"},"thumbnailUrl":"https:\/\/breeam-infrastructure.byggalliansen.no\/v6\/wp-content\/uploads\/sites\/3\/2025\/01\/image.png","datePublished":"2024-11-25T12:04:22+00:00","dateModified":"2025-01-13T14:39:03+00:00","breadcrumb":{"@id":"https:\/\/breeam-infrastructure.byggalliansen.no\/v6\/virkeomrade\/om-breeam-infrastructure-2-2\/#breadcrumb"},"inLanguage":"nb-NO","potentialAction":[{"@type":"ReadAction","target":["https:\/\/breeam-infrastructure.byggalliansen.no\/v6\/virkeomrade\/om-breeam-infrastructure-2-2\/"]}]},{"@type":"ImageObject","inLanguage":"nb-NO","@id":"https:\/\/breeam-infrastructure.byggalliansen.no\/v6\/virkeomrade\/om-breeam-infrastructure-2-2\/#primaryimage","url":"https:\/\/breeam-infrastructure.byggalliansen.no\/v6\/wp-content\/uploads\/sites\/3\/2025\/01\/image.png","contentUrl":"https:\/\/breeam-infrastructure.byggalliansen.no\/v6\/wp-content\/uploads\/sites\/3\/2025\/01\/image.png","width":881,"height":137},{"@type":"BreadcrumbList","@id":"https:\/\/breeam-infrastructure.byggalliansen.no\/v6\/virkeomrade\/om-breeam-infrastructure-2-2\/#breadcrumb","itemListElement":[{"@type":"ListItem","position":1,"name":"BREEAM Infrastructure for prosjekter","item":"https:\/\/breeam-infrastructure.byggalliansen.no\/v6\/"},{"@type":"ListItem","position":2,"name":"Virkeomr\u00e5de","item":"https:\/\/breeam-infrastructure.byggalliansen.no\/v6\/virkeomrade\/"},{"@type":"ListItem","position":3,"name":"Revisjonsfaser"}]},{"@type":"WebSite","@id":"http:\/\/breeam-infrastructure.byggalliansen.no\/v6\/#website","url":"http:\/\/breeam-infrastructure.byggalliansen.no\/v6\/","name":"BREEAM Infrastructure for prosjekter","description":"Utgave 6, 2024","potentialAction":[{"@type":"SearchAction","target":{"@type":"EntryPoint","urlTemplate":"http:\/\/breeam-infrastructure.byggalliansen.no\/v6\/?s={search_term_string}"},"query-input":{"@type":"PropertyValueSpecification","valueRequired":true,"valueName":"search_term_string"}}],"inLanguage":"nb-NO"}]}},"_links":{"self":[{"href":"https:\/\/breeam-infrastructure.byggalliansen.no\/v6\/wp-json\/wp\/v2\/pages\/2108","targetHints":{"allow":["GET"]}}],"collection":[{"href":"https:\/\/breeam-infrastructure.byggalliansen.no\/v6\/wp-json\/wp\/v2\/pages"}],"about":[{"href":"https:\/\/breeam-infrastructure.byggalliansen.no\/v6\/wp-json\/wp\/v2\/types\/page"}],"author":[{"embeddable":true,"href":"https:\/\/breeam-infrastructure.byggalliansen.no\/v6\/wp-json\/wp\/v2\/users\/1"}],"replies":[{"embeddable":true,"href":"https:\/\/breeam-infrastructure.byggalliansen.no\/v6\/wp-json\/wp\/v2\/comments?post=2108"}],"version-history":[{"count":3,"href":"https:\/\/breeam-infrastructure.byggalliansen.no\/v6\/wp-json\/wp\/v2\/pages\/2108\/revisions"}],"predecessor-version":[{"id":2369,"href":"https:\/\/breeam-infrastructure.byggalliansen.no\/v6\/wp-json\/wp\/v2\/pages\/2108\/revisions\/2369"}],"up":[{"embeddable":true,"href":"https:\/\/breeam-infrastructure.byggalliansen.no\/v6\/wp-json\/wp\/v2\/pages\/2104"}],"wp:attachment":[{"href":"https:\/\/breeam-infrastructure.byggalliansen.no\/v6\/wp-json\/wp\/v2\/media?parent=2108"}],"wp:term":[{"taxonomy":"category","embeddable":true,"href":"https:\/\/breeam-infrastructure.byggalliansen.no\/v6\/wp-json\/wp\/v2\/categories?post=2108"},{"taxonomy":"connection","embeddable":true,"href":"https:\/\/breeam-infrastructure.byggalliansen.no\/v6\/wp-json\/wp\/v2\/connection?post=2108"}],"curies":[{"name":"wp","href":"https:\/\/api.w.org\/{rel}","templated":true}]}}