{"id":2214,"date":"2025-01-08T08:12:26","date_gmt":"2025-01-08T08:12:26","guid":{"rendered":"https:\/\/manualer.byggalliansen.no\/v6\/?page_id=2214"},"modified":"2025-02-21T12:25:38","modified_gmt":"2025-02-21T12:25:38","slug":"vilkar","status":"publish","type":"page","link":"https:\/\/breeam-infrastructure.byggalliansen.no\/v6\/vilkar\/","title":{"rendered":"Vilk\u00e5r"},"content":{"rendered":"\n<h2 class=\"wp-block-heading\">Forbehold<\/h2>\n\n\n\n<p>Dette dokumentet tilh\u00f8rer BRE&nbsp;Global Ltd (\u00abBRE Global\u00bb) og skal bare brukes til informasjonsform\u00e5l.<\/p>\n\n\n\n<p>All form for testing, revisjon, sertifisering og godkjenning relatert til dette dokumentet (\u00abaktiviteter\u00bb) m\u00e5 gjennomf\u00f8res i samsvar med BRE Globals godkjente prosedyrer, der aktivitetene gjennomf\u00f8res av godkjente medarbeidere, representanter eller partnere knyttet til Building Research Establishment Ltd (BRE), BRE Global eller godkjente leverand\u00f8rer av aktiviteter.<\/p>\n\n\n\n<p>Vi presiserer at alle som \u00f8nsker \u00e5 bruke eller gjengi dette dokumentet for \u00e5 tilby testing, revisjon, sertifisering eller godkjenning, m\u00e5 s\u00f8ke BRE Global om rettigheter til \u00e5 tilby slike tjenester.<\/p>\n\n\n\n<p>BRE Global p\u00e5tar seg ikke noe ansvar for andres uautoriserte bruk eller distribusjon av denne manualen, og kan ta rettslige skritt for \u00e5 forhindre uautorisert bruk.<\/p>\n\n\n\n<h2 class=\"wp-block-heading\">Opphavsrett<\/h2>\n\n\n\n<p>Med unntak av kilder BRE&nbsp;Global oppgir at tilh\u00f8rer tredjeparter, tilh\u00f8rer opphavsretten i dette dokumentet BRE&nbsp;Global.<\/p>\n\n\n\n<p>Den tekniske manualen kan bare lastes ned og gjengis:<\/p>\n\n\n\n<ul class=\"wp-block-list\">\n<li>for akademiske og ikke-kommersielle form\u00e5l<\/li>\n\n\n\n<li>i sin helhet<\/li>\n\n\n\n<li>med informasjon om at opphavsretten i dokumentet tilh\u00f8rer BRE Global<\/li>\n<\/ul>\n\n\n\n<p>All annen bruk av dette dokumentet er underlagt spesifikke avtaler med BRE Global.<\/p>\n\n\n\n<h2 class=\"wp-block-heading\">Varemerker<\/h2>\n\n\n\n<p>\u00abBRE\u00bb, \u00abBRE&nbsp;Global\u00bb, \u00abBREEAM\u00bb, \u00abCEEQUAL\u00bb, \u00abSmartWaste\u00bb og \u00abThe Green Guide\u00bb er beskyttede varemerker, registrert eller ikke-registrerte, som tilh\u00f8rer BRE eller BRE Global, og skal ikke brukes uten skriftlig tillatelse fra BRE eller BRE Global.<\/p>\n","protected":false},"excerpt":{"rendered":"<p>Forbehold Dette dokumentet tilh\u00f8rer BRE&nbsp;Global Ltd (\u00abBRE Global\u00bb) og skal bare brukes til informasjonsform\u00e5l. All form for testing, revisjon, sertifisering og godkjenning relatert til dette dokumentet (\u00abaktiviteter\u00bb) m\u00e5 gjennomf\u00f8res i samsvar med BRE Globals godkjente prosedyrer, der aktivitetene gjennomf\u00f8res av godkjente medarbeidere, representanter eller partnere knyttet til Building Research Establishment Ltd (BRE), BRE Global eller [&hellip;]<\/p>\n","protected":false},"author":2,"featured_media":0,"parent":0,"menu_order":1,"comment_status":"closed","ping_status":"closed","template":"page-page.php","meta":{"_acf_changed":false,"footnotes":""},"categories":[],"connection":[],"class_list":["post-2214","page","type-page","status-publish","hentry"],"acf":[],"yoast_head":"<!-- This site is optimized with the Yoast SEO plugin v24.6 - https:\/\/yoast.com\/wordpress\/plugins\/seo\/ -->\n<title>Vilk\u00e5r - BREEAM Infrastructure for prosjekter<\/title>\n<meta name=\"robots\" content=\"index, follow, max-snippet:-1, max-image-preview:large, max-video-preview:-1\" \/>\n<link rel=\"canonical\" href=\"https:\/\/breeam-infrastructure.byggalliansen.no\/v6\/vilkar\/\" \/>\n<meta property=\"og:locale\" content=\"nb_NO\" \/>\n<meta property=\"og:type\" content=\"article\" \/>\n<meta property=\"og:title\" content=\"Vilk\u00e5r - BREEAM Infrastructure for prosjekter\" \/>\n<meta property=\"og:description\" content=\"Forbehold Dette dokumentet tilh\u00f8rer BRE&nbsp;Global Ltd (\u00abBRE Global\u00bb) og skal bare brukes til informasjonsform\u00e5l. All form for testing, revisjon, sertifisering og godkjenning relatert til dette dokumentet (\u00abaktiviteter\u00bb) m\u00e5 gjennomf\u00f8res i samsvar med BRE Globals godkjente prosedyrer, der aktivitetene gjennomf\u00f8res av godkjente medarbeidere, representanter eller partnere knyttet til Building Research Establishment Ltd (BRE), BRE Global eller [&hellip;]\" \/>\n<meta property=\"og:url\" content=\"https:\/\/breeam-infrastructure.byggalliansen.no\/v6\/vilkar\/\" \/>\n<meta property=\"og:site_name\" content=\"BREEAM Infrastructure for prosjekter\" \/>\n<meta property=\"article:modified_time\" content=\"2025-02-21T12:25:38+00:00\" \/>\n<meta name=\"twitter:card\" content=\"summary_large_image\" \/>\n<meta name=\"twitter:label1\" content=\"Ansl. lesetid\" \/>\n\t<meta name=\"twitter:data1\" content=\"2 minutter\" \/>\n<script type=\"application\/ld+json\" class=\"yoast-schema-graph\">{\"@context\":\"https:\/\/schema.org\",\"@graph\":[{\"@type\":\"WebPage\",\"@id\":\"https:\/\/breeam-infrastructure.byggalliansen.no\/v6\/vilkar\/\",\"url\":\"https:\/\/breeam-infrastructure.byggalliansen.no\/v6\/vilkar\/\",\"name\":\"Vilk\u00e5r - BREEAM Infrastructure for prosjekter\",\"isPartOf\":{\"@id\":\"http:\/\/breeam-infrastructure.byggalliansen.no\/v6\/#website\"},\"datePublished\":\"2025-01-08T08:12:26+00:00\",\"dateModified\":\"2025-02-21T12:25:38+00:00\",\"breadcrumb\":{\"@id\":\"https:\/\/breeam-infrastructure.byggalliansen.no\/v6\/vilkar\/#breadcrumb\"},\"inLanguage\":\"nb-NO\",\"potentialAction\":[{\"@type\":\"ReadAction\",\"target\":[\"https:\/\/breeam-infrastructure.byggalliansen.no\/v6\/vilkar\/\"]}]},{\"@type\":\"BreadcrumbList\",\"@id\":\"https:\/\/breeam-infrastructure.byggalliansen.no\/v6\/vilkar\/#breadcrumb\",\"itemListElement\":[{\"@type\":\"ListItem\",\"position\":1,\"name\":\"BREEAM Infrastructure for prosjekter\",\"item\":\"https:\/\/breeam-infrastructure.byggalliansen.no\/v6\/\"},{\"@type\":\"ListItem\",\"position\":2,\"name\":\"Vilk\u00e5r\"}]},{\"@type\":\"WebSite\",\"@id\":\"http:\/\/breeam-infrastructure.byggalliansen.no\/v6\/#website\",\"url\":\"http:\/\/breeam-infrastructure.byggalliansen.no\/v6\/\",\"name\":\"BREEAM Infrastructure for prosjekter\",\"description\":\"Utgave 6, 2024\",\"potentialAction\":[{\"@type\":\"SearchAction\",\"target\":{\"@type\":\"EntryPoint\",\"urlTemplate\":\"http:\/\/breeam-infrastructure.byggalliansen.no\/v6\/?s={search_term_string}\"},\"query-input\":{\"@type\":\"PropertyValueSpecification\",\"valueRequired\":true,\"valueName\":\"search_term_string\"}}],\"inLanguage\":\"nb-NO\"}]}<\/script>\n<!-- \/ Yoast SEO plugin. -->","yoast_head_json":{"title":"Vilk\u00e5r - BREEAM Infrastructure for prosjekter","robots":{"index":"index","follow":"follow","max-snippet":"max-snippet:-1","max-image-preview":"max-image-preview:large","max-video-preview":"max-video-preview:-1"},"canonical":"https:\/\/breeam-infrastructure.byggalliansen.no\/v6\/vilkar\/","og_locale":"nb_NO","og_type":"article","og_title":"Vilk\u00e5r - BREEAM Infrastructure for prosjekter","og_description":"Forbehold Dette dokumentet tilh\u00f8rer BRE&nbsp;Global Ltd (\u00abBRE Global\u00bb) og skal bare brukes til informasjonsform\u00e5l. All form for testing, revisjon, sertifisering og godkjenning relatert til dette dokumentet (\u00abaktiviteter\u00bb) m\u00e5 gjennomf\u00f8res i samsvar med BRE Globals godkjente prosedyrer, der aktivitetene gjennomf\u00f8res av godkjente medarbeidere, representanter eller partnere knyttet til Building Research Establishment Ltd (BRE), BRE Global eller [&hellip;]","og_url":"https:\/\/breeam-infrastructure.byggalliansen.no\/v6\/vilkar\/","og_site_name":"BREEAM Infrastructure for prosjekter","article_modified_time":"2025-02-21T12:25:38+00:00","twitter_card":"summary_large_image","twitter_misc":{"Ansl. lesetid":"2 minutter"},"schema":{"@context":"https:\/\/schema.org","@graph":[{"@type":"WebPage","@id":"https:\/\/breeam-infrastructure.byggalliansen.no\/v6\/vilkar\/","url":"https:\/\/breeam-infrastructure.byggalliansen.no\/v6\/vilkar\/","name":"Vilk\u00e5r - BREEAM Infrastructure for prosjekter","isPartOf":{"@id":"http:\/\/breeam-infrastructure.byggalliansen.no\/v6\/#website"},"datePublished":"2025-01-08T08:12:26+00:00","dateModified":"2025-02-21T12:25:38+00:00","breadcrumb":{"@id":"https:\/\/breeam-infrastructure.byggalliansen.no\/v6\/vilkar\/#breadcrumb"},"inLanguage":"nb-NO","potentialAction":[{"@type":"ReadAction","target":["https:\/\/breeam-infrastructure.byggalliansen.no\/v6\/vilkar\/"]}]},{"@type":"BreadcrumbList","@id":"https:\/\/breeam-infrastructure.byggalliansen.no\/v6\/vilkar\/#breadcrumb","itemListElement":[{"@type":"ListItem","position":1,"name":"BREEAM Infrastructure for prosjekter","item":"https:\/\/breeam-infrastructure.byggalliansen.no\/v6\/"},{"@type":"ListItem","position":2,"name":"Vilk\u00e5r"}]},{"@type":"WebSite","@id":"http:\/\/breeam-infrastructure.byggalliansen.no\/v6\/#website","url":"http:\/\/breeam-infrastructure.byggalliansen.no\/v6\/","name":"BREEAM Infrastructure for prosjekter","description":"Utgave 6, 2024","potentialAction":[{"@type":"SearchAction","target":{"@type":"EntryPoint","urlTemplate":"http:\/\/breeam-infrastructure.byggalliansen.no\/v6\/?s={search_term_string}"},"query-input":{"@type":"PropertyValueSpecification","valueRequired":true,"valueName":"search_term_string"}}],"inLanguage":"nb-NO"}]}},"_links":{"self":[{"href":"https:\/\/breeam-infrastructure.byggalliansen.no\/v6\/wp-json\/wp\/v2\/pages\/2214","targetHints":{"allow":["GET"]}}],"collection":[{"href":"https:\/\/breeam-infrastructure.byggalliansen.no\/v6\/wp-json\/wp\/v2\/pages"}],"about":[{"href":"https:\/\/breeam-infrastructure.byggalliansen.no\/v6\/wp-json\/wp\/v2\/types\/page"}],"author":[{"embeddable":true,"href":"https:\/\/breeam-infrastructure.byggalliansen.no\/v6\/wp-json\/wp\/v2\/users\/2"}],"replies":[{"embeddable":true,"href":"https:\/\/breeam-infrastructure.byggalliansen.no\/v6\/wp-json\/wp\/v2\/comments?post=2214"}],"version-history":[{"count":2,"href":"https:\/\/breeam-infrastructure.byggalliansen.no\/v6\/wp-json\/wp\/v2\/pages\/2214\/revisions"}],"predecessor-version":[{"id":3794,"href":"https:\/\/breeam-infrastructure.byggalliansen.no\/v6\/wp-json\/wp\/v2\/pages\/2214\/revisions\/3794"}],"wp:attachment":[{"href":"https:\/\/breeam-infrastructure.byggalliansen.no\/v6\/wp-json\/wp\/v2\/media?parent=2214"}],"wp:term":[{"taxonomy":"category","embeddable":true,"href":"https:\/\/breeam-infrastructure.byggalliansen.no\/v6\/wp-json\/wp\/v2\/categories?post=2214"},{"taxonomy":"connection","embeddable":true,"href":"https:\/\/breeam-infrastructure.byggalliansen.no\/v6\/wp-json\/wp\/v2\/connection?post=2214"}],"curies":[{"name":"wp","href":"https:\/\/api.w.org\/{rel}","templated":true}]}}