{"id":2218,"date":"2025-01-08T08:15:02","date_gmt":"2025-01-08T08:15:02","guid":{"rendered":"https:\/\/manualer.byggalliansen.no\/v6\/?page_id=2218"},"modified":"2025-01-13T14:20:20","modified_gmt":"2025-01-13T14:20:20","slug":"takk-til-bidragsytere","status":"publish","type":"page","link":"https:\/\/breeam-infrastructure.byggalliansen.no\/v6\/takk-til-bidragsytere\/","title":{"rendered":"Takk til bidragsytere"},"content":{"rendered":"\n<p>Vi har kunnet publisere denne tekniske manualen takket v\u00e6re iherdig innsats fra mange medarbeidere i BRE&nbsp;Group, arbeidsgruppen, assessorer, verifiserere, testbrukere og alle andre som har gitt tilbakemeldinger. BRE&nbsp;Global takker ogs\u00e5 alle tiltakshavere som st\u00f8tter BREEAM ved \u00e5 fortsette \u00e5 anvende metodikken, og p\u00e5 denne m\u00e5ten bidrar til v\u00e5rt felles m\u00e5l om \u00e5 utvikle verden til et bedre sted.<\/p>\n\n\n\n<h2 class=\"wp-block-heading\">Forsidebilde<\/h2>\n\n\n\n<p>Sp\u00e5rv\u00e4g City, linje 7 (med tillatelse fra Skanska Sverige AB)<\/p>\n\n\n\n<p><\/p>\n","protected":false},"excerpt":{"rendered":"<p>Vi har kunnet publisere denne tekniske manualen takket v\u00e6re iherdig innsats fra mange medarbeidere i BRE&nbsp;Group, arbeidsgruppen, assessorer, verifiserere, testbrukere og alle andre som har gitt tilbakemeldinger. BRE&nbsp;Global takker ogs\u00e5 alle tiltakshavere som st\u00f8tter BREEAM ved \u00e5 fortsette \u00e5 anvende metodikken, og p\u00e5 denne m\u00e5ten bidrar til v\u00e5rt felles m\u00e5l om \u00e5 utvikle verden til [&hellip;]<\/p>\n","protected":false},"author":2,"featured_media":0,"parent":0,"menu_order":2,"comment_status":"closed","ping_status":"closed","template":"page-page.php","meta":{"_acf_changed":false,"footnotes":""},"categories":[],"connection":[],"class_list":["post-2218","page","type-page","status-publish","hentry"],"acf":[],"yoast_head":"<!-- This site is optimized with the Yoast SEO plugin v24.6 - https:\/\/yoast.com\/wordpress\/plugins\/seo\/ -->\n<title>Takk til bidragsytere - BREEAM Infrastructure for prosjekter<\/title>\n<meta name=\"robots\" content=\"index, follow, max-snippet:-1, max-image-preview:large, max-video-preview:-1\" \/>\n<link rel=\"canonical\" href=\"https:\/\/breeam-infrastructure.byggalliansen.no\/v6\/takk-til-bidragsytere\/\" \/>\n<meta property=\"og:locale\" content=\"nb_NO\" \/>\n<meta property=\"og:type\" content=\"article\" \/>\n<meta property=\"og:title\" content=\"Takk til bidragsytere - BREEAM Infrastructure for prosjekter\" \/>\n<meta property=\"og:description\" content=\"Vi har kunnet publisere denne tekniske manualen takket v\u00e6re iherdig innsats fra mange medarbeidere i BRE&nbsp;Group, arbeidsgruppen, assessorer, verifiserere, testbrukere og alle andre som har gitt tilbakemeldinger. BRE&nbsp;Global takker ogs\u00e5 alle tiltakshavere som st\u00f8tter BREEAM ved \u00e5 fortsette \u00e5 anvende metodikken, og p\u00e5 denne m\u00e5ten bidrar til v\u00e5rt felles m\u00e5l om \u00e5 utvikle verden til [&hellip;]\" \/>\n<meta property=\"og:url\" content=\"https:\/\/breeam-infrastructure.byggalliansen.no\/v6\/takk-til-bidragsytere\/\" \/>\n<meta property=\"og:site_name\" content=\"BREEAM Infrastructure for prosjekter\" \/>\n<meta property=\"article:modified_time\" content=\"2025-01-13T14:20:20+00:00\" \/>\n<meta name=\"twitter:card\" content=\"summary_large_image\" \/>\n<meta name=\"twitter:label1\" content=\"Ansl. lesetid\" \/>\n\t<meta name=\"twitter:data1\" content=\"1 minutt\" \/>\n<script type=\"application\/ld+json\" class=\"yoast-schema-graph\">{\"@context\":\"https:\/\/schema.org\",\"@graph\":[{\"@type\":\"WebPage\",\"@id\":\"https:\/\/breeam-infrastructure.byggalliansen.no\/v6\/takk-til-bidragsytere\/\",\"url\":\"https:\/\/breeam-infrastructure.byggalliansen.no\/v6\/takk-til-bidragsytere\/\",\"name\":\"Takk til bidragsytere - BREEAM Infrastructure for prosjekter\",\"isPartOf\":{\"@id\":\"http:\/\/breeam-infrastructure.byggalliansen.no\/v6\/#website\"},\"datePublished\":\"2025-01-08T08:15:02+00:00\",\"dateModified\":\"2025-01-13T14:20:20+00:00\",\"breadcrumb\":{\"@id\":\"https:\/\/breeam-infrastructure.byggalliansen.no\/v6\/takk-til-bidragsytere\/#breadcrumb\"},\"inLanguage\":\"nb-NO\",\"potentialAction\":[{\"@type\":\"ReadAction\",\"target\":[\"https:\/\/breeam-infrastructure.byggalliansen.no\/v6\/takk-til-bidragsytere\/\"]}]},{\"@type\":\"BreadcrumbList\",\"@id\":\"https:\/\/breeam-infrastructure.byggalliansen.no\/v6\/takk-til-bidragsytere\/#breadcrumb\",\"itemListElement\":[{\"@type\":\"ListItem\",\"position\":1,\"name\":\"BREEAM Infrastructure for prosjekter\",\"item\":\"https:\/\/breeam-infrastructure.byggalliansen.no\/v6\/\"},{\"@type\":\"ListItem\",\"position\":2,\"name\":\"Takk til bidragsytere\"}]},{\"@type\":\"WebSite\",\"@id\":\"http:\/\/breeam-infrastructure.byggalliansen.no\/v6\/#website\",\"url\":\"http:\/\/breeam-infrastructure.byggalliansen.no\/v6\/\",\"name\":\"BREEAM Infrastructure for prosjekter\",\"description\":\"Utgave 6, 2024\",\"potentialAction\":[{\"@type\":\"SearchAction\",\"target\":{\"@type\":\"EntryPoint\",\"urlTemplate\":\"http:\/\/breeam-infrastructure.byggalliansen.no\/v6\/?s={search_term_string}\"},\"query-input\":{\"@type\":\"PropertyValueSpecification\",\"valueRequired\":true,\"valueName\":\"search_term_string\"}}],\"inLanguage\":\"nb-NO\"}]}<\/script>\n<!-- \/ Yoast SEO plugin. -->","yoast_head_json":{"title":"Takk til bidragsytere - BREEAM Infrastructure for prosjekter","robots":{"index":"index","follow":"follow","max-snippet":"max-snippet:-1","max-image-preview":"max-image-preview:large","max-video-preview":"max-video-preview:-1"},"canonical":"https:\/\/breeam-infrastructure.byggalliansen.no\/v6\/takk-til-bidragsytere\/","og_locale":"nb_NO","og_type":"article","og_title":"Takk til bidragsytere - BREEAM Infrastructure for prosjekter","og_description":"Vi har kunnet publisere denne tekniske manualen takket v\u00e6re iherdig innsats fra mange medarbeidere i BRE&nbsp;Group, arbeidsgruppen, assessorer, verifiserere, testbrukere og alle andre som har gitt tilbakemeldinger. BRE&nbsp;Global takker ogs\u00e5 alle tiltakshavere som st\u00f8tter BREEAM ved \u00e5 fortsette \u00e5 anvende metodikken, og p\u00e5 denne m\u00e5ten bidrar til v\u00e5rt felles m\u00e5l om \u00e5 utvikle verden til [&hellip;]","og_url":"https:\/\/breeam-infrastructure.byggalliansen.no\/v6\/takk-til-bidragsytere\/","og_site_name":"BREEAM Infrastructure for prosjekter","article_modified_time":"2025-01-13T14:20:20+00:00","twitter_card":"summary_large_image","twitter_misc":{"Ansl. lesetid":"1 minutt"},"schema":{"@context":"https:\/\/schema.org","@graph":[{"@type":"WebPage","@id":"https:\/\/breeam-infrastructure.byggalliansen.no\/v6\/takk-til-bidragsytere\/","url":"https:\/\/breeam-infrastructure.byggalliansen.no\/v6\/takk-til-bidragsytere\/","name":"Takk til bidragsytere - BREEAM Infrastructure for prosjekter","isPartOf":{"@id":"http:\/\/breeam-infrastructure.byggalliansen.no\/v6\/#website"},"datePublished":"2025-01-08T08:15:02+00:00","dateModified":"2025-01-13T14:20:20+00:00","breadcrumb":{"@id":"https:\/\/breeam-infrastructure.byggalliansen.no\/v6\/takk-til-bidragsytere\/#breadcrumb"},"inLanguage":"nb-NO","potentialAction":[{"@type":"ReadAction","target":["https:\/\/breeam-infrastructure.byggalliansen.no\/v6\/takk-til-bidragsytere\/"]}]},{"@type":"BreadcrumbList","@id":"https:\/\/breeam-infrastructure.byggalliansen.no\/v6\/takk-til-bidragsytere\/#breadcrumb","itemListElement":[{"@type":"ListItem","position":1,"name":"BREEAM Infrastructure for prosjekter","item":"https:\/\/breeam-infrastructure.byggalliansen.no\/v6\/"},{"@type":"ListItem","position":2,"name":"Takk til bidragsytere"}]},{"@type":"WebSite","@id":"http:\/\/breeam-infrastructure.byggalliansen.no\/v6\/#website","url":"http:\/\/breeam-infrastructure.byggalliansen.no\/v6\/","name":"BREEAM Infrastructure for prosjekter","description":"Utgave 6, 2024","potentialAction":[{"@type":"SearchAction","target":{"@type":"EntryPoint","urlTemplate":"http:\/\/breeam-infrastructure.byggalliansen.no\/v6\/?s={search_term_string}"},"query-input":{"@type":"PropertyValueSpecification","valueRequired":true,"valueName":"search_term_string"}}],"inLanguage":"nb-NO"}]}},"_links":{"self":[{"href":"https:\/\/breeam-infrastructure.byggalliansen.no\/v6\/wp-json\/wp\/v2\/pages\/2218","targetHints":{"allow":["GET"]}}],"collection":[{"href":"https:\/\/breeam-infrastructure.byggalliansen.no\/v6\/wp-json\/wp\/v2\/pages"}],"about":[{"href":"https:\/\/breeam-infrastructure.byggalliansen.no\/v6\/wp-json\/wp\/v2\/types\/page"}],"author":[{"embeddable":true,"href":"https:\/\/breeam-infrastructure.byggalliansen.no\/v6\/wp-json\/wp\/v2\/users\/2"}],"replies":[{"embeddable":true,"href":"https:\/\/breeam-infrastructure.byggalliansen.no\/v6\/wp-json\/wp\/v2\/comments?post=2218"}],"version-history":[{"count":2,"href":"https:\/\/breeam-infrastructure.byggalliansen.no\/v6\/wp-json\/wp\/v2\/pages\/2218\/revisions"}],"predecessor-version":[{"id":2353,"href":"https:\/\/breeam-infrastructure.byggalliansen.no\/v6\/wp-json\/wp\/v2\/pages\/2218\/revisions\/2353"}],"wp:attachment":[{"href":"https:\/\/breeam-infrastructure.byggalliansen.no\/v6\/wp-json\/wp\/v2\/media?parent=2218"}],"wp:term":[{"taxonomy":"category","embeddable":true,"href":"https:\/\/breeam-infrastructure.byggalliansen.no\/v6\/wp-json\/wp\/v2\/categories?post=2218"},{"taxonomy":"connection","embeddable":true,"href":"https:\/\/breeam-infrastructure.byggalliansen.no\/v6\/wp-json\/wp\/v2\/connection?post=2218"}],"curies":[{"name":"wp","href":"https:\/\/api.w.org\/{rel}","templated":true}]}}