{"id":2220,"date":"2025-01-08T08:15:58","date_gmt":"2025-01-08T08:15:58","guid":{"rendered":"https:\/\/manualer.byggalliansen.no\/v6\/?page_id=2220"},"modified":"2025-03-17T09:04:51","modified_gmt":"2025-03-17T09:04:51","slug":"om-bre-global","status":"publish","type":"page","link":"https:\/\/breeam-infrastructure.byggalliansen.no\/v6\/om-bre-global\/","title":{"rendered":"Om BRE\u00a0Global"},"content":{"rendered":"\n<p>BRE&nbsp;Global Ltd (som tilh\u00f8rer BRE&nbsp;Group) er et uavhengig tredjeparts godkjenningsorgan som tilbyr produkter og tjenester for sertifisering av sikkerhet, brannsikkerhet og b\u00e6rekraft til det internasjonale markedet.<\/p>\n\n\n\n<p>Oppgaven til BRE Global er \u00ab\u00e5 beskytte mennesker, eiendom og milj\u00f8et\u00bb.<\/p>\n\n\n\n<p>Vi fors\u00f8ker \u00e5 oppn\u00e5 dette ved \u00e5<\/p>\n\n\n\n<ol class=\"wp-block-list\">\n<li>utforske og utarbeide standarder<\/li>\n\n\n\n<li>teste og sertifisere innenfor omr\u00e5dene brannsikkerhet, elektronikk, sikkerhet og b\u00e6rekraft<\/li>\n\n\n\n<li>utvikle verdensledende revisjonsmetoder for b\u00e6rekraft<\/li>\n\n\n\n<li>gjennomf\u00f8re forskning og tilby r\u00e5dgivning til tiltakshavere og myndigheter<\/li>\n\n\n\n<li>formidle standarder og kunnskaper i hele bransjen gjennom publikasjoner og arrangementer<\/li>\n\n\n\n<li>utvikle og tilby oppl\u00e6ring<\/li>\n<\/ol>\n\n\n\n<p>Produkttesting og godkjenning i BRE Global utf\u00f8res av anerkjente eksperter i de verdenskjente testlaboratoriene v\u00e5re.<\/p>\n\n\n\n<p>BRE Global forvalter en rekke verdensledende varemerker:<\/p>\n\n\n\n<ul class=\"wp-block-list\">\n<li>BREEAM: den verdensledende revisjonsmetoden for milj\u00f8 i bygg og infrastruktur<\/li>\n\n\n\n<li>CEEQUAL: Dokumentasjonsbasert ordning for revisjon, klassifisering og sertifisering knyttet til b\u00e6rekraft innenfor anleggsvirksomhet, infrastruktur, landskapsarkitektur og prosjekter i offentlige rom<\/li>\n\n\n\n<li>LPCB (Loss Prevention Certification Board): produkter og tjenester for godkjenning av sikkerhet og brannsikkerhet<\/li>\n<\/ul>\n\n\n\n<p>BRE Global Ltd tilh\u00f8rer BRE&nbsp;Trust, som er den registrerte organisasjonen for forskning og oppl\u00e6ring som eier BRE Group.<\/p>\n\n\n\n<p>BRE&nbsp;Global,<br>Bucknalls Lane,<br>Watford,<br>Hertfordshire,<br>WD25 9XX<\/p>\n\n\n\n<p>Telefon: +44 (0)333 321 8811<\/p>\n\n\n\n<p>Faks: +44 (0)1923 664 910<\/p>\n\n\n\n<p><a href=\"mailto:enquiries@breglobal.com\">enquiries@breglobal.com<\/a><\/p>\n\n\n\n<p><a href=\"https:\/\/www.breglobal.com\/\">www.breglobal.com<\/a><\/p>\n\n\n\n<p><a href=\"https:\/\/www.greenbooklive.com\/\">www.greenbooklive.com<\/a><\/p>\n","protected":false},"excerpt":{"rendered":"<p>BRE&nbsp;Global Ltd (som tilh\u00f8rer BRE&nbsp;Group) er et uavhengig tredjeparts godkjenningsorgan som tilbyr produkter og tjenester for sertifisering av sikkerhet, brannsikkerhet og b\u00e6rekraft til det internasjonale markedet. Oppgaven til BRE Global er \u00ab\u00e5 beskytte mennesker, eiendom og milj\u00f8et\u00bb. Vi fors\u00f8ker \u00e5 oppn\u00e5 dette ved \u00e5 Produkttesting og godkjenning i BRE Global utf\u00f8res av anerkjente eksperter i [&hellip;]<\/p>\n","protected":false},"author":2,"featured_media":0,"parent":0,"menu_order":3,"comment_status":"closed","ping_status":"closed","template":"page-page.php","meta":{"_acf_changed":false,"footnotes":""},"categories":[],"connection":[],"class_list":["post-2220","page","type-page","status-publish","hentry"],"acf":[],"yoast_head":"<!-- This site is optimized with the Yoast SEO plugin v24.6 - https:\/\/yoast.com\/wordpress\/plugins\/seo\/ -->\n<title>Om BRE\u00a0Global - BREEAM Infrastructure for prosjekter<\/title>\n<meta name=\"robots\" content=\"index, follow, max-snippet:-1, max-image-preview:large, max-video-preview:-1\" \/>\n<link rel=\"canonical\" href=\"https:\/\/breeam-infrastructure.byggalliansen.no\/v6\/om-bre-global\/\" \/>\n<meta property=\"og:locale\" content=\"nb_NO\" \/>\n<meta property=\"og:type\" content=\"article\" \/>\n<meta property=\"og:title\" content=\"Om BRE\u00a0Global - BREEAM Infrastructure for prosjekter\" \/>\n<meta property=\"og:description\" content=\"BRE&nbsp;Global Ltd (som tilh\u00f8rer BRE&nbsp;Group) er et uavhengig tredjeparts godkjenningsorgan som tilbyr produkter og tjenester for sertifisering av sikkerhet, brannsikkerhet og b\u00e6rekraft til det internasjonale markedet. Oppgaven til BRE Global er \u00ab\u00e5 beskytte mennesker, eiendom og milj\u00f8et\u00bb. Vi fors\u00f8ker \u00e5 oppn\u00e5 dette ved \u00e5 Produkttesting og godkjenning i BRE Global utf\u00f8res av anerkjente eksperter i [&hellip;]\" \/>\n<meta property=\"og:url\" content=\"https:\/\/breeam-infrastructure.byggalliansen.no\/v6\/om-bre-global\/\" \/>\n<meta property=\"og:site_name\" content=\"BREEAM Infrastructure for prosjekter\" \/>\n<meta property=\"article:modified_time\" content=\"2025-03-17T09:04:51+00:00\" \/>\n<meta name=\"twitter:card\" content=\"summary_large_image\" \/>\n<meta name=\"twitter:label1\" content=\"Ansl. lesetid\" \/>\n\t<meta name=\"twitter:data1\" content=\"2 minutter\" \/>\n<script type=\"application\/ld+json\" class=\"yoast-schema-graph\">{\"@context\":\"https:\/\/schema.org\",\"@graph\":[{\"@type\":\"WebPage\",\"@id\":\"https:\/\/breeam-infrastructure.byggalliansen.no\/v6\/om-bre-global\/\",\"url\":\"https:\/\/breeam-infrastructure.byggalliansen.no\/v6\/om-bre-global\/\",\"name\":\"Om BRE\u00a0Global - BREEAM Infrastructure for prosjekter\",\"isPartOf\":{\"@id\":\"http:\/\/breeam-infrastructure.byggalliansen.no\/v6\/#website\"},\"datePublished\":\"2025-01-08T08:15:58+00:00\",\"dateModified\":\"2025-03-17T09:04:51+00:00\",\"breadcrumb\":{\"@id\":\"https:\/\/breeam-infrastructure.byggalliansen.no\/v6\/om-bre-global\/#breadcrumb\"},\"inLanguage\":\"nb-NO\",\"potentialAction\":[{\"@type\":\"ReadAction\",\"target\":[\"https:\/\/breeam-infrastructure.byggalliansen.no\/v6\/om-bre-global\/\"]}]},{\"@type\":\"BreadcrumbList\",\"@id\":\"https:\/\/breeam-infrastructure.byggalliansen.no\/v6\/om-bre-global\/#breadcrumb\",\"itemListElement\":[{\"@type\":\"ListItem\",\"position\":1,\"name\":\"BREEAM Infrastructure for prosjekter\",\"item\":\"https:\/\/breeam-infrastructure.byggalliansen.no\/v6\/\"},{\"@type\":\"ListItem\",\"position\":2,\"name\":\"Om BRE\u00a0Global\"}]},{\"@type\":\"WebSite\",\"@id\":\"http:\/\/breeam-infrastructure.byggalliansen.no\/v6\/#website\",\"url\":\"http:\/\/breeam-infrastructure.byggalliansen.no\/v6\/\",\"name\":\"BREEAM Infrastructure for prosjekter\",\"description\":\"Utgave 6, 2024\",\"potentialAction\":[{\"@type\":\"SearchAction\",\"target\":{\"@type\":\"EntryPoint\",\"urlTemplate\":\"http:\/\/breeam-infrastructure.byggalliansen.no\/v6\/?s={search_term_string}\"},\"query-input\":{\"@type\":\"PropertyValueSpecification\",\"valueRequired\":true,\"valueName\":\"search_term_string\"}}],\"inLanguage\":\"nb-NO\"}]}<\/script>\n<!-- \/ Yoast SEO plugin. -->","yoast_head_json":{"title":"Om BRE\u00a0Global - BREEAM Infrastructure for prosjekter","robots":{"index":"index","follow":"follow","max-snippet":"max-snippet:-1","max-image-preview":"max-image-preview:large","max-video-preview":"max-video-preview:-1"},"canonical":"https:\/\/breeam-infrastructure.byggalliansen.no\/v6\/om-bre-global\/","og_locale":"nb_NO","og_type":"article","og_title":"Om BRE\u00a0Global - BREEAM Infrastructure for prosjekter","og_description":"BRE&nbsp;Global Ltd (som tilh\u00f8rer BRE&nbsp;Group) er et uavhengig tredjeparts godkjenningsorgan som tilbyr produkter og tjenester for sertifisering av sikkerhet, brannsikkerhet og b\u00e6rekraft til det internasjonale markedet. Oppgaven til BRE Global er \u00ab\u00e5 beskytte mennesker, eiendom og milj\u00f8et\u00bb. Vi fors\u00f8ker \u00e5 oppn\u00e5 dette ved \u00e5 Produkttesting og godkjenning i BRE Global utf\u00f8res av anerkjente eksperter i [&hellip;]","og_url":"https:\/\/breeam-infrastructure.byggalliansen.no\/v6\/om-bre-global\/","og_site_name":"BREEAM Infrastructure for prosjekter","article_modified_time":"2025-03-17T09:04:51+00:00","twitter_card":"summary_large_image","twitter_misc":{"Ansl. lesetid":"2 minutter"},"schema":{"@context":"https:\/\/schema.org","@graph":[{"@type":"WebPage","@id":"https:\/\/breeam-infrastructure.byggalliansen.no\/v6\/om-bre-global\/","url":"https:\/\/breeam-infrastructure.byggalliansen.no\/v6\/om-bre-global\/","name":"Om BRE\u00a0Global - BREEAM Infrastructure for prosjekter","isPartOf":{"@id":"http:\/\/breeam-infrastructure.byggalliansen.no\/v6\/#website"},"datePublished":"2025-01-08T08:15:58+00:00","dateModified":"2025-03-17T09:04:51+00:00","breadcrumb":{"@id":"https:\/\/breeam-infrastructure.byggalliansen.no\/v6\/om-bre-global\/#breadcrumb"},"inLanguage":"nb-NO","potentialAction":[{"@type":"ReadAction","target":["https:\/\/breeam-infrastructure.byggalliansen.no\/v6\/om-bre-global\/"]}]},{"@type":"BreadcrumbList","@id":"https:\/\/breeam-infrastructure.byggalliansen.no\/v6\/om-bre-global\/#breadcrumb","itemListElement":[{"@type":"ListItem","position":1,"name":"BREEAM Infrastructure for prosjekter","item":"https:\/\/breeam-infrastructure.byggalliansen.no\/v6\/"},{"@type":"ListItem","position":2,"name":"Om BRE\u00a0Global"}]},{"@type":"WebSite","@id":"http:\/\/breeam-infrastructure.byggalliansen.no\/v6\/#website","url":"http:\/\/breeam-infrastructure.byggalliansen.no\/v6\/","name":"BREEAM Infrastructure for prosjekter","description":"Utgave 6, 2024","potentialAction":[{"@type":"SearchAction","target":{"@type":"EntryPoint","urlTemplate":"http:\/\/breeam-infrastructure.byggalliansen.no\/v6\/?s={search_term_string}"},"query-input":{"@type":"PropertyValueSpecification","valueRequired":true,"valueName":"search_term_string"}}],"inLanguage":"nb-NO"}]}},"_links":{"self":[{"href":"https:\/\/breeam-infrastructure.byggalliansen.no\/v6\/wp-json\/wp\/v2\/pages\/2220","targetHints":{"allow":["GET"]}}],"collection":[{"href":"https:\/\/breeam-infrastructure.byggalliansen.no\/v6\/wp-json\/wp\/v2\/pages"}],"about":[{"href":"https:\/\/breeam-infrastructure.byggalliansen.no\/v6\/wp-json\/wp\/v2\/types\/page"}],"author":[{"embeddable":true,"href":"https:\/\/breeam-infrastructure.byggalliansen.no\/v6\/wp-json\/wp\/v2\/users\/2"}],"replies":[{"embeddable":true,"href":"https:\/\/breeam-infrastructure.byggalliansen.no\/v6\/wp-json\/wp\/v2\/comments?post=2220"}],"version-history":[{"count":3,"href":"https:\/\/breeam-infrastructure.byggalliansen.no\/v6\/wp-json\/wp\/v2\/pages\/2220\/revisions"}],"predecessor-version":[{"id":3952,"href":"https:\/\/breeam-infrastructure.byggalliansen.no\/v6\/wp-json\/wp\/v2\/pages\/2220\/revisions\/3952"}],"wp:attachment":[{"href":"https:\/\/breeam-infrastructure.byggalliansen.no\/v6\/wp-json\/wp\/v2\/media?parent=2220"}],"wp:term":[{"taxonomy":"category","embeddable":true,"href":"https:\/\/breeam-infrastructure.byggalliansen.no\/v6\/wp-json\/wp\/v2\/categories?post=2220"},{"taxonomy":"connection","embeddable":true,"href":"https:\/\/breeam-infrastructure.byggalliansen.no\/v6\/wp-json\/wp\/v2\/connection?post=2220"}],"curies":[{"name":"wp","href":"https:\/\/api.w.org\/{rel}","templated":true}]}}