{"id":2222,"date":"2025-01-08T08:16:25","date_gmt":"2025-01-08T08:16:25","guid":{"rendered":"https:\/\/manualer.byggalliansen.no\/v6\/?page_id=2222"},"modified":"2026-03-11T09:11:43","modified_gmt":"2026-03-11T09:11:43","slug":"om-dette-dokumentet","status":"publish","type":"page","link":"https:\/\/breeam-infrastructure.byggalliansen.no\/v6\/om-dette-dokumentet\/","title":{"rendered":"Om dette dokumentet"},"content":{"rendered":"\n<p>Dette dokumentet er den tekniske manualen for BREEAM Infrastructure for prosjekter. Dokumentet beskriver en b\u00e6rekraftstandard som danner grunnlaget for BREEAM Infrastructure-klassifisering i prosjekter innenfor bygg- og anleggsteknikk, infrastruktur, landskapsarkitektur og prosjekter i offentlige rom utenfor Storbritannia og Irland.<\/p>\n\n\n\n<p>Dokumentet er utarbeidet for \u00e5 brukes av kvalifiserte assessorer og verifiserere som har gjennomg\u00e5tt oppl\u00e6ring i samsvar med kravene til rutiner og drift i BREEAM Infrastructure.<\/p>\n\n\n\n<p>Denne tekniske manualen erstatter CEEQUAL for prosjekter, versjon 5.2 (publisert 23. desember&nbsp;2015).<\/p>\n\n\n\n<h2 class=\"wp-block-heading\">Utgaver og revisjoner<\/h2>\n\n\n\n<p>Dette dokument blir revidert, og BRE Global kan publisere nye utgaver med jevne mellomrom. Nedenfor f\u00f8lger en oversikt over utgaver og publiseringsdatoer.<\/p>\n\n\n\n<figure class=\"wp-block-table\"><table class=\"has-fixed-layout\"><thead><tr><td><strong>Dokumentreferanse<\/strong><\/td><td><strong>Versjon\/utgave<\/strong><\/td><td><strong>Publiseringsdato<\/strong><\/td><\/tr><\/thead><tbody><tr><td rowspan=\"5\">SD6053<\/td><td>6.0.0 (utgave&nbsp;0.0)<\/td><td>30.9.2019<\/td><\/tr><tr><td>6.0.1 (utgave&nbsp;0.1)<\/td><td>19.11.2020<\/td><\/tr><tr><td>6.0.2<\/td><td>12.10.2022<\/td><\/tr><tr><td>6.0.2<\/td><td>12.10.2022<\/td><\/tr><tr><td>6.0.4<\/td><td>14.10.2025<\/td><\/tr><\/tbody><\/table><\/figure>\n\n\n\n<p><\/p>\n\n\n\n<figure class=\"wp-block-table\"><table class=\"has-fixed-layout\"><thead><tr><td><strong>Dokumentreferanse<\/strong><\/td><td><strong>Versjon\/utgave<\/strong><\/td><td><strong>Publiseringsdato<\/strong><\/td><\/tr><\/thead><tbody><tr><td rowspan=\"3\">SD6053A<\/td><td>6.0.3.1<\/td><td>25.05.2023<\/td><\/tr><tr><td>6.0.3.2<\/td><td>28.02.2025<\/td><\/tr><tr><td>6.0.4.1<\/td><td>26.02.2026<\/td><\/tr><\/tbody><\/table><\/figure>\n\n\n\n<p><\/p>\n\n\n\n<p><\/p>\n\n\n\n<h2 class=\"wp-block-heading\">Oversikt over endringer<\/h2>\n\n\n\n<h3 class=\"wp-block-heading\">6.0.4<\/h3>\n\n\n\n<figure class=\"wp-block-table is-style-core-borders\"><table class=\"has-fixed-layout\"><thead><tr><th>Del i dokumentet<\/th><th>Beskrivelse av endringene<\/th><\/tr><\/thead><tbody><tr><td>1.4, Revisjonskriterium, Veiledning, Dokumentasjon<\/td><td>Oppdatert 1.4.4. Organisasjonene m\u00e5 dokumentere at de overholder anerkjente standarder for etiske arbeidsforhold.<\/td><\/tr><tr><td>7.8, Veiledning<\/td><td>Fjernet referanse til BRE Green Guide to Specification<\/td><\/tr><\/tbody><\/table><\/figure>\n\n\n\n<p><\/p>\n\n\n\n<h3 class=\"wp-block-heading\">6.0.3<\/h3>\n\n\n\n<figure class=\"wp-block-table is-style-core-borders\"><table class=\"has-fixed-layout\"><thead><tr><th>Del i dokumentet<\/th><th>Beskrivelse av endringene<\/th><\/tr><\/thead><tbody><tr><td>Flere<\/td><td>Rettet manglende formler i veiledningen i 7.1, 7.4, 7.6, 7.7, 7.8 og 8.2 (gjelder bare PDF-filen)<\/td><\/tr><\/tbody><\/table><\/figure>\n\n\n\n<p><\/p>\n\n\n\n<h3 class=\"wp-block-heading\">6.0.2<\/h3>\n\n\n\n<figure class=\"wp-block-table is-style-core-borders\"><table class=\"has-fixed-layout\"><thead><tr><th>Del i dokumentet<\/th><th>Beskrivelse av endringene<\/th><\/tr><\/thead><tbody><tr><td rowspan=\"4\">&nbsp; Hele<\/td><td>Lanserte ny utgave med betegnelsen BREEAM Infrastructure (tidligere CEEQUAL)<\/td><\/tr><tr><td>Oppdaterte formatet p\u00e5 nettet<\/td><\/tr><tr><td>Oppdaterte formatet i PDF-filen<\/td><\/tr><tr><td>Rettet typografiske feil<\/td><\/tr><tr><td>3.2, Dokumentasjon<\/td><td>Rettet veiledningen for dokumentasjon i 3.2.4<\/td><\/tr><tr><td>4.1, Dokumentasjon<\/td><td>Rettet veiledningen for dokumentasjon i 4.1.1<\/td><\/tr><tr><td>4.4, Dokumentasjon<\/td><td>Rettet manglende veiledning for dokumentasjon i 4.4.2<\/td><\/tr><tr><td>7.3, Veiledning<\/td><td>Rettet nummerering av listene i veiledningen for 7.3.1<\/td><\/tr><tr><td>7.4, Revisjonskriterier<\/td><td>Rettet kriteriene i 7.4.12 og 7.4.13 og fjernet feilaktige henvisninger til \u00abutenfor anleggsomr\u00e5det\u00bb<\/td><\/tr><tr><td>7.5, Revisjonskriterier<\/td><td>Oppdaterte 7.5.6 for \u00e5 klargj\u00f8re at teksten henviser til bruken av \u00abmaterialer som er produsert lokalt og resirkulert\u00bb<\/td><\/tr><tr><td>7.6, Veiledning<\/td><td>Rettet veiledningen i 7.6.10 og fjernet gjentatt informasjon<\/td><\/tr><tr><td>7.6, Dokumentasjon<\/td><td>Rettet veiledningen for dokumentasjon i 7.6.8<\/td><\/tr><tr><td>7.7, Dokumentasjon<\/td><td>Rettet veiledningen for dokumentasjon i 7.7.6 slik at veiledningen er riktig i 7.7.5 og 7.7.6<\/td><\/tr><tr><td>8.2, Veiledning<\/td><td>Rettet veiledningen i 8.2.9 slik at veiledningen i 8.2.7, 8.2.8, 8.2.9 og 8.2.10 har riktige overskrifter<\/td><\/tr><\/tbody><\/table><\/figure>\n\n\n\n<p><\/p>\n\n\n\n<h3 class=\"wp-block-heading\">6.0.1<\/h3>\n\n\n\n<figure class=\"wp-block-table is-style-core-borders\"><table class=\"has-fixed-layout\"><thead><tr><th>Del i dokumentet<\/th><th>Beskrivelse av endringene<\/th><\/tr><\/thead><tbody><tr><td rowspan=\"4\">Hele<\/td><td>Oppdaterte formatet p\u00e5 nettet<\/td><\/tr><tr><td>Oppdaterte formatet i PDF-filen<\/td><\/tr><tr><td>Rettet typografiske feil<\/td><\/tr><tr><td>Rettet og fjernet brutte lenker<\/td><\/tr><tr><td>Om dette dokumentet<\/td><td>Fjernet delen: \u00abStatus for CEEQUAL versjon&nbsp;6\u00bb<\/td><\/tr><\/tbody><\/table><\/figure>\n\n\n\n<p><\/p>\n","protected":false},"excerpt":{"rendered":"<p>Dette dokumentet er den tekniske manualen for BREEAM Infrastructure for prosjekter. Dokumentet beskriver en b\u00e6rekraftstandard som danner grunnlaget for BREEAM Infrastructure-klassifisering i prosjekter innenfor bygg- og anleggsteknikk, infrastruktur, landskapsarkitektur og prosjekter i offentlige rom utenfor Storbritannia og Irland. Dokumentet er utarbeidet for \u00e5 brukes av kvalifiserte assessorer og verifiserere som har gjennomg\u00e5tt oppl\u00e6ring i samsvar [&hellip;]<\/p>\n","protected":false},"author":2,"featured_media":0,"parent":0,"menu_order":4,"comment_status":"closed","ping_status":"closed","template":"page-page.php","meta":{"_acf_changed":false,"footnotes":""},"categories":[],"connection":[],"class_list":["post-2222","page","type-page","status-publish","hentry"],"acf":[],"yoast_head":"<!-- This site is optimized with the Yoast SEO plugin v24.6 - https:\/\/yoast.com\/wordpress\/plugins\/seo\/ -->\n<title>Om dette dokumentet - BREEAM Infrastructure for prosjekter<\/title>\n<meta name=\"robots\" content=\"index, follow, max-snippet:-1, max-image-preview:large, max-video-preview:-1\" \/>\n<link rel=\"canonical\" href=\"https:\/\/breeam-infrastructure.byggalliansen.no\/v6\/om-dette-dokumentet\/\" \/>\n<meta property=\"og:locale\" content=\"nb_NO\" \/>\n<meta property=\"og:type\" content=\"article\" \/>\n<meta property=\"og:title\" content=\"Om dette dokumentet - BREEAM Infrastructure for prosjekter\" \/>\n<meta property=\"og:description\" content=\"Dette dokumentet er den tekniske manualen for BREEAM Infrastructure for prosjekter. Dokumentet beskriver en b\u00e6rekraftstandard som danner grunnlaget for BREEAM Infrastructure-klassifisering i prosjekter innenfor bygg- og anleggsteknikk, infrastruktur, landskapsarkitektur og prosjekter i offentlige rom utenfor Storbritannia og Irland. Dokumentet er utarbeidet for \u00e5 brukes av kvalifiserte assessorer og verifiserere som har gjennomg\u00e5tt oppl\u00e6ring i samsvar [&hellip;]\" \/>\n<meta property=\"og:url\" content=\"https:\/\/breeam-infrastructure.byggalliansen.no\/v6\/om-dette-dokumentet\/\" \/>\n<meta property=\"og:site_name\" content=\"BREEAM Infrastructure for prosjekter\" \/>\n<meta property=\"article:modified_time\" content=\"2026-03-11T09:11:43+00:00\" \/>\n<meta name=\"twitter:card\" content=\"summary_large_image\" \/>\n<meta name=\"twitter:label1\" content=\"Ansl. lesetid\" \/>\n\t<meta name=\"twitter:data1\" content=\"3 minutter\" \/>\n<script type=\"application\/ld+json\" class=\"yoast-schema-graph\">{\"@context\":\"https:\/\/schema.org\",\"@graph\":[{\"@type\":\"WebPage\",\"@id\":\"https:\/\/breeam-infrastructure.byggalliansen.no\/v6\/om-dette-dokumentet\/\",\"url\":\"https:\/\/breeam-infrastructure.byggalliansen.no\/v6\/om-dette-dokumentet\/\",\"name\":\"Om dette dokumentet - BREEAM Infrastructure for prosjekter\",\"isPartOf\":{\"@id\":\"http:\/\/breeam-infrastructure.byggalliansen.no\/v6\/#website\"},\"datePublished\":\"2025-01-08T08:16:25+00:00\",\"dateModified\":\"2026-03-11T09:11:43+00:00\",\"breadcrumb\":{\"@id\":\"https:\/\/breeam-infrastructure.byggalliansen.no\/v6\/om-dette-dokumentet\/#breadcrumb\"},\"inLanguage\":\"nb-NO\",\"potentialAction\":[{\"@type\":\"ReadAction\",\"target\":[\"https:\/\/breeam-infrastructure.byggalliansen.no\/v6\/om-dette-dokumentet\/\"]}]},{\"@type\":\"BreadcrumbList\",\"@id\":\"https:\/\/breeam-infrastructure.byggalliansen.no\/v6\/om-dette-dokumentet\/#breadcrumb\",\"itemListElement\":[{\"@type\":\"ListItem\",\"position\":1,\"name\":\"BREEAM Infrastructure for prosjekter\",\"item\":\"https:\/\/breeam-infrastructure.byggalliansen.no\/v6\/\"},{\"@type\":\"ListItem\",\"position\":2,\"name\":\"Om dette dokumentet\"}]},{\"@type\":\"WebSite\",\"@id\":\"http:\/\/breeam-infrastructure.byggalliansen.no\/v6\/#website\",\"url\":\"http:\/\/breeam-infrastructure.byggalliansen.no\/v6\/\",\"name\":\"BREEAM Infrastructure for prosjekter\",\"description\":\"Utgave 6, 2024\",\"potentialAction\":[{\"@type\":\"SearchAction\",\"target\":{\"@type\":\"EntryPoint\",\"urlTemplate\":\"http:\/\/breeam-infrastructure.byggalliansen.no\/v6\/?s={search_term_string}\"},\"query-input\":{\"@type\":\"PropertyValueSpecification\",\"valueRequired\":true,\"valueName\":\"search_term_string\"}}],\"inLanguage\":\"nb-NO\"}]}<\/script>\n<!-- \/ Yoast SEO plugin. -->","yoast_head_json":{"title":"Om dette dokumentet - BREEAM Infrastructure for prosjekter","robots":{"index":"index","follow":"follow","max-snippet":"max-snippet:-1","max-image-preview":"max-image-preview:large","max-video-preview":"max-video-preview:-1"},"canonical":"https:\/\/breeam-infrastructure.byggalliansen.no\/v6\/om-dette-dokumentet\/","og_locale":"nb_NO","og_type":"article","og_title":"Om dette dokumentet - BREEAM Infrastructure for prosjekter","og_description":"Dette dokumentet er den tekniske manualen for BREEAM Infrastructure for prosjekter. Dokumentet beskriver en b\u00e6rekraftstandard som danner grunnlaget for BREEAM Infrastructure-klassifisering i prosjekter innenfor bygg- og anleggsteknikk, infrastruktur, landskapsarkitektur og prosjekter i offentlige rom utenfor Storbritannia og Irland. Dokumentet er utarbeidet for \u00e5 brukes av kvalifiserte assessorer og verifiserere som har gjennomg\u00e5tt oppl\u00e6ring i samsvar [&hellip;]","og_url":"https:\/\/breeam-infrastructure.byggalliansen.no\/v6\/om-dette-dokumentet\/","og_site_name":"BREEAM Infrastructure for prosjekter","article_modified_time":"2026-03-11T09:11:43+00:00","twitter_card":"summary_large_image","twitter_misc":{"Ansl. lesetid":"3 minutter"},"schema":{"@context":"https:\/\/schema.org","@graph":[{"@type":"WebPage","@id":"https:\/\/breeam-infrastructure.byggalliansen.no\/v6\/om-dette-dokumentet\/","url":"https:\/\/breeam-infrastructure.byggalliansen.no\/v6\/om-dette-dokumentet\/","name":"Om dette dokumentet - BREEAM Infrastructure for prosjekter","isPartOf":{"@id":"http:\/\/breeam-infrastructure.byggalliansen.no\/v6\/#website"},"datePublished":"2025-01-08T08:16:25+00:00","dateModified":"2026-03-11T09:11:43+00:00","breadcrumb":{"@id":"https:\/\/breeam-infrastructure.byggalliansen.no\/v6\/om-dette-dokumentet\/#breadcrumb"},"inLanguage":"nb-NO","potentialAction":[{"@type":"ReadAction","target":["https:\/\/breeam-infrastructure.byggalliansen.no\/v6\/om-dette-dokumentet\/"]}]},{"@type":"BreadcrumbList","@id":"https:\/\/breeam-infrastructure.byggalliansen.no\/v6\/om-dette-dokumentet\/#breadcrumb","itemListElement":[{"@type":"ListItem","position":1,"name":"BREEAM Infrastructure for prosjekter","item":"https:\/\/breeam-infrastructure.byggalliansen.no\/v6\/"},{"@type":"ListItem","position":2,"name":"Om dette dokumentet"}]},{"@type":"WebSite","@id":"http:\/\/breeam-infrastructure.byggalliansen.no\/v6\/#website","url":"http:\/\/breeam-infrastructure.byggalliansen.no\/v6\/","name":"BREEAM Infrastructure for prosjekter","description":"Utgave 6, 2024","potentialAction":[{"@type":"SearchAction","target":{"@type":"EntryPoint","urlTemplate":"http:\/\/breeam-infrastructure.byggalliansen.no\/v6\/?s={search_term_string}"},"query-input":{"@type":"PropertyValueSpecification","valueRequired":true,"valueName":"search_term_string"}}],"inLanguage":"nb-NO"}]}},"_links":{"self":[{"href":"https:\/\/breeam-infrastructure.byggalliansen.no\/v6\/wp-json\/wp\/v2\/pages\/2222","targetHints":{"allow":["GET"]}}],"collection":[{"href":"https:\/\/breeam-infrastructure.byggalliansen.no\/v6\/wp-json\/wp\/v2\/pages"}],"about":[{"href":"https:\/\/breeam-infrastructure.byggalliansen.no\/v6\/wp-json\/wp\/v2\/types\/page"}],"author":[{"embeddable":true,"href":"https:\/\/breeam-infrastructure.byggalliansen.no\/v6\/wp-json\/wp\/v2\/users\/2"}],"replies":[{"embeddable":true,"href":"https:\/\/breeam-infrastructure.byggalliansen.no\/v6\/wp-json\/wp\/v2\/comments?post=2222"}],"version-history":[{"count":3,"href":"https:\/\/breeam-infrastructure.byggalliansen.no\/v6\/wp-json\/wp\/v2\/pages\/2222\/revisions"}],"predecessor-version":[{"id":4060,"href":"https:\/\/breeam-infrastructure.byggalliansen.no\/v6\/wp-json\/wp\/v2\/pages\/2222\/revisions\/4060"}],"wp:attachment":[{"href":"https:\/\/breeam-infrastructure.byggalliansen.no\/v6\/wp-json\/wp\/v2\/media?parent=2222"}],"wp:term":[{"taxonomy":"category","embeddable":true,"href":"https:\/\/breeam-infrastructure.byggalliansen.no\/v6\/wp-json\/wp\/v2\/categories?post=2222"},{"taxonomy":"connection","embeddable":true,"href":"https:\/\/breeam-infrastructure.byggalliansen.no\/v6\/wp-json\/wp\/v2\/connection?post=2222"}],"curies":[{"name":"wp","href":"https:\/\/api.w.org\/{rel}","templated":true}]}}