{"id":2236,"date":"2025-01-08T08:28:08","date_gmt":"2025-01-08T08:28:08","guid":{"rendered":"https:\/\/manualer.byggalliansen.no\/v6\/?page_id=2236"},"modified":"2025-03-17T09:08:00","modified_gmt":"2025-03-17T09:08:00","slug":"slik-bruker-du-dokumentet","status":"publish","type":"page","link":"https:\/\/breeam-infrastructure.byggalliansen.no\/v6\/innledning\/slik-bruker-du-dokumentet\/","title":{"rendered":"Slik bruker du dokumentet"},"content":{"rendered":"\n<p>Dette dokumentet er inndelt i tre hoveddeler:<\/p>\n\n\n\n<ul class=\"wp-block-list\">\n<li><strong>Virkeomr\u00e5de:<\/strong> Her beskrives hvilke typer infrastrukturprosjekter denne versjonen av BREEAM Infrastructure-ordningen dekker. I denne delen kan tiltakshavere og assessorer vurdere om denne ordningen kan brukes i prosjektet.<\/li>\n\n\n\n<li><strong>Bed\u00f8mming og klassifisering:<\/strong> Denne delen tar for seg hvordan klassifisering beregnes i BREEAM Infrastructure. Her finner du ogs\u00e5 informasjon om klassifiseringsniv\u00e5er, minstekrav og vekting av kategorier.<\/li>\n\n\n\n<li><strong>Kategorier og emner:<\/strong> Her presenteres emnene i BREEAM Infrastructure etter kategori. For tildeling av poeng har hvert emne egne revisjonskriterier med et definert resultatniv\u00e5 for graden av samsvar (ved hjelp av n\u00f8dvendig prosjektinformasjon, alts\u00e5 dokumentasjon) i prosjektet som vurderes.<\/li>\n<\/ul>\n\n\n\n<p>Hvert emne inneholder f\u00f8lgende:<\/p>\n\n\n\n<ul class=\"wp-block-list\">\n<li><strong>M\u00e5let<\/strong> beskriver emnem\u00e5let og p\u00e5virkningen som skal m\u00e5les eller forebygges.<\/li>\n\n\n\n<li><strong>Revisjonens omfang<\/strong> beskriver hvordan emnet brukes i ulike type revisjoner og under ulike prosjektspesifikke forhold.<\/li>\n\n\n\n<li><strong>Poengoversikten<\/strong> viser antallet poeng som er tilgjengelig for hvert revisjonskriterium i hver revisjonsfase (tidligfase, designfase, anleggsfase).<\/li>\n\n\n\n<li><strong>Revisjonskriteriene<\/strong> er kravene knyttet til emnet og hvordan emnem\u00e5let oppn\u00e5s. I tilfeller der prosjektet etter assessorens skj\u00f8nn oppfyller alle eller enkelte av de relevante kriteriene, kan det tilh\u00f8rende antallet poeng bli tildelt.<\/li>\n\n\n\n<li><strong>Veiledningen<\/strong> inneholder informasjon som gj\u00f8r det enklere \u00e5 tolke og bruke revisjonskriteriene. Veiledningen er kun informativ, og tiln\u00e6rmingen man velger, avhenger av prosjektets egenskaper, kompleksitet og kontekst.<\/li>\n\n\n\n<li><strong>Dokumentasjonen <\/strong>foresl\u00e5r hvilke typer informasjon som kan oppgis for \u00e5 dokumentere at prosjektet oppfyller revisjonskriteriene og kvalifiserer til poengene som tildeles. Veiledningen er kun informativ. Ettersom BREEAM Infrastructure kan brukes til ulike typer infrastruktur, kan det kreves andre typer dokumentasjon enn dem som er oppgitt.<\/li>\n<\/ul>\n\n\n\n<p>Ved behov kan emnene ogs\u00e5 inneholde f\u00f8lgende:<\/p>\n\n\n\n<ul class=\"wp-block-list\">\n<li><strong>Definisjoner<\/strong>: definisjoner av spesifikke begreper brukt i emnet.<\/li>\n\n\n\n<li><strong>Tilleggsopplysninger<\/strong>: kilder for tilleggsopplysninger som kan v\u00e6re nyttige for \u00e5 h\u00e5ndtere emnet.<\/li>\n<\/ul>\n","protected":false},"excerpt":{"rendered":"<p>Dette dokumentet er inndelt i tre hoveddeler: Hvert emne inneholder f\u00f8lgende: Ved behov kan emnene ogs\u00e5 inneholde f\u00f8lgende:<\/p>\n","protected":false},"author":2,"featured_media":0,"parent":2097,"menu_order":5,"comment_status":"closed","ping_status":"closed","template":"page-page.php","meta":{"_acf_changed":false,"footnotes":""},"categories":[],"connection":[],"class_list":["post-2236","page","type-page","status-publish","hentry"],"acf":[],"yoast_head":"<!-- This site is optimized with the Yoast SEO plugin v24.6 - https:\/\/yoast.com\/wordpress\/plugins\/seo\/ -->\n<title>Slik bruker du dokumentet - BREEAM Infrastructure for prosjekter<\/title>\n<meta name=\"robots\" content=\"index, follow, max-snippet:-1, max-image-preview:large, max-video-preview:-1\" \/>\n<link rel=\"canonical\" href=\"https:\/\/breeam-infrastructure.byggalliansen.no\/v6\/innledning\/slik-bruker-du-dokumentet\/\" \/>\n<meta property=\"og:locale\" content=\"nb_NO\" \/>\n<meta property=\"og:type\" content=\"article\" \/>\n<meta property=\"og:title\" content=\"Slik bruker du dokumentet - BREEAM Infrastructure for prosjekter\" \/>\n<meta property=\"og:description\" content=\"Dette dokumentet er inndelt i tre hoveddeler: Hvert emne inneholder f\u00f8lgende: Ved behov kan emnene ogs\u00e5 inneholde f\u00f8lgende:\" \/>\n<meta property=\"og:url\" content=\"https:\/\/breeam-infrastructure.byggalliansen.no\/v6\/innledning\/slik-bruker-du-dokumentet\/\" \/>\n<meta property=\"og:site_name\" content=\"BREEAM Infrastructure for prosjekter\" \/>\n<meta property=\"article:modified_time\" content=\"2025-03-17T09:08:00+00:00\" \/>\n<meta name=\"twitter:card\" content=\"summary_large_image\" \/>\n<meta name=\"twitter:label1\" content=\"Ansl. lesetid\" \/>\n\t<meta name=\"twitter:data1\" content=\"2 minutter\" \/>\n<script type=\"application\/ld+json\" class=\"yoast-schema-graph\">{\"@context\":\"https:\/\/schema.org\",\"@graph\":[{\"@type\":\"WebPage\",\"@id\":\"https:\/\/breeam-infrastructure.byggalliansen.no\/v6\/innledning\/slik-bruker-du-dokumentet\/\",\"url\":\"https:\/\/breeam-infrastructure.byggalliansen.no\/v6\/innledning\/slik-bruker-du-dokumentet\/\",\"name\":\"Slik bruker du dokumentet - BREEAM Infrastructure for prosjekter\",\"isPartOf\":{\"@id\":\"http:\/\/breeam-infrastructure.byggalliansen.no\/v6\/#website\"},\"datePublished\":\"2025-01-08T08:28:08+00:00\",\"dateModified\":\"2025-03-17T09:08:00+00:00\",\"breadcrumb\":{\"@id\":\"https:\/\/breeam-infrastructure.byggalliansen.no\/v6\/innledning\/slik-bruker-du-dokumentet\/#breadcrumb\"},\"inLanguage\":\"nb-NO\",\"potentialAction\":[{\"@type\":\"ReadAction\",\"target\":[\"https:\/\/breeam-infrastructure.byggalliansen.no\/v6\/innledning\/slik-bruker-du-dokumentet\/\"]}]},{\"@type\":\"BreadcrumbList\",\"@id\":\"https:\/\/breeam-infrastructure.byggalliansen.no\/v6\/innledning\/slik-bruker-du-dokumentet\/#breadcrumb\",\"itemListElement\":[{\"@type\":\"ListItem\",\"position\":1,\"name\":\"BREEAM Infrastructure for prosjekter\",\"item\":\"https:\/\/breeam-infrastructure.byggalliansen.no\/v6\/\"},{\"@type\":\"ListItem\",\"position\":2,\"name\":\"Innledning\",\"item\":\"http:\/\/breeam-infrastructure.byggalliansen.no\/v6\/innledning\/\"},{\"@type\":\"ListItem\",\"position\":3,\"name\":\"Slik bruker du dokumentet\"}]},{\"@type\":\"WebSite\",\"@id\":\"http:\/\/breeam-infrastructure.byggalliansen.no\/v6\/#website\",\"url\":\"http:\/\/breeam-infrastructure.byggalliansen.no\/v6\/\",\"name\":\"BREEAM Infrastructure for prosjekter\",\"description\":\"Utgave 6, 2024\",\"potentialAction\":[{\"@type\":\"SearchAction\",\"target\":{\"@type\":\"EntryPoint\",\"urlTemplate\":\"http:\/\/breeam-infrastructure.byggalliansen.no\/v6\/?s={search_term_string}\"},\"query-input\":{\"@type\":\"PropertyValueSpecification\",\"valueRequired\":true,\"valueName\":\"search_term_string\"}}],\"inLanguage\":\"nb-NO\"}]}<\/script>\n<!-- \/ Yoast SEO plugin. -->","yoast_head_json":{"title":"Slik bruker du dokumentet - BREEAM Infrastructure for prosjekter","robots":{"index":"index","follow":"follow","max-snippet":"max-snippet:-1","max-image-preview":"max-image-preview:large","max-video-preview":"max-video-preview:-1"},"canonical":"https:\/\/breeam-infrastructure.byggalliansen.no\/v6\/innledning\/slik-bruker-du-dokumentet\/","og_locale":"nb_NO","og_type":"article","og_title":"Slik bruker du dokumentet - BREEAM Infrastructure for prosjekter","og_description":"Dette dokumentet er inndelt i tre hoveddeler: Hvert emne inneholder f\u00f8lgende: Ved behov kan emnene ogs\u00e5 inneholde f\u00f8lgende:","og_url":"https:\/\/breeam-infrastructure.byggalliansen.no\/v6\/innledning\/slik-bruker-du-dokumentet\/","og_site_name":"BREEAM Infrastructure for prosjekter","article_modified_time":"2025-03-17T09:08:00+00:00","twitter_card":"summary_large_image","twitter_misc":{"Ansl. lesetid":"2 minutter"},"schema":{"@context":"https:\/\/schema.org","@graph":[{"@type":"WebPage","@id":"https:\/\/breeam-infrastructure.byggalliansen.no\/v6\/innledning\/slik-bruker-du-dokumentet\/","url":"https:\/\/breeam-infrastructure.byggalliansen.no\/v6\/innledning\/slik-bruker-du-dokumentet\/","name":"Slik bruker du dokumentet - BREEAM Infrastructure for prosjekter","isPartOf":{"@id":"http:\/\/breeam-infrastructure.byggalliansen.no\/v6\/#website"},"datePublished":"2025-01-08T08:28:08+00:00","dateModified":"2025-03-17T09:08:00+00:00","breadcrumb":{"@id":"https:\/\/breeam-infrastructure.byggalliansen.no\/v6\/innledning\/slik-bruker-du-dokumentet\/#breadcrumb"},"inLanguage":"nb-NO","potentialAction":[{"@type":"ReadAction","target":["https:\/\/breeam-infrastructure.byggalliansen.no\/v6\/innledning\/slik-bruker-du-dokumentet\/"]}]},{"@type":"BreadcrumbList","@id":"https:\/\/breeam-infrastructure.byggalliansen.no\/v6\/innledning\/slik-bruker-du-dokumentet\/#breadcrumb","itemListElement":[{"@type":"ListItem","position":1,"name":"BREEAM Infrastructure for prosjekter","item":"https:\/\/breeam-infrastructure.byggalliansen.no\/v6\/"},{"@type":"ListItem","position":2,"name":"Innledning","item":"http:\/\/breeam-infrastructure.byggalliansen.no\/v6\/innledning\/"},{"@type":"ListItem","position":3,"name":"Slik bruker du dokumentet"}]},{"@type":"WebSite","@id":"http:\/\/breeam-infrastructure.byggalliansen.no\/v6\/#website","url":"http:\/\/breeam-infrastructure.byggalliansen.no\/v6\/","name":"BREEAM Infrastructure for prosjekter","description":"Utgave 6, 2024","potentialAction":[{"@type":"SearchAction","target":{"@type":"EntryPoint","urlTemplate":"http:\/\/breeam-infrastructure.byggalliansen.no\/v6\/?s={search_term_string}"},"query-input":{"@type":"PropertyValueSpecification","valueRequired":true,"valueName":"search_term_string"}}],"inLanguage":"nb-NO"}]}},"_links":{"self":[{"href":"https:\/\/breeam-infrastructure.byggalliansen.no\/v6\/wp-json\/wp\/v2\/pages\/2236","targetHints":{"allow":["GET"]}}],"collection":[{"href":"https:\/\/breeam-infrastructure.byggalliansen.no\/v6\/wp-json\/wp\/v2\/pages"}],"about":[{"href":"https:\/\/breeam-infrastructure.byggalliansen.no\/v6\/wp-json\/wp\/v2\/types\/page"}],"author":[{"embeddable":true,"href":"https:\/\/breeam-infrastructure.byggalliansen.no\/v6\/wp-json\/wp\/v2\/users\/2"}],"replies":[{"embeddable":true,"href":"https:\/\/breeam-infrastructure.byggalliansen.no\/v6\/wp-json\/wp\/v2\/comments?post=2236"}],"version-history":[{"count":3,"href":"https:\/\/breeam-infrastructure.byggalliansen.no\/v6\/wp-json\/wp\/v2\/pages\/2236\/revisions"}],"predecessor-version":[{"id":3958,"href":"https:\/\/breeam-infrastructure.byggalliansen.no\/v6\/wp-json\/wp\/v2\/pages\/2236\/revisions\/3958"}],"up":[{"embeddable":true,"href":"https:\/\/breeam-infrastructure.byggalliansen.no\/v6\/wp-json\/wp\/v2\/pages\/2097"}],"wp:attachment":[{"href":"https:\/\/breeam-infrastructure.byggalliansen.no\/v6\/wp-json\/wp\/v2\/media?parent=2236"}],"wp:term":[{"taxonomy":"category","embeddable":true,"href":"https:\/\/breeam-infrastructure.byggalliansen.no\/v6\/wp-json\/wp\/v2\/categories?post=2236"},{"taxonomy":"connection","embeddable":true,"href":"https:\/\/breeam-infrastructure.byggalliansen.no\/v6\/wp-json\/wp\/v2\/connection?post=2236"}],"curies":[{"name":"wp","href":"https:\/\/api.w.org\/{rel}","templated":true}]}}