{"id":2238,"date":"2025-01-08T08:28:47","date_gmt":"2025-01-08T08:28:47","guid":{"rendered":"https:\/\/manualer.byggalliansen.no\/v6\/?page_id=2238"},"modified":"2025-02-21T12:31:35","modified_gmt":"2025-02-21T12:31:35","slug":"kategorier-og-emner-i-breeam-infrastructure","status":"publish","type":"page","link":"https:\/\/breeam-infrastructure.byggalliansen.no\/v6\/innledning\/kategorier-og-emner-i-breeam-infrastructure\/","title":{"rendered":"Kategorier og emner i BREEAM Infrastructure"},"content":{"rendered":"\n<p>BREEAM Infrastructure versjon&nbsp;6 inneholder 30 emner fordelt p\u00e5 \u00e5tte kategorier, slik det vises i tabell&nbsp;1.<\/p>\n\n\n\n<p><\/p>\n\n\n\n<figure class=\"wp-block-table is-style-core-borders\"><table class=\"has-fixed-layout\"><thead><tr><th>Kategori<\/th><th>Emner<\/th><\/tr><\/thead><tbody><tr><td rowspan=\"5\">1 Ledelse<\/td><td>1.1 B\u00e6rekraftig lederskap<\/td><\/tr><tr><td>1.2 Milj\u00f8ledelse<\/td><\/tr><tr><td>1.3 Ansvarlig anleggsledelse<\/td><\/tr><tr><td>1.4 Styring av sosiale forhold for bemanning og leverand\u00f8rkjeden<\/td><\/tr><tr><td>1.5 Livssykluskostnader (LCC)<\/td><\/tr><tr><td rowspan=\"3\">2 Robusthet<\/td><td>2.1 Risikovurdering og tiltak<\/td><\/tr><tr><td>2.2 Flom og overvann<\/td><\/tr><tr><td>2.3 Fremtidige behov<\/td><\/tr><tr><td rowspan=\"3\">3 Lokalsamfunn og interessenter<\/td><td>3.1 Medvirkning og kommunikasjon<\/td><\/tr><tr><td>3.2 Samfunnsgevinster i et st\u00f8rre perspektiv<\/td><\/tr><tr><td>3.3 \u00d8konomiske gevinster i et st\u00f8rre perspektiv<\/td><\/tr><tr><td rowspan=\"5\">4 Arealbruk og \u00f8kologi<\/td><td>4.1 Arealbruk og verdi<\/td><\/tr><tr><td>4.2 Grunnforurensning og sanering<\/td><\/tr><tr><td>4.3 Beskyttelse av biodiversitet<\/td><\/tr><tr><td>4.4 Endring og forbedring av biodiversitet<\/td><\/tr><tr><td>4.5 Langsiktig forvaltning av biodiversitet<\/td><\/tr><tr><td rowspan=\"2\">5 Landskap og kulturarv<\/td><td>5.1 Landskap og visuell p\u00e5virkning<\/td><\/tr><tr><td>5.2 Kulturarv<\/td><\/tr><tr><td rowspan=\"2\">6 Forurensning<\/td><td>6.1 Vannforurensning<\/td><\/tr><tr><td>6.2 Luft-, st\u00f8y- og lysforurensning<\/td><\/tr><tr><td rowspan=\"8\">7 Ressurser<\/td><td>7.1 Strategi for ressurseffektivitet<\/td><\/tr><tr><td>7.2 Reduksjon av klimagassutslipp i hele livsl\u00f8pet<\/td><\/tr><tr><td>7.3 Milj\u00f8p\u00e5virkning fra byggeprodukter<\/td><\/tr><tr><td>7.4 Sirkul\u00e6r bruk av byggeprodukter<\/td><\/tr><tr><td>7.5 Ansvarlig innkj\u00f8p av byggeprodukter<\/td><\/tr><tr><td>7.6 Avfallsh\u00e5ndtering i anleggsfasen<\/td><\/tr><tr><td>7.7 Energi<\/td><\/tr><tr><td>7.8 Vann<\/td><\/tr><tr><td rowspan=\"2\">8 Transport<\/td><td>8.1 Transportnettverk<\/td><\/tr><tr><td>8.2 Logistikk i anleggsfasen<\/td><\/tr><\/tbody><\/table><figcaption class=\"wp-element-caption\">Tabell&nbsp;1. Kategorier og emner i BREEAM Infrastructure versjon&nbsp;6<\/figcaption><\/figure>\n\n\n\n<p><\/p>\n","protected":false},"excerpt":{"rendered":"<p>BREEAM Infrastructure versjon&nbsp;6 inneholder 30 emner fordelt p\u00e5 \u00e5tte kategorier, slik det vises i tabell&nbsp;1. Kategori Emner 1 Ledelse 1.1 B\u00e6rekraftig lederskap 1.2 Milj\u00f8ledelse 1.3 Ansvarlig anleggsledelse 1.4 Styring av sosiale forhold for bemanning og leverand\u00f8rkjeden 1.5 Livssykluskostnader (LCC) 2 Robusthet 2.1 Risikovurdering og tiltak 2.2 Flom og overvann 2.3 Fremtidige behov 3 Lokalsamfunn og [&hellip;]<\/p>\n","protected":false},"author":2,"featured_media":0,"parent":2097,"menu_order":6,"comment_status":"closed","ping_status":"closed","template":"page-page.php","meta":{"_acf_changed":false,"footnotes":""},"categories":[],"connection":[],"class_list":["post-2238","page","type-page","status-publish","hentry"],"acf":[],"yoast_head":"<!-- This site is optimized with the Yoast SEO plugin v24.6 - https:\/\/yoast.com\/wordpress\/plugins\/seo\/ -->\n<title>Kategorier og emner i BREEAM Infrastructure - BREEAM Infrastructure for prosjekter<\/title>\n<meta name=\"robots\" content=\"index, follow, max-snippet:-1, max-image-preview:large, max-video-preview:-1\" \/>\n<link rel=\"canonical\" href=\"https:\/\/breeam-infrastructure.byggalliansen.no\/v6\/innledning\/kategorier-og-emner-i-breeam-infrastructure\/\" \/>\n<meta property=\"og:locale\" content=\"nb_NO\" \/>\n<meta property=\"og:type\" content=\"article\" \/>\n<meta property=\"og:title\" content=\"Kategorier og emner i BREEAM Infrastructure - BREEAM Infrastructure for prosjekter\" \/>\n<meta property=\"og:description\" content=\"BREEAM Infrastructure versjon&nbsp;6 inneholder 30 emner fordelt p\u00e5 \u00e5tte kategorier, slik det vises i tabell&nbsp;1. Kategori Emner 1 Ledelse 1.1 B\u00e6rekraftig lederskap 1.2 Milj\u00f8ledelse 1.3 Ansvarlig anleggsledelse 1.4 Styring av sosiale forhold for bemanning og leverand\u00f8rkjeden 1.5 Livssykluskostnader (LCC) 2 Robusthet 2.1 Risikovurdering og tiltak 2.2 Flom og overvann 2.3 Fremtidige behov 3 Lokalsamfunn og [&hellip;]\" \/>\n<meta property=\"og:url\" content=\"https:\/\/breeam-infrastructure.byggalliansen.no\/v6\/innledning\/kategorier-og-emner-i-breeam-infrastructure\/\" \/>\n<meta property=\"og:site_name\" content=\"BREEAM Infrastructure for prosjekter\" \/>\n<meta property=\"article:modified_time\" content=\"2025-02-21T12:31:35+00:00\" \/>\n<meta name=\"twitter:card\" content=\"summary_large_image\" \/>\n<meta name=\"twitter:label1\" content=\"Ansl. lesetid\" \/>\n\t<meta name=\"twitter:data1\" content=\"1 minutt\" \/>\n<script type=\"application\/ld+json\" class=\"yoast-schema-graph\">{\"@context\":\"https:\/\/schema.org\",\"@graph\":[{\"@type\":\"WebPage\",\"@id\":\"https:\/\/breeam-infrastructure.byggalliansen.no\/v6\/innledning\/kategorier-og-emner-i-breeam-infrastructure\/\",\"url\":\"https:\/\/breeam-infrastructure.byggalliansen.no\/v6\/innledning\/kategorier-og-emner-i-breeam-infrastructure\/\",\"name\":\"Kategorier og emner i BREEAM Infrastructure - BREEAM Infrastructure for prosjekter\",\"isPartOf\":{\"@id\":\"http:\/\/breeam-infrastructure.byggalliansen.no\/v6\/#website\"},\"datePublished\":\"2025-01-08T08:28:47+00:00\",\"dateModified\":\"2025-02-21T12:31:35+00:00\",\"breadcrumb\":{\"@id\":\"https:\/\/breeam-infrastructure.byggalliansen.no\/v6\/innledning\/kategorier-og-emner-i-breeam-infrastructure\/#breadcrumb\"},\"inLanguage\":\"nb-NO\",\"potentialAction\":[{\"@type\":\"ReadAction\",\"target\":[\"https:\/\/breeam-infrastructure.byggalliansen.no\/v6\/innledning\/kategorier-og-emner-i-breeam-infrastructure\/\"]}]},{\"@type\":\"BreadcrumbList\",\"@id\":\"https:\/\/breeam-infrastructure.byggalliansen.no\/v6\/innledning\/kategorier-og-emner-i-breeam-infrastructure\/#breadcrumb\",\"itemListElement\":[{\"@type\":\"ListItem\",\"position\":1,\"name\":\"BREEAM Infrastructure for prosjekter\",\"item\":\"https:\/\/breeam-infrastructure.byggalliansen.no\/v6\/\"},{\"@type\":\"ListItem\",\"position\":2,\"name\":\"Innledning\",\"item\":\"http:\/\/breeam-infrastructure.byggalliansen.no\/v6\/innledning\/\"},{\"@type\":\"ListItem\",\"position\":3,\"name\":\"Kategorier og emner i BREEAM Infrastructure\"}]},{\"@type\":\"WebSite\",\"@id\":\"http:\/\/breeam-infrastructure.byggalliansen.no\/v6\/#website\",\"url\":\"http:\/\/breeam-infrastructure.byggalliansen.no\/v6\/\",\"name\":\"BREEAM Infrastructure for prosjekter\",\"description\":\"Utgave 6, 2024\",\"potentialAction\":[{\"@type\":\"SearchAction\",\"target\":{\"@type\":\"EntryPoint\",\"urlTemplate\":\"http:\/\/breeam-infrastructure.byggalliansen.no\/v6\/?s={search_term_string}\"},\"query-input\":{\"@type\":\"PropertyValueSpecification\",\"valueRequired\":true,\"valueName\":\"search_term_string\"}}],\"inLanguage\":\"nb-NO\"}]}<\/script>\n<!-- \/ Yoast SEO plugin. -->","yoast_head_json":{"title":"Kategorier og emner i BREEAM Infrastructure - BREEAM Infrastructure for prosjekter","robots":{"index":"index","follow":"follow","max-snippet":"max-snippet:-1","max-image-preview":"max-image-preview:large","max-video-preview":"max-video-preview:-1"},"canonical":"https:\/\/breeam-infrastructure.byggalliansen.no\/v6\/innledning\/kategorier-og-emner-i-breeam-infrastructure\/","og_locale":"nb_NO","og_type":"article","og_title":"Kategorier og emner i BREEAM Infrastructure - BREEAM Infrastructure for prosjekter","og_description":"BREEAM Infrastructure versjon&nbsp;6 inneholder 30 emner fordelt p\u00e5 \u00e5tte kategorier, slik det vises i tabell&nbsp;1. Kategori Emner 1 Ledelse 1.1 B\u00e6rekraftig lederskap 1.2 Milj\u00f8ledelse 1.3 Ansvarlig anleggsledelse 1.4 Styring av sosiale forhold for bemanning og leverand\u00f8rkjeden 1.5 Livssykluskostnader (LCC) 2 Robusthet 2.1 Risikovurdering og tiltak 2.2 Flom og overvann 2.3 Fremtidige behov 3 Lokalsamfunn og [&hellip;]","og_url":"https:\/\/breeam-infrastructure.byggalliansen.no\/v6\/innledning\/kategorier-og-emner-i-breeam-infrastructure\/","og_site_name":"BREEAM Infrastructure for prosjekter","article_modified_time":"2025-02-21T12:31:35+00:00","twitter_card":"summary_large_image","twitter_misc":{"Ansl. lesetid":"1 minutt"},"schema":{"@context":"https:\/\/schema.org","@graph":[{"@type":"WebPage","@id":"https:\/\/breeam-infrastructure.byggalliansen.no\/v6\/innledning\/kategorier-og-emner-i-breeam-infrastructure\/","url":"https:\/\/breeam-infrastructure.byggalliansen.no\/v6\/innledning\/kategorier-og-emner-i-breeam-infrastructure\/","name":"Kategorier og emner i BREEAM Infrastructure - BREEAM Infrastructure for prosjekter","isPartOf":{"@id":"http:\/\/breeam-infrastructure.byggalliansen.no\/v6\/#website"},"datePublished":"2025-01-08T08:28:47+00:00","dateModified":"2025-02-21T12:31:35+00:00","breadcrumb":{"@id":"https:\/\/breeam-infrastructure.byggalliansen.no\/v6\/innledning\/kategorier-og-emner-i-breeam-infrastructure\/#breadcrumb"},"inLanguage":"nb-NO","potentialAction":[{"@type":"ReadAction","target":["https:\/\/breeam-infrastructure.byggalliansen.no\/v6\/innledning\/kategorier-og-emner-i-breeam-infrastructure\/"]}]},{"@type":"BreadcrumbList","@id":"https:\/\/breeam-infrastructure.byggalliansen.no\/v6\/innledning\/kategorier-og-emner-i-breeam-infrastructure\/#breadcrumb","itemListElement":[{"@type":"ListItem","position":1,"name":"BREEAM Infrastructure for prosjekter","item":"https:\/\/breeam-infrastructure.byggalliansen.no\/v6\/"},{"@type":"ListItem","position":2,"name":"Innledning","item":"http:\/\/breeam-infrastructure.byggalliansen.no\/v6\/innledning\/"},{"@type":"ListItem","position":3,"name":"Kategorier og emner i BREEAM Infrastructure"}]},{"@type":"WebSite","@id":"http:\/\/breeam-infrastructure.byggalliansen.no\/v6\/#website","url":"http:\/\/breeam-infrastructure.byggalliansen.no\/v6\/","name":"BREEAM Infrastructure for prosjekter","description":"Utgave 6, 2024","potentialAction":[{"@type":"SearchAction","target":{"@type":"EntryPoint","urlTemplate":"http:\/\/breeam-infrastructure.byggalliansen.no\/v6\/?s={search_term_string}"},"query-input":{"@type":"PropertyValueSpecification","valueRequired":true,"valueName":"search_term_string"}}],"inLanguage":"nb-NO"}]}},"_links":{"self":[{"href":"https:\/\/breeam-infrastructure.byggalliansen.no\/v6\/wp-json\/wp\/v2\/pages\/2238","targetHints":{"allow":["GET"]}}],"collection":[{"href":"https:\/\/breeam-infrastructure.byggalliansen.no\/v6\/wp-json\/wp\/v2\/pages"}],"about":[{"href":"https:\/\/breeam-infrastructure.byggalliansen.no\/v6\/wp-json\/wp\/v2\/types\/page"}],"author":[{"embeddable":true,"href":"https:\/\/breeam-infrastructure.byggalliansen.no\/v6\/wp-json\/wp\/v2\/users\/2"}],"replies":[{"embeddable":true,"href":"https:\/\/breeam-infrastructure.byggalliansen.no\/v6\/wp-json\/wp\/v2\/comments?post=2238"}],"version-history":[{"count":3,"href":"https:\/\/breeam-infrastructure.byggalliansen.no\/v6\/wp-json\/wp\/v2\/pages\/2238\/revisions"}],"predecessor-version":[{"id":3797,"href":"https:\/\/breeam-infrastructure.byggalliansen.no\/v6\/wp-json\/wp\/v2\/pages\/2238\/revisions\/3797"}],"up":[{"embeddable":true,"href":"https:\/\/breeam-infrastructure.byggalliansen.no\/v6\/wp-json\/wp\/v2\/pages\/2097"}],"wp:attachment":[{"href":"https:\/\/breeam-infrastructure.byggalliansen.no\/v6\/wp-json\/wp\/v2\/media?parent=2238"}],"wp:term":[{"taxonomy":"category","embeddable":true,"href":"https:\/\/breeam-infrastructure.byggalliansen.no\/v6\/wp-json\/wp\/v2\/categories?post=2238"},{"taxonomy":"connection","embeddable":true,"href":"https:\/\/breeam-infrastructure.byggalliansen.no\/v6\/wp-json\/wp\/v2\/connection?post=2238"}],"curies":[{"name":"wp","href":"https:\/\/api.w.org\/{rel}","templated":true}]}}