{"id":2247,"date":"2025-01-08T08:34:14","date_gmt":"2025-01-08T08:34:14","guid":{"rendered":"https:\/\/manualer.byggalliansen.no\/v6\/?page_id=2247"},"modified":"2025-02-21T12:33:58","modified_gmt":"2025-02-21T12:33:58","slug":"verifiserings-og-sertifiseringssteg","status":"publish","type":"page","link":"https:\/\/breeam-infrastructure.byggalliansen.no\/v6\/virkeomrade\/verifiserings-og-sertifiseringssteg\/","title":{"rendered":"Verifiserings- og sertifiseringssteg"},"content":{"rendered":"\n<p>Et prosjekt m\u00e5 verifiseres minst \u00e9n gang i sluttfasen av prosjektet for at revisjonen skal kunne sertifiseres. Denne obligatoriske verifiseringen dekker alle revisjonsfaser innenfor revisjonsomfanget. En revisjon som bare omfatter designfase, m\u00e5 for eksempel verifiseres i slutten av designfasen, mens en revisjon av et totalprosjektet verifiseres n\u00e5r anleggsfasen sluttf\u00f8res.<\/p>\n\n\n\n<p>Det er valgfritt \u00e5 bruke de \u00f8vrige verifiseringsstegene. Form\u00e5let med verifiseringsstegene som ikke er obligatoriske, er \u00e5 m\u00e5le prestasjonen underveis i prosjektet eller ved viktige milep\u00e6ler, inkludert planlegging, anbud eller etter at detaljprosjekteringen er fullf\u00f8rt. I en revisjon av et totalprosjekt kan man gjennomf\u00f8re verifisering etter at designfasen er fullf\u00f8rt, og revisjonen kan omfatte b\u00e5de tidligfase og designfase. I slutten av anleggsfasen kan man gjennomf\u00f8re den obligatoriske verifiseringen (som bare dekker anleggsfasen).<\/p>\n\n\n\n<p>Tabell&nbsp;3 viser de obligatoriske og valgfrie verifiseringsstegene for hvert enkelt revisjonsomfang i BREEAM Infrastructure versjon&nbsp;6.<\/p>\n\n\n\n<p>Interimsertifisering av designfase er bare tilgjengelig som et ledd i revisjonene av et totalprosjekt. Revisjonen av designfase f\u00f8r ferdigstillelse\/interim er fleksibel, og kan gjennomf\u00f8res n\u00e5r som helst under designfasen. Slike revisjoner er beregnet for \u00e5 utf\u00f8res n\u00e5r tiltakshaveren lyser ut anbud p\u00e5 kontrakter for prosjekterings- og anleggsarbeid. Med interimsertifisering av designfase er det mulig \u00e5 utsette tildelingen av poeng til slutten av designfasen for \u00e5 dekke aktiviteter som inng\u00e5r i konkurransegrunnlaget.<\/p>\n\n\n\n<figure class=\"wp-block-table is-style-core-borders\"><table class=\"has-fixed-layout\"><thead><tr><td rowspan=\"2\"><strong>Revisjonstype<\/strong><\/td><td class=\"has-text-align-center\" data-align=\"center\" colspan=\"4\"><strong>Revisjonsfase<\/strong><\/td><\/tr><tr><td>Tidligfase<\/td><td class=\"has-text-align-center\" data-align=\"center\" colspan=\"2\">Designfase<\/td><td class=\"has-text-align-right\" data-align=\"right\">Anleggsfase<\/td><\/tr><\/thead><tbody><tr><td>Totalprosjekt<\/td><td class=\"has-text-align-center\" data-align=\"center\">&nbsp;&nbsp;&nbsp;&nbsp;&nbsp;&nbsp;&nbsp;&nbsp;&nbsp;&nbsp;&nbsp;&nbsp;&nbsp;&nbsp;&nbsp;&nbsp;&nbsp;&nbsp;&nbsp;&nbsp;&nbsp;&nbsp;&nbsp;&nbsp;&nbsp;&nbsp;&nbsp;&nbsp;&nbsp;&nbsp;&nbsp;&nbsp;&nbsp;&nbsp; V<\/td><td class=\"has-text-align-right\" data-align=\"right\">(interim) V<\/td><td class=\"has-text-align-right\" data-align=\"right\">&nbsp;&nbsp;&nbsp;&nbsp;&nbsp;&nbsp;&nbsp;&nbsp;&nbsp;&nbsp;&nbsp;&nbsp;&nbsp;&nbsp;&nbsp;&nbsp;&nbsp; V<\/td><td class=\"has-text-align-right\" data-align=\"right\">&nbsp;&nbsp;&nbsp;&nbsp;&nbsp;&nbsp;&nbsp;&nbsp;&nbsp;&nbsp;&nbsp;&nbsp;&nbsp;&nbsp;&nbsp;&nbsp;&nbsp;&nbsp;&nbsp;&nbsp;&nbsp;&nbsp;&nbsp;&nbsp;&nbsp;&nbsp;&nbsp;&nbsp;&nbsp;&nbsp;&nbsp; O<\/td><\/tr><tr><td>Tidligfase og designfase<\/td><td class=\"has-text-align-center\" data-align=\"center\">&nbsp;&nbsp;&nbsp;&nbsp;&nbsp;&nbsp;&nbsp;&nbsp;&nbsp;&nbsp;&nbsp;&nbsp;&nbsp;&nbsp;&nbsp;&nbsp;&nbsp;&nbsp;&nbsp;&nbsp;&nbsp;&nbsp;&nbsp;&nbsp;&nbsp;&nbsp;&nbsp;&nbsp;&nbsp;&nbsp;&nbsp;&nbsp;&nbsp;&nbsp; V<\/td><td class=\"has-text-align-right\" data-align=\"right\" colspan=\"2\">&nbsp;&nbsp;&nbsp;&nbsp;&nbsp;&nbsp;&nbsp;&nbsp;&nbsp;&nbsp;&nbsp;&nbsp;&nbsp;&nbsp;&nbsp;&nbsp;&nbsp;&nbsp;&nbsp;&nbsp;&nbsp;&nbsp;&nbsp;&nbsp;&nbsp;&nbsp;&nbsp;&nbsp;&nbsp;&nbsp;&nbsp;&nbsp;&nbsp;&nbsp;&nbsp;&nbsp;&nbsp;&nbsp;&nbsp;&nbsp;&nbsp;&nbsp;&nbsp;&nbsp;&nbsp;&nbsp;&nbsp;&nbsp; O<\/td><td class=\"has-text-align-right\" data-align=\"right\">&nbsp;<\/td><\/tr><tr><td>Designfase<\/td><td class=\"has-text-align-center\" data-align=\"center\">&nbsp;<\/td><td class=\"has-text-align-right\" data-align=\"right\" colspan=\"2\">&nbsp;&nbsp;&nbsp;&nbsp;&nbsp;&nbsp;&nbsp;&nbsp;&nbsp;&nbsp;&nbsp;&nbsp;&nbsp;&nbsp;&nbsp;&nbsp;&nbsp;&nbsp;&nbsp;&nbsp;&nbsp;&nbsp;&nbsp;&nbsp;&nbsp;&nbsp;&nbsp;&nbsp;&nbsp;&nbsp;&nbsp;&nbsp;&nbsp;&nbsp;&nbsp;&nbsp;&nbsp;&nbsp;&nbsp;&nbsp;&nbsp;&nbsp;&nbsp;&nbsp;&nbsp;&nbsp;&nbsp;&nbsp; O<\/td><td class=\"has-text-align-right\" data-align=\"right\">&nbsp;<\/td><\/tr><tr><td>Designfase og anleggsfase<\/td><td class=\"has-text-align-center\" data-align=\"center\">&nbsp;<\/td><td class=\"has-text-align-right\" data-align=\"right\" colspan=\"2\">&nbsp;&nbsp;&nbsp;&nbsp;&nbsp;&nbsp;&nbsp;&nbsp;&nbsp;&nbsp;&nbsp;&nbsp;&nbsp;&nbsp;&nbsp;&nbsp;&nbsp;&nbsp;&nbsp;&nbsp;&nbsp;&nbsp;&nbsp;&nbsp;&nbsp;&nbsp;&nbsp;&nbsp;&nbsp;&nbsp;&nbsp;&nbsp;&nbsp;&nbsp;&nbsp;&nbsp;&nbsp;&nbsp;&nbsp;&nbsp;&nbsp;&nbsp;&nbsp;&nbsp;&nbsp;&nbsp;&nbsp;&nbsp; V<\/td><td class=\"has-text-align-right\" data-align=\"right\">&nbsp;&nbsp;&nbsp;&nbsp;&nbsp;&nbsp;&nbsp;&nbsp;&nbsp;&nbsp;&nbsp;&nbsp;&nbsp;&nbsp;&nbsp;&nbsp;&nbsp;&nbsp;&nbsp;&nbsp;&nbsp;&nbsp;&nbsp;&nbsp;&nbsp;&nbsp;&nbsp;&nbsp;&nbsp;&nbsp;&nbsp; O<\/td><\/tr><tr><td>Anleggsfase<\/td><td class=\"has-text-align-center\" data-align=\"center\" colspan=\"3\">&nbsp;<\/td><td class=\"has-text-align-right\" data-align=\"right\">&nbsp;&nbsp;&nbsp;&nbsp;&nbsp;&nbsp;&nbsp;&nbsp;&nbsp;&nbsp;&nbsp;&nbsp;&nbsp;&nbsp;&nbsp;&nbsp;&nbsp;&nbsp;&nbsp;&nbsp;&nbsp;&nbsp;&nbsp;&nbsp;&nbsp;&nbsp;&nbsp;&nbsp;&nbsp;&nbsp;&nbsp; O<\/td><\/tr><\/tbody><\/table><figcaption class=\"wp-element-caption\">Tabell&nbsp;3. Verifiseringsteg i BREEAM Infrastructure versjon&nbsp;6 (V \u2013 valgfritt, O \u2013 obligatorisk)<\/figcaption><\/figure>\n\n\n\n<p><\/p>\n","protected":false},"excerpt":{"rendered":"<p>Et prosjekt m\u00e5 verifiseres minst \u00e9n gang i sluttfasen av prosjektet for at revisjonen skal kunne sertifiseres. Denne obligatoriske verifiseringen dekker alle revisjonsfaser innenfor revisjonsomfanget. En revisjon som bare omfatter designfase, m\u00e5 for eksempel verifiseres i slutten av designfasen, mens en revisjon av et totalprosjektet verifiseres n\u00e5r anleggsfasen sluttf\u00f8res. Det er valgfritt \u00e5 bruke de [&hellip;]<\/p>\n","protected":false},"author":2,"featured_media":0,"parent":2104,"menu_order":3,"comment_status":"closed","ping_status":"closed","template":"page-page.php","meta":{"_acf_changed":false,"footnotes":""},"categories":[],"connection":[],"class_list":["post-2247","page","type-page","status-publish","hentry"],"acf":[],"yoast_head":"<!-- This site is optimized with the Yoast SEO plugin v24.6 - https:\/\/yoast.com\/wordpress\/plugins\/seo\/ -->\n<title>Verifiserings- og sertifiseringssteg - BREEAM Infrastructure for prosjekter<\/title>\n<meta name=\"robots\" content=\"index, follow, max-snippet:-1, max-image-preview:large, max-video-preview:-1\" \/>\n<link rel=\"canonical\" href=\"https:\/\/breeam-infrastructure.byggalliansen.no\/v6\/virkeomrade\/verifiserings-og-sertifiseringssteg\/\" \/>\n<meta property=\"og:locale\" content=\"nb_NO\" \/>\n<meta property=\"og:type\" content=\"article\" \/>\n<meta property=\"og:title\" content=\"Verifiserings- og sertifiseringssteg - BREEAM Infrastructure for prosjekter\" \/>\n<meta property=\"og:description\" content=\"Et prosjekt m\u00e5 verifiseres minst \u00e9n gang i sluttfasen av prosjektet for at revisjonen skal kunne sertifiseres. Denne obligatoriske verifiseringen dekker alle revisjonsfaser innenfor revisjonsomfanget. En revisjon som bare omfatter designfase, m\u00e5 for eksempel verifiseres i slutten av designfasen, mens en revisjon av et totalprosjektet verifiseres n\u00e5r anleggsfasen sluttf\u00f8res. Det er valgfritt \u00e5 bruke de [&hellip;]\" \/>\n<meta property=\"og:url\" content=\"https:\/\/breeam-infrastructure.byggalliansen.no\/v6\/virkeomrade\/verifiserings-og-sertifiseringssteg\/\" \/>\n<meta property=\"og:site_name\" content=\"BREEAM Infrastructure for prosjekter\" \/>\n<meta property=\"article:modified_time\" content=\"2025-02-21T12:33:58+00:00\" \/>\n<meta name=\"twitter:card\" content=\"summary_large_image\" \/>\n<meta name=\"twitter:label1\" content=\"Ansl. lesetid\" \/>\n\t<meta name=\"twitter:data1\" content=\"2 minutter\" \/>\n<script type=\"application\/ld+json\" class=\"yoast-schema-graph\">{\"@context\":\"https:\/\/schema.org\",\"@graph\":[{\"@type\":\"WebPage\",\"@id\":\"https:\/\/breeam-infrastructure.byggalliansen.no\/v6\/virkeomrade\/verifiserings-og-sertifiseringssteg\/\",\"url\":\"https:\/\/breeam-infrastructure.byggalliansen.no\/v6\/virkeomrade\/verifiserings-og-sertifiseringssteg\/\",\"name\":\"Verifiserings- og sertifiseringssteg - BREEAM Infrastructure for prosjekter\",\"isPartOf\":{\"@id\":\"http:\/\/breeam-infrastructure.byggalliansen.no\/v6\/#website\"},\"datePublished\":\"2025-01-08T08:34:14+00:00\",\"dateModified\":\"2025-02-21T12:33:58+00:00\",\"breadcrumb\":{\"@id\":\"https:\/\/breeam-infrastructure.byggalliansen.no\/v6\/virkeomrade\/verifiserings-og-sertifiseringssteg\/#breadcrumb\"},\"inLanguage\":\"nb-NO\",\"potentialAction\":[{\"@type\":\"ReadAction\",\"target\":[\"https:\/\/breeam-infrastructure.byggalliansen.no\/v6\/virkeomrade\/verifiserings-og-sertifiseringssteg\/\"]}]},{\"@type\":\"BreadcrumbList\",\"@id\":\"https:\/\/breeam-infrastructure.byggalliansen.no\/v6\/virkeomrade\/verifiserings-og-sertifiseringssteg\/#breadcrumb\",\"itemListElement\":[{\"@type\":\"ListItem\",\"position\":1,\"name\":\"BREEAM Infrastructure for prosjekter\",\"item\":\"https:\/\/breeam-infrastructure.byggalliansen.no\/v6\/\"},{\"@type\":\"ListItem\",\"position\":2,\"name\":\"Virkeomr\u00e5de\",\"item\":\"https:\/\/breeam-infrastructure.byggalliansen.no\/v6\/virkeomrade\/\"},{\"@type\":\"ListItem\",\"position\":3,\"name\":\"Verifiserings- og sertifiseringssteg\"}]},{\"@type\":\"WebSite\",\"@id\":\"http:\/\/breeam-infrastructure.byggalliansen.no\/v6\/#website\",\"url\":\"http:\/\/breeam-infrastructure.byggalliansen.no\/v6\/\",\"name\":\"BREEAM Infrastructure for prosjekter\",\"description\":\"Utgave 6, 2024\",\"potentialAction\":[{\"@type\":\"SearchAction\",\"target\":{\"@type\":\"EntryPoint\",\"urlTemplate\":\"http:\/\/breeam-infrastructure.byggalliansen.no\/v6\/?s={search_term_string}\"},\"query-input\":{\"@type\":\"PropertyValueSpecification\",\"valueRequired\":true,\"valueName\":\"search_term_string\"}}],\"inLanguage\":\"nb-NO\"}]}<\/script>\n<!-- \/ Yoast SEO plugin. -->","yoast_head_json":{"title":"Verifiserings- og sertifiseringssteg - BREEAM Infrastructure for prosjekter","robots":{"index":"index","follow":"follow","max-snippet":"max-snippet:-1","max-image-preview":"max-image-preview:large","max-video-preview":"max-video-preview:-1"},"canonical":"https:\/\/breeam-infrastructure.byggalliansen.no\/v6\/virkeomrade\/verifiserings-og-sertifiseringssteg\/","og_locale":"nb_NO","og_type":"article","og_title":"Verifiserings- og sertifiseringssteg - BREEAM Infrastructure for prosjekter","og_description":"Et prosjekt m\u00e5 verifiseres minst \u00e9n gang i sluttfasen av prosjektet for at revisjonen skal kunne sertifiseres. Denne obligatoriske verifiseringen dekker alle revisjonsfaser innenfor revisjonsomfanget. En revisjon som bare omfatter designfase, m\u00e5 for eksempel verifiseres i slutten av designfasen, mens en revisjon av et totalprosjektet verifiseres n\u00e5r anleggsfasen sluttf\u00f8res. Det er valgfritt \u00e5 bruke de [&hellip;]","og_url":"https:\/\/breeam-infrastructure.byggalliansen.no\/v6\/virkeomrade\/verifiserings-og-sertifiseringssteg\/","og_site_name":"BREEAM Infrastructure for prosjekter","article_modified_time":"2025-02-21T12:33:58+00:00","twitter_card":"summary_large_image","twitter_misc":{"Ansl. lesetid":"2 minutter"},"schema":{"@context":"https:\/\/schema.org","@graph":[{"@type":"WebPage","@id":"https:\/\/breeam-infrastructure.byggalliansen.no\/v6\/virkeomrade\/verifiserings-og-sertifiseringssteg\/","url":"https:\/\/breeam-infrastructure.byggalliansen.no\/v6\/virkeomrade\/verifiserings-og-sertifiseringssteg\/","name":"Verifiserings- og sertifiseringssteg - BREEAM Infrastructure for prosjekter","isPartOf":{"@id":"http:\/\/breeam-infrastructure.byggalliansen.no\/v6\/#website"},"datePublished":"2025-01-08T08:34:14+00:00","dateModified":"2025-02-21T12:33:58+00:00","breadcrumb":{"@id":"https:\/\/breeam-infrastructure.byggalliansen.no\/v6\/virkeomrade\/verifiserings-og-sertifiseringssteg\/#breadcrumb"},"inLanguage":"nb-NO","potentialAction":[{"@type":"ReadAction","target":["https:\/\/breeam-infrastructure.byggalliansen.no\/v6\/virkeomrade\/verifiserings-og-sertifiseringssteg\/"]}]},{"@type":"BreadcrumbList","@id":"https:\/\/breeam-infrastructure.byggalliansen.no\/v6\/virkeomrade\/verifiserings-og-sertifiseringssteg\/#breadcrumb","itemListElement":[{"@type":"ListItem","position":1,"name":"BREEAM Infrastructure for prosjekter","item":"https:\/\/breeam-infrastructure.byggalliansen.no\/v6\/"},{"@type":"ListItem","position":2,"name":"Virkeomr\u00e5de","item":"https:\/\/breeam-infrastructure.byggalliansen.no\/v6\/virkeomrade\/"},{"@type":"ListItem","position":3,"name":"Verifiserings- og sertifiseringssteg"}]},{"@type":"WebSite","@id":"http:\/\/breeam-infrastructure.byggalliansen.no\/v6\/#website","url":"http:\/\/breeam-infrastructure.byggalliansen.no\/v6\/","name":"BREEAM Infrastructure for prosjekter","description":"Utgave 6, 2024","potentialAction":[{"@type":"SearchAction","target":{"@type":"EntryPoint","urlTemplate":"http:\/\/breeam-infrastructure.byggalliansen.no\/v6\/?s={search_term_string}"},"query-input":{"@type":"PropertyValueSpecification","valueRequired":true,"valueName":"search_term_string"}}],"inLanguage":"nb-NO"}]}},"_links":{"self":[{"href":"https:\/\/breeam-infrastructure.byggalliansen.no\/v6\/wp-json\/wp\/v2\/pages\/2247","targetHints":{"allow":["GET"]}}],"collection":[{"href":"https:\/\/breeam-infrastructure.byggalliansen.no\/v6\/wp-json\/wp\/v2\/pages"}],"about":[{"href":"https:\/\/breeam-infrastructure.byggalliansen.no\/v6\/wp-json\/wp\/v2\/types\/page"}],"author":[{"embeddable":true,"href":"https:\/\/breeam-infrastructure.byggalliansen.no\/v6\/wp-json\/wp\/v2\/users\/2"}],"replies":[{"embeddable":true,"href":"https:\/\/breeam-infrastructure.byggalliansen.no\/v6\/wp-json\/wp\/v2\/comments?post=2247"}],"version-history":[{"count":3,"href":"https:\/\/breeam-infrastructure.byggalliansen.no\/v6\/wp-json\/wp\/v2\/pages\/2247\/revisions"}],"predecessor-version":[{"id":3800,"href":"https:\/\/breeam-infrastructure.byggalliansen.no\/v6\/wp-json\/wp\/v2\/pages\/2247\/revisions\/3800"}],"up":[{"embeddable":true,"href":"https:\/\/breeam-infrastructure.byggalliansen.no\/v6\/wp-json\/wp\/v2\/pages\/2104"}],"wp:attachment":[{"href":"https:\/\/breeam-infrastructure.byggalliansen.no\/v6\/wp-json\/wp\/v2\/media?parent=2247"}],"wp:term":[{"taxonomy":"category","embeddable":true,"href":"https:\/\/breeam-infrastructure.byggalliansen.no\/v6\/wp-json\/wp\/v2\/categories?post=2247"},{"taxonomy":"connection","embeddable":true,"href":"https:\/\/breeam-infrastructure.byggalliansen.no\/v6\/wp-json\/wp\/v2\/connection?post=2247"}],"curies":[{"name":"wp","href":"https:\/\/api.w.org\/{rel}","templated":true}]}}