{"id":2249,"date":"2025-01-08T08:34:59","date_gmt":"2025-01-08T08:34:59","guid":{"rendered":"https:\/\/manualer.byggalliansen.no\/v6\/?page_id=2249"},"modified":"2025-01-13T14:52:24","modified_gmt":"2025-01-13T14:52:24","slug":"underprosjekter","status":"publish","type":"page","link":"https:\/\/breeam-infrastructure.byggalliansen.no\/v6\/virkeomrade\/underprosjekter\/","title":{"rendered":"Underprosjekter"},"content":{"rendered":"\n<p>I mange infrastrukturprosjekter kan kriteriene brukes i revisjonen for et totalprosjekt slik at man f\u00e5r en overordnet poengsum og klassifisering. I andre tilfeller, for eksempel viktige nasjonale infrastrukturprosjekter, kan det v\u00e6re mer hensiktsmessig \u00e5 dele inn prosjektet i underprosjekter og revidere disse hver for seg.<\/p>\n\n\n\n<p>Med denne tiln\u00e6rmingen b\u00f8r man fortsatt vurdere tidligfasekriteriene for hele prosjektet under ett. Poengsummen du oppn\u00e5r i tidligfase, overf\u00f8res til hvert enkelt underprosjekt, og kriteriene for designfase og anleggsfase vurderes p\u00e5 underprosjektniv\u00e5. Poengsummen knyttet til tidligfase, som gjelder for hele prosjektet, legges deretter til poengsummen for designfase og anleggsfase, slik at du f\u00e5r en samlet poengsum for revisjonen av underprosjektene. Totalprosjekter kan deles inn i underprosjekter i tilfeller der b\u00e6rekraftresultatene for ulike underprosjekter kan v\u00e6re forskjellige. Eksempler:<\/p>\n\n\n\n<ol class=\"wp-block-list\">\n<li>Ulike deler av prosjektet utvikles av forskjellige prosjektgrupper eller entrepren\u00f8rer med ulike tiln\u00e6rminger til prosjektering eller bygging.<\/li>\n\n\n\n<li>Prosjektet revideres p\u00e5 ulike lokaliteter (f.eks. line\u00e6re prosjekter), der p\u00e5virkningen fra prosjektet vil ha ulik innvirkning p\u00e5 b\u00e6rekraftsemnene dekket i revisjonen.<\/li>\n<\/ol>\n\n\n\n<p>Hvis tiltakshaveren \u00f8nsker \u00e5 dele opp prosjektet av andre \u00e5rsaker (f.eks. forberedende anleggsarbeider med separate anbud), kan man kontakte BRE&nbsp;Global.<\/p>\n\n\n\n<p>N\u00e5r et prosjekt er fullf\u00f8rt, blir alle poengsummene for underprosjektene sl\u00e5tt sammen basert p\u00e5 verdiene i kontraktene til en samlet klassifisering for hele prosjektet.<\/p>\n\n\n\n<p><\/p>\n","protected":false},"excerpt":{"rendered":"<p>I mange infrastrukturprosjekter kan kriteriene brukes i revisjonen for et totalprosjekt slik at man f\u00e5r en overordnet poengsum og klassifisering. I andre tilfeller, for eksempel viktige nasjonale infrastrukturprosjekter, kan det v\u00e6re mer hensiktsmessig \u00e5 dele inn prosjektet i underprosjekter og revidere disse hver for seg. Med denne tiln\u00e6rmingen b\u00f8r man fortsatt vurdere tidligfasekriteriene for hele [&hellip;]<\/p>\n","protected":false},"author":2,"featured_media":0,"parent":2104,"menu_order":4,"comment_status":"closed","ping_status":"closed","template":"page-page.php","meta":{"_acf_changed":false,"footnotes":""},"categories":[],"connection":[],"class_list":["post-2249","page","type-page","status-publish","hentry"],"acf":[],"yoast_head":"<!-- This site is optimized with the Yoast SEO plugin v24.6 - https:\/\/yoast.com\/wordpress\/plugins\/seo\/ -->\n<title>Underprosjekter - BREEAM Infrastructure for prosjekter<\/title>\n<meta name=\"robots\" content=\"index, follow, max-snippet:-1, max-image-preview:large, max-video-preview:-1\" \/>\n<link rel=\"canonical\" href=\"https:\/\/breeam-infrastructure.byggalliansen.no\/v6\/virkeomrade\/underprosjekter\/\" \/>\n<meta property=\"og:locale\" content=\"nb_NO\" \/>\n<meta property=\"og:type\" content=\"article\" \/>\n<meta property=\"og:title\" content=\"Underprosjekter - BREEAM Infrastructure for prosjekter\" \/>\n<meta property=\"og:description\" content=\"I mange infrastrukturprosjekter kan kriteriene brukes i revisjonen for et totalprosjekt slik at man f\u00e5r en overordnet poengsum og klassifisering. I andre tilfeller, for eksempel viktige nasjonale infrastrukturprosjekter, kan det v\u00e6re mer hensiktsmessig \u00e5 dele inn prosjektet i underprosjekter og revidere disse hver for seg. Med denne tiln\u00e6rmingen b\u00f8r man fortsatt vurdere tidligfasekriteriene for hele [&hellip;]\" \/>\n<meta property=\"og:url\" content=\"https:\/\/breeam-infrastructure.byggalliansen.no\/v6\/virkeomrade\/underprosjekter\/\" \/>\n<meta property=\"og:site_name\" content=\"BREEAM Infrastructure for prosjekter\" \/>\n<meta property=\"article:modified_time\" content=\"2025-01-13T14:52:24+00:00\" \/>\n<meta name=\"twitter:card\" content=\"summary_large_image\" \/>\n<meta name=\"twitter:label1\" content=\"Ansl. lesetid\" \/>\n\t<meta name=\"twitter:data1\" content=\"2 minutter\" \/>\n<script type=\"application\/ld+json\" class=\"yoast-schema-graph\">{\"@context\":\"https:\/\/schema.org\",\"@graph\":[{\"@type\":\"WebPage\",\"@id\":\"https:\/\/breeam-infrastructure.byggalliansen.no\/v6\/virkeomrade\/underprosjekter\/\",\"url\":\"https:\/\/breeam-infrastructure.byggalliansen.no\/v6\/virkeomrade\/underprosjekter\/\",\"name\":\"Underprosjekter - BREEAM Infrastructure for prosjekter\",\"isPartOf\":{\"@id\":\"http:\/\/breeam-infrastructure.byggalliansen.no\/v6\/#website\"},\"datePublished\":\"2025-01-08T08:34:59+00:00\",\"dateModified\":\"2025-01-13T14:52:24+00:00\",\"breadcrumb\":{\"@id\":\"https:\/\/breeam-infrastructure.byggalliansen.no\/v6\/virkeomrade\/underprosjekter\/#breadcrumb\"},\"inLanguage\":\"nb-NO\",\"potentialAction\":[{\"@type\":\"ReadAction\",\"target\":[\"https:\/\/breeam-infrastructure.byggalliansen.no\/v6\/virkeomrade\/underprosjekter\/\"]}]},{\"@type\":\"BreadcrumbList\",\"@id\":\"https:\/\/breeam-infrastructure.byggalliansen.no\/v6\/virkeomrade\/underprosjekter\/#breadcrumb\",\"itemListElement\":[{\"@type\":\"ListItem\",\"position\":1,\"name\":\"BREEAM Infrastructure for prosjekter\",\"item\":\"https:\/\/breeam-infrastructure.byggalliansen.no\/v6\/\"},{\"@type\":\"ListItem\",\"position\":2,\"name\":\"Virkeomr\u00e5de\",\"item\":\"https:\/\/breeam-infrastructure.byggalliansen.no\/v6\/virkeomrade\/\"},{\"@type\":\"ListItem\",\"position\":3,\"name\":\"Underprosjekter\"}]},{\"@type\":\"WebSite\",\"@id\":\"http:\/\/breeam-infrastructure.byggalliansen.no\/v6\/#website\",\"url\":\"http:\/\/breeam-infrastructure.byggalliansen.no\/v6\/\",\"name\":\"BREEAM Infrastructure for prosjekter\",\"description\":\"Utgave 6, 2024\",\"potentialAction\":[{\"@type\":\"SearchAction\",\"target\":{\"@type\":\"EntryPoint\",\"urlTemplate\":\"http:\/\/breeam-infrastructure.byggalliansen.no\/v6\/?s={search_term_string}\"},\"query-input\":{\"@type\":\"PropertyValueSpecification\",\"valueRequired\":true,\"valueName\":\"search_term_string\"}}],\"inLanguage\":\"nb-NO\"}]}<\/script>\n<!-- \/ Yoast SEO plugin. -->","yoast_head_json":{"title":"Underprosjekter - BREEAM Infrastructure for prosjekter","robots":{"index":"index","follow":"follow","max-snippet":"max-snippet:-1","max-image-preview":"max-image-preview:large","max-video-preview":"max-video-preview:-1"},"canonical":"https:\/\/breeam-infrastructure.byggalliansen.no\/v6\/virkeomrade\/underprosjekter\/","og_locale":"nb_NO","og_type":"article","og_title":"Underprosjekter - BREEAM Infrastructure for prosjekter","og_description":"I mange infrastrukturprosjekter kan kriteriene brukes i revisjonen for et totalprosjekt slik at man f\u00e5r en overordnet poengsum og klassifisering. I andre tilfeller, for eksempel viktige nasjonale infrastrukturprosjekter, kan det v\u00e6re mer hensiktsmessig \u00e5 dele inn prosjektet i underprosjekter og revidere disse hver for seg. Med denne tiln\u00e6rmingen b\u00f8r man fortsatt vurdere tidligfasekriteriene for hele [&hellip;]","og_url":"https:\/\/breeam-infrastructure.byggalliansen.no\/v6\/virkeomrade\/underprosjekter\/","og_site_name":"BREEAM Infrastructure for prosjekter","article_modified_time":"2025-01-13T14:52:24+00:00","twitter_card":"summary_large_image","twitter_misc":{"Ansl. lesetid":"2 minutter"},"schema":{"@context":"https:\/\/schema.org","@graph":[{"@type":"WebPage","@id":"https:\/\/breeam-infrastructure.byggalliansen.no\/v6\/virkeomrade\/underprosjekter\/","url":"https:\/\/breeam-infrastructure.byggalliansen.no\/v6\/virkeomrade\/underprosjekter\/","name":"Underprosjekter - BREEAM Infrastructure for prosjekter","isPartOf":{"@id":"http:\/\/breeam-infrastructure.byggalliansen.no\/v6\/#website"},"datePublished":"2025-01-08T08:34:59+00:00","dateModified":"2025-01-13T14:52:24+00:00","breadcrumb":{"@id":"https:\/\/breeam-infrastructure.byggalliansen.no\/v6\/virkeomrade\/underprosjekter\/#breadcrumb"},"inLanguage":"nb-NO","potentialAction":[{"@type":"ReadAction","target":["https:\/\/breeam-infrastructure.byggalliansen.no\/v6\/virkeomrade\/underprosjekter\/"]}]},{"@type":"BreadcrumbList","@id":"https:\/\/breeam-infrastructure.byggalliansen.no\/v6\/virkeomrade\/underprosjekter\/#breadcrumb","itemListElement":[{"@type":"ListItem","position":1,"name":"BREEAM Infrastructure for prosjekter","item":"https:\/\/breeam-infrastructure.byggalliansen.no\/v6\/"},{"@type":"ListItem","position":2,"name":"Virkeomr\u00e5de","item":"https:\/\/breeam-infrastructure.byggalliansen.no\/v6\/virkeomrade\/"},{"@type":"ListItem","position":3,"name":"Underprosjekter"}]},{"@type":"WebSite","@id":"http:\/\/breeam-infrastructure.byggalliansen.no\/v6\/#website","url":"http:\/\/breeam-infrastructure.byggalliansen.no\/v6\/","name":"BREEAM Infrastructure for prosjekter","description":"Utgave 6, 2024","potentialAction":[{"@type":"SearchAction","target":{"@type":"EntryPoint","urlTemplate":"http:\/\/breeam-infrastructure.byggalliansen.no\/v6\/?s={search_term_string}"},"query-input":{"@type":"PropertyValueSpecification","valueRequired":true,"valueName":"search_term_string"}}],"inLanguage":"nb-NO"}]}},"_links":{"self":[{"href":"https:\/\/breeam-infrastructure.byggalliansen.no\/v6\/wp-json\/wp\/v2\/pages\/2249","targetHints":{"allow":["GET"]}}],"collection":[{"href":"https:\/\/breeam-infrastructure.byggalliansen.no\/v6\/wp-json\/wp\/v2\/pages"}],"about":[{"href":"https:\/\/breeam-infrastructure.byggalliansen.no\/v6\/wp-json\/wp\/v2\/types\/page"}],"author":[{"embeddable":true,"href":"https:\/\/breeam-infrastructure.byggalliansen.no\/v6\/wp-json\/wp\/v2\/users\/2"}],"replies":[{"embeddable":true,"href":"https:\/\/breeam-infrastructure.byggalliansen.no\/v6\/wp-json\/wp\/v2\/comments?post=2249"}],"version-history":[{"count":2,"href":"https:\/\/breeam-infrastructure.byggalliansen.no\/v6\/wp-json\/wp\/v2\/pages\/2249\/revisions"}],"predecessor-version":[{"id":2378,"href":"https:\/\/breeam-infrastructure.byggalliansen.no\/v6\/wp-json\/wp\/v2\/pages\/2249\/revisions\/2378"}],"up":[{"embeddable":true,"href":"https:\/\/breeam-infrastructure.byggalliansen.no\/v6\/wp-json\/wp\/v2\/pages\/2104"}],"wp:attachment":[{"href":"https:\/\/breeam-infrastructure.byggalliansen.no\/v6\/wp-json\/wp\/v2\/media?parent=2249"}],"wp:term":[{"taxonomy":"category","embeddable":true,"href":"https:\/\/breeam-infrastructure.byggalliansen.no\/v6\/wp-json\/wp\/v2\/categories?post=2249"},{"taxonomy":"connection","embeddable":true,"href":"https:\/\/breeam-infrastructure.byggalliansen.no\/v6\/wp-json\/wp\/v2\/connection?post=2249"}],"curies":[{"name":"wp","href":"https:\/\/api.w.org\/{rel}","templated":true}]}}