{"id":2251,"date":"2025-01-08T08:35:40","date_gmt":"2025-01-08T08:35:40","guid":{"rendered":"https:\/\/manualer.byggalliansen.no\/v6\/?page_id=2251"},"modified":"2025-03-17T09:09:17","modified_gmt":"2025-03-17T09:09:17","slug":"systemgrenser","status":"publish","type":"page","link":"https:\/\/breeam-infrastructure.byggalliansen.no\/v6\/virkeomrade\/systemgrenser\/","title":{"rendered":"Systemgrenser"},"content":{"rendered":"\n<p>Infrastruktur inng\u00e5r i et komplekst nettverk av systemer. Dette inneb\u00e6rer at rammene for en BREEAM Infrastructure-revisjon (hva som skal tas med i og utelates fra revisjonen) ikke alltid er tydelige. For \u00e5 kunne gi en rettferdig, riktig og sammenlignbar revisjon av planlegging, prosjektering og bygging av ny infrastruktur er det n\u00f8dvendig \u00e5 fastsette systemgrenser for BREEAM Infrastructure-revisjonen.<\/p>\n\n\n\n<p>Ettersom BREEAM Infrastructure-ordningen omfatter ulike former for aktiviteter og p\u00e5virkning, defineres det ikke \u00e9n enkelt overordnet ramme for et prosjekt (eller underprosjekt). I stedet varierer rammene som kreves, etter emnet. Rammene defineres innenfor de tekniske kravene i ordningen og i tr\u00e5d med ett eller flere av disse punktene:<\/p>\n\n\n\n<ul class=\"wp-block-list\">\n<li>Eksplisitte geografiske, tidsmessige eller funksjonelle begrensninger<\/li>\n\n\n\n<li>Nasjonale eller internasjonale standarder<\/li>\n\n\n\n<li>Retningslinjer for beste praksis i bransjen og fra myndighetene<\/li>\n\n\n\n<li>Spesifikke metoder i BREEAM Infrastructure<\/li>\n\n\n\n<li>Spesifikke minstekrav for innhold og aktiviteter<\/li>\n\n\n\n<li>Konsultasjoner med relevante interessenter<\/li>\n\n\n\n<li>Vurderingen til fagpersoner med n\u00f8dvendige kvalifikasjoner<\/li>\n\n\n\n<li>Vurderingen til BREEAM Infrastructure-assessoren og prosjektgruppen med verifisering fra BREEAM Infrastructure-verifisereren<\/li>\n<\/ul>\n\n\n\n<p>Form\u00e5let med de fastsatte rammene er \u00e5 st\u00f8tte m\u00e5lene for hvert enkelt emne og de overordnede m\u00e5lene med denne ordningen. I enkelte tilfeller er definisjonene mer fleksible for at revisjonene skal kunne gjennomf\u00f8res, og for \u00e5 ta h\u00f8yde for uforutsette scenarioer.<\/p>\n\n\n\n<p>N\u00e5r det skal fastsettes rammer, m\u00e5 BREEAM Infrastructure-assessoren eller en kvalifisert fagperson vurdere f\u00f8lgende sp\u00f8rsm\u00e5l:<\/p>\n\n\n\n<ul class=\"wp-block-list\">\n<li>Ved \u00e5 inkludere dette i revisjonen, bidrar det til \u00e5 underst\u00f8tte m\u00e5let?<\/li>\n\n\n\n<li>Oppn\u00e5r man en riktigere vurdering av resultatene for det aktuelle emnet ved \u00e5 inkludere dette?<\/li>\n\n\n\n<li>Er det realistisk, berettiget og forholdsmessig \u00e5 inkludere dette?<\/li>\n<\/ul>\n\n\n\n<p>I enkelte tilfeller er det hensiktsmessig \u00e5 forenkle rammene slik at revisjonen st\u00e5r i forhold til prosjektets omfang og tilknyttet p\u00e5virkning. Rammene som defineres i BREEAM Infrastructure, har ofte denne typen fleksibilitet \u2013 ogs\u00e5 n\u00e5r en fagperson med n\u00f8dvendige kvalifikasjoner skal ta stilling til sp\u00f8rsm\u00e5let. I enkelte tilfeller kan metoden for \u00e5 fastsette rammene v\u00e6re spesielt kompleks eller utfordrende (det kan f.eks. kreves spesialistkompetanse), og det stilles andre krav til prosjekter der en slik grad av kompleksitet ikke er hensiktsmessig.<\/p>\n","protected":false},"excerpt":{"rendered":"<p>Infrastruktur inng\u00e5r i et komplekst nettverk av systemer. Dette inneb\u00e6rer at rammene for en BREEAM Infrastructure-revisjon (hva som skal tas med i og utelates fra revisjonen) ikke alltid er tydelige. For \u00e5 kunne gi en rettferdig, riktig og sammenlignbar revisjon av planlegging, prosjektering og bygging av ny infrastruktur er det n\u00f8dvendig \u00e5 fastsette systemgrenser for [&hellip;]<\/p>\n","protected":false},"author":2,"featured_media":0,"parent":2104,"menu_order":5,"comment_status":"closed","ping_status":"closed","template":"page-page.php","meta":{"_acf_changed":false,"footnotes":""},"categories":[],"connection":[],"class_list":["post-2251","page","type-page","status-publish","hentry"],"acf":[],"yoast_head":"<!-- This site is optimized with the Yoast SEO plugin v24.6 - https:\/\/yoast.com\/wordpress\/plugins\/seo\/ -->\n<title>Systemgrenser - BREEAM Infrastructure for prosjekter<\/title>\n<meta name=\"robots\" content=\"index, follow, max-snippet:-1, max-image-preview:large, max-video-preview:-1\" \/>\n<link rel=\"canonical\" href=\"https:\/\/breeam-infrastructure.byggalliansen.no\/v6\/virkeomrade\/systemgrenser\/\" \/>\n<meta property=\"og:locale\" content=\"nb_NO\" \/>\n<meta property=\"og:type\" content=\"article\" \/>\n<meta property=\"og:title\" content=\"Systemgrenser - BREEAM Infrastructure for prosjekter\" \/>\n<meta property=\"og:description\" content=\"Infrastruktur inng\u00e5r i et komplekst nettverk av systemer. Dette inneb\u00e6rer at rammene for en BREEAM Infrastructure-revisjon (hva som skal tas med i og utelates fra revisjonen) ikke alltid er tydelige. For \u00e5 kunne gi en rettferdig, riktig og sammenlignbar revisjon av planlegging, prosjektering og bygging av ny infrastruktur er det n\u00f8dvendig \u00e5 fastsette systemgrenser for [&hellip;]\" \/>\n<meta property=\"og:url\" content=\"https:\/\/breeam-infrastructure.byggalliansen.no\/v6\/virkeomrade\/systemgrenser\/\" \/>\n<meta property=\"og:site_name\" content=\"BREEAM Infrastructure for prosjekter\" \/>\n<meta property=\"article:modified_time\" content=\"2025-03-17T09:09:17+00:00\" \/>\n<meta name=\"twitter:card\" content=\"summary_large_image\" \/>\n<meta name=\"twitter:label1\" content=\"Ansl. lesetid\" \/>\n\t<meta name=\"twitter:data1\" content=\"2 minutter\" \/>\n<script type=\"application\/ld+json\" class=\"yoast-schema-graph\">{\"@context\":\"https:\/\/schema.org\",\"@graph\":[{\"@type\":\"WebPage\",\"@id\":\"https:\/\/breeam-infrastructure.byggalliansen.no\/v6\/virkeomrade\/systemgrenser\/\",\"url\":\"https:\/\/breeam-infrastructure.byggalliansen.no\/v6\/virkeomrade\/systemgrenser\/\",\"name\":\"Systemgrenser - BREEAM Infrastructure for prosjekter\",\"isPartOf\":{\"@id\":\"http:\/\/breeam-infrastructure.byggalliansen.no\/v6\/#website\"},\"datePublished\":\"2025-01-08T08:35:40+00:00\",\"dateModified\":\"2025-03-17T09:09:17+00:00\",\"breadcrumb\":{\"@id\":\"https:\/\/breeam-infrastructure.byggalliansen.no\/v6\/virkeomrade\/systemgrenser\/#breadcrumb\"},\"inLanguage\":\"nb-NO\",\"potentialAction\":[{\"@type\":\"ReadAction\",\"target\":[\"https:\/\/breeam-infrastructure.byggalliansen.no\/v6\/virkeomrade\/systemgrenser\/\"]}]},{\"@type\":\"BreadcrumbList\",\"@id\":\"https:\/\/breeam-infrastructure.byggalliansen.no\/v6\/virkeomrade\/systemgrenser\/#breadcrumb\",\"itemListElement\":[{\"@type\":\"ListItem\",\"position\":1,\"name\":\"BREEAM Infrastructure for prosjekter\",\"item\":\"https:\/\/breeam-infrastructure.byggalliansen.no\/v6\/\"},{\"@type\":\"ListItem\",\"position\":2,\"name\":\"Virkeomr\u00e5de\",\"item\":\"https:\/\/breeam-infrastructure.byggalliansen.no\/v6\/virkeomrade\/\"},{\"@type\":\"ListItem\",\"position\":3,\"name\":\"Systemgrenser\"}]},{\"@type\":\"WebSite\",\"@id\":\"http:\/\/breeam-infrastructure.byggalliansen.no\/v6\/#website\",\"url\":\"http:\/\/breeam-infrastructure.byggalliansen.no\/v6\/\",\"name\":\"BREEAM Infrastructure for prosjekter\",\"description\":\"Utgave 6, 2024\",\"potentialAction\":[{\"@type\":\"SearchAction\",\"target\":{\"@type\":\"EntryPoint\",\"urlTemplate\":\"http:\/\/breeam-infrastructure.byggalliansen.no\/v6\/?s={search_term_string}\"},\"query-input\":{\"@type\":\"PropertyValueSpecification\",\"valueRequired\":true,\"valueName\":\"search_term_string\"}}],\"inLanguage\":\"nb-NO\"}]}<\/script>\n<!-- \/ Yoast SEO plugin. -->","yoast_head_json":{"title":"Systemgrenser - BREEAM Infrastructure for prosjekter","robots":{"index":"index","follow":"follow","max-snippet":"max-snippet:-1","max-image-preview":"max-image-preview:large","max-video-preview":"max-video-preview:-1"},"canonical":"https:\/\/breeam-infrastructure.byggalliansen.no\/v6\/virkeomrade\/systemgrenser\/","og_locale":"nb_NO","og_type":"article","og_title":"Systemgrenser - BREEAM Infrastructure for prosjekter","og_description":"Infrastruktur inng\u00e5r i et komplekst nettverk av systemer. Dette inneb\u00e6rer at rammene for en BREEAM Infrastructure-revisjon (hva som skal tas med i og utelates fra revisjonen) ikke alltid er tydelige. For \u00e5 kunne gi en rettferdig, riktig og sammenlignbar revisjon av planlegging, prosjektering og bygging av ny infrastruktur er det n\u00f8dvendig \u00e5 fastsette systemgrenser for [&hellip;]","og_url":"https:\/\/breeam-infrastructure.byggalliansen.no\/v6\/virkeomrade\/systemgrenser\/","og_site_name":"BREEAM Infrastructure for prosjekter","article_modified_time":"2025-03-17T09:09:17+00:00","twitter_card":"summary_large_image","twitter_misc":{"Ansl. lesetid":"2 minutter"},"schema":{"@context":"https:\/\/schema.org","@graph":[{"@type":"WebPage","@id":"https:\/\/breeam-infrastructure.byggalliansen.no\/v6\/virkeomrade\/systemgrenser\/","url":"https:\/\/breeam-infrastructure.byggalliansen.no\/v6\/virkeomrade\/systemgrenser\/","name":"Systemgrenser - BREEAM Infrastructure for prosjekter","isPartOf":{"@id":"http:\/\/breeam-infrastructure.byggalliansen.no\/v6\/#website"},"datePublished":"2025-01-08T08:35:40+00:00","dateModified":"2025-03-17T09:09:17+00:00","breadcrumb":{"@id":"https:\/\/breeam-infrastructure.byggalliansen.no\/v6\/virkeomrade\/systemgrenser\/#breadcrumb"},"inLanguage":"nb-NO","potentialAction":[{"@type":"ReadAction","target":["https:\/\/breeam-infrastructure.byggalliansen.no\/v6\/virkeomrade\/systemgrenser\/"]}]},{"@type":"BreadcrumbList","@id":"https:\/\/breeam-infrastructure.byggalliansen.no\/v6\/virkeomrade\/systemgrenser\/#breadcrumb","itemListElement":[{"@type":"ListItem","position":1,"name":"BREEAM Infrastructure for prosjekter","item":"https:\/\/breeam-infrastructure.byggalliansen.no\/v6\/"},{"@type":"ListItem","position":2,"name":"Virkeomr\u00e5de","item":"https:\/\/breeam-infrastructure.byggalliansen.no\/v6\/virkeomrade\/"},{"@type":"ListItem","position":3,"name":"Systemgrenser"}]},{"@type":"WebSite","@id":"http:\/\/breeam-infrastructure.byggalliansen.no\/v6\/#website","url":"http:\/\/breeam-infrastructure.byggalliansen.no\/v6\/","name":"BREEAM Infrastructure for prosjekter","description":"Utgave 6, 2024","potentialAction":[{"@type":"SearchAction","target":{"@type":"EntryPoint","urlTemplate":"http:\/\/breeam-infrastructure.byggalliansen.no\/v6\/?s={search_term_string}"},"query-input":{"@type":"PropertyValueSpecification","valueRequired":true,"valueName":"search_term_string"}}],"inLanguage":"nb-NO"}]}},"_links":{"self":[{"href":"https:\/\/breeam-infrastructure.byggalliansen.no\/v6\/wp-json\/wp\/v2\/pages\/2251","targetHints":{"allow":["GET"]}}],"collection":[{"href":"https:\/\/breeam-infrastructure.byggalliansen.no\/v6\/wp-json\/wp\/v2\/pages"}],"about":[{"href":"https:\/\/breeam-infrastructure.byggalliansen.no\/v6\/wp-json\/wp\/v2\/types\/page"}],"author":[{"embeddable":true,"href":"https:\/\/breeam-infrastructure.byggalliansen.no\/v6\/wp-json\/wp\/v2\/users\/2"}],"replies":[{"embeddable":true,"href":"https:\/\/breeam-infrastructure.byggalliansen.no\/v6\/wp-json\/wp\/v2\/comments?post=2251"}],"version-history":[{"count":3,"href":"https:\/\/breeam-infrastructure.byggalliansen.no\/v6\/wp-json\/wp\/v2\/pages\/2251\/revisions"}],"predecessor-version":[{"id":3960,"href":"https:\/\/breeam-infrastructure.byggalliansen.no\/v6\/wp-json\/wp\/v2\/pages\/2251\/revisions\/3960"}],"up":[{"embeddable":true,"href":"https:\/\/breeam-infrastructure.byggalliansen.no\/v6\/wp-json\/wp\/v2\/pages\/2104"}],"wp:attachment":[{"href":"https:\/\/breeam-infrastructure.byggalliansen.no\/v6\/wp-json\/wp\/v2\/media?parent=2251"}],"wp:term":[{"taxonomy":"category","embeddable":true,"href":"https:\/\/breeam-infrastructure.byggalliansen.no\/v6\/wp-json\/wp\/v2\/categories?post=2251"},{"taxonomy":"connection","embeddable":true,"href":"https:\/\/breeam-infrastructure.byggalliansen.no\/v6\/wp-json\/wp\/v2\/connection?post=2251"}],"curies":[{"name":"wp","href":"https:\/\/api.w.org\/{rel}","templated":true}]}}