{"id":2259,"date":"2025-01-08T08:40:32","date_gmt":"2025-01-08T08:40:32","guid":{"rendered":"https:\/\/manualer.byggalliansen.no\/v6\/?page_id=2259"},"modified":"2025-01-13T15:04:24","modified_gmt":"2025-01-13T15:04:24","slug":"klassifiseringsnivaer","status":"publish","type":"page","link":"https:\/\/breeam-infrastructure.byggalliansen.no\/v6\/bedomming-og-klassifisering\/klassifiseringsnivaer\/","title":{"rendered":"Klassifiseringsniv\u00e5er"},"content":{"rendered":"\n<p>Klassifiseringsniv\u00e5ene for prosjekter som vurderes ved hjelp av BREEAM Infrastructure versjon&nbsp;6, er oppf\u00f8rt i tabell&nbsp;4. Tidligere versjoner av CEEQUAL inneholdt ikke Outstanding-klassifiseringen.<\/p>\n\n\n\n<p><\/p>\n\n\n\n<figure class=\"wp-block-table\"><table class=\"has-fixed-layout\"><thead><tr><th>BREEAM Infrastructure-klassifisering<\/th><th>Samlet resultat i %<\/th><\/tr><\/thead><tbody><tr><td>Outstanding<\/td><td>\u2265 90<\/td><\/tr><tr><td>Excellent<\/td><td>\u2265 75<\/td><\/tr><tr><td>Very Good<\/td><td>\u2265 60<\/td><\/tr><tr><td>Good<\/td><td>\u2265 45<\/td><\/tr><tr><td>Pass<\/td><td>\u2265 30<\/td><\/tr><tr><td>Unclassified<\/td><td>\u02c2 30<\/td><\/tr><\/tbody><\/table><figcaption class=\"wp-element-caption\">Tabell\u00a04. Klassifiseringsniv\u00e5er i BREEAM Infrastructure versjon\u00a06<\/figcaption><\/figure>\n\n\n\n<p><\/p>\n","protected":false},"excerpt":{"rendered":"<p>Klassifiseringsniv\u00e5ene for prosjekter som vurderes ved hjelp av BREEAM Infrastructure versjon&nbsp;6, er oppf\u00f8rt i tabell&nbsp;4. Tidligere versjoner av CEEQUAL inneholdt ikke Outstanding-klassifiseringen. BREEAM Infrastructure-klassifisering Samlet resultat i % Outstanding \u2265 90 Excellent \u2265 75 Very Good \u2265 60 Good \u2265 45 Pass \u2265 30 Unclassified \u02c2 30 Tabell\u00a04. Klassifiseringsniv\u00e5er i BREEAM Infrastructure versjon\u00a06<\/p>\n","protected":false},"author":2,"featured_media":0,"parent":2257,"menu_order":0,"comment_status":"closed","ping_status":"closed","template":"page-page.php","meta":{"_acf_changed":false,"footnotes":""},"categories":[],"connection":[],"class_list":["post-2259","page","type-page","status-publish","hentry"],"acf":[],"yoast_head":"<!-- This site is optimized with the Yoast SEO plugin v24.6 - https:\/\/yoast.com\/wordpress\/plugins\/seo\/ -->\n<title>Klassifiseringsniv\u00e5er - BREEAM Infrastructure for prosjekter<\/title>\n<meta name=\"robots\" content=\"index, follow, max-snippet:-1, max-image-preview:large, max-video-preview:-1\" \/>\n<link rel=\"canonical\" href=\"https:\/\/breeam-infrastructure.byggalliansen.no\/v6\/bedomming-og-klassifisering\/klassifiseringsnivaer\/\" \/>\n<meta property=\"og:locale\" content=\"nb_NO\" \/>\n<meta property=\"og:type\" content=\"article\" \/>\n<meta property=\"og:title\" content=\"Klassifiseringsniv\u00e5er - BREEAM Infrastructure for prosjekter\" \/>\n<meta property=\"og:description\" content=\"Klassifiseringsniv\u00e5ene for prosjekter som vurderes ved hjelp av BREEAM Infrastructure versjon&nbsp;6, er oppf\u00f8rt i tabell&nbsp;4. Tidligere versjoner av CEEQUAL inneholdt ikke Outstanding-klassifiseringen. BREEAM Infrastructure-klassifisering Samlet resultat i % Outstanding \u2265 90 Excellent \u2265 75 Very Good \u2265 60 Good \u2265 45 Pass \u2265 30 Unclassified \u02c2 30 Tabell\u00a04. Klassifiseringsniv\u00e5er i BREEAM Infrastructure versjon\u00a06\" \/>\n<meta property=\"og:url\" content=\"https:\/\/breeam-infrastructure.byggalliansen.no\/v6\/bedomming-og-klassifisering\/klassifiseringsnivaer\/\" \/>\n<meta property=\"og:site_name\" content=\"BREEAM Infrastructure for prosjekter\" \/>\n<meta property=\"article:modified_time\" content=\"2025-01-13T15:04:24+00:00\" \/>\n<meta name=\"twitter:card\" content=\"summary_large_image\" \/>\n<script type=\"application\/ld+json\" class=\"yoast-schema-graph\">{\"@context\":\"https:\/\/schema.org\",\"@graph\":[{\"@type\":\"WebPage\",\"@id\":\"https:\/\/breeam-infrastructure.byggalliansen.no\/v6\/bedomming-og-klassifisering\/klassifiseringsnivaer\/\",\"url\":\"https:\/\/breeam-infrastructure.byggalliansen.no\/v6\/bedomming-og-klassifisering\/klassifiseringsnivaer\/\",\"name\":\"Klassifiseringsniv\u00e5er - BREEAM Infrastructure for prosjekter\",\"isPartOf\":{\"@id\":\"http:\/\/breeam-infrastructure.byggalliansen.no\/v6\/#website\"},\"datePublished\":\"2025-01-08T08:40:32+00:00\",\"dateModified\":\"2025-01-13T15:04:24+00:00\",\"breadcrumb\":{\"@id\":\"https:\/\/breeam-infrastructure.byggalliansen.no\/v6\/bedomming-og-klassifisering\/klassifiseringsnivaer\/#breadcrumb\"},\"inLanguage\":\"nb-NO\",\"potentialAction\":[{\"@type\":\"ReadAction\",\"target\":[\"https:\/\/breeam-infrastructure.byggalliansen.no\/v6\/bedomming-og-klassifisering\/klassifiseringsnivaer\/\"]}]},{\"@type\":\"BreadcrumbList\",\"@id\":\"https:\/\/breeam-infrastructure.byggalliansen.no\/v6\/bedomming-og-klassifisering\/klassifiseringsnivaer\/#breadcrumb\",\"itemListElement\":[{\"@type\":\"ListItem\",\"position\":1,\"name\":\"BREEAM Infrastructure for prosjekter\",\"item\":\"https:\/\/breeam-infrastructure.byggalliansen.no\/v6\/\"},{\"@type\":\"ListItem\",\"position\":2,\"name\":\"Bed\u00f8mming og klassifisering\",\"item\":\"https:\/\/breeam-infrastructure.byggalliansen.no\/v6\/bedomming-og-klassifisering\/\"},{\"@type\":\"ListItem\",\"position\":3,\"name\":\"Klassifiseringsniv\u00e5er\"}]},{\"@type\":\"WebSite\",\"@id\":\"http:\/\/breeam-infrastructure.byggalliansen.no\/v6\/#website\",\"url\":\"http:\/\/breeam-infrastructure.byggalliansen.no\/v6\/\",\"name\":\"BREEAM Infrastructure for prosjekter\",\"description\":\"Utgave 6, 2024\",\"potentialAction\":[{\"@type\":\"SearchAction\",\"target\":{\"@type\":\"EntryPoint\",\"urlTemplate\":\"http:\/\/breeam-infrastructure.byggalliansen.no\/v6\/?s={search_term_string}\"},\"query-input\":{\"@type\":\"PropertyValueSpecification\",\"valueRequired\":true,\"valueName\":\"search_term_string\"}}],\"inLanguage\":\"nb-NO\"}]}<\/script>\n<!-- \/ Yoast SEO plugin. -->","yoast_head_json":{"title":"Klassifiseringsniv\u00e5er - BREEAM Infrastructure for prosjekter","robots":{"index":"index","follow":"follow","max-snippet":"max-snippet:-1","max-image-preview":"max-image-preview:large","max-video-preview":"max-video-preview:-1"},"canonical":"https:\/\/breeam-infrastructure.byggalliansen.no\/v6\/bedomming-og-klassifisering\/klassifiseringsnivaer\/","og_locale":"nb_NO","og_type":"article","og_title":"Klassifiseringsniv\u00e5er - BREEAM Infrastructure for prosjekter","og_description":"Klassifiseringsniv\u00e5ene for prosjekter som vurderes ved hjelp av BREEAM Infrastructure versjon&nbsp;6, er oppf\u00f8rt i tabell&nbsp;4. Tidligere versjoner av CEEQUAL inneholdt ikke Outstanding-klassifiseringen. BREEAM Infrastructure-klassifisering Samlet resultat i % Outstanding \u2265 90 Excellent \u2265 75 Very Good \u2265 60 Good \u2265 45 Pass \u2265 30 Unclassified \u02c2 30 Tabell\u00a04. Klassifiseringsniv\u00e5er i BREEAM Infrastructure versjon\u00a06","og_url":"https:\/\/breeam-infrastructure.byggalliansen.no\/v6\/bedomming-og-klassifisering\/klassifiseringsnivaer\/","og_site_name":"BREEAM Infrastructure for prosjekter","article_modified_time":"2025-01-13T15:04:24+00:00","twitter_card":"summary_large_image","schema":{"@context":"https:\/\/schema.org","@graph":[{"@type":"WebPage","@id":"https:\/\/breeam-infrastructure.byggalliansen.no\/v6\/bedomming-og-klassifisering\/klassifiseringsnivaer\/","url":"https:\/\/breeam-infrastructure.byggalliansen.no\/v6\/bedomming-og-klassifisering\/klassifiseringsnivaer\/","name":"Klassifiseringsniv\u00e5er - BREEAM Infrastructure for prosjekter","isPartOf":{"@id":"http:\/\/breeam-infrastructure.byggalliansen.no\/v6\/#website"},"datePublished":"2025-01-08T08:40:32+00:00","dateModified":"2025-01-13T15:04:24+00:00","breadcrumb":{"@id":"https:\/\/breeam-infrastructure.byggalliansen.no\/v6\/bedomming-og-klassifisering\/klassifiseringsnivaer\/#breadcrumb"},"inLanguage":"nb-NO","potentialAction":[{"@type":"ReadAction","target":["https:\/\/breeam-infrastructure.byggalliansen.no\/v6\/bedomming-og-klassifisering\/klassifiseringsnivaer\/"]}]},{"@type":"BreadcrumbList","@id":"https:\/\/breeam-infrastructure.byggalliansen.no\/v6\/bedomming-og-klassifisering\/klassifiseringsnivaer\/#breadcrumb","itemListElement":[{"@type":"ListItem","position":1,"name":"BREEAM Infrastructure for prosjekter","item":"https:\/\/breeam-infrastructure.byggalliansen.no\/v6\/"},{"@type":"ListItem","position":2,"name":"Bed\u00f8mming og klassifisering","item":"https:\/\/breeam-infrastructure.byggalliansen.no\/v6\/bedomming-og-klassifisering\/"},{"@type":"ListItem","position":3,"name":"Klassifiseringsniv\u00e5er"}]},{"@type":"WebSite","@id":"http:\/\/breeam-infrastructure.byggalliansen.no\/v6\/#website","url":"http:\/\/breeam-infrastructure.byggalliansen.no\/v6\/","name":"BREEAM Infrastructure for prosjekter","description":"Utgave 6, 2024","potentialAction":[{"@type":"SearchAction","target":{"@type":"EntryPoint","urlTemplate":"http:\/\/breeam-infrastructure.byggalliansen.no\/v6\/?s={search_term_string}"},"query-input":{"@type":"PropertyValueSpecification","valueRequired":true,"valueName":"search_term_string"}}],"inLanguage":"nb-NO"}]}},"_links":{"self":[{"href":"https:\/\/breeam-infrastructure.byggalliansen.no\/v6\/wp-json\/wp\/v2\/pages\/2259","targetHints":{"allow":["GET"]}}],"collection":[{"href":"https:\/\/breeam-infrastructure.byggalliansen.no\/v6\/wp-json\/wp\/v2\/pages"}],"about":[{"href":"https:\/\/breeam-infrastructure.byggalliansen.no\/v6\/wp-json\/wp\/v2\/types\/page"}],"author":[{"embeddable":true,"href":"https:\/\/breeam-infrastructure.byggalliansen.no\/v6\/wp-json\/wp\/v2\/users\/2"}],"replies":[{"embeddable":true,"href":"https:\/\/breeam-infrastructure.byggalliansen.no\/v6\/wp-json\/wp\/v2\/comments?post=2259"}],"version-history":[{"count":3,"href":"https:\/\/breeam-infrastructure.byggalliansen.no\/v6\/wp-json\/wp\/v2\/pages\/2259\/revisions"}],"predecessor-version":[{"id":2387,"href":"https:\/\/breeam-infrastructure.byggalliansen.no\/v6\/wp-json\/wp\/v2\/pages\/2259\/revisions\/2387"}],"up":[{"embeddable":true,"href":"https:\/\/breeam-infrastructure.byggalliansen.no\/v6\/wp-json\/wp\/v2\/pages\/2257"}],"wp:attachment":[{"href":"https:\/\/breeam-infrastructure.byggalliansen.no\/v6\/wp-json\/wp\/v2\/media?parent=2259"}],"wp:term":[{"taxonomy":"category","embeddable":true,"href":"https:\/\/breeam-infrastructure.byggalliansen.no\/v6\/wp-json\/wp\/v2\/categories?post=2259"},{"taxonomy":"connection","embeddable":true,"href":"https:\/\/breeam-infrastructure.byggalliansen.no\/v6\/wp-json\/wp\/v2\/connection?post=2259"}],"curies":[{"name":"wp","href":"https:\/\/api.w.org\/{rel}","templated":true}]}}