{"id":2265,"date":"2025-01-08T08:42:07","date_gmt":"2025-01-08T08:42:07","guid":{"rendered":"https:\/\/manualer.byggalliansen.no\/v6\/?page_id=2265"},"modified":"2025-03-17T09:13:56","modified_gmt":"2025-03-17T09:13:56","slug":"premisser","status":"publish","type":"page","link":"https:\/\/breeam-infrastructure.byggalliansen.no\/v6\/bedomming-og-klassifisering\/premisser\/","title":{"rendered":"Forkrav"},"content":{"rendered":"\n<p>Enkelte emner i BREEAM Infrastructure inneholder forkrav som m\u00e5 oppfylles for \u00e5 kunne oppn\u00e5 poeng for det aktuelle emnet.<\/p>\n\n\n\n<p>Forkravene skiller seg fra minstekrav ved at de ikke har direkte innvirkning p\u00e5 den samlede BREEAM-klassifiseringen, men p\u00e5virker hvor mange poeng man oppn\u00e5r innenfor emnet.<\/p>\n\n\n\n<figure class=\"wp-block-table is-style-core-borders\"><table class=\"has-fixed-layout\"><thead><tr><th>Kategori<\/th><th>Emne<\/th><th>Forutsetning<\/th><\/tr><\/thead><tbody><tr><td rowspan=\"2\">4 Arealbruk og \u00f8kologi<\/td><td rowspan=\"2\"><a href=\"https:\/\/breeam-infrastructure.byggalliansen.no\/v6\/kategorier-og-emner\/4-arealbruk-og-okologi\/4-3-beskyttelse-av-biodiversitet\/\">4.3 Beskyttelse av biodiversitet<\/a><\/td><td><a href=\"https:\/\/breeam-infrastructure.byggalliansen.no\/v6\/kategorier-og-emner\/4-arealbruk-og-okologi\/4-3-beskyttelse-av-biodiversitet\/4-3-1-premiss-kartlegging-av-truede-arter\/\">4.3.1 Forkrav: kartlegging av truede arter<\/a><\/td><\/tr><tr><td><a href=\"https:\/\/breeam-infrastructure.byggalliansen.no\/v6\/kategorier-og-emner\/4-arealbruk-og-okologi\/4-3-beskyttelse-av-biodiversitet\/4-3-2-premiss-fremmede-skadelige-arter\/\">4.3.2 Forkrav: fremmede skadelige arter<\/a><\/td><\/tr><tr><td rowspan=\"4\">7 Ressurser<\/td><td><a href=\"https:\/\/breeam-infrastructure.byggalliansen.no\/v6\/kategorier-og-emner\/7-ressurser\/7-5-ansvarlig-innkjop-av-byggeprodukter\/\" data-type=\"page\" data-id=\"2574\">7.5 Ansvarlig innkj\u00f8p av materialer<\/a><\/td><td><a data-type=\"page\" data-id=\"2576\" href=\"https:\/\/breeam-infrastructure.byggalliansen.no\/v6\/kategorier-og-emner\/7-ressurser\/7-5-ansvarlig-innkjop-av-byggeprodukter\/7-5-1-premiss-lovlig-og-baerekraftig-trevirke\/\">7.5.1 Forkrav: lovlig og b\u00e6rekraftig trevirke<\/a><\/td><\/tr><tr><td rowspan=\"3\"><a href=\"https:\/\/breeam-infrastructure.byggalliansen.no\/v6\/kategorier-og-emner\/7-ressurser\/7-6-avfallshandtering-i-anleggsfasen\/\">7.6 Avfallsh\u00e5ndtering i anleggsfasen<\/a><\/td><td><a href=\"https:\/\/breeam-infrastructure.byggalliansen.no\/v6\/kategorier-og-emner\/7-ressurser\/7-6-avfallshandtering-i-anleggsfasen\/7-6-1-premiss-aktsomhetsplikt\/\">7.6.1 Forkrav: aktsomhetsplikt (fast)<\/a><\/td><\/tr><tr><td><a href=\"https:\/\/breeam-infrastructure.byggalliansen.no\/v6\/kategorier-og-emner\/7-ressurser\/7-6-avfallshandtering-i-anleggsfasen\/7-6-2-premiss-tillatelser-for-behandling-eller-bruk-av-avfall-pa-anlegget\/\">7.6.2 Forkrav: tillatelser for behandling eller bruk av avfall p\u00e5 anlegget<\/a><\/td><\/tr><tr><td><a href=\"https:\/\/breeam-infrastructure.byggalliansen.no\/v6\/kategorier-og-emner\/7-ressurser\/7-6-avfallshandtering-i-anleggsfasen\/7-6-3-premiss-farlig-avfall\/\">7.6.3 Forkrav: farlig avfall<\/a><\/td><\/tr><\/tbody><\/table><figcaption class=\"wp-element-caption\">Tabell 7. Premissene i BREEAM Infrastructure for prosjekter \u2013 internasjonal utgave<\/figcaption><\/figure>\n\n\n\n<p><\/p>\n","protected":false},"excerpt":{"rendered":"<p>Enkelte emner i BREEAM Infrastructure inneholder forkrav som m\u00e5 oppfylles for \u00e5 kunne oppn\u00e5 poeng for det aktuelle emnet. Forkravene skiller seg fra minstekrav ved at de ikke har direkte innvirkning p\u00e5 den samlede BREEAM-klassifiseringen, men p\u00e5virker hvor mange poeng man oppn\u00e5r innenfor emnet. Kategori Emne Forutsetning 4 Arealbruk og \u00f8kologi 4.3 Beskyttelse av biodiversitet [&hellip;]<\/p>\n","protected":false},"author":2,"featured_media":0,"parent":2257,"menu_order":3,"comment_status":"closed","ping_status":"closed","template":"page-page.php","meta":{"_acf_changed":false,"footnotes":""},"categories":[],"connection":[],"class_list":["post-2265","page","type-page","status-publish","hentry"],"acf":[],"yoast_head":"<!-- This site is optimized with the Yoast SEO plugin v24.6 - https:\/\/yoast.com\/wordpress\/plugins\/seo\/ -->\n<title>Forkrav - BREEAM Infrastructure for prosjekter<\/title>\n<meta name=\"robots\" content=\"index, follow, max-snippet:-1, max-image-preview:large, max-video-preview:-1\" \/>\n<link rel=\"canonical\" href=\"http:\/\/breeam-infrastructure.byggalliansen.no\/v6\/bedomming-og-klassifisering\/premisser\/\" \/>\n<meta property=\"og:locale\" content=\"nb_NO\" \/>\n<meta property=\"og:type\" content=\"article\" \/>\n<meta property=\"og:title\" content=\"Forkrav - BREEAM Infrastructure for prosjekter\" \/>\n<meta property=\"og:description\" content=\"Enkelte emner i BREEAM Infrastructure inneholder forkrav som m\u00e5 oppfylles for \u00e5 kunne oppn\u00e5 poeng for det aktuelle emnet. Forkravene skiller seg fra minstekrav ved at de ikke har direkte innvirkning p\u00e5 den samlede BREEAM-klassifiseringen, men p\u00e5virker hvor mange poeng man oppn\u00e5r innenfor emnet. Kategori Emne Forutsetning 4 Arealbruk og \u00f8kologi 4.3 Beskyttelse av biodiversitet [&hellip;]\" \/>\n<meta property=\"og:url\" content=\"http:\/\/breeam-infrastructure.byggalliansen.no\/v6\/bedomming-og-klassifisering\/premisser\/\" \/>\n<meta property=\"og:site_name\" content=\"BREEAM Infrastructure for prosjekter\" \/>\n<meta property=\"article:modified_time\" content=\"2025-03-17T09:13:56+00:00\" \/>\n<meta name=\"twitter:card\" content=\"summary_large_image\" \/>\n<meta name=\"twitter:label1\" content=\"Ansl. lesetid\" \/>\n\t<meta name=\"twitter:data1\" content=\"1 minutt\" \/>\n<script type=\"application\/ld+json\" class=\"yoast-schema-graph\">{\"@context\":\"https:\/\/schema.org\",\"@graph\":[{\"@type\":\"WebPage\",\"@id\":\"http:\/\/breeam-infrastructure.byggalliansen.no\/v6\/bedomming-og-klassifisering\/premisser\/\",\"url\":\"http:\/\/breeam-infrastructure.byggalliansen.no\/v6\/bedomming-og-klassifisering\/premisser\/\",\"name\":\"Forkrav - BREEAM Infrastructure for prosjekter\",\"isPartOf\":{\"@id\":\"http:\/\/breeam-infrastructure.byggalliansen.no\/v6\/#website\"},\"datePublished\":\"2025-01-08T08:42:07+00:00\",\"dateModified\":\"2025-03-17T09:13:56+00:00\",\"breadcrumb\":{\"@id\":\"http:\/\/breeam-infrastructure.byggalliansen.no\/v6\/bedomming-og-klassifisering\/premisser\/#breadcrumb\"},\"inLanguage\":\"nb-NO\",\"potentialAction\":[{\"@type\":\"ReadAction\",\"target\":[\"http:\/\/breeam-infrastructure.byggalliansen.no\/v6\/bedomming-og-klassifisering\/premisser\/\"]}]},{\"@type\":\"BreadcrumbList\",\"@id\":\"http:\/\/breeam-infrastructure.byggalliansen.no\/v6\/bedomming-og-klassifisering\/premisser\/#breadcrumb\",\"itemListElement\":[{\"@type\":\"ListItem\",\"position\":1,\"name\":\"BREEAM Infrastructure for prosjekter\",\"item\":\"https:\/\/breeam-infrastructure.byggalliansen.no\/v6\/\"},{\"@type\":\"ListItem\",\"position\":2,\"name\":\"Bed\u00f8mming og klassifisering\",\"item\":\"https:\/\/breeam-infrastructure.byggalliansen.no\/v6\/bedomming-og-klassifisering\/\"},{\"@type\":\"ListItem\",\"position\":3,\"name\":\"Forkrav\"}]},{\"@type\":\"WebSite\",\"@id\":\"http:\/\/breeam-infrastructure.byggalliansen.no\/v6\/#website\",\"url\":\"http:\/\/breeam-infrastructure.byggalliansen.no\/v6\/\",\"name\":\"BREEAM Infrastructure for prosjekter\",\"description\":\"Utgave 6, 2024\",\"potentialAction\":[{\"@type\":\"SearchAction\",\"target\":{\"@type\":\"EntryPoint\",\"urlTemplate\":\"http:\/\/breeam-infrastructure.byggalliansen.no\/v6\/?s={search_term_string}\"},\"query-input\":{\"@type\":\"PropertyValueSpecification\",\"valueRequired\":true,\"valueName\":\"search_term_string\"}}],\"inLanguage\":\"nb-NO\"}]}<\/script>\n<!-- \/ Yoast SEO plugin. -->","yoast_head_json":{"title":"Forkrav - BREEAM Infrastructure for prosjekter","robots":{"index":"index","follow":"follow","max-snippet":"max-snippet:-1","max-image-preview":"max-image-preview:large","max-video-preview":"max-video-preview:-1"},"canonical":"http:\/\/breeam-infrastructure.byggalliansen.no\/v6\/bedomming-og-klassifisering\/premisser\/","og_locale":"nb_NO","og_type":"article","og_title":"Forkrav - BREEAM Infrastructure for prosjekter","og_description":"Enkelte emner i BREEAM Infrastructure inneholder forkrav som m\u00e5 oppfylles for \u00e5 kunne oppn\u00e5 poeng for det aktuelle emnet. Forkravene skiller seg fra minstekrav ved at de ikke har direkte innvirkning p\u00e5 den samlede BREEAM-klassifiseringen, men p\u00e5virker hvor mange poeng man oppn\u00e5r innenfor emnet. Kategori Emne Forutsetning 4 Arealbruk og \u00f8kologi 4.3 Beskyttelse av biodiversitet [&hellip;]","og_url":"http:\/\/breeam-infrastructure.byggalliansen.no\/v6\/bedomming-og-klassifisering\/premisser\/","og_site_name":"BREEAM Infrastructure for prosjekter","article_modified_time":"2025-03-17T09:13:56+00:00","twitter_card":"summary_large_image","twitter_misc":{"Ansl. lesetid":"1 minutt"},"schema":{"@context":"https:\/\/schema.org","@graph":[{"@type":"WebPage","@id":"http:\/\/breeam-infrastructure.byggalliansen.no\/v6\/bedomming-og-klassifisering\/premisser\/","url":"http:\/\/breeam-infrastructure.byggalliansen.no\/v6\/bedomming-og-klassifisering\/premisser\/","name":"Forkrav - BREEAM Infrastructure for prosjekter","isPartOf":{"@id":"http:\/\/breeam-infrastructure.byggalliansen.no\/v6\/#website"},"datePublished":"2025-01-08T08:42:07+00:00","dateModified":"2025-03-17T09:13:56+00:00","breadcrumb":{"@id":"http:\/\/breeam-infrastructure.byggalliansen.no\/v6\/bedomming-og-klassifisering\/premisser\/#breadcrumb"},"inLanguage":"nb-NO","potentialAction":[{"@type":"ReadAction","target":["http:\/\/breeam-infrastructure.byggalliansen.no\/v6\/bedomming-og-klassifisering\/premisser\/"]}]},{"@type":"BreadcrumbList","@id":"http:\/\/breeam-infrastructure.byggalliansen.no\/v6\/bedomming-og-klassifisering\/premisser\/#breadcrumb","itemListElement":[{"@type":"ListItem","position":1,"name":"BREEAM Infrastructure for prosjekter","item":"https:\/\/breeam-infrastructure.byggalliansen.no\/v6\/"},{"@type":"ListItem","position":2,"name":"Bed\u00f8mming og klassifisering","item":"https:\/\/breeam-infrastructure.byggalliansen.no\/v6\/bedomming-og-klassifisering\/"},{"@type":"ListItem","position":3,"name":"Forkrav"}]},{"@type":"WebSite","@id":"http:\/\/breeam-infrastructure.byggalliansen.no\/v6\/#website","url":"http:\/\/breeam-infrastructure.byggalliansen.no\/v6\/","name":"BREEAM Infrastructure for prosjekter","description":"Utgave 6, 2024","potentialAction":[{"@type":"SearchAction","target":{"@type":"EntryPoint","urlTemplate":"http:\/\/breeam-infrastructure.byggalliansen.no\/v6\/?s={search_term_string}"},"query-input":{"@type":"PropertyValueSpecification","valueRequired":true,"valueName":"search_term_string"}}],"inLanguage":"nb-NO"}]}},"_links":{"self":[{"href":"https:\/\/breeam-infrastructure.byggalliansen.no\/v6\/wp-json\/wp\/v2\/pages\/2265","targetHints":{"allow":["GET"]}}],"collection":[{"href":"https:\/\/breeam-infrastructure.byggalliansen.no\/v6\/wp-json\/wp\/v2\/pages"}],"about":[{"href":"https:\/\/breeam-infrastructure.byggalliansen.no\/v6\/wp-json\/wp\/v2\/types\/page"}],"author":[{"embeddable":true,"href":"https:\/\/breeam-infrastructure.byggalliansen.no\/v6\/wp-json\/wp\/v2\/users\/2"}],"replies":[{"embeddable":true,"href":"https:\/\/breeam-infrastructure.byggalliansen.no\/v6\/wp-json\/wp\/v2\/comments?post=2265"}],"version-history":[{"count":3,"href":"https:\/\/breeam-infrastructure.byggalliansen.no\/v6\/wp-json\/wp\/v2\/pages\/2265\/revisions"}],"predecessor-version":[{"id":3970,"href":"https:\/\/breeam-infrastructure.byggalliansen.no\/v6\/wp-json\/wp\/v2\/pages\/2265\/revisions\/3970"}],"up":[{"embeddable":true,"href":"https:\/\/breeam-infrastructure.byggalliansen.no\/v6\/wp-json\/wp\/v2\/pages\/2257"}],"wp:attachment":[{"href":"https:\/\/breeam-infrastructure.byggalliansen.no\/v6\/wp-json\/wp\/v2\/media?parent=2265"}],"wp:term":[{"taxonomy":"category","embeddable":true,"href":"https:\/\/breeam-infrastructure.byggalliansen.no\/v6\/wp-json\/wp\/v2\/categories?post=2265"},{"taxonomy":"connection","embeddable":true,"href":"https:\/\/breeam-infrastructure.byggalliansen.no\/v6\/wp-json\/wp\/v2\/connection?post=2265"}],"curies":[{"name":"wp","href":"https:\/\/api.w.org\/{rel}","templated":true}]}}