{"id":2267,"date":"2025-01-08T08:42:40","date_gmt":"2025-01-08T08:42:40","guid":{"rendered":"https:\/\/manualer.byggalliansen.no\/v6\/?page_id=2267"},"modified":"2025-01-13T14:56:16","modified_gmt":"2025-01-13T14:56:16","slug":"innovasjonspoeng","status":"publish","type":"page","link":"https:\/\/breeam-infrastructure.byggalliansen.no\/v6\/bedomming-og-klassifisering\/innovasjonspoeng\/","title":{"rendered":"Innovasjonspoeng"},"content":{"rendered":"\n<p>Et av form\u00e5lene med BREEAM Infrastructure er \u00e5 fremme innovasjon i anleggsbransjen og den tilh\u00f8rende verdikjeden. Det gj\u00f8res blant annet ved \u00e5 tildele ekstra poeng for b\u00e6rekraftsrelaterte fordeler eller resultater som forel\u00f8pig ikke dekkes av standardemnene og -kriteriene i BREEAM Infrastructure. P\u00e5 denne m\u00e5ten bel\u00f8nnes l\u00f8sninger innenfor et bestemt b\u00e6rekraftaspekt som overg\u00e5r beste praksis.<\/p>\n\n\n\n<p>Tildeling av innovasjonspoeng gir tiltakshavere og prosjektgrupper muligheten til \u00e5 forbedre den samlede BREEAM-poengsummen. I tillegg bidrar dette til \u00e5 st\u00f8tte markedet for innovativ teknologi, prosjekterings- eller anleggspraksis.<\/p>\n\n\n\n<p>Innovasjonspoeng kan tildeles ved at BREEAM Infrastructure-assessoren s\u00f8ker BRE Global om at teknologi, funksjoner, utforminger, produkter, bygge- og anleggsmetoder eller prosesser kategoriseres som nyskapende. Hvis s\u00f8knaden godkjennes og det dokumenteres samsvar, kan det tildeles innovasjonspoeng.<\/p>\n\n\n\n<p>For hvert innovasjonspoeng \u00f8ker prosjektets samlede poengsum med 1&nbsp;%. Et infrastrukturprosjekt kan maksimalt oppn\u00e5 ti innovasjonspoeng. Alts\u00e5 kan maksimalt 10&nbsp;% legges til poengsummen.<\/p>\n\n\n\n<p>Innovasjonspoeng kan tildeles uavhengig av den endelige BREEAM-klassifiseringen (de kan legges til p\u00e5 alle niv\u00e5er for BREEAM-klassifisering), men den samlede klassifiseringen overstiger uansett ikke 100&nbsp;%.<\/p>\n\n\n\n<p><\/p>\n","protected":false},"excerpt":{"rendered":"<p>Et av form\u00e5lene med BREEAM Infrastructure er \u00e5 fremme innovasjon i anleggsbransjen og den tilh\u00f8rende verdikjeden. Det gj\u00f8res blant annet ved \u00e5 tildele ekstra poeng for b\u00e6rekraftsrelaterte fordeler eller resultater som forel\u00f8pig ikke dekkes av standardemnene og -kriteriene i BREEAM Infrastructure. P\u00e5 denne m\u00e5ten bel\u00f8nnes l\u00f8sninger innenfor et bestemt b\u00e6rekraftaspekt som overg\u00e5r beste praksis. Tildeling [&hellip;]<\/p>\n","protected":false},"author":2,"featured_media":0,"parent":2257,"menu_order":4,"comment_status":"closed","ping_status":"closed","template":"page-page.php","meta":{"_acf_changed":false,"footnotes":""},"categories":[],"connection":[],"class_list":["post-2267","page","type-page","status-publish","hentry"],"acf":[],"yoast_head":"<!-- This site is optimized with the Yoast SEO plugin v24.6 - https:\/\/yoast.com\/wordpress\/plugins\/seo\/ -->\n<title>Innovasjonspoeng - BREEAM Infrastructure for prosjekter<\/title>\n<meta name=\"robots\" content=\"index, follow, max-snippet:-1, max-image-preview:large, max-video-preview:-1\" \/>\n<link rel=\"canonical\" href=\"https:\/\/breeam-infrastructure.byggalliansen.no\/v6\/bedomming-og-klassifisering\/innovasjonspoeng\/\" \/>\n<meta property=\"og:locale\" content=\"nb_NO\" \/>\n<meta property=\"og:type\" content=\"article\" \/>\n<meta property=\"og:title\" content=\"Innovasjonspoeng - BREEAM Infrastructure for prosjekter\" \/>\n<meta property=\"og:description\" content=\"Et av form\u00e5lene med BREEAM Infrastructure er \u00e5 fremme innovasjon i anleggsbransjen og den tilh\u00f8rende verdikjeden. Det gj\u00f8res blant annet ved \u00e5 tildele ekstra poeng for b\u00e6rekraftsrelaterte fordeler eller resultater som forel\u00f8pig ikke dekkes av standardemnene og -kriteriene i BREEAM Infrastructure. P\u00e5 denne m\u00e5ten bel\u00f8nnes l\u00f8sninger innenfor et bestemt b\u00e6rekraftaspekt som overg\u00e5r beste praksis. Tildeling [&hellip;]\" \/>\n<meta property=\"og:url\" content=\"https:\/\/breeam-infrastructure.byggalliansen.no\/v6\/bedomming-og-klassifisering\/innovasjonspoeng\/\" \/>\n<meta property=\"og:site_name\" content=\"BREEAM Infrastructure for prosjekter\" \/>\n<meta property=\"article:modified_time\" content=\"2025-01-13T14:56:16+00:00\" \/>\n<meta name=\"twitter:card\" content=\"summary_large_image\" \/>\n<meta name=\"twitter:label1\" content=\"Ansl. lesetid\" \/>\n\t<meta name=\"twitter:data1\" content=\"1 minutt\" \/>\n<script type=\"application\/ld+json\" class=\"yoast-schema-graph\">{\"@context\":\"https:\/\/schema.org\",\"@graph\":[{\"@type\":\"WebPage\",\"@id\":\"https:\/\/breeam-infrastructure.byggalliansen.no\/v6\/bedomming-og-klassifisering\/innovasjonspoeng\/\",\"url\":\"https:\/\/breeam-infrastructure.byggalliansen.no\/v6\/bedomming-og-klassifisering\/innovasjonspoeng\/\",\"name\":\"Innovasjonspoeng - BREEAM Infrastructure for prosjekter\",\"isPartOf\":{\"@id\":\"http:\/\/breeam-infrastructure.byggalliansen.no\/v6\/#website\"},\"datePublished\":\"2025-01-08T08:42:40+00:00\",\"dateModified\":\"2025-01-13T14:56:16+00:00\",\"breadcrumb\":{\"@id\":\"https:\/\/breeam-infrastructure.byggalliansen.no\/v6\/bedomming-og-klassifisering\/innovasjonspoeng\/#breadcrumb\"},\"inLanguage\":\"nb-NO\",\"potentialAction\":[{\"@type\":\"ReadAction\",\"target\":[\"https:\/\/breeam-infrastructure.byggalliansen.no\/v6\/bedomming-og-klassifisering\/innovasjonspoeng\/\"]}]},{\"@type\":\"BreadcrumbList\",\"@id\":\"https:\/\/breeam-infrastructure.byggalliansen.no\/v6\/bedomming-og-klassifisering\/innovasjonspoeng\/#breadcrumb\",\"itemListElement\":[{\"@type\":\"ListItem\",\"position\":1,\"name\":\"BREEAM Infrastructure for prosjekter\",\"item\":\"https:\/\/breeam-infrastructure.byggalliansen.no\/v6\/\"},{\"@type\":\"ListItem\",\"position\":2,\"name\":\"Bed\u00f8mming og klassifisering\",\"item\":\"https:\/\/breeam-infrastructure.byggalliansen.no\/v6\/bedomming-og-klassifisering\/\"},{\"@type\":\"ListItem\",\"position\":3,\"name\":\"Innovasjonspoeng\"}]},{\"@type\":\"WebSite\",\"@id\":\"http:\/\/breeam-infrastructure.byggalliansen.no\/v6\/#website\",\"url\":\"http:\/\/breeam-infrastructure.byggalliansen.no\/v6\/\",\"name\":\"BREEAM Infrastructure for prosjekter\",\"description\":\"Utgave 6, 2024\",\"potentialAction\":[{\"@type\":\"SearchAction\",\"target\":{\"@type\":\"EntryPoint\",\"urlTemplate\":\"http:\/\/breeam-infrastructure.byggalliansen.no\/v6\/?s={search_term_string}\"},\"query-input\":{\"@type\":\"PropertyValueSpecification\",\"valueRequired\":true,\"valueName\":\"search_term_string\"}}],\"inLanguage\":\"nb-NO\"}]}<\/script>\n<!-- \/ Yoast SEO plugin. -->","yoast_head_json":{"title":"Innovasjonspoeng - BREEAM Infrastructure for prosjekter","robots":{"index":"index","follow":"follow","max-snippet":"max-snippet:-1","max-image-preview":"max-image-preview:large","max-video-preview":"max-video-preview:-1"},"canonical":"https:\/\/breeam-infrastructure.byggalliansen.no\/v6\/bedomming-og-klassifisering\/innovasjonspoeng\/","og_locale":"nb_NO","og_type":"article","og_title":"Innovasjonspoeng - BREEAM Infrastructure for prosjekter","og_description":"Et av form\u00e5lene med BREEAM Infrastructure er \u00e5 fremme innovasjon i anleggsbransjen og den tilh\u00f8rende verdikjeden. Det gj\u00f8res blant annet ved \u00e5 tildele ekstra poeng for b\u00e6rekraftsrelaterte fordeler eller resultater som forel\u00f8pig ikke dekkes av standardemnene og -kriteriene i BREEAM Infrastructure. P\u00e5 denne m\u00e5ten bel\u00f8nnes l\u00f8sninger innenfor et bestemt b\u00e6rekraftaspekt som overg\u00e5r beste praksis. Tildeling [&hellip;]","og_url":"https:\/\/breeam-infrastructure.byggalliansen.no\/v6\/bedomming-og-klassifisering\/innovasjonspoeng\/","og_site_name":"BREEAM Infrastructure for prosjekter","article_modified_time":"2025-01-13T14:56:16+00:00","twitter_card":"summary_large_image","twitter_misc":{"Ansl. lesetid":"1 minutt"},"schema":{"@context":"https:\/\/schema.org","@graph":[{"@type":"WebPage","@id":"https:\/\/breeam-infrastructure.byggalliansen.no\/v6\/bedomming-og-klassifisering\/innovasjonspoeng\/","url":"https:\/\/breeam-infrastructure.byggalliansen.no\/v6\/bedomming-og-klassifisering\/innovasjonspoeng\/","name":"Innovasjonspoeng - BREEAM Infrastructure for prosjekter","isPartOf":{"@id":"http:\/\/breeam-infrastructure.byggalliansen.no\/v6\/#website"},"datePublished":"2025-01-08T08:42:40+00:00","dateModified":"2025-01-13T14:56:16+00:00","breadcrumb":{"@id":"https:\/\/breeam-infrastructure.byggalliansen.no\/v6\/bedomming-og-klassifisering\/innovasjonspoeng\/#breadcrumb"},"inLanguage":"nb-NO","potentialAction":[{"@type":"ReadAction","target":["https:\/\/breeam-infrastructure.byggalliansen.no\/v6\/bedomming-og-klassifisering\/innovasjonspoeng\/"]}]},{"@type":"BreadcrumbList","@id":"https:\/\/breeam-infrastructure.byggalliansen.no\/v6\/bedomming-og-klassifisering\/innovasjonspoeng\/#breadcrumb","itemListElement":[{"@type":"ListItem","position":1,"name":"BREEAM Infrastructure for prosjekter","item":"https:\/\/breeam-infrastructure.byggalliansen.no\/v6\/"},{"@type":"ListItem","position":2,"name":"Bed\u00f8mming og klassifisering","item":"https:\/\/breeam-infrastructure.byggalliansen.no\/v6\/bedomming-og-klassifisering\/"},{"@type":"ListItem","position":3,"name":"Innovasjonspoeng"}]},{"@type":"WebSite","@id":"http:\/\/breeam-infrastructure.byggalliansen.no\/v6\/#website","url":"http:\/\/breeam-infrastructure.byggalliansen.no\/v6\/","name":"BREEAM Infrastructure for prosjekter","description":"Utgave 6, 2024","potentialAction":[{"@type":"SearchAction","target":{"@type":"EntryPoint","urlTemplate":"http:\/\/breeam-infrastructure.byggalliansen.no\/v6\/?s={search_term_string}"},"query-input":{"@type":"PropertyValueSpecification","valueRequired":true,"valueName":"search_term_string"}}],"inLanguage":"nb-NO"}]}},"_links":{"self":[{"href":"https:\/\/breeam-infrastructure.byggalliansen.no\/v6\/wp-json\/wp\/v2\/pages\/2267","targetHints":{"allow":["GET"]}}],"collection":[{"href":"https:\/\/breeam-infrastructure.byggalliansen.no\/v6\/wp-json\/wp\/v2\/pages"}],"about":[{"href":"https:\/\/breeam-infrastructure.byggalliansen.no\/v6\/wp-json\/wp\/v2\/types\/page"}],"author":[{"embeddable":true,"href":"https:\/\/breeam-infrastructure.byggalliansen.no\/v6\/wp-json\/wp\/v2\/users\/2"}],"replies":[{"embeddable":true,"href":"https:\/\/breeam-infrastructure.byggalliansen.no\/v6\/wp-json\/wp\/v2\/comments?post=2267"}],"version-history":[{"count":2,"href":"https:\/\/breeam-infrastructure.byggalliansen.no\/v6\/wp-json\/wp\/v2\/pages\/2267\/revisions"}],"predecessor-version":[{"id":2383,"href":"https:\/\/breeam-infrastructure.byggalliansen.no\/v6\/wp-json\/wp\/v2\/pages\/2267\/revisions\/2383"}],"up":[{"embeddable":true,"href":"https:\/\/breeam-infrastructure.byggalliansen.no\/v6\/wp-json\/wp\/v2\/pages\/2257"}],"wp:attachment":[{"href":"https:\/\/breeam-infrastructure.byggalliansen.no\/v6\/wp-json\/wp\/v2\/media?parent=2267"}],"wp:term":[{"taxonomy":"category","embeddable":true,"href":"https:\/\/breeam-infrastructure.byggalliansen.no\/v6\/wp-json\/wp\/v2\/categories?post=2267"},{"taxonomy":"connection","embeddable":true,"href":"https:\/\/breeam-infrastructure.byggalliansen.no\/v6\/wp-json\/wp\/v2\/connection?post=2267"}],"curies":[{"name":"wp","href":"https:\/\/api.w.org\/{rel}","templated":true}]}}