{"id":2269,"date":"2025-01-08T08:43:02","date_gmt":"2025-01-08T08:43:02","guid":{"rendered":"https:\/\/manualer.byggalliansen.no\/v6\/?page_id=2269"},"modified":"2025-01-13T14:56:45","modified_gmt":"2025-01-13T14:56:45","slug":"dokumentasjonskrav","status":"publish","type":"page","link":"https:\/\/breeam-infrastructure.byggalliansen.no\/v6\/bedomming-og-klassifisering\/dokumentasjonskrav\/","title":{"rendered":"Dokumentasjonskrav"},"content":{"rendered":"\n<p>For at prosjekter skal kunne oppn\u00e5 poeng i BREEAM Infrastructure, m\u00e5 det dokumenteres at alle relevante kriterier i revisjonsomfanget er oppfylt. Under hvert emne er det oppf\u00f8rt eksempler p\u00e5 dokumentasjonskrav. Assessoren og verifisereren kan avtale hva som regnes som n\u00f8dvendig dokumentasjon.<\/p>\n\n\n\n<p><\/p>\n","protected":false},"excerpt":{"rendered":"<p>For at prosjekter skal kunne oppn\u00e5 poeng i BREEAM Infrastructure, m\u00e5 det dokumenteres at alle relevante kriterier i revisjonsomfanget er oppfylt. Under hvert emne er det oppf\u00f8rt eksempler p\u00e5 dokumentasjonskrav. Assessoren og verifisereren kan avtale hva som regnes som n\u00f8dvendig dokumentasjon.<\/p>\n","protected":false},"author":2,"featured_media":0,"parent":2257,"menu_order":5,"comment_status":"closed","ping_status":"closed","template":"page-page.php","meta":{"_acf_changed":false,"footnotes":""},"categories":[],"connection":[],"class_list":["post-2269","page","type-page","status-publish","hentry"],"acf":[],"yoast_head":"<!-- This site is optimized with the Yoast SEO plugin v24.6 - https:\/\/yoast.com\/wordpress\/plugins\/seo\/ -->\n<title>Dokumentasjonskrav - BREEAM Infrastructure for prosjekter<\/title>\n<meta name=\"robots\" content=\"index, follow, max-snippet:-1, max-image-preview:large, max-video-preview:-1\" \/>\n<link rel=\"canonical\" href=\"https:\/\/breeam-infrastructure.byggalliansen.no\/v6\/bedomming-og-klassifisering\/dokumentasjonskrav\/\" \/>\n<meta property=\"og:locale\" content=\"nb_NO\" \/>\n<meta property=\"og:type\" content=\"article\" \/>\n<meta property=\"og:title\" content=\"Dokumentasjonskrav - BREEAM Infrastructure for prosjekter\" \/>\n<meta property=\"og:description\" content=\"For at prosjekter skal kunne oppn\u00e5 poeng i BREEAM Infrastructure, m\u00e5 det dokumenteres at alle relevante kriterier i revisjonsomfanget er oppfylt. Under hvert emne er det oppf\u00f8rt eksempler p\u00e5 dokumentasjonskrav. Assessoren og verifisereren kan avtale hva som regnes som n\u00f8dvendig dokumentasjon.\" \/>\n<meta property=\"og:url\" content=\"https:\/\/breeam-infrastructure.byggalliansen.no\/v6\/bedomming-og-klassifisering\/dokumentasjonskrav\/\" \/>\n<meta property=\"og:site_name\" content=\"BREEAM Infrastructure for prosjekter\" \/>\n<meta property=\"article:modified_time\" content=\"2025-01-13T14:56:45+00:00\" \/>\n<meta name=\"twitter:card\" content=\"summary_large_image\" \/>\n<meta name=\"twitter:label1\" content=\"Ansl. lesetid\" \/>\n\t<meta name=\"twitter:data1\" content=\"1 minutt\" \/>\n<script type=\"application\/ld+json\" class=\"yoast-schema-graph\">{\"@context\":\"https:\/\/schema.org\",\"@graph\":[{\"@type\":\"WebPage\",\"@id\":\"https:\/\/breeam-infrastructure.byggalliansen.no\/v6\/bedomming-og-klassifisering\/dokumentasjonskrav\/\",\"url\":\"https:\/\/breeam-infrastructure.byggalliansen.no\/v6\/bedomming-og-klassifisering\/dokumentasjonskrav\/\",\"name\":\"Dokumentasjonskrav - BREEAM Infrastructure for prosjekter\",\"isPartOf\":{\"@id\":\"http:\/\/breeam-infrastructure.byggalliansen.no\/v6\/#website\"},\"datePublished\":\"2025-01-08T08:43:02+00:00\",\"dateModified\":\"2025-01-13T14:56:45+00:00\",\"breadcrumb\":{\"@id\":\"https:\/\/breeam-infrastructure.byggalliansen.no\/v6\/bedomming-og-klassifisering\/dokumentasjonskrav\/#breadcrumb\"},\"inLanguage\":\"nb-NO\",\"potentialAction\":[{\"@type\":\"ReadAction\",\"target\":[\"https:\/\/breeam-infrastructure.byggalliansen.no\/v6\/bedomming-og-klassifisering\/dokumentasjonskrav\/\"]}]},{\"@type\":\"BreadcrumbList\",\"@id\":\"https:\/\/breeam-infrastructure.byggalliansen.no\/v6\/bedomming-og-klassifisering\/dokumentasjonskrav\/#breadcrumb\",\"itemListElement\":[{\"@type\":\"ListItem\",\"position\":1,\"name\":\"BREEAM Infrastructure for prosjekter\",\"item\":\"https:\/\/breeam-infrastructure.byggalliansen.no\/v6\/\"},{\"@type\":\"ListItem\",\"position\":2,\"name\":\"Bed\u00f8mming og klassifisering\",\"item\":\"https:\/\/breeam-infrastructure.byggalliansen.no\/v6\/bedomming-og-klassifisering\/\"},{\"@type\":\"ListItem\",\"position\":3,\"name\":\"Dokumentasjonskrav\"}]},{\"@type\":\"WebSite\",\"@id\":\"http:\/\/breeam-infrastructure.byggalliansen.no\/v6\/#website\",\"url\":\"http:\/\/breeam-infrastructure.byggalliansen.no\/v6\/\",\"name\":\"BREEAM Infrastructure for prosjekter\",\"description\":\"Utgave 6, 2024\",\"potentialAction\":[{\"@type\":\"SearchAction\",\"target\":{\"@type\":\"EntryPoint\",\"urlTemplate\":\"http:\/\/breeam-infrastructure.byggalliansen.no\/v6\/?s={search_term_string}\"},\"query-input\":{\"@type\":\"PropertyValueSpecification\",\"valueRequired\":true,\"valueName\":\"search_term_string\"}}],\"inLanguage\":\"nb-NO\"}]}<\/script>\n<!-- \/ Yoast SEO plugin. -->","yoast_head_json":{"title":"Dokumentasjonskrav - BREEAM Infrastructure for prosjekter","robots":{"index":"index","follow":"follow","max-snippet":"max-snippet:-1","max-image-preview":"max-image-preview:large","max-video-preview":"max-video-preview:-1"},"canonical":"https:\/\/breeam-infrastructure.byggalliansen.no\/v6\/bedomming-og-klassifisering\/dokumentasjonskrav\/","og_locale":"nb_NO","og_type":"article","og_title":"Dokumentasjonskrav - BREEAM Infrastructure for prosjekter","og_description":"For at prosjekter skal kunne oppn\u00e5 poeng i BREEAM Infrastructure, m\u00e5 det dokumenteres at alle relevante kriterier i revisjonsomfanget er oppfylt. Under hvert emne er det oppf\u00f8rt eksempler p\u00e5 dokumentasjonskrav. Assessoren og verifisereren kan avtale hva som regnes som n\u00f8dvendig dokumentasjon.","og_url":"https:\/\/breeam-infrastructure.byggalliansen.no\/v6\/bedomming-og-klassifisering\/dokumentasjonskrav\/","og_site_name":"BREEAM Infrastructure for prosjekter","article_modified_time":"2025-01-13T14:56:45+00:00","twitter_card":"summary_large_image","twitter_misc":{"Ansl. lesetid":"1 minutt"},"schema":{"@context":"https:\/\/schema.org","@graph":[{"@type":"WebPage","@id":"https:\/\/breeam-infrastructure.byggalliansen.no\/v6\/bedomming-og-klassifisering\/dokumentasjonskrav\/","url":"https:\/\/breeam-infrastructure.byggalliansen.no\/v6\/bedomming-og-klassifisering\/dokumentasjonskrav\/","name":"Dokumentasjonskrav - BREEAM Infrastructure for prosjekter","isPartOf":{"@id":"http:\/\/breeam-infrastructure.byggalliansen.no\/v6\/#website"},"datePublished":"2025-01-08T08:43:02+00:00","dateModified":"2025-01-13T14:56:45+00:00","breadcrumb":{"@id":"https:\/\/breeam-infrastructure.byggalliansen.no\/v6\/bedomming-og-klassifisering\/dokumentasjonskrav\/#breadcrumb"},"inLanguage":"nb-NO","potentialAction":[{"@type":"ReadAction","target":["https:\/\/breeam-infrastructure.byggalliansen.no\/v6\/bedomming-og-klassifisering\/dokumentasjonskrav\/"]}]},{"@type":"BreadcrumbList","@id":"https:\/\/breeam-infrastructure.byggalliansen.no\/v6\/bedomming-og-klassifisering\/dokumentasjonskrav\/#breadcrumb","itemListElement":[{"@type":"ListItem","position":1,"name":"BREEAM Infrastructure for prosjekter","item":"https:\/\/breeam-infrastructure.byggalliansen.no\/v6\/"},{"@type":"ListItem","position":2,"name":"Bed\u00f8mming og klassifisering","item":"https:\/\/breeam-infrastructure.byggalliansen.no\/v6\/bedomming-og-klassifisering\/"},{"@type":"ListItem","position":3,"name":"Dokumentasjonskrav"}]},{"@type":"WebSite","@id":"http:\/\/breeam-infrastructure.byggalliansen.no\/v6\/#website","url":"http:\/\/breeam-infrastructure.byggalliansen.no\/v6\/","name":"BREEAM Infrastructure for prosjekter","description":"Utgave 6, 2024","potentialAction":[{"@type":"SearchAction","target":{"@type":"EntryPoint","urlTemplate":"http:\/\/breeam-infrastructure.byggalliansen.no\/v6\/?s={search_term_string}"},"query-input":{"@type":"PropertyValueSpecification","valueRequired":true,"valueName":"search_term_string"}}],"inLanguage":"nb-NO"}]}},"_links":{"self":[{"href":"https:\/\/breeam-infrastructure.byggalliansen.no\/v6\/wp-json\/wp\/v2\/pages\/2269","targetHints":{"allow":["GET"]}}],"collection":[{"href":"https:\/\/breeam-infrastructure.byggalliansen.no\/v6\/wp-json\/wp\/v2\/pages"}],"about":[{"href":"https:\/\/breeam-infrastructure.byggalliansen.no\/v6\/wp-json\/wp\/v2\/types\/page"}],"author":[{"embeddable":true,"href":"https:\/\/breeam-infrastructure.byggalliansen.no\/v6\/wp-json\/wp\/v2\/users\/2"}],"replies":[{"embeddable":true,"href":"https:\/\/breeam-infrastructure.byggalliansen.no\/v6\/wp-json\/wp\/v2\/comments?post=2269"}],"version-history":[{"count":2,"href":"https:\/\/breeam-infrastructure.byggalliansen.no\/v6\/wp-json\/wp\/v2\/pages\/2269\/revisions"}],"predecessor-version":[{"id":2384,"href":"https:\/\/breeam-infrastructure.byggalliansen.no\/v6\/wp-json\/wp\/v2\/pages\/2269\/revisions\/2384"}],"up":[{"embeddable":true,"href":"https:\/\/breeam-infrastructure.byggalliansen.no\/v6\/wp-json\/wp\/v2\/pages\/2257"}],"wp:attachment":[{"href":"https:\/\/breeam-infrastructure.byggalliansen.no\/v6\/wp-json\/wp\/v2\/media?parent=2269"}],"wp:term":[{"taxonomy":"category","embeddable":true,"href":"https:\/\/breeam-infrastructure.byggalliansen.no\/v6\/wp-json\/wp\/v2\/categories?post=2269"},{"taxonomy":"connection","embeddable":true,"href":"https:\/\/breeam-infrastructure.byggalliansen.no\/v6\/wp-json\/wp\/v2\/connection?post=2269"}],"curies":[{"name":"wp","href":"https:\/\/api.w.org\/{rel}","templated":true}]}}