{"id":2271,"date":"2025-01-08T08:43:55","date_gmt":"2025-01-08T08:43:55","guid":{"rendered":"https:\/\/manualer.byggalliansen.no\/v6\/?page_id=2271"},"modified":"2025-01-13T14:58:55","modified_gmt":"2025-01-13T14:58:55","slug":"beregning-av-breeam-infrastructure-klassifisering","status":"publish","type":"page","link":"https:\/\/breeam-infrastructure.byggalliansen.no\/v6\/bedomming-og-klassifisering\/beregning-av-breeam-infrastructure-klassifisering\/","title":{"rendered":"Beregning av BREEAM Infrastructure-klassifisering"},"content":{"rendered":"\n<p>BREEAM Infrastructure-klassifiseringer m\u00e5 utarbeides av BREEAM Infrastructure-assessorer ved hjelp av riktig revisjonsverkt\u00f8y. BREEAM-klassifiseringer kan kun oppn\u00e5s ved hjelp av sertifiserte revisjoner.<\/p>\n\n\n\n<p>Et eksempel p\u00e5 en beregning av BREEAM Infrastructure-poeng og -klassifisering kan sees i tabell&nbsp;8.<\/p>\n\n\n\n<figure class=\"wp-block-table\"><table class=\"has-fixed-layout\"><thead><tr><th>Kategori<\/th><th>Vekting av kategorien i %<\/th><th>Tilgjengelige poeng (opp til)<\/th><th>Tilgjengelige poeng (etter utelatelse)<\/th><th>Poeng oppn\u00e5dd<\/th><th>Poeng oppn\u00e5dd i %<\/th><\/tr><\/thead><tbody><tr><td>Ledelse<\/td><td>11%<\/td><td>550<\/td><td>492<\/td><td>411<\/td><td>83,5%<\/td><\/tr><tr><td>Robusthet<\/td><td>12%<\/td><td>600<\/td><td>526<\/td><td>453<\/td><td>86,1%<\/td><\/tr><tr><td>Lokalsamfunn og interessenter<\/td><td>11%<\/td><td>550<\/td><td>480<\/td><td>445<\/td><td>92,7%<\/td><\/tr><tr><td>Arealbruk og \u00f8kologi<\/td><td>12%<\/td><td>600<\/td><td>550<\/td><td>502<\/td><td>91,3%<\/td><\/tr><tr><td>Landskap og kulturarv<\/td><td>9%<\/td><td>450<\/td><td>212<\/td><td>212<\/td><td>100%<\/td><\/tr><tr><td>Forurensning<\/td><td>8%<\/td><td>400<\/td><td>369<\/td><td>340<\/td><td>92,1%<\/td><\/tr><tr><td>Ressurser<\/td><td>&nbsp;<\/td><td>&nbsp;<\/td><td>&nbsp;<\/td><td>&nbsp;<\/td><td>&nbsp;<\/td><\/tr><tr><td>Materialer, inkludert avfall<\/td><td>16%<\/td><td>800<\/td><td>725<\/td><td>703<\/td><td>97,0%<\/td><\/tr><tr><td>Energi og klimagass (drift)<\/td><td>4%<\/td><td>200<\/td><td>101<\/td><td>92<\/td><td>91,1%<\/td><\/tr><tr><td>Energi og klimagass (bygging)<\/td><td>5%<\/td><td>250<\/td><td>188<\/td><td>173<\/td><td>92,0%<\/td><\/tr><tr><td>Vann<\/td><td>4%<\/td><td>200<\/td><td>138<\/td><td>122<\/td><td>88,4%<\/td><\/tr><tr><td>Transport<\/td><td>8%<\/td><td>400<\/td><td>341<\/td><td>267<\/td><td>78,3%<\/td><\/tr><tr><td>TOTALT<\/td><td>100%<\/td><td>5000<\/td><td>4122<\/td><td>3720<\/td><td>90,2%<\/td><\/tr><tr><td>Innovasjon<\/td><td>&nbsp;<\/td><td>500<\/td><td>&#8211;<\/td><td>&#8211;<\/td><td>2,0%<\/td><\/tr><tr><td><strong>BREEAM-poengsum<\/strong><\/td><td>&nbsp;<\/td><td>&nbsp;<\/td><td>&nbsp;<\/td><td>&nbsp;<\/td><td><strong>92,2 %<\/strong><\/td><\/tr><tr><td>Minstekrav oppn\u00e5dd<\/td><td>&nbsp;<\/td><td>&nbsp;<\/td><td>&nbsp;<\/td><td>&nbsp;<\/td><td>Ja<\/td><\/tr><tr><td><strong>BREEAM-klassifisering<\/strong><\/td><td>&nbsp;<\/td><td>&nbsp;<\/td><td>&nbsp;<\/td><td>&nbsp;<\/td><td><strong>Outstanding<\/strong><\/td><\/tr><\/tbody><\/table><figcaption class=\"wp-element-caption\">Tabell\u00a08. Eksempel p\u00e5 beregning av BREEAM Infrastructure-poeng og -klassifisering i BREEAM Infrastructure for prosjekter versjon\u00a06<\/figcaption><\/figure>\n\n\n\n<p><\/p>\n","protected":false},"excerpt":{"rendered":"<p>BREEAM Infrastructure-klassifiseringer m\u00e5 utarbeides av BREEAM Infrastructure-assessorer ved hjelp av riktig revisjonsverkt\u00f8y. BREEAM-klassifiseringer kan kun oppn\u00e5s ved hjelp av sertifiserte revisjoner. Et eksempel p\u00e5 en beregning av BREEAM Infrastructure-poeng og -klassifisering kan sees i tabell&nbsp;8. Kategori Vekting av kategorien i % Tilgjengelige poeng (opp til) Tilgjengelige poeng (etter utelatelse) Poeng oppn\u00e5dd Poeng oppn\u00e5dd i % [&hellip;]<\/p>\n","protected":false},"author":2,"featured_media":0,"parent":2257,"menu_order":6,"comment_status":"closed","ping_status":"closed","template":"page-page.php","meta":{"_acf_changed":false,"footnotes":""},"categories":[],"connection":[],"class_list":["post-2271","page","type-page","status-publish","hentry"],"acf":[],"yoast_head":"<!-- This site is optimized with the Yoast SEO plugin v24.6 - https:\/\/yoast.com\/wordpress\/plugins\/seo\/ -->\n<title>Beregning av BREEAM Infrastructure-klassifisering - BREEAM Infrastructure for prosjekter<\/title>\n<meta name=\"robots\" content=\"index, follow, max-snippet:-1, max-image-preview:large, max-video-preview:-1\" \/>\n<link rel=\"canonical\" href=\"https:\/\/breeam-infrastructure.byggalliansen.no\/v6\/bedomming-og-klassifisering\/beregning-av-breeam-infrastructure-klassifisering\/\" \/>\n<meta property=\"og:locale\" content=\"nb_NO\" \/>\n<meta property=\"og:type\" content=\"article\" \/>\n<meta property=\"og:title\" content=\"Beregning av BREEAM Infrastructure-klassifisering - BREEAM Infrastructure for prosjekter\" \/>\n<meta property=\"og:description\" content=\"BREEAM Infrastructure-klassifiseringer m\u00e5 utarbeides av BREEAM Infrastructure-assessorer ved hjelp av riktig revisjonsverkt\u00f8y. BREEAM-klassifiseringer kan kun oppn\u00e5s ved hjelp av sertifiserte revisjoner. Et eksempel p\u00e5 en beregning av BREEAM Infrastructure-poeng og -klassifisering kan sees i tabell&nbsp;8. Kategori Vekting av kategorien i % Tilgjengelige poeng (opp til) Tilgjengelige poeng (etter utelatelse) Poeng oppn\u00e5dd Poeng oppn\u00e5dd i % [&hellip;]\" \/>\n<meta property=\"og:url\" content=\"https:\/\/breeam-infrastructure.byggalliansen.no\/v6\/bedomming-og-klassifisering\/beregning-av-breeam-infrastructure-klassifisering\/\" \/>\n<meta property=\"og:site_name\" content=\"BREEAM Infrastructure for prosjekter\" \/>\n<meta property=\"article:modified_time\" content=\"2025-01-13T14:58:55+00:00\" \/>\n<meta name=\"twitter:card\" content=\"summary_large_image\" \/>\n<meta name=\"twitter:label1\" content=\"Ansl. lesetid\" \/>\n\t<meta name=\"twitter:data1\" content=\"1 minutt\" \/>\n<script type=\"application\/ld+json\" class=\"yoast-schema-graph\">{\"@context\":\"https:\/\/schema.org\",\"@graph\":[{\"@type\":\"WebPage\",\"@id\":\"https:\/\/breeam-infrastructure.byggalliansen.no\/v6\/bedomming-og-klassifisering\/beregning-av-breeam-infrastructure-klassifisering\/\",\"url\":\"https:\/\/breeam-infrastructure.byggalliansen.no\/v6\/bedomming-og-klassifisering\/beregning-av-breeam-infrastructure-klassifisering\/\",\"name\":\"Beregning av BREEAM Infrastructure-klassifisering - BREEAM Infrastructure for prosjekter\",\"isPartOf\":{\"@id\":\"http:\/\/breeam-infrastructure.byggalliansen.no\/v6\/#website\"},\"datePublished\":\"2025-01-08T08:43:55+00:00\",\"dateModified\":\"2025-01-13T14:58:55+00:00\",\"breadcrumb\":{\"@id\":\"https:\/\/breeam-infrastructure.byggalliansen.no\/v6\/bedomming-og-klassifisering\/beregning-av-breeam-infrastructure-klassifisering\/#breadcrumb\"},\"inLanguage\":\"nb-NO\",\"potentialAction\":[{\"@type\":\"ReadAction\",\"target\":[\"https:\/\/breeam-infrastructure.byggalliansen.no\/v6\/bedomming-og-klassifisering\/beregning-av-breeam-infrastructure-klassifisering\/\"]}]},{\"@type\":\"BreadcrumbList\",\"@id\":\"https:\/\/breeam-infrastructure.byggalliansen.no\/v6\/bedomming-og-klassifisering\/beregning-av-breeam-infrastructure-klassifisering\/#breadcrumb\",\"itemListElement\":[{\"@type\":\"ListItem\",\"position\":1,\"name\":\"BREEAM Infrastructure for prosjekter\",\"item\":\"https:\/\/breeam-infrastructure.byggalliansen.no\/v6\/\"},{\"@type\":\"ListItem\",\"position\":2,\"name\":\"Bed\u00f8mming og klassifisering\",\"item\":\"https:\/\/breeam-infrastructure.byggalliansen.no\/v6\/bedomming-og-klassifisering\/\"},{\"@type\":\"ListItem\",\"position\":3,\"name\":\"Beregning av BREEAM Infrastructure-klassifisering\"}]},{\"@type\":\"WebSite\",\"@id\":\"http:\/\/breeam-infrastructure.byggalliansen.no\/v6\/#website\",\"url\":\"http:\/\/breeam-infrastructure.byggalliansen.no\/v6\/\",\"name\":\"BREEAM Infrastructure for prosjekter\",\"description\":\"Utgave 6, 2024\",\"potentialAction\":[{\"@type\":\"SearchAction\",\"target\":{\"@type\":\"EntryPoint\",\"urlTemplate\":\"http:\/\/breeam-infrastructure.byggalliansen.no\/v6\/?s={search_term_string}\"},\"query-input\":{\"@type\":\"PropertyValueSpecification\",\"valueRequired\":true,\"valueName\":\"search_term_string\"}}],\"inLanguage\":\"nb-NO\"}]}<\/script>\n<!-- \/ Yoast SEO plugin. -->","yoast_head_json":{"title":"Beregning av BREEAM Infrastructure-klassifisering - BREEAM Infrastructure for prosjekter","robots":{"index":"index","follow":"follow","max-snippet":"max-snippet:-1","max-image-preview":"max-image-preview:large","max-video-preview":"max-video-preview:-1"},"canonical":"https:\/\/breeam-infrastructure.byggalliansen.no\/v6\/bedomming-og-klassifisering\/beregning-av-breeam-infrastructure-klassifisering\/","og_locale":"nb_NO","og_type":"article","og_title":"Beregning av BREEAM Infrastructure-klassifisering - BREEAM Infrastructure for prosjekter","og_description":"BREEAM Infrastructure-klassifiseringer m\u00e5 utarbeides av BREEAM Infrastructure-assessorer ved hjelp av riktig revisjonsverkt\u00f8y. BREEAM-klassifiseringer kan kun oppn\u00e5s ved hjelp av sertifiserte revisjoner. Et eksempel p\u00e5 en beregning av BREEAM Infrastructure-poeng og -klassifisering kan sees i tabell&nbsp;8. Kategori Vekting av kategorien i % Tilgjengelige poeng (opp til) Tilgjengelige poeng (etter utelatelse) Poeng oppn\u00e5dd Poeng oppn\u00e5dd i % [&hellip;]","og_url":"https:\/\/breeam-infrastructure.byggalliansen.no\/v6\/bedomming-og-klassifisering\/beregning-av-breeam-infrastructure-klassifisering\/","og_site_name":"BREEAM Infrastructure for prosjekter","article_modified_time":"2025-01-13T14:58:55+00:00","twitter_card":"summary_large_image","twitter_misc":{"Ansl. lesetid":"1 minutt"},"schema":{"@context":"https:\/\/schema.org","@graph":[{"@type":"WebPage","@id":"https:\/\/breeam-infrastructure.byggalliansen.no\/v6\/bedomming-og-klassifisering\/beregning-av-breeam-infrastructure-klassifisering\/","url":"https:\/\/breeam-infrastructure.byggalliansen.no\/v6\/bedomming-og-klassifisering\/beregning-av-breeam-infrastructure-klassifisering\/","name":"Beregning av BREEAM Infrastructure-klassifisering - BREEAM Infrastructure for prosjekter","isPartOf":{"@id":"http:\/\/breeam-infrastructure.byggalliansen.no\/v6\/#website"},"datePublished":"2025-01-08T08:43:55+00:00","dateModified":"2025-01-13T14:58:55+00:00","breadcrumb":{"@id":"https:\/\/breeam-infrastructure.byggalliansen.no\/v6\/bedomming-og-klassifisering\/beregning-av-breeam-infrastructure-klassifisering\/#breadcrumb"},"inLanguage":"nb-NO","potentialAction":[{"@type":"ReadAction","target":["https:\/\/breeam-infrastructure.byggalliansen.no\/v6\/bedomming-og-klassifisering\/beregning-av-breeam-infrastructure-klassifisering\/"]}]},{"@type":"BreadcrumbList","@id":"https:\/\/breeam-infrastructure.byggalliansen.no\/v6\/bedomming-og-klassifisering\/beregning-av-breeam-infrastructure-klassifisering\/#breadcrumb","itemListElement":[{"@type":"ListItem","position":1,"name":"BREEAM Infrastructure for prosjekter","item":"https:\/\/breeam-infrastructure.byggalliansen.no\/v6\/"},{"@type":"ListItem","position":2,"name":"Bed\u00f8mming og klassifisering","item":"https:\/\/breeam-infrastructure.byggalliansen.no\/v6\/bedomming-og-klassifisering\/"},{"@type":"ListItem","position":3,"name":"Beregning av BREEAM Infrastructure-klassifisering"}]},{"@type":"WebSite","@id":"http:\/\/breeam-infrastructure.byggalliansen.no\/v6\/#website","url":"http:\/\/breeam-infrastructure.byggalliansen.no\/v6\/","name":"BREEAM Infrastructure for prosjekter","description":"Utgave 6, 2024","potentialAction":[{"@type":"SearchAction","target":{"@type":"EntryPoint","urlTemplate":"http:\/\/breeam-infrastructure.byggalliansen.no\/v6\/?s={search_term_string}"},"query-input":{"@type":"PropertyValueSpecification","valueRequired":true,"valueName":"search_term_string"}}],"inLanguage":"nb-NO"}]}},"_links":{"self":[{"href":"https:\/\/breeam-infrastructure.byggalliansen.no\/v6\/wp-json\/wp\/v2\/pages\/2271","targetHints":{"allow":["GET"]}}],"collection":[{"href":"https:\/\/breeam-infrastructure.byggalliansen.no\/v6\/wp-json\/wp\/v2\/pages"}],"about":[{"href":"https:\/\/breeam-infrastructure.byggalliansen.no\/v6\/wp-json\/wp\/v2\/types\/page"}],"author":[{"embeddable":true,"href":"https:\/\/breeam-infrastructure.byggalliansen.no\/v6\/wp-json\/wp\/v2\/users\/2"}],"replies":[{"embeddable":true,"href":"https:\/\/breeam-infrastructure.byggalliansen.no\/v6\/wp-json\/wp\/v2\/comments?post=2271"}],"version-history":[{"count":2,"href":"https:\/\/breeam-infrastructure.byggalliansen.no\/v6\/wp-json\/wp\/v2\/pages\/2271\/revisions"}],"predecessor-version":[{"id":2385,"href":"https:\/\/breeam-infrastructure.byggalliansen.no\/v6\/wp-json\/wp\/v2\/pages\/2271\/revisions\/2385"}],"up":[{"embeddable":true,"href":"https:\/\/breeam-infrastructure.byggalliansen.no\/v6\/wp-json\/wp\/v2\/pages\/2257"}],"wp:attachment":[{"href":"https:\/\/breeam-infrastructure.byggalliansen.no\/v6\/wp-json\/wp\/v2\/media?parent=2271"}],"wp:term":[{"taxonomy":"category","embeddable":true,"href":"https:\/\/breeam-infrastructure.byggalliansen.no\/v6\/wp-json\/wp\/v2\/categories?post=2271"},{"taxonomy":"connection","embeddable":true,"href":"https:\/\/breeam-infrastructure.byggalliansen.no\/v6\/wp-json\/wp\/v2\/connection?post=2271"}],"curies":[{"name":"wp","href":"https:\/\/api.w.org\/{rel}","templated":true}]}}