{"id":2282,"date":"2025-01-08T08:48:59","date_gmt":"2025-01-08T08:48:59","guid":{"rendered":"https:\/\/manualer.byggalliansen.no\/v6\/?page_id=2282"},"modified":"2025-03-13T07:28:04","modified_gmt":"2025-03-13T07:28:04","slug":"5-landskap-og-kulturarv","status":"publish","type":"page","link":"https:\/\/breeam-infrastructure.byggalliansen.no\/v6\/kategorier-og-emner\/5-landskap-og-kulturarv\/","title":{"rendered":"5 Landskap og kulturarv"},"content":{"rendered":"\n<p>Denne kategorien oppmuntrer til \u00e5 ta hensyn til landskapet og tilh\u00f8rende kulturarv i og rundt prosjektlokaliteten. Den tar sikte p\u00e5 \u00e5 beskytte og forbedre b\u00e5de landskapets egenart og eventuelle kulturarv. Kategorien omfatter den estetiske verdien og visuelle p\u00e5virkningen av et prosjekt samt tiltak iverksatt for \u00e5 beskytte og forbedre det historiske milj\u00f8et til fordel for dagens og fremtidige generasjoner.<\/p>\n","protected":false},"excerpt":{"rendered":"<p>Denne kategorien oppmuntrer til \u00e5 ta hensyn til landskapet og tilh\u00f8rende kulturarv i og rundt prosjektlokaliteten. Den tar sikte p\u00e5 \u00e5 beskytte og forbedre b\u00e5de landskapets egenart og eventuelle kulturarv. Kategorien omfatter den estetiske verdien og visuelle p\u00e5virkningen av et prosjekt samt tiltak iverksatt for \u00e5 beskytte og forbedre det historiske milj\u00f8et til fordel for [&hellip;]<\/p>\n","protected":false},"author":2,"featured_media":0,"parent":2021,"menu_order":4,"comment_status":"closed","ping_status":"closed","template":"page-portal.php","meta":{"_acf_changed":false,"footnotes":""},"categories":[],"connection":[],"class_list":["post-2282","page","type-page","status-publish","hentry"],"acf":[],"yoast_head":"<!-- This site is optimized with the Yoast SEO plugin v24.6 - https:\/\/yoast.com\/wordpress\/plugins\/seo\/ -->\n<title>5 Landskap og kulturarv - BREEAM Infrastructure for prosjekter<\/title>\n<meta name=\"robots\" content=\"index, follow, max-snippet:-1, max-image-preview:large, max-video-preview:-1\" \/>\n<link rel=\"canonical\" href=\"https:\/\/breeam-infrastructure.byggalliansen.no\/v6\/kategorier-og-emner\/5-landskap-og-kulturarv\/\" \/>\n<meta property=\"og:locale\" content=\"nb_NO\" \/>\n<meta property=\"og:type\" content=\"article\" \/>\n<meta property=\"og:title\" content=\"5 Landskap og kulturarv - BREEAM Infrastructure for prosjekter\" \/>\n<meta property=\"og:description\" content=\"Denne kategorien oppmuntrer til \u00e5 ta hensyn til landskapet og tilh\u00f8rende kulturarv i og rundt prosjektlokaliteten. Den tar sikte p\u00e5 \u00e5 beskytte og forbedre b\u00e5de landskapets egenart og eventuelle kulturarv. Kategorien omfatter den estetiske verdien og visuelle p\u00e5virkningen av et prosjekt samt tiltak iverksatt for \u00e5 beskytte og forbedre det historiske milj\u00f8et til fordel for [&hellip;]\" \/>\n<meta property=\"og:url\" content=\"https:\/\/breeam-infrastructure.byggalliansen.no\/v6\/kategorier-og-emner\/5-landskap-og-kulturarv\/\" \/>\n<meta property=\"og:site_name\" content=\"BREEAM Infrastructure for prosjekter\" \/>\n<meta property=\"article:modified_time\" content=\"2025-03-13T07:28:04+00:00\" \/>\n<meta name=\"twitter:card\" content=\"summary_large_image\" \/>\n<meta name=\"twitter:label1\" content=\"Ansl. lesetid\" \/>\n\t<meta name=\"twitter:data1\" content=\"1 minutt\" \/>\n<script type=\"application\/ld+json\" class=\"yoast-schema-graph\">{\"@context\":\"https:\/\/schema.org\",\"@graph\":[{\"@type\":\"WebPage\",\"@id\":\"https:\/\/breeam-infrastructure.byggalliansen.no\/v6\/kategorier-og-emner\/5-landskap-og-kulturarv\/\",\"url\":\"https:\/\/breeam-infrastructure.byggalliansen.no\/v6\/kategorier-og-emner\/5-landskap-og-kulturarv\/\",\"name\":\"5 Landskap og kulturarv - BREEAM Infrastructure for prosjekter\",\"isPartOf\":{\"@id\":\"http:\/\/breeam-infrastructure.byggalliansen.no\/v6\/#website\"},\"datePublished\":\"2025-01-08T08:48:59+00:00\",\"dateModified\":\"2025-03-13T07:28:04+00:00\",\"breadcrumb\":{\"@id\":\"https:\/\/breeam-infrastructure.byggalliansen.no\/v6\/kategorier-og-emner\/5-landskap-og-kulturarv\/#breadcrumb\"},\"inLanguage\":\"nb-NO\",\"potentialAction\":[{\"@type\":\"ReadAction\",\"target\":[\"https:\/\/breeam-infrastructure.byggalliansen.no\/v6\/kategorier-og-emner\/5-landskap-og-kulturarv\/\"]}]},{\"@type\":\"BreadcrumbList\",\"@id\":\"https:\/\/breeam-infrastructure.byggalliansen.no\/v6\/kategorier-og-emner\/5-landskap-og-kulturarv\/#breadcrumb\",\"itemListElement\":[{\"@type\":\"ListItem\",\"position\":1,\"name\":\"BREEAM Infrastructure for prosjekter\",\"item\":\"https:\/\/breeam-infrastructure.byggalliansen.no\/v6\/\"},{\"@type\":\"ListItem\",\"position\":2,\"name\":\"Kategorier og emner\",\"item\":\"http:\/\/breeam-infrastructure.byggalliansen.no\/v6\/kategorier-og-emner\/\"},{\"@type\":\"ListItem\",\"position\":3,\"name\":\"5 Landskap og kulturarv\"}]},{\"@type\":\"WebSite\",\"@id\":\"http:\/\/breeam-infrastructure.byggalliansen.no\/v6\/#website\",\"url\":\"http:\/\/breeam-infrastructure.byggalliansen.no\/v6\/\",\"name\":\"BREEAM Infrastructure for prosjekter\",\"description\":\"Utgave 6, 2024\",\"potentialAction\":[{\"@type\":\"SearchAction\",\"target\":{\"@type\":\"EntryPoint\",\"urlTemplate\":\"http:\/\/breeam-infrastructure.byggalliansen.no\/v6\/?s={search_term_string}\"},\"query-input\":{\"@type\":\"PropertyValueSpecification\",\"valueRequired\":true,\"valueName\":\"search_term_string\"}}],\"inLanguage\":\"nb-NO\"}]}<\/script>\n<!-- \/ Yoast SEO plugin. -->","yoast_head_json":{"title":"5 Landskap og kulturarv - BREEAM Infrastructure for prosjekter","robots":{"index":"index","follow":"follow","max-snippet":"max-snippet:-1","max-image-preview":"max-image-preview:large","max-video-preview":"max-video-preview:-1"},"canonical":"https:\/\/breeam-infrastructure.byggalliansen.no\/v6\/kategorier-og-emner\/5-landskap-og-kulturarv\/","og_locale":"nb_NO","og_type":"article","og_title":"5 Landskap og kulturarv - BREEAM Infrastructure for prosjekter","og_description":"Denne kategorien oppmuntrer til \u00e5 ta hensyn til landskapet og tilh\u00f8rende kulturarv i og rundt prosjektlokaliteten. Den tar sikte p\u00e5 \u00e5 beskytte og forbedre b\u00e5de landskapets egenart og eventuelle kulturarv. Kategorien omfatter den estetiske verdien og visuelle p\u00e5virkningen av et prosjekt samt tiltak iverksatt for \u00e5 beskytte og forbedre det historiske milj\u00f8et til fordel for [&hellip;]","og_url":"https:\/\/breeam-infrastructure.byggalliansen.no\/v6\/kategorier-og-emner\/5-landskap-og-kulturarv\/","og_site_name":"BREEAM Infrastructure for prosjekter","article_modified_time":"2025-03-13T07:28:04+00:00","twitter_card":"summary_large_image","twitter_misc":{"Ansl. lesetid":"1 minutt"},"schema":{"@context":"https:\/\/schema.org","@graph":[{"@type":"WebPage","@id":"https:\/\/breeam-infrastructure.byggalliansen.no\/v6\/kategorier-og-emner\/5-landskap-og-kulturarv\/","url":"https:\/\/breeam-infrastructure.byggalliansen.no\/v6\/kategorier-og-emner\/5-landskap-og-kulturarv\/","name":"5 Landskap og kulturarv - BREEAM Infrastructure for prosjekter","isPartOf":{"@id":"http:\/\/breeam-infrastructure.byggalliansen.no\/v6\/#website"},"datePublished":"2025-01-08T08:48:59+00:00","dateModified":"2025-03-13T07:28:04+00:00","breadcrumb":{"@id":"https:\/\/breeam-infrastructure.byggalliansen.no\/v6\/kategorier-og-emner\/5-landskap-og-kulturarv\/#breadcrumb"},"inLanguage":"nb-NO","potentialAction":[{"@type":"ReadAction","target":["https:\/\/breeam-infrastructure.byggalliansen.no\/v6\/kategorier-og-emner\/5-landskap-og-kulturarv\/"]}]},{"@type":"BreadcrumbList","@id":"https:\/\/breeam-infrastructure.byggalliansen.no\/v6\/kategorier-og-emner\/5-landskap-og-kulturarv\/#breadcrumb","itemListElement":[{"@type":"ListItem","position":1,"name":"BREEAM Infrastructure for prosjekter","item":"https:\/\/breeam-infrastructure.byggalliansen.no\/v6\/"},{"@type":"ListItem","position":2,"name":"Kategorier og emner","item":"http:\/\/breeam-infrastructure.byggalliansen.no\/v6\/kategorier-og-emner\/"},{"@type":"ListItem","position":3,"name":"5 Landskap og kulturarv"}]},{"@type":"WebSite","@id":"http:\/\/breeam-infrastructure.byggalliansen.no\/v6\/#website","url":"http:\/\/breeam-infrastructure.byggalliansen.no\/v6\/","name":"BREEAM Infrastructure for prosjekter","description":"Utgave 6, 2024","potentialAction":[{"@type":"SearchAction","target":{"@type":"EntryPoint","urlTemplate":"http:\/\/breeam-infrastructure.byggalliansen.no\/v6\/?s={search_term_string}"},"query-input":{"@type":"PropertyValueSpecification","valueRequired":true,"valueName":"search_term_string"}}],"inLanguage":"nb-NO"}]}},"_links":{"self":[{"href":"https:\/\/breeam-infrastructure.byggalliansen.no\/v6\/wp-json\/wp\/v2\/pages\/2282","targetHints":{"allow":["GET"]}}],"collection":[{"href":"https:\/\/breeam-infrastructure.byggalliansen.no\/v6\/wp-json\/wp\/v2\/pages"}],"about":[{"href":"https:\/\/breeam-infrastructure.byggalliansen.no\/v6\/wp-json\/wp\/v2\/types\/page"}],"author":[{"embeddable":true,"href":"https:\/\/breeam-infrastructure.byggalliansen.no\/v6\/wp-json\/wp\/v2\/users\/2"}],"replies":[{"embeddable":true,"href":"https:\/\/breeam-infrastructure.byggalliansen.no\/v6\/wp-json\/wp\/v2\/comments?post=2282"}],"version-history":[{"count":3,"href":"https:\/\/breeam-infrastructure.byggalliansen.no\/v6\/wp-json\/wp\/v2\/pages\/2282\/revisions"}],"predecessor-version":[{"id":3929,"href":"https:\/\/breeam-infrastructure.byggalliansen.no\/v6\/wp-json\/wp\/v2\/pages\/2282\/revisions\/3929"}],"up":[{"embeddable":true,"href":"https:\/\/breeam-infrastructure.byggalliansen.no\/v6\/wp-json\/wp\/v2\/pages\/2021"}],"wp:attachment":[{"href":"https:\/\/breeam-infrastructure.byggalliansen.no\/v6\/wp-json\/wp\/v2\/media?parent=2282"}],"wp:term":[{"taxonomy":"category","embeddable":true,"href":"https:\/\/breeam-infrastructure.byggalliansen.no\/v6\/wp-json\/wp\/v2\/categories?post=2282"},{"taxonomy":"connection","embeddable":true,"href":"https:\/\/breeam-infrastructure.byggalliansen.no\/v6\/wp-json\/wp\/v2\/connection?post=2282"}],"curies":[{"name":"wp","href":"https:\/\/api.w.org\/{rel}","templated":true}]}}