{"id":2314,"date":"2025-01-09T11:31:53","date_gmt":"2025-01-09T11:31:53","guid":{"rendered":"https:\/\/manualer.byggalliansen.no\/v6\/?page_id=2314"},"modified":"2025-03-13T07:29:00","modified_gmt":"2025-03-13T07:29:00","slug":"8-transport","status":"publish","type":"page","link":"https:\/\/breeam-infrastructure.byggalliansen.no\/v6\/kategorier-og-emner\/8-transport\/","title":{"rendered":"8 Transport"},"content":{"rendered":"\n<p>Denne kategorien oppmuntrer til effektiv h\u00e5ndtering av p\u00e5virkningen fra transport knyttet til alle transportmidler i b\u00e5de anleggs- og driftsfasen. P\u00e5virkningene fra transport som vurderes her, er flytting av materialer og avfall, transport av anleggsarbeidere, og forstyrrelser for andre som bruker transportnettverket gjennom prosjektets levetid. Det legges vekt p\u00e5 at man gjennom planlegging skal unng\u00e5 p\u00e5virkning fra transport n\u00e5r dette er mulig, og at man skal fors\u00f8ke \u00e5 oppn\u00e5 et integrert transportsystem ved \u00e5 samhandle med lokalsamfunnet.<\/p>\n","protected":false},"excerpt":{"rendered":"<p>Denne kategorien oppmuntrer til effektiv h\u00e5ndtering av p\u00e5virkningen fra transport knyttet til alle transportmidler i b\u00e5de anleggs- og driftsfasen. P\u00e5virkningene fra transport som vurderes her, er flytting av materialer og avfall, transport av anleggsarbeidere, og forstyrrelser for andre som bruker transportnettverket gjennom prosjektets levetid. Det legges vekt p\u00e5 at man gjennom planlegging skal unng\u00e5 p\u00e5virkning [&hellip;]<\/p>\n","protected":false},"author":2,"featured_media":0,"parent":2021,"menu_order":7,"comment_status":"closed","ping_status":"closed","template":"page-portal.php","meta":{"_acf_changed":false,"footnotes":""},"categories":[],"connection":[],"class_list":["post-2314","page","type-page","status-publish","hentry"],"acf":[],"yoast_head":"<!-- This site is optimized with the Yoast SEO plugin v24.6 - https:\/\/yoast.com\/wordpress\/plugins\/seo\/ -->\n<title>8 Transport - BREEAM Infrastructure for prosjekter<\/title>\n<meta name=\"robots\" content=\"index, follow, max-snippet:-1, max-image-preview:large, max-video-preview:-1\" \/>\n<link rel=\"canonical\" href=\"http:\/\/breeam-infrastructure.byggalliansen.no\/v6\/kategorier-og-emner\/8-transport\/\" \/>\n<meta property=\"og:locale\" content=\"nb_NO\" \/>\n<meta property=\"og:type\" content=\"article\" \/>\n<meta property=\"og:title\" content=\"8 Transport - BREEAM Infrastructure for prosjekter\" \/>\n<meta property=\"og:description\" content=\"Denne kategorien oppmuntrer til effektiv h\u00e5ndtering av p\u00e5virkningen fra transport knyttet til alle transportmidler i b\u00e5de anleggs- og driftsfasen. P\u00e5virkningene fra transport som vurderes her, er flytting av materialer og avfall, transport av anleggsarbeidere, og forstyrrelser for andre som bruker transportnettverket gjennom prosjektets levetid. Det legges vekt p\u00e5 at man gjennom planlegging skal unng\u00e5 p\u00e5virkning [&hellip;]\" \/>\n<meta property=\"og:url\" content=\"http:\/\/breeam-infrastructure.byggalliansen.no\/v6\/kategorier-og-emner\/8-transport\/\" \/>\n<meta property=\"og:site_name\" content=\"BREEAM Infrastructure for prosjekter\" \/>\n<meta property=\"article:modified_time\" content=\"2025-03-13T07:29:00+00:00\" \/>\n<meta name=\"twitter:card\" content=\"summary_large_image\" \/>\n<script type=\"application\/ld+json\" class=\"yoast-schema-graph\">{\"@context\":\"https:\/\/schema.org\",\"@graph\":[{\"@type\":\"WebPage\",\"@id\":\"http:\/\/breeam-infrastructure.byggalliansen.no\/v6\/kategorier-og-emner\/8-transport\/\",\"url\":\"http:\/\/breeam-infrastructure.byggalliansen.no\/v6\/kategorier-og-emner\/8-transport\/\",\"name\":\"8 Transport - BREEAM Infrastructure for prosjekter\",\"isPartOf\":{\"@id\":\"http:\/\/breeam-infrastructure.byggalliansen.no\/v6\/#website\"},\"datePublished\":\"2025-01-09T11:31:53+00:00\",\"dateModified\":\"2025-03-13T07:29:00+00:00\",\"breadcrumb\":{\"@id\":\"http:\/\/breeam-infrastructure.byggalliansen.no\/v6\/kategorier-og-emner\/8-transport\/#breadcrumb\"},\"inLanguage\":\"nb-NO\",\"potentialAction\":[{\"@type\":\"ReadAction\",\"target\":[\"http:\/\/breeam-infrastructure.byggalliansen.no\/v6\/kategorier-og-emner\/8-transport\/\"]}]},{\"@type\":\"BreadcrumbList\",\"@id\":\"http:\/\/breeam-infrastructure.byggalliansen.no\/v6\/kategorier-og-emner\/8-transport\/#breadcrumb\",\"itemListElement\":[{\"@type\":\"ListItem\",\"position\":1,\"name\":\"BREEAM Infrastructure for prosjekter\",\"item\":\"https:\/\/breeam-infrastructure.byggalliansen.no\/v6\/\"},{\"@type\":\"ListItem\",\"position\":2,\"name\":\"Kategorier og emner\",\"item\":\"http:\/\/breeam-infrastructure.byggalliansen.no\/v6\/kategorier-og-emner\/\"},{\"@type\":\"ListItem\",\"position\":3,\"name\":\"8 Transport\"}]},{\"@type\":\"WebSite\",\"@id\":\"http:\/\/breeam-infrastructure.byggalliansen.no\/v6\/#website\",\"url\":\"http:\/\/breeam-infrastructure.byggalliansen.no\/v6\/\",\"name\":\"BREEAM Infrastructure for prosjekter\",\"description\":\"Utgave 6, 2024\",\"potentialAction\":[{\"@type\":\"SearchAction\",\"target\":{\"@type\":\"EntryPoint\",\"urlTemplate\":\"http:\/\/breeam-infrastructure.byggalliansen.no\/v6\/?s={search_term_string}\"},\"query-input\":{\"@type\":\"PropertyValueSpecification\",\"valueRequired\":true,\"valueName\":\"search_term_string\"}}],\"inLanguage\":\"nb-NO\"}]}<\/script>\n<!-- \/ Yoast SEO plugin. -->","yoast_head_json":{"title":"8 Transport - BREEAM Infrastructure for prosjekter","robots":{"index":"index","follow":"follow","max-snippet":"max-snippet:-1","max-image-preview":"max-image-preview:large","max-video-preview":"max-video-preview:-1"},"canonical":"http:\/\/breeam-infrastructure.byggalliansen.no\/v6\/kategorier-og-emner\/8-transport\/","og_locale":"nb_NO","og_type":"article","og_title":"8 Transport - BREEAM Infrastructure for prosjekter","og_description":"Denne kategorien oppmuntrer til effektiv h\u00e5ndtering av p\u00e5virkningen fra transport knyttet til alle transportmidler i b\u00e5de anleggs- og driftsfasen. P\u00e5virkningene fra transport som vurderes her, er flytting av materialer og avfall, transport av anleggsarbeidere, og forstyrrelser for andre som bruker transportnettverket gjennom prosjektets levetid. Det legges vekt p\u00e5 at man gjennom planlegging skal unng\u00e5 p\u00e5virkning [&hellip;]","og_url":"http:\/\/breeam-infrastructure.byggalliansen.no\/v6\/kategorier-og-emner\/8-transport\/","og_site_name":"BREEAM Infrastructure for prosjekter","article_modified_time":"2025-03-13T07:29:00+00:00","twitter_card":"summary_large_image","schema":{"@context":"https:\/\/schema.org","@graph":[{"@type":"WebPage","@id":"http:\/\/breeam-infrastructure.byggalliansen.no\/v6\/kategorier-og-emner\/8-transport\/","url":"http:\/\/breeam-infrastructure.byggalliansen.no\/v6\/kategorier-og-emner\/8-transport\/","name":"8 Transport - BREEAM Infrastructure for prosjekter","isPartOf":{"@id":"http:\/\/breeam-infrastructure.byggalliansen.no\/v6\/#website"},"datePublished":"2025-01-09T11:31:53+00:00","dateModified":"2025-03-13T07:29:00+00:00","breadcrumb":{"@id":"http:\/\/breeam-infrastructure.byggalliansen.no\/v6\/kategorier-og-emner\/8-transport\/#breadcrumb"},"inLanguage":"nb-NO","potentialAction":[{"@type":"ReadAction","target":["http:\/\/breeam-infrastructure.byggalliansen.no\/v6\/kategorier-og-emner\/8-transport\/"]}]},{"@type":"BreadcrumbList","@id":"http:\/\/breeam-infrastructure.byggalliansen.no\/v6\/kategorier-og-emner\/8-transport\/#breadcrumb","itemListElement":[{"@type":"ListItem","position":1,"name":"BREEAM Infrastructure for prosjekter","item":"https:\/\/breeam-infrastructure.byggalliansen.no\/v6\/"},{"@type":"ListItem","position":2,"name":"Kategorier og emner","item":"http:\/\/breeam-infrastructure.byggalliansen.no\/v6\/kategorier-og-emner\/"},{"@type":"ListItem","position":3,"name":"8 Transport"}]},{"@type":"WebSite","@id":"http:\/\/breeam-infrastructure.byggalliansen.no\/v6\/#website","url":"http:\/\/breeam-infrastructure.byggalliansen.no\/v6\/","name":"BREEAM Infrastructure for prosjekter","description":"Utgave 6, 2024","potentialAction":[{"@type":"SearchAction","target":{"@type":"EntryPoint","urlTemplate":"http:\/\/breeam-infrastructure.byggalliansen.no\/v6\/?s={search_term_string}"},"query-input":{"@type":"PropertyValueSpecification","valueRequired":true,"valueName":"search_term_string"}}],"inLanguage":"nb-NO"}]}},"_links":{"self":[{"href":"https:\/\/breeam-infrastructure.byggalliansen.no\/v6\/wp-json\/wp\/v2\/pages\/2314","targetHints":{"allow":["GET"]}}],"collection":[{"href":"https:\/\/breeam-infrastructure.byggalliansen.no\/v6\/wp-json\/wp\/v2\/pages"}],"about":[{"href":"https:\/\/breeam-infrastructure.byggalliansen.no\/v6\/wp-json\/wp\/v2\/types\/page"}],"author":[{"embeddable":true,"href":"https:\/\/breeam-infrastructure.byggalliansen.no\/v6\/wp-json\/wp\/v2\/users\/2"}],"replies":[{"embeddable":true,"href":"https:\/\/breeam-infrastructure.byggalliansen.no\/v6\/wp-json\/wp\/v2\/comments?post=2314"}],"version-history":[{"count":3,"href":"https:\/\/breeam-infrastructure.byggalliansen.no\/v6\/wp-json\/wp\/v2\/pages\/2314\/revisions"}],"predecessor-version":[{"id":3931,"href":"https:\/\/breeam-infrastructure.byggalliansen.no\/v6\/wp-json\/wp\/v2\/pages\/2314\/revisions\/3931"}],"up":[{"embeddable":true,"href":"https:\/\/breeam-infrastructure.byggalliansen.no\/v6\/wp-json\/wp\/v2\/pages\/2021"}],"wp:attachment":[{"href":"https:\/\/breeam-infrastructure.byggalliansen.no\/v6\/wp-json\/wp\/v2\/media?parent=2314"}],"wp:term":[{"taxonomy":"category","embeddable":true,"href":"https:\/\/breeam-infrastructure.byggalliansen.no\/v6\/wp-json\/wp\/v2\/categories?post=2314"},{"taxonomy":"connection","embeddable":true,"href":"https:\/\/breeam-infrastructure.byggalliansen.no\/v6\/wp-json\/wp\/v2\/connection?post=2314"}],"curies":[{"name":"wp","href":"https:\/\/api.w.org\/{rel}","templated":true}]}}