{"id":2322,"date":"2025-01-09T11:40:03","date_gmt":"2025-01-09T11:40:03","guid":{"rendered":"https:\/\/manualer.byggalliansen.no\/v6\/?page_id=2322"},"modified":"2025-01-09T11:40:32","modified_gmt":"2025-01-09T11:40:32","slug":"1-1-4-miljomessige-og-sosiale-prestasjonskrav-i-kontrakter","status":"publish","type":"page","link":"https:\/\/breeam-infrastructure.byggalliansen.no\/v6\/kategorier-og-emner\/1-ledelse\/1-1-baerekraftig-lederskap\/1-1-4-miljomessige-og-sosiale-prestasjonskrav-i-kontrakter\/","title":{"rendered":"1.1.4 \u00a0Milj\u00f8messige og sosiale prestasjonskrav i kontrakter"},"content":{"rendered":"\n<p>1.1.4.1 \u00a0Kontraktskravene for prosjekterende og entrepren\u00f8rer fastsetter eksplisitt:<\/p>\n\n\n\n<ol style=\"list-style-type:lower-alpha\" class=\"wp-block-list\">\n<li>Oppn\u00e5else av bestemte resultater for milj\u00f8messige og sosiale aspekter<\/li>\n\n\n\n<li>Krav om \u00e5 overv\u00e5ke og rapportere om milj\u00f8messige og sosiale aspekter i l\u00f8pet av kontraktsperioden<\/li>\n<\/ol>\n\n\n\n<p><\/p>\n","protected":false},"excerpt":{"rendered":"<p>1.1.4.1 \u00a0Kontraktskravene for prosjekterende og entrepren\u00f8rer fastsetter eksplisitt:<\/p>\n","protected":false},"author":2,"featured_media":0,"parent":2026,"menu_order":3,"comment_status":"closed","ping_status":"closed","template":"","meta":{"_acf_changed":false,"footnotes":""},"categories":[31],"connection":[45],"class_list":["post-2322","page","type-page","status-publish","hentry","category-faste-kriterier","connection-1-1-4"],"acf":[],"yoast_head":"<!-- This site is optimized with the Yoast SEO plugin v24.6 - https:\/\/yoast.com\/wordpress\/plugins\/seo\/ -->\n<title>1.1.4 \u00a0Milj\u00f8messige og sosiale prestasjonskrav i kontrakter - BREEAM Infrastructure for prosjekter<\/title>\n<meta name=\"robots\" content=\"index, follow, max-snippet:-1, max-image-preview:large, max-video-preview:-1\" \/>\n<link rel=\"canonical\" href=\"https:\/\/breeam-infrastructure.byggalliansen.no\/v6\/kategorier-og-emner\/1-ledelse\/1-1-baerekraftig-lederskap\/1-1-4-miljomessige-og-sosiale-prestasjonskrav-i-kontrakter\/\" \/>\n<meta property=\"og:locale\" content=\"nb_NO\" \/>\n<meta property=\"og:type\" content=\"article\" \/>\n<meta property=\"og:title\" content=\"1.1.4 \u00a0Milj\u00f8messige og sosiale prestasjonskrav i kontrakter - BREEAM Infrastructure for prosjekter\" \/>\n<meta property=\"og:description\" content=\"1.1.4.1 \u00a0Kontraktskravene for prosjekterende og entrepren\u00f8rer fastsetter eksplisitt:\" \/>\n<meta property=\"og:url\" content=\"https:\/\/breeam-infrastructure.byggalliansen.no\/v6\/kategorier-og-emner\/1-ledelse\/1-1-baerekraftig-lederskap\/1-1-4-miljomessige-og-sosiale-prestasjonskrav-i-kontrakter\/\" \/>\n<meta property=\"og:site_name\" content=\"BREEAM Infrastructure for prosjekter\" \/>\n<meta property=\"article:modified_time\" content=\"2025-01-09T11:40:32+00:00\" \/>\n<meta name=\"twitter:card\" content=\"summary_large_image\" \/>\n<meta name=\"twitter:label1\" content=\"Ansl. lesetid\" \/>\n\t<meta name=\"twitter:data1\" content=\"1 minutt\" \/>\n<script type=\"application\/ld+json\" class=\"yoast-schema-graph\">{\"@context\":\"https:\/\/schema.org\",\"@graph\":[{\"@type\":\"WebPage\",\"@id\":\"https:\/\/breeam-infrastructure.byggalliansen.no\/v6\/kategorier-og-emner\/1-ledelse\/1-1-baerekraftig-lederskap\/1-1-4-miljomessige-og-sosiale-prestasjonskrav-i-kontrakter\/\",\"url\":\"https:\/\/breeam-infrastructure.byggalliansen.no\/v6\/kategorier-og-emner\/1-ledelse\/1-1-baerekraftig-lederskap\/1-1-4-miljomessige-og-sosiale-prestasjonskrav-i-kontrakter\/\",\"name\":\"1.1.4 \u00a0Milj\u00f8messige og sosiale prestasjonskrav i kontrakter - BREEAM Infrastructure for prosjekter\",\"isPartOf\":{\"@id\":\"http:\/\/breeam-infrastructure.byggalliansen.no\/v6\/#website\"},\"datePublished\":\"2025-01-09T11:40:03+00:00\",\"dateModified\":\"2025-01-09T11:40:32+00:00\",\"breadcrumb\":{\"@id\":\"https:\/\/breeam-infrastructure.byggalliansen.no\/v6\/kategorier-og-emner\/1-ledelse\/1-1-baerekraftig-lederskap\/1-1-4-miljomessige-og-sosiale-prestasjonskrav-i-kontrakter\/#breadcrumb\"},\"inLanguage\":\"nb-NO\",\"potentialAction\":[{\"@type\":\"ReadAction\",\"target\":[\"https:\/\/breeam-infrastructure.byggalliansen.no\/v6\/kategorier-og-emner\/1-ledelse\/1-1-baerekraftig-lederskap\/1-1-4-miljomessige-og-sosiale-prestasjonskrav-i-kontrakter\/\"]}]},{\"@type\":\"BreadcrumbList\",\"@id\":\"https:\/\/breeam-infrastructure.byggalliansen.no\/v6\/kategorier-og-emner\/1-ledelse\/1-1-baerekraftig-lederskap\/1-1-4-miljomessige-og-sosiale-prestasjonskrav-i-kontrakter\/#breadcrumb\",\"itemListElement\":[{\"@type\":\"ListItem\",\"position\":1,\"name\":\"BREEAM Infrastructure for prosjekter\",\"item\":\"https:\/\/breeam-infrastructure.byggalliansen.no\/v6\/\"},{\"@type\":\"ListItem\",\"position\":2,\"name\":\"Kategorier og emner\",\"item\":\"http:\/\/breeam-infrastructure.byggalliansen.no\/v6\/kategorier-og-emner\/\"},{\"@type\":\"ListItem\",\"position\":3,\"name\":\"1 Ledelse\",\"item\":\"https:\/\/breeam-infrastructure.byggalliansen.no\/v6\/kategorier-og-emner\/1-ledelse\/\"},{\"@type\":\"ListItem\",\"position\":4,\"name\":\"1.1 B\u00e6rekraftig lederskap\",\"item\":\"https:\/\/breeam-infrastructure.byggalliansen.no\/v6\/kategorier-og-emner\/1-ledelse\/1-1-baerekraftig-lederskap\/\"},{\"@type\":\"ListItem\",\"position\":5,\"name\":\"1.1.4 \u00a0Milj\u00f8messige og sosiale prestasjonskrav i kontrakter\"}]},{\"@type\":\"WebSite\",\"@id\":\"http:\/\/breeam-infrastructure.byggalliansen.no\/v6\/#website\",\"url\":\"http:\/\/breeam-infrastructure.byggalliansen.no\/v6\/\",\"name\":\"BREEAM Infrastructure for prosjekter\",\"description\":\"Utgave 6, 2024\",\"potentialAction\":[{\"@type\":\"SearchAction\",\"target\":{\"@type\":\"EntryPoint\",\"urlTemplate\":\"http:\/\/breeam-infrastructure.byggalliansen.no\/v6\/?s={search_term_string}\"},\"query-input\":{\"@type\":\"PropertyValueSpecification\",\"valueRequired\":true,\"valueName\":\"search_term_string\"}}],\"inLanguage\":\"nb-NO\"}]}<\/script>\n<!-- \/ Yoast SEO plugin. -->","yoast_head_json":{"title":"1.1.4 \u00a0Milj\u00f8messige og sosiale prestasjonskrav i kontrakter - BREEAM Infrastructure for prosjekter","robots":{"index":"index","follow":"follow","max-snippet":"max-snippet:-1","max-image-preview":"max-image-preview:large","max-video-preview":"max-video-preview:-1"},"canonical":"https:\/\/breeam-infrastructure.byggalliansen.no\/v6\/kategorier-og-emner\/1-ledelse\/1-1-baerekraftig-lederskap\/1-1-4-miljomessige-og-sosiale-prestasjonskrav-i-kontrakter\/","og_locale":"nb_NO","og_type":"article","og_title":"1.1.4 \u00a0Milj\u00f8messige og sosiale prestasjonskrav i kontrakter - BREEAM Infrastructure for prosjekter","og_description":"1.1.4.1 \u00a0Kontraktskravene for prosjekterende og entrepren\u00f8rer fastsetter eksplisitt:","og_url":"https:\/\/breeam-infrastructure.byggalliansen.no\/v6\/kategorier-og-emner\/1-ledelse\/1-1-baerekraftig-lederskap\/1-1-4-miljomessige-og-sosiale-prestasjonskrav-i-kontrakter\/","og_site_name":"BREEAM Infrastructure for prosjekter","article_modified_time":"2025-01-09T11:40:32+00:00","twitter_card":"summary_large_image","twitter_misc":{"Ansl. lesetid":"1 minutt"},"schema":{"@context":"https:\/\/schema.org","@graph":[{"@type":"WebPage","@id":"https:\/\/breeam-infrastructure.byggalliansen.no\/v6\/kategorier-og-emner\/1-ledelse\/1-1-baerekraftig-lederskap\/1-1-4-miljomessige-og-sosiale-prestasjonskrav-i-kontrakter\/","url":"https:\/\/breeam-infrastructure.byggalliansen.no\/v6\/kategorier-og-emner\/1-ledelse\/1-1-baerekraftig-lederskap\/1-1-4-miljomessige-og-sosiale-prestasjonskrav-i-kontrakter\/","name":"1.1.4 \u00a0Milj\u00f8messige og sosiale prestasjonskrav i kontrakter - BREEAM Infrastructure for prosjekter","isPartOf":{"@id":"http:\/\/breeam-infrastructure.byggalliansen.no\/v6\/#website"},"datePublished":"2025-01-09T11:40:03+00:00","dateModified":"2025-01-09T11:40:32+00:00","breadcrumb":{"@id":"https:\/\/breeam-infrastructure.byggalliansen.no\/v6\/kategorier-og-emner\/1-ledelse\/1-1-baerekraftig-lederskap\/1-1-4-miljomessige-og-sosiale-prestasjonskrav-i-kontrakter\/#breadcrumb"},"inLanguage":"nb-NO","potentialAction":[{"@type":"ReadAction","target":["https:\/\/breeam-infrastructure.byggalliansen.no\/v6\/kategorier-og-emner\/1-ledelse\/1-1-baerekraftig-lederskap\/1-1-4-miljomessige-og-sosiale-prestasjonskrav-i-kontrakter\/"]}]},{"@type":"BreadcrumbList","@id":"https:\/\/breeam-infrastructure.byggalliansen.no\/v6\/kategorier-og-emner\/1-ledelse\/1-1-baerekraftig-lederskap\/1-1-4-miljomessige-og-sosiale-prestasjonskrav-i-kontrakter\/#breadcrumb","itemListElement":[{"@type":"ListItem","position":1,"name":"BREEAM Infrastructure for prosjekter","item":"https:\/\/breeam-infrastructure.byggalliansen.no\/v6\/"},{"@type":"ListItem","position":2,"name":"Kategorier og emner","item":"http:\/\/breeam-infrastructure.byggalliansen.no\/v6\/kategorier-og-emner\/"},{"@type":"ListItem","position":3,"name":"1 Ledelse","item":"https:\/\/breeam-infrastructure.byggalliansen.no\/v6\/kategorier-og-emner\/1-ledelse\/"},{"@type":"ListItem","position":4,"name":"1.1 B\u00e6rekraftig lederskap","item":"https:\/\/breeam-infrastructure.byggalliansen.no\/v6\/kategorier-og-emner\/1-ledelse\/1-1-baerekraftig-lederskap\/"},{"@type":"ListItem","position":5,"name":"1.1.4 \u00a0Milj\u00f8messige og sosiale prestasjonskrav i kontrakter"}]},{"@type":"WebSite","@id":"http:\/\/breeam-infrastructure.byggalliansen.no\/v6\/#website","url":"http:\/\/breeam-infrastructure.byggalliansen.no\/v6\/","name":"BREEAM Infrastructure for prosjekter","description":"Utgave 6, 2024","potentialAction":[{"@type":"SearchAction","target":{"@type":"EntryPoint","urlTemplate":"http:\/\/breeam-infrastructure.byggalliansen.no\/v6\/?s={search_term_string}"},"query-input":{"@type":"PropertyValueSpecification","valueRequired":true,"valueName":"search_term_string"}}],"inLanguage":"nb-NO"}]}},"_links":{"self":[{"href":"https:\/\/breeam-infrastructure.byggalliansen.no\/v6\/wp-json\/wp\/v2\/pages\/2322","targetHints":{"allow":["GET"]}}],"collection":[{"href":"https:\/\/breeam-infrastructure.byggalliansen.no\/v6\/wp-json\/wp\/v2\/pages"}],"about":[{"href":"https:\/\/breeam-infrastructure.byggalliansen.no\/v6\/wp-json\/wp\/v2\/types\/page"}],"author":[{"embeddable":true,"href":"https:\/\/breeam-infrastructure.byggalliansen.no\/v6\/wp-json\/wp\/v2\/users\/2"}],"replies":[{"embeddable":true,"href":"https:\/\/breeam-infrastructure.byggalliansen.no\/v6\/wp-json\/wp\/v2\/comments?post=2322"}],"version-history":[{"count":1,"href":"https:\/\/breeam-infrastructure.byggalliansen.no\/v6\/wp-json\/wp\/v2\/pages\/2322\/revisions"}],"predecessor-version":[{"id":2323,"href":"https:\/\/breeam-infrastructure.byggalliansen.no\/v6\/wp-json\/wp\/v2\/pages\/2322\/revisions\/2323"}],"up":[{"embeddable":true,"href":"https:\/\/breeam-infrastructure.byggalliansen.no\/v6\/wp-json\/wp\/v2\/pages\/2026"}],"wp:attachment":[{"href":"https:\/\/breeam-infrastructure.byggalliansen.no\/v6\/wp-json\/wp\/v2\/media?parent=2322"}],"wp:term":[{"taxonomy":"category","embeddable":true,"href":"https:\/\/breeam-infrastructure.byggalliansen.no\/v6\/wp-json\/wp\/v2\/categories?post=2322"},{"taxonomy":"connection","embeddable":true,"href":"https:\/\/breeam-infrastructure.byggalliansen.no\/v6\/wp-json\/wp\/v2\/connection?post=2322"}],"curies":[{"name":"wp","href":"https:\/\/api.w.org\/{rel}","templated":true}]}}