{"id":2464,"date":"2025-01-14T13:35:41","date_gmt":"2025-01-14T13:35:41","guid":{"rendered":"https:\/\/manualer.byggalliansen.no\/v6\/?page_id=2464"},"modified":"2025-02-18T08:39:22","modified_gmt":"2025-02-18T08:39:22","slug":"1-4-2-handhevelse-av-planer-for-etiske-arbeidsforhold-i-prosjektet","status":"publish","type":"page","link":"https:\/\/breeam-infrastructure.byggalliansen.no\/v6\/kategorier-og-emner\/1-ledelse\/1-4-styring-av-sosiale-forhold-for-bemanning-og-leverandorkjeden\/1-4-2-handhevelse-av-planer-for-etiske-arbeidsforhold-i-prosjektet\/","title":{"rendered":"1.4.2 \u00a0H\u00e5ndhevelse av planer for etiske arbeidsforhold i prosjektet"},"content":{"rendered":"\n<p>1.4.2.1 &nbsp;I prosessen for valg av (i) r\u00e5dgiver, (ii) hovedentrepren\u00f8r og (iii) underentrepren\u00f8rer har man vurdert i hvilken grad disse bedriftene har oppfylt planene og retningslinjene sine for etiske arbeidsforhold.<\/p>\n\n\n\n<p>1.4.2.2 &nbsp;Kravene til (i) r\u00e5dgiver, (ii) hovedentrepren\u00f8ren og (iii) underleverand\u00f8rene med hensyn til samsvar med planer og retningslinjer for etiske arbeidsforhold i prosjektet, er utrykkelig fastsatt i kontrakten.<\/p>\n\n\n\n<figure class=\"wp-block-table is-style-core-borders\"><table class=\"has-fixed-layout\"><thead><tr><th><\/th><th>Poeng<\/th><th>Revisjonsfase<\/th><\/tr><\/thead><tbody><tr><td>Tiltakshaverens anskaffelse av r\u00e5dgiver<\/td><td>2<\/td><td rowspan=\"2\">Tidligfase eller designfase<\/td><\/tr><tr><td>Tiltakshaverens anskaffelse av hovedentrepren\u00f8ren<\/td><td>6<\/td><\/tr><tr><td>Hovedentrepren\u00f8rens anskaffelse av underentrepren\u00f8rer<\/td><td>10<\/td><td>Anleggsfase<\/td><\/tr><\/tbody><\/table><\/figure>\n\n\n\n<p><\/p>\n","protected":false},"excerpt":{"rendered":"<p>1.4.2.1 &nbsp;I prosessen for valg av (i) r\u00e5dgiver, (ii) hovedentrepren\u00f8r og (iii) underentrepren\u00f8rer har man vurdert i hvilken grad disse bedriftene har oppfylt planene og retningslinjene sine for etiske arbeidsforhold. 1.4.2.2 &nbsp;Kravene til (i) r\u00e5dgiver, (ii) hovedentrepren\u00f8ren og (iii) underleverand\u00f8rene med hensyn til samsvar med planer og retningslinjer for etiske arbeidsforhold i prosjektet, er utrykkelig [&hellip;]<\/p>\n","protected":false},"author":2,"featured_media":0,"parent":2032,"menu_order":1,"comment_status":"closed","ping_status":"closed","template":"","meta":{"_acf_changed":false,"footnotes":""},"categories":[31],"connection":[64],"class_list":["post-2464","page","type-page","status-publish","hentry","category-faste-kriterier","connection-1-4-2"],"acf":[],"yoast_head":"<!-- This site is optimized with the Yoast SEO plugin v24.6 - https:\/\/yoast.com\/wordpress\/plugins\/seo\/ -->\n<title>1.4.2 \u00a0H\u00e5ndhevelse av planer for etiske arbeidsforhold i prosjektet - BREEAM Infrastructure for prosjekter<\/title>\n<meta name=\"robots\" content=\"index, follow, max-snippet:-1, max-image-preview:large, max-video-preview:-1\" \/>\n<link rel=\"canonical\" href=\"https:\/\/breeam-infrastructure.byggalliansen.no\/v6\/kategorier-og-emner\/1-ledelse\/1-4-styring-av-sosiale-forhold-for-bemanning-og-leverandorkjeden\/1-4-2-handhevelse-av-planer-for-etiske-arbeidsforhold-i-prosjektet\/\" \/>\n<meta property=\"og:locale\" content=\"nb_NO\" \/>\n<meta property=\"og:type\" content=\"article\" \/>\n<meta property=\"og:title\" content=\"1.4.2 \u00a0H\u00e5ndhevelse av planer for etiske arbeidsforhold i prosjektet - BREEAM Infrastructure for prosjekter\" \/>\n<meta property=\"og:description\" content=\"1.4.2.1 &nbsp;I prosessen for valg av (i) r\u00e5dgiver, (ii) hovedentrepren\u00f8r og (iii) underentrepren\u00f8rer har man vurdert i hvilken grad disse bedriftene har oppfylt planene og retningslinjene sine for etiske arbeidsforhold. 1.4.2.2 &nbsp;Kravene til (i) r\u00e5dgiver, (ii) hovedentrepren\u00f8ren og (iii) underleverand\u00f8rene med hensyn til samsvar med planer og retningslinjer for etiske arbeidsforhold i prosjektet, er utrykkelig [&hellip;]\" \/>\n<meta property=\"og:url\" content=\"https:\/\/breeam-infrastructure.byggalliansen.no\/v6\/kategorier-og-emner\/1-ledelse\/1-4-styring-av-sosiale-forhold-for-bemanning-og-leverandorkjeden\/1-4-2-handhevelse-av-planer-for-etiske-arbeidsforhold-i-prosjektet\/\" \/>\n<meta property=\"og:site_name\" content=\"BREEAM Infrastructure for prosjekter\" \/>\n<meta property=\"article:modified_time\" content=\"2025-02-18T08:39:22+00:00\" \/>\n<meta name=\"twitter:card\" content=\"summary_large_image\" \/>\n<meta name=\"twitter:label1\" content=\"Ansl. lesetid\" \/>\n\t<meta name=\"twitter:data1\" content=\"1 minutt\" \/>\n<script type=\"application\/ld+json\" class=\"yoast-schema-graph\">{\"@context\":\"https:\/\/schema.org\",\"@graph\":[{\"@type\":\"WebPage\",\"@id\":\"https:\/\/breeam-infrastructure.byggalliansen.no\/v6\/kategorier-og-emner\/1-ledelse\/1-4-styring-av-sosiale-forhold-for-bemanning-og-leverandorkjeden\/1-4-2-handhevelse-av-planer-for-etiske-arbeidsforhold-i-prosjektet\/\",\"url\":\"https:\/\/breeam-infrastructure.byggalliansen.no\/v6\/kategorier-og-emner\/1-ledelse\/1-4-styring-av-sosiale-forhold-for-bemanning-og-leverandorkjeden\/1-4-2-handhevelse-av-planer-for-etiske-arbeidsforhold-i-prosjektet\/\",\"name\":\"1.4.2 \u00a0H\u00e5ndhevelse av planer for etiske arbeidsforhold i prosjektet - BREEAM Infrastructure for prosjekter\",\"isPartOf\":{\"@id\":\"https:\/\/breeam-infrastructure.byggalliansen.no\/v6\/#website\"},\"datePublished\":\"2025-01-14T13:35:41+00:00\",\"dateModified\":\"2025-02-18T08:39:22+00:00\",\"breadcrumb\":{\"@id\":\"https:\/\/breeam-infrastructure.byggalliansen.no\/v6\/kategorier-og-emner\/1-ledelse\/1-4-styring-av-sosiale-forhold-for-bemanning-og-leverandorkjeden\/1-4-2-handhevelse-av-planer-for-etiske-arbeidsforhold-i-prosjektet\/#breadcrumb\"},\"inLanguage\":\"nb-NO\",\"potentialAction\":[{\"@type\":\"ReadAction\",\"target\":[\"https:\/\/breeam-infrastructure.byggalliansen.no\/v6\/kategorier-og-emner\/1-ledelse\/1-4-styring-av-sosiale-forhold-for-bemanning-og-leverandorkjeden\/1-4-2-handhevelse-av-planer-for-etiske-arbeidsforhold-i-prosjektet\/\"]}]},{\"@type\":\"BreadcrumbList\",\"@id\":\"https:\/\/breeam-infrastructure.byggalliansen.no\/v6\/kategorier-og-emner\/1-ledelse\/1-4-styring-av-sosiale-forhold-for-bemanning-og-leverandorkjeden\/1-4-2-handhevelse-av-planer-for-etiske-arbeidsforhold-i-prosjektet\/#breadcrumb\",\"itemListElement\":[{\"@type\":\"ListItem\",\"position\":1,\"name\":\"BREEAM Infrastructure for prosjekter\",\"item\":\"https:\/\/breeam-infrastructure.byggalliansen.no\/v6\/\"},{\"@type\":\"ListItem\",\"position\":2,\"name\":\"Kategorier og emner\",\"item\":\"https:\/\/breeam-infrastructure.byggalliansen.no\/v6\/kategorier-og-emner\/\"},{\"@type\":\"ListItem\",\"position\":3,\"name\":\"1 Ledelse\",\"item\":\"http:\/\/breeam-infrastructure.byggalliansen.no\/v6\/kategorier-og-emner\/1-ledelse\/\"},{\"@type\":\"ListItem\",\"position\":4,\"name\":\"1.4 Styring av sosiale forhold for bemanning og leverand\u00f8rkjeden\",\"item\":\"https:\/\/breeam-infrastructure.byggalliansen.no\/v6\/kategorier-og-emner\/1-ledelse\/1-4-styring-av-sosiale-forhold-for-bemanning-og-leverandorkjeden\/\"},{\"@type\":\"ListItem\",\"position\":5,\"name\":\"1.4.2 \u00a0H\u00e5ndhevelse av planer for etiske arbeidsforhold i prosjektet\"}]},{\"@type\":\"WebSite\",\"@id\":\"https:\/\/breeam-infrastructure.byggalliansen.no\/v6\/#website\",\"url\":\"https:\/\/breeam-infrastructure.byggalliansen.no\/v6\/\",\"name\":\"BREEAM Infrastructure for prosjekter\",\"description\":\"Utgave 6, 2024\",\"potentialAction\":[{\"@type\":\"SearchAction\",\"target\":{\"@type\":\"EntryPoint\",\"urlTemplate\":\"https:\/\/breeam-infrastructure.byggalliansen.no\/v6\/?s={search_term_string}\"},\"query-input\":{\"@type\":\"PropertyValueSpecification\",\"valueRequired\":true,\"valueName\":\"search_term_string\"}}],\"inLanguage\":\"nb-NO\"}]}<\/script>\n<!-- \/ Yoast SEO plugin. -->","yoast_head_json":{"title":"1.4.2 \u00a0H\u00e5ndhevelse av planer for etiske arbeidsforhold i prosjektet - BREEAM Infrastructure for prosjekter","robots":{"index":"index","follow":"follow","max-snippet":"max-snippet:-1","max-image-preview":"max-image-preview:large","max-video-preview":"max-video-preview:-1"},"canonical":"https:\/\/breeam-infrastructure.byggalliansen.no\/v6\/kategorier-og-emner\/1-ledelse\/1-4-styring-av-sosiale-forhold-for-bemanning-og-leverandorkjeden\/1-4-2-handhevelse-av-planer-for-etiske-arbeidsforhold-i-prosjektet\/","og_locale":"nb_NO","og_type":"article","og_title":"1.4.2 \u00a0H\u00e5ndhevelse av planer for etiske arbeidsforhold i prosjektet - BREEAM Infrastructure for prosjekter","og_description":"1.4.2.1 &nbsp;I prosessen for valg av (i) r\u00e5dgiver, (ii) hovedentrepren\u00f8r og (iii) underentrepren\u00f8rer har man vurdert i hvilken grad disse bedriftene har oppfylt planene og retningslinjene sine for etiske arbeidsforhold. 1.4.2.2 &nbsp;Kravene til (i) r\u00e5dgiver, (ii) hovedentrepren\u00f8ren og (iii) underleverand\u00f8rene med hensyn til samsvar med planer og retningslinjer for etiske arbeidsforhold i prosjektet, er utrykkelig [&hellip;]","og_url":"https:\/\/breeam-infrastructure.byggalliansen.no\/v6\/kategorier-og-emner\/1-ledelse\/1-4-styring-av-sosiale-forhold-for-bemanning-og-leverandorkjeden\/1-4-2-handhevelse-av-planer-for-etiske-arbeidsforhold-i-prosjektet\/","og_site_name":"BREEAM Infrastructure for prosjekter","article_modified_time":"2025-02-18T08:39:22+00:00","twitter_card":"summary_large_image","twitter_misc":{"Ansl. lesetid":"1 minutt"},"schema":{"@context":"https:\/\/schema.org","@graph":[{"@type":"WebPage","@id":"https:\/\/breeam-infrastructure.byggalliansen.no\/v6\/kategorier-og-emner\/1-ledelse\/1-4-styring-av-sosiale-forhold-for-bemanning-og-leverandorkjeden\/1-4-2-handhevelse-av-planer-for-etiske-arbeidsforhold-i-prosjektet\/","url":"https:\/\/breeam-infrastructure.byggalliansen.no\/v6\/kategorier-og-emner\/1-ledelse\/1-4-styring-av-sosiale-forhold-for-bemanning-og-leverandorkjeden\/1-4-2-handhevelse-av-planer-for-etiske-arbeidsforhold-i-prosjektet\/","name":"1.4.2 \u00a0H\u00e5ndhevelse av planer for etiske arbeidsforhold i prosjektet - BREEAM Infrastructure for prosjekter","isPartOf":{"@id":"https:\/\/breeam-infrastructure.byggalliansen.no\/v6\/#website"},"datePublished":"2025-01-14T13:35:41+00:00","dateModified":"2025-02-18T08:39:22+00:00","breadcrumb":{"@id":"https:\/\/breeam-infrastructure.byggalliansen.no\/v6\/kategorier-og-emner\/1-ledelse\/1-4-styring-av-sosiale-forhold-for-bemanning-og-leverandorkjeden\/1-4-2-handhevelse-av-planer-for-etiske-arbeidsforhold-i-prosjektet\/#breadcrumb"},"inLanguage":"nb-NO","potentialAction":[{"@type":"ReadAction","target":["https:\/\/breeam-infrastructure.byggalliansen.no\/v6\/kategorier-og-emner\/1-ledelse\/1-4-styring-av-sosiale-forhold-for-bemanning-og-leverandorkjeden\/1-4-2-handhevelse-av-planer-for-etiske-arbeidsforhold-i-prosjektet\/"]}]},{"@type":"BreadcrumbList","@id":"https:\/\/breeam-infrastructure.byggalliansen.no\/v6\/kategorier-og-emner\/1-ledelse\/1-4-styring-av-sosiale-forhold-for-bemanning-og-leverandorkjeden\/1-4-2-handhevelse-av-planer-for-etiske-arbeidsforhold-i-prosjektet\/#breadcrumb","itemListElement":[{"@type":"ListItem","position":1,"name":"BREEAM Infrastructure for prosjekter","item":"https:\/\/breeam-infrastructure.byggalliansen.no\/v6\/"},{"@type":"ListItem","position":2,"name":"Kategorier og emner","item":"https:\/\/breeam-infrastructure.byggalliansen.no\/v6\/kategorier-og-emner\/"},{"@type":"ListItem","position":3,"name":"1 Ledelse","item":"http:\/\/breeam-infrastructure.byggalliansen.no\/v6\/kategorier-og-emner\/1-ledelse\/"},{"@type":"ListItem","position":4,"name":"1.4 Styring av sosiale forhold for bemanning og leverand\u00f8rkjeden","item":"https:\/\/breeam-infrastructure.byggalliansen.no\/v6\/kategorier-og-emner\/1-ledelse\/1-4-styring-av-sosiale-forhold-for-bemanning-og-leverandorkjeden\/"},{"@type":"ListItem","position":5,"name":"1.4.2 \u00a0H\u00e5ndhevelse av planer for etiske arbeidsforhold i prosjektet"}]},{"@type":"WebSite","@id":"https:\/\/breeam-infrastructure.byggalliansen.no\/v6\/#website","url":"https:\/\/breeam-infrastructure.byggalliansen.no\/v6\/","name":"BREEAM Infrastructure for prosjekter","description":"Utgave 6, 2024","potentialAction":[{"@type":"SearchAction","target":{"@type":"EntryPoint","urlTemplate":"https:\/\/breeam-infrastructure.byggalliansen.no\/v6\/?s={search_term_string}"},"query-input":{"@type":"PropertyValueSpecification","valueRequired":true,"valueName":"search_term_string"}}],"inLanguage":"nb-NO"}]}},"_links":{"self":[{"href":"https:\/\/breeam-infrastructure.byggalliansen.no\/v6\/wp-json\/wp\/v2\/pages\/2464","targetHints":{"allow":["GET"]}}],"collection":[{"href":"https:\/\/breeam-infrastructure.byggalliansen.no\/v6\/wp-json\/wp\/v2\/pages"}],"about":[{"href":"https:\/\/breeam-infrastructure.byggalliansen.no\/v6\/wp-json\/wp\/v2\/types\/page"}],"author":[{"embeddable":true,"href":"https:\/\/breeam-infrastructure.byggalliansen.no\/v6\/wp-json\/wp\/v2\/users\/2"}],"replies":[{"embeddable":true,"href":"https:\/\/breeam-infrastructure.byggalliansen.no\/v6\/wp-json\/wp\/v2\/comments?post=2464"}],"version-history":[{"count":2,"href":"https:\/\/breeam-infrastructure.byggalliansen.no\/v6\/wp-json\/wp\/v2\/pages\/2464\/revisions"}],"predecessor-version":[{"id":3749,"href":"https:\/\/breeam-infrastructure.byggalliansen.no\/v6\/wp-json\/wp\/v2\/pages\/2464\/revisions\/3749"}],"up":[{"embeddable":true,"href":"https:\/\/breeam-infrastructure.byggalliansen.no\/v6\/wp-json\/wp\/v2\/pages\/2032"}],"wp:attachment":[{"href":"https:\/\/breeam-infrastructure.byggalliansen.no\/v6\/wp-json\/wp\/v2\/media?parent=2464"}],"wp:term":[{"taxonomy":"category","embeddable":true,"href":"https:\/\/breeam-infrastructure.byggalliansen.no\/v6\/wp-json\/wp\/v2\/categories?post=2464"},{"taxonomy":"connection","embeddable":true,"href":"https:\/\/breeam-infrastructure.byggalliansen.no\/v6\/wp-json\/wp\/v2\/connection?post=2464"}],"curies":[{"name":"wp","href":"https:\/\/api.w.org\/{rel}","templated":true}]}}