{"id":2502,"date":"2025-01-15T15:44:32","date_gmt":"2025-01-15T15:44:32","guid":{"rendered":"https:\/\/manualer.byggalliansen.no\/v6\/?page_id=2502"},"modified":"2025-01-15T16:01:25","modified_gmt":"2025-01-15T16:01:25","slug":"7-1-4-retningslinjer-og-mal-for-ressurseffektivitet-i-anleggsfasen","status":"publish","type":"page","link":"https:\/\/breeam-infrastructure.byggalliansen.no\/v6\/kategorier-og-emner\/7-ressurser\/7-1-strategi-for-ressurseffektivitet\/7-1-4-retningslinjer-og-mal-for-ressurseffektivitet-i-anleggsfasen\/","title":{"rendered":"7.1.4 \u00a0Retningslinjer og m\u00e5l for ressurseffektivitet i anleggsfasen"},"content":{"rendered":"\n<p>7.1.4.1 &nbsp;&nbsp;Alle som er direkte involvert i prosjektet, skal ha formelle retningslinjer og m\u00e5l p\u00e5 bedriftsniv\u00e5 som skal sikre at fysiske ressurser brukes s\u00e5 effektivt som mulig i design- og anleggsfasen<\/p>\n\n\n\n<figure class=\"wp-block-table\"><table class=\"has-fixed-layout\"><thead><tr><th>Resultat<\/th><th>Poeng hver (for hver fase)<\/th><\/tr><\/thead><tbody><tr><td>(i) Bruke materialer mer effektivt<\/td><td rowspan=\"5\">1 hver (for hver fase)<\/td><\/tr><tr><td>(ii) Redusere avfall<\/td><\/tr><tr><td>(iii) Bruke vann mer effektivt<\/td><\/tr><tr><td>(iv) Bruke energi mer effektivt<\/td><\/tr><tr><td>(v) Redusere klimagassutslipp<\/td><\/tr><\/tbody><\/table><\/figure>\n\n\n\n<p><\/p>\n","protected":false},"excerpt":{"rendered":"<p>7.1.4.1 &nbsp;&nbsp;Alle som er direkte involvert i prosjektet, skal ha formelle retningslinjer og m\u00e5l p\u00e5 bedriftsniv\u00e5 som skal sikre at fysiske ressurser brukes s\u00e5 effektivt som mulig i design- og anleggsfasen Resultat Poeng hver (for hver fase) (i) Bruke materialer mer effektivt 1 hver (for hver fase) (ii) Redusere avfall (iii) Bruke vann mer effektivt [&hellip;]<\/p>\n","protected":false},"author":2,"featured_media":0,"parent":2494,"menu_order":3,"comment_status":"closed","ping_status":"closed","template":"","meta":{"_acf_changed":false,"footnotes":""},"categories":[31],"connection":[70],"class_list":["post-2502","page","type-page","status-publish","hentry","category-faste-kriterier","connection-7-1-4"],"acf":[],"yoast_head":"<!-- This site is optimized with the Yoast SEO plugin v24.6 - https:\/\/yoast.com\/wordpress\/plugins\/seo\/ -->\n<title>7.1.4 \u00a0Retningslinjer og m\u00e5l for ressurseffektivitet i anleggsfasen - BREEAM Infrastructure for prosjekter<\/title>\n<meta name=\"robots\" content=\"index, follow, max-snippet:-1, max-image-preview:large, max-video-preview:-1\" \/>\n<link rel=\"canonical\" href=\"https:\/\/breeam-infrastructure.byggalliansen.no\/v6\/kategorier-og-emner\/7-ressurser\/7-1-strategi-for-ressurseffektivitet\/7-1-4-retningslinjer-og-mal-for-ressurseffektivitet-i-anleggsfasen\/\" \/>\n<meta property=\"og:locale\" content=\"nb_NO\" \/>\n<meta property=\"og:type\" content=\"article\" \/>\n<meta property=\"og:title\" content=\"7.1.4 \u00a0Retningslinjer og m\u00e5l for ressurseffektivitet i anleggsfasen - BREEAM Infrastructure for prosjekter\" \/>\n<meta property=\"og:description\" content=\"7.1.4.1 &nbsp;&nbsp;Alle som er direkte involvert i prosjektet, skal ha formelle retningslinjer og m\u00e5l p\u00e5 bedriftsniv\u00e5 som skal sikre at fysiske ressurser brukes s\u00e5 effektivt som mulig i design- og anleggsfasen Resultat Poeng hver (for hver fase) (i) Bruke materialer mer effektivt 1 hver (for hver fase) (ii) Redusere avfall (iii) Bruke vann mer effektivt [&hellip;]\" \/>\n<meta property=\"og:url\" content=\"https:\/\/breeam-infrastructure.byggalliansen.no\/v6\/kategorier-og-emner\/7-ressurser\/7-1-strategi-for-ressurseffektivitet\/7-1-4-retningslinjer-og-mal-for-ressurseffektivitet-i-anleggsfasen\/\" \/>\n<meta property=\"og:site_name\" content=\"BREEAM Infrastructure for prosjekter\" \/>\n<meta property=\"article:modified_time\" content=\"2025-01-15T16:01:25+00:00\" \/>\n<meta name=\"twitter:card\" content=\"summary_large_image\" \/>\n<meta name=\"twitter:label1\" content=\"Ansl. lesetid\" \/>\n\t<meta name=\"twitter:data1\" content=\"1 minutt\" \/>\n<script type=\"application\/ld+json\" class=\"yoast-schema-graph\">{\"@context\":\"https:\/\/schema.org\",\"@graph\":[{\"@type\":\"WebPage\",\"@id\":\"https:\/\/breeam-infrastructure.byggalliansen.no\/v6\/kategorier-og-emner\/7-ressurser\/7-1-strategi-for-ressurseffektivitet\/7-1-4-retningslinjer-og-mal-for-ressurseffektivitet-i-anleggsfasen\/\",\"url\":\"https:\/\/breeam-infrastructure.byggalliansen.no\/v6\/kategorier-og-emner\/7-ressurser\/7-1-strategi-for-ressurseffektivitet\/7-1-4-retningslinjer-og-mal-for-ressurseffektivitet-i-anleggsfasen\/\",\"name\":\"7.1.4 \u00a0Retningslinjer og m\u00e5l for ressurseffektivitet i anleggsfasen - BREEAM Infrastructure for prosjekter\",\"isPartOf\":{\"@id\":\"https:\/\/breeam-infrastructure.byggalliansen.no\/v6\/#website\"},\"datePublished\":\"2025-01-15T15:44:32+00:00\",\"dateModified\":\"2025-01-15T16:01:25+00:00\",\"breadcrumb\":{\"@id\":\"https:\/\/breeam-infrastructure.byggalliansen.no\/v6\/kategorier-og-emner\/7-ressurser\/7-1-strategi-for-ressurseffektivitet\/7-1-4-retningslinjer-og-mal-for-ressurseffektivitet-i-anleggsfasen\/#breadcrumb\"},\"inLanguage\":\"nb-NO\",\"potentialAction\":[{\"@type\":\"ReadAction\",\"target\":[\"https:\/\/breeam-infrastructure.byggalliansen.no\/v6\/kategorier-og-emner\/7-ressurser\/7-1-strategi-for-ressurseffektivitet\/7-1-4-retningslinjer-og-mal-for-ressurseffektivitet-i-anleggsfasen\/\"]}]},{\"@type\":\"BreadcrumbList\",\"@id\":\"https:\/\/breeam-infrastructure.byggalliansen.no\/v6\/kategorier-og-emner\/7-ressurser\/7-1-strategi-for-ressurseffektivitet\/7-1-4-retningslinjer-og-mal-for-ressurseffektivitet-i-anleggsfasen\/#breadcrumb\",\"itemListElement\":[{\"@type\":\"ListItem\",\"position\":1,\"name\":\"BREEAM Infrastructure for prosjekter\",\"item\":\"https:\/\/breeam-infrastructure.byggalliansen.no\/v6\/\"},{\"@type\":\"ListItem\",\"position\":2,\"name\":\"Kategorier og emner\",\"item\":\"https:\/\/breeam-infrastructure.byggalliansen.no\/v6\/kategorier-og-emner\/\"},{\"@type\":\"ListItem\",\"position\":3,\"name\":\"7 Ressurser\",\"item\":\"https:\/\/breeam-infrastructure.byggalliansen.no\/v6\/kategorier-og-emner\/7-ressurser\/\"},{\"@type\":\"ListItem\",\"position\":4,\"name\":\"7.1 Strategi for ressurseffektivitet\",\"item\":\"http:\/\/breeam-infrastructure.byggalliansen.no\/v6\/kategorier-og-emner\/7-ressurser\/7-1-strategi-for-ressurseffektivitet\/\"},{\"@type\":\"ListItem\",\"position\":5,\"name\":\"7.1.4 \u00a0Retningslinjer og m\u00e5l for ressurseffektivitet i anleggsfasen\"}]},{\"@type\":\"WebSite\",\"@id\":\"https:\/\/breeam-infrastructure.byggalliansen.no\/v6\/#website\",\"url\":\"https:\/\/breeam-infrastructure.byggalliansen.no\/v6\/\",\"name\":\"BREEAM Infrastructure for prosjekter\",\"description\":\"Utgave 6, 2024\",\"potentialAction\":[{\"@type\":\"SearchAction\",\"target\":{\"@type\":\"EntryPoint\",\"urlTemplate\":\"https:\/\/breeam-infrastructure.byggalliansen.no\/v6\/?s={search_term_string}\"},\"query-input\":{\"@type\":\"PropertyValueSpecification\",\"valueRequired\":true,\"valueName\":\"search_term_string\"}}],\"inLanguage\":\"nb-NO\"}]}<\/script>\n<!-- \/ Yoast SEO plugin. -->","yoast_head_json":{"title":"7.1.4 \u00a0Retningslinjer og m\u00e5l for ressurseffektivitet i anleggsfasen - BREEAM Infrastructure for prosjekter","robots":{"index":"index","follow":"follow","max-snippet":"max-snippet:-1","max-image-preview":"max-image-preview:large","max-video-preview":"max-video-preview:-1"},"canonical":"https:\/\/breeam-infrastructure.byggalliansen.no\/v6\/kategorier-og-emner\/7-ressurser\/7-1-strategi-for-ressurseffektivitet\/7-1-4-retningslinjer-og-mal-for-ressurseffektivitet-i-anleggsfasen\/","og_locale":"nb_NO","og_type":"article","og_title":"7.1.4 \u00a0Retningslinjer og m\u00e5l for ressurseffektivitet i anleggsfasen - BREEAM Infrastructure for prosjekter","og_description":"7.1.4.1 &nbsp;&nbsp;Alle som er direkte involvert i prosjektet, skal ha formelle retningslinjer og m\u00e5l p\u00e5 bedriftsniv\u00e5 som skal sikre at fysiske ressurser brukes s\u00e5 effektivt som mulig i design- og anleggsfasen Resultat Poeng hver (for hver fase) (i) Bruke materialer mer effektivt 1 hver (for hver fase) (ii) Redusere avfall (iii) Bruke vann mer effektivt [&hellip;]","og_url":"https:\/\/breeam-infrastructure.byggalliansen.no\/v6\/kategorier-og-emner\/7-ressurser\/7-1-strategi-for-ressurseffektivitet\/7-1-4-retningslinjer-og-mal-for-ressurseffektivitet-i-anleggsfasen\/","og_site_name":"BREEAM Infrastructure for prosjekter","article_modified_time":"2025-01-15T16:01:25+00:00","twitter_card":"summary_large_image","twitter_misc":{"Ansl. lesetid":"1 minutt"},"schema":{"@context":"https:\/\/schema.org","@graph":[{"@type":"WebPage","@id":"https:\/\/breeam-infrastructure.byggalliansen.no\/v6\/kategorier-og-emner\/7-ressurser\/7-1-strategi-for-ressurseffektivitet\/7-1-4-retningslinjer-og-mal-for-ressurseffektivitet-i-anleggsfasen\/","url":"https:\/\/breeam-infrastructure.byggalliansen.no\/v6\/kategorier-og-emner\/7-ressurser\/7-1-strategi-for-ressurseffektivitet\/7-1-4-retningslinjer-og-mal-for-ressurseffektivitet-i-anleggsfasen\/","name":"7.1.4 \u00a0Retningslinjer og m\u00e5l for ressurseffektivitet i anleggsfasen - BREEAM Infrastructure for prosjekter","isPartOf":{"@id":"https:\/\/breeam-infrastructure.byggalliansen.no\/v6\/#website"},"datePublished":"2025-01-15T15:44:32+00:00","dateModified":"2025-01-15T16:01:25+00:00","breadcrumb":{"@id":"https:\/\/breeam-infrastructure.byggalliansen.no\/v6\/kategorier-og-emner\/7-ressurser\/7-1-strategi-for-ressurseffektivitet\/7-1-4-retningslinjer-og-mal-for-ressurseffektivitet-i-anleggsfasen\/#breadcrumb"},"inLanguage":"nb-NO","potentialAction":[{"@type":"ReadAction","target":["https:\/\/breeam-infrastructure.byggalliansen.no\/v6\/kategorier-og-emner\/7-ressurser\/7-1-strategi-for-ressurseffektivitet\/7-1-4-retningslinjer-og-mal-for-ressurseffektivitet-i-anleggsfasen\/"]}]},{"@type":"BreadcrumbList","@id":"https:\/\/breeam-infrastructure.byggalliansen.no\/v6\/kategorier-og-emner\/7-ressurser\/7-1-strategi-for-ressurseffektivitet\/7-1-4-retningslinjer-og-mal-for-ressurseffektivitet-i-anleggsfasen\/#breadcrumb","itemListElement":[{"@type":"ListItem","position":1,"name":"BREEAM Infrastructure for prosjekter","item":"https:\/\/breeam-infrastructure.byggalliansen.no\/v6\/"},{"@type":"ListItem","position":2,"name":"Kategorier og emner","item":"https:\/\/breeam-infrastructure.byggalliansen.no\/v6\/kategorier-og-emner\/"},{"@type":"ListItem","position":3,"name":"7 Ressurser","item":"https:\/\/breeam-infrastructure.byggalliansen.no\/v6\/kategorier-og-emner\/7-ressurser\/"},{"@type":"ListItem","position":4,"name":"7.1 Strategi for ressurseffektivitet","item":"http:\/\/breeam-infrastructure.byggalliansen.no\/v6\/kategorier-og-emner\/7-ressurser\/7-1-strategi-for-ressurseffektivitet\/"},{"@type":"ListItem","position":5,"name":"7.1.4 \u00a0Retningslinjer og m\u00e5l for ressurseffektivitet i anleggsfasen"}]},{"@type":"WebSite","@id":"https:\/\/breeam-infrastructure.byggalliansen.no\/v6\/#website","url":"https:\/\/breeam-infrastructure.byggalliansen.no\/v6\/","name":"BREEAM Infrastructure for prosjekter","description":"Utgave 6, 2024","potentialAction":[{"@type":"SearchAction","target":{"@type":"EntryPoint","urlTemplate":"https:\/\/breeam-infrastructure.byggalliansen.no\/v6\/?s={search_term_string}"},"query-input":{"@type":"PropertyValueSpecification","valueRequired":true,"valueName":"search_term_string"}}],"inLanguage":"nb-NO"}]}},"_links":{"self":[{"href":"https:\/\/breeam-infrastructure.byggalliansen.no\/v6\/wp-json\/wp\/v2\/pages\/2502","targetHints":{"allow":["GET"]}}],"collection":[{"href":"https:\/\/breeam-infrastructure.byggalliansen.no\/v6\/wp-json\/wp\/v2\/pages"}],"about":[{"href":"https:\/\/breeam-infrastructure.byggalliansen.no\/v6\/wp-json\/wp\/v2\/types\/page"}],"author":[{"embeddable":true,"href":"https:\/\/breeam-infrastructure.byggalliansen.no\/v6\/wp-json\/wp\/v2\/users\/2"}],"replies":[{"embeddable":true,"href":"https:\/\/breeam-infrastructure.byggalliansen.no\/v6\/wp-json\/wp\/v2\/comments?post=2502"}],"version-history":[{"count":2,"href":"https:\/\/breeam-infrastructure.byggalliansen.no\/v6\/wp-json\/wp\/v2\/pages\/2502\/revisions"}],"predecessor-version":[{"id":2517,"href":"https:\/\/breeam-infrastructure.byggalliansen.no\/v6\/wp-json\/wp\/v2\/pages\/2502\/revisions\/2517"}],"up":[{"embeddable":true,"href":"https:\/\/breeam-infrastructure.byggalliansen.no\/v6\/wp-json\/wp\/v2\/pages\/2494"}],"wp:attachment":[{"href":"https:\/\/breeam-infrastructure.byggalliansen.no\/v6\/wp-json\/wp\/v2\/media?parent=2502"}],"wp:term":[{"taxonomy":"category","embeddable":true,"href":"https:\/\/breeam-infrastructure.byggalliansen.no\/v6\/wp-json\/wp\/v2\/categories?post=2502"},{"taxonomy":"connection","embeddable":true,"href":"https:\/\/breeam-infrastructure.byggalliansen.no\/v6\/wp-json\/wp\/v2\/connection?post=2502"}],"curies":[{"name":"wp","href":"https:\/\/api.w.org\/{rel}","templated":true}]}}