{"id":2640,"date":"2025-01-21T14:11:15","date_gmt":"2025-01-21T14:11:15","guid":{"rendered":"https:\/\/manualer.byggalliansen.no\/v6\/?page_id=2640"},"modified":"2025-03-24T14:31:35","modified_gmt":"2025-03-24T14:31:35","slug":"7-4-2-forretningsmodeller-for-en-sirkulaer-okonomi-implementert","status":"publish","type":"page","link":"https:\/\/breeam-infrastructure.byggalliansen.no\/v6\/kategorier-og-emner\/7-ressurser\/7-4-sirkulaer-bruk-av-byggeprodukter\/7-4-2-forretningsmodeller-for-en-sirkulaer-okonomi-implementert\/","title":{"rendered":"7.4.2 \u00a0Forretningsmodeller for en sirkul\u00e6r \u00f8konomi \u2013 implementert"},"content":{"rendered":"\n<p>7.4.2.1 &nbsp;Prinsippene for en sirkul\u00e6r \u00f8konomi implementeres gjennom hensiktsmessige forretningsmodeller i tr\u00e5d med BS 8001:2017. En eller flere av f\u00f8lgende innkj\u00f8psmodeller kan dokumenteres.<\/p>\n\n\n\n<figure class=\"wp-block-table\"><table class=\"has-fixed-layout\"><thead><tr><th>Innkj\u00f8psmodeller implementert<\/th><th>Poeng (hver)<\/th><\/tr><\/thead><tbody><tr><td>(i) Ved behov<\/td><td rowspan=\"6\">2 for hver<\/td><\/tr><tr><td>(ii) Dematerialisering<\/td><\/tr><tr><td>(iii) Forlenget levetid for \/ gjenbruk av produkter<\/td><\/tr><tr><td>(iv) Gjenvinning av sekund\u00e6re r\u00e5materialer \/ biprodukter<\/td><\/tr><tr><td>(v) Produkt som tjeneste\/ produkt-tjenestesystem (PSS)<\/td><\/tr><tr><td>(vi) Delings\u00f8konomi og samarbeidsforbruk<\/td><\/tr><\/tbody><\/table><\/figure>\n\n\n\n<p><\/p>\n","protected":false},"excerpt":{"rendered":"<p>7.4.2.1 &nbsp;Prinsippene for en sirkul\u00e6r \u00f8konomi implementeres gjennom hensiktsmessige forretningsmodeller i tr\u00e5d med BS 8001:2017. En eller flere av f\u00f8lgende innkj\u00f8psmodeller kan dokumenteres. Innkj\u00f8psmodeller implementert Poeng (hver) (i) Ved behov 2 for hver (ii) Dematerialisering (iii) Forlenget levetid for \/ gjenbruk av produkter (iv) Gjenvinning av sekund\u00e6re r\u00e5materialer \/ biprodukter (v) Produkt som tjeneste\/ produkt-tjenestesystem [&hellip;]<\/p>\n","protected":false},"author":2,"featured_media":0,"parent":2580,"menu_order":1,"comment_status":"closed","ping_status":"closed","template":"","meta":{"_acf_changed":false,"footnotes":""},"categories":[1],"connection":[89],"class_list":["post-2640","page","type-page","status-publish","hentry","category-kriterier","connection-7-4-2"],"acf":[],"yoast_head":"<!-- This site is optimized with the Yoast SEO plugin v24.6 - https:\/\/yoast.com\/wordpress\/plugins\/seo\/ -->\n<title>7.4.2 \u00a0Forretningsmodeller for en sirkul\u00e6r \u00f8konomi \u2013 implementert - BREEAM Infrastructure for prosjekter<\/title>\n<meta name=\"robots\" content=\"index, follow, max-snippet:-1, max-image-preview:large, max-video-preview:-1\" \/>\n<link rel=\"canonical\" href=\"https:\/\/breeam-infrastructure.byggalliansen.no\/v6\/kategorier-og-emner\/7-ressurser\/7-4-sirkulaer-bruk-av-byggeprodukter\/7-4-2-forretningsmodeller-for-en-sirkulaer-okonomi-implementert\/\" \/>\n<meta property=\"og:locale\" content=\"nb_NO\" \/>\n<meta property=\"og:type\" content=\"article\" \/>\n<meta property=\"og:title\" content=\"7.4.2 \u00a0Forretningsmodeller for en sirkul\u00e6r \u00f8konomi \u2013 implementert - BREEAM Infrastructure for prosjekter\" \/>\n<meta property=\"og:description\" content=\"7.4.2.1 &nbsp;Prinsippene for en sirkul\u00e6r \u00f8konomi implementeres gjennom hensiktsmessige forretningsmodeller i tr\u00e5d med BS 8001:2017. En eller flere av f\u00f8lgende innkj\u00f8psmodeller kan dokumenteres. Innkj\u00f8psmodeller implementert Poeng (hver) (i) Ved behov 2 for hver (ii) Dematerialisering (iii) Forlenget levetid for \/ gjenbruk av produkter (iv) Gjenvinning av sekund\u00e6re r\u00e5materialer \/ biprodukter (v) Produkt som tjeneste\/ produkt-tjenestesystem [&hellip;]\" \/>\n<meta property=\"og:url\" content=\"https:\/\/breeam-infrastructure.byggalliansen.no\/v6\/kategorier-og-emner\/7-ressurser\/7-4-sirkulaer-bruk-av-byggeprodukter\/7-4-2-forretningsmodeller-for-en-sirkulaer-okonomi-implementert\/\" \/>\n<meta property=\"og:site_name\" content=\"BREEAM Infrastructure for prosjekter\" \/>\n<meta property=\"article:modified_time\" content=\"2025-03-24T14:31:35+00:00\" \/>\n<meta name=\"twitter:card\" content=\"summary_large_image\" \/>\n<meta name=\"twitter:label1\" content=\"Ansl. lesetid\" \/>\n\t<meta name=\"twitter:data1\" content=\"1 minutt\" \/>\n<script type=\"application\/ld+json\" class=\"yoast-schema-graph\">{\"@context\":\"https:\/\/schema.org\",\"@graph\":[{\"@type\":\"WebPage\",\"@id\":\"https:\/\/breeam-infrastructure.byggalliansen.no\/v6\/kategorier-og-emner\/7-ressurser\/7-4-sirkulaer-bruk-av-byggeprodukter\/7-4-2-forretningsmodeller-for-en-sirkulaer-okonomi-implementert\/\",\"url\":\"https:\/\/breeam-infrastructure.byggalliansen.no\/v6\/kategorier-og-emner\/7-ressurser\/7-4-sirkulaer-bruk-av-byggeprodukter\/7-4-2-forretningsmodeller-for-en-sirkulaer-okonomi-implementert\/\",\"name\":\"7.4.2 \u00a0Forretningsmodeller for en sirkul\u00e6r \u00f8konomi \u2013 implementert - BREEAM Infrastructure for prosjekter\",\"isPartOf\":{\"@id\":\"https:\/\/breeam-infrastructure.byggalliansen.no\/v6\/#website\"},\"datePublished\":\"2025-01-21T14:11:15+00:00\",\"dateModified\":\"2025-03-24T14:31:35+00:00\",\"breadcrumb\":{\"@id\":\"https:\/\/breeam-infrastructure.byggalliansen.no\/v6\/kategorier-og-emner\/7-ressurser\/7-4-sirkulaer-bruk-av-byggeprodukter\/7-4-2-forretningsmodeller-for-en-sirkulaer-okonomi-implementert\/#breadcrumb\"},\"inLanguage\":\"nb-NO\",\"potentialAction\":[{\"@type\":\"ReadAction\",\"target\":[\"https:\/\/breeam-infrastructure.byggalliansen.no\/v6\/kategorier-og-emner\/7-ressurser\/7-4-sirkulaer-bruk-av-byggeprodukter\/7-4-2-forretningsmodeller-for-en-sirkulaer-okonomi-implementert\/\"]}]},{\"@type\":\"BreadcrumbList\",\"@id\":\"https:\/\/breeam-infrastructure.byggalliansen.no\/v6\/kategorier-og-emner\/7-ressurser\/7-4-sirkulaer-bruk-av-byggeprodukter\/7-4-2-forretningsmodeller-for-en-sirkulaer-okonomi-implementert\/#breadcrumb\",\"itemListElement\":[{\"@type\":\"ListItem\",\"position\":1,\"name\":\"BREEAM Infrastructure for prosjekter\",\"item\":\"https:\/\/breeam-infrastructure.byggalliansen.no\/v6\/\"},{\"@type\":\"ListItem\",\"position\":2,\"name\":\"Kategorier og emner\",\"item\":\"https:\/\/breeam-infrastructure.byggalliansen.no\/v6\/kategorier-og-emner\/\"},{\"@type\":\"ListItem\",\"position\":3,\"name\":\"7 Ressurser\",\"item\":\"https:\/\/breeam-infrastructure.byggalliansen.no\/v6\/kategorier-og-emner\/7-ressurser\/\"},{\"@type\":\"ListItem\",\"position\":4,\"name\":\"7.4 Sirkul\u00e6r bruk av byggeprodukter\",\"item\":\"https:\/\/breeam-infrastructure.byggalliansen.no\/v6\/kategorier-og-emner\/7-ressurser\/7-4-sirkulaer-bruk-av-byggeprodukter\/\"},{\"@type\":\"ListItem\",\"position\":5,\"name\":\"7.4.2 \u00a0Forretningsmodeller for en sirkul\u00e6r \u00f8konomi \u2013 implementert\"}]},{\"@type\":\"WebSite\",\"@id\":\"https:\/\/breeam-infrastructure.byggalliansen.no\/v6\/#website\",\"url\":\"https:\/\/breeam-infrastructure.byggalliansen.no\/v6\/\",\"name\":\"BREEAM Infrastructure for prosjekter\",\"description\":\"Utgave 6, 2024\",\"potentialAction\":[{\"@type\":\"SearchAction\",\"target\":{\"@type\":\"EntryPoint\",\"urlTemplate\":\"https:\/\/breeam-infrastructure.byggalliansen.no\/v6\/?s={search_term_string}\"},\"query-input\":{\"@type\":\"PropertyValueSpecification\",\"valueRequired\":true,\"valueName\":\"search_term_string\"}}],\"inLanguage\":\"nb-NO\"}]}<\/script>\n<!-- \/ Yoast SEO plugin. -->","yoast_head_json":{"title":"7.4.2 \u00a0Forretningsmodeller for en sirkul\u00e6r \u00f8konomi \u2013 implementert - BREEAM Infrastructure for prosjekter","robots":{"index":"index","follow":"follow","max-snippet":"max-snippet:-1","max-image-preview":"max-image-preview:large","max-video-preview":"max-video-preview:-1"},"canonical":"https:\/\/breeam-infrastructure.byggalliansen.no\/v6\/kategorier-og-emner\/7-ressurser\/7-4-sirkulaer-bruk-av-byggeprodukter\/7-4-2-forretningsmodeller-for-en-sirkulaer-okonomi-implementert\/","og_locale":"nb_NO","og_type":"article","og_title":"7.4.2 \u00a0Forretningsmodeller for en sirkul\u00e6r \u00f8konomi \u2013 implementert - BREEAM Infrastructure for prosjekter","og_description":"7.4.2.1 &nbsp;Prinsippene for en sirkul\u00e6r \u00f8konomi implementeres gjennom hensiktsmessige forretningsmodeller i tr\u00e5d med BS 8001:2017. En eller flere av f\u00f8lgende innkj\u00f8psmodeller kan dokumenteres. Innkj\u00f8psmodeller implementert Poeng (hver) (i) Ved behov 2 for hver (ii) Dematerialisering (iii) Forlenget levetid for \/ gjenbruk av produkter (iv) Gjenvinning av sekund\u00e6re r\u00e5materialer \/ biprodukter (v) Produkt som tjeneste\/ produkt-tjenestesystem [&hellip;]","og_url":"https:\/\/breeam-infrastructure.byggalliansen.no\/v6\/kategorier-og-emner\/7-ressurser\/7-4-sirkulaer-bruk-av-byggeprodukter\/7-4-2-forretningsmodeller-for-en-sirkulaer-okonomi-implementert\/","og_site_name":"BREEAM Infrastructure for prosjekter","article_modified_time":"2025-03-24T14:31:35+00:00","twitter_card":"summary_large_image","twitter_misc":{"Ansl. lesetid":"1 minutt"},"schema":{"@context":"https:\/\/schema.org","@graph":[{"@type":"WebPage","@id":"https:\/\/breeam-infrastructure.byggalliansen.no\/v6\/kategorier-og-emner\/7-ressurser\/7-4-sirkulaer-bruk-av-byggeprodukter\/7-4-2-forretningsmodeller-for-en-sirkulaer-okonomi-implementert\/","url":"https:\/\/breeam-infrastructure.byggalliansen.no\/v6\/kategorier-og-emner\/7-ressurser\/7-4-sirkulaer-bruk-av-byggeprodukter\/7-4-2-forretningsmodeller-for-en-sirkulaer-okonomi-implementert\/","name":"7.4.2 \u00a0Forretningsmodeller for en sirkul\u00e6r \u00f8konomi \u2013 implementert - BREEAM Infrastructure for prosjekter","isPartOf":{"@id":"https:\/\/breeam-infrastructure.byggalliansen.no\/v6\/#website"},"datePublished":"2025-01-21T14:11:15+00:00","dateModified":"2025-03-24T14:31:35+00:00","breadcrumb":{"@id":"https:\/\/breeam-infrastructure.byggalliansen.no\/v6\/kategorier-og-emner\/7-ressurser\/7-4-sirkulaer-bruk-av-byggeprodukter\/7-4-2-forretningsmodeller-for-en-sirkulaer-okonomi-implementert\/#breadcrumb"},"inLanguage":"nb-NO","potentialAction":[{"@type":"ReadAction","target":["https:\/\/breeam-infrastructure.byggalliansen.no\/v6\/kategorier-og-emner\/7-ressurser\/7-4-sirkulaer-bruk-av-byggeprodukter\/7-4-2-forretningsmodeller-for-en-sirkulaer-okonomi-implementert\/"]}]},{"@type":"BreadcrumbList","@id":"https:\/\/breeam-infrastructure.byggalliansen.no\/v6\/kategorier-og-emner\/7-ressurser\/7-4-sirkulaer-bruk-av-byggeprodukter\/7-4-2-forretningsmodeller-for-en-sirkulaer-okonomi-implementert\/#breadcrumb","itemListElement":[{"@type":"ListItem","position":1,"name":"BREEAM Infrastructure for prosjekter","item":"https:\/\/breeam-infrastructure.byggalliansen.no\/v6\/"},{"@type":"ListItem","position":2,"name":"Kategorier og emner","item":"https:\/\/breeam-infrastructure.byggalliansen.no\/v6\/kategorier-og-emner\/"},{"@type":"ListItem","position":3,"name":"7 Ressurser","item":"https:\/\/breeam-infrastructure.byggalliansen.no\/v6\/kategorier-og-emner\/7-ressurser\/"},{"@type":"ListItem","position":4,"name":"7.4 Sirkul\u00e6r bruk av byggeprodukter","item":"https:\/\/breeam-infrastructure.byggalliansen.no\/v6\/kategorier-og-emner\/7-ressurser\/7-4-sirkulaer-bruk-av-byggeprodukter\/"},{"@type":"ListItem","position":5,"name":"7.4.2 \u00a0Forretningsmodeller for en sirkul\u00e6r \u00f8konomi \u2013 implementert"}]},{"@type":"WebSite","@id":"https:\/\/breeam-infrastructure.byggalliansen.no\/v6\/#website","url":"https:\/\/breeam-infrastructure.byggalliansen.no\/v6\/","name":"BREEAM Infrastructure for prosjekter","description":"Utgave 6, 2024","potentialAction":[{"@type":"SearchAction","target":{"@type":"EntryPoint","urlTemplate":"https:\/\/breeam-infrastructure.byggalliansen.no\/v6\/?s={search_term_string}"},"query-input":{"@type":"PropertyValueSpecification","valueRequired":true,"valueName":"search_term_string"}}],"inLanguage":"nb-NO"}]}},"_links":{"self":[{"href":"https:\/\/breeam-infrastructure.byggalliansen.no\/v6\/wp-json\/wp\/v2\/pages\/2640","targetHints":{"allow":["GET"]}}],"collection":[{"href":"https:\/\/breeam-infrastructure.byggalliansen.no\/v6\/wp-json\/wp\/v2\/pages"}],"about":[{"href":"https:\/\/breeam-infrastructure.byggalliansen.no\/v6\/wp-json\/wp\/v2\/types\/page"}],"author":[{"embeddable":true,"href":"https:\/\/breeam-infrastructure.byggalliansen.no\/v6\/wp-json\/wp\/v2\/users\/2"}],"replies":[{"embeddable":true,"href":"https:\/\/breeam-infrastructure.byggalliansen.no\/v6\/wp-json\/wp\/v2\/comments?post=2640"}],"version-history":[{"count":3,"href":"https:\/\/breeam-infrastructure.byggalliansen.no\/v6\/wp-json\/wp\/v2\/pages\/2640\/revisions"}],"predecessor-version":[{"id":4037,"href":"https:\/\/breeam-infrastructure.byggalliansen.no\/v6\/wp-json\/wp\/v2\/pages\/2640\/revisions\/4037"}],"up":[{"embeddable":true,"href":"https:\/\/breeam-infrastructure.byggalliansen.no\/v6\/wp-json\/wp\/v2\/pages\/2580"}],"wp:attachment":[{"href":"https:\/\/breeam-infrastructure.byggalliansen.no\/v6\/wp-json\/wp\/v2\/media?parent=2640"}],"wp:term":[{"taxonomy":"category","embeddable":true,"href":"https:\/\/breeam-infrastructure.byggalliansen.no\/v6\/wp-json\/wp\/v2\/categories?post=2640"},{"taxonomy":"connection","embeddable":true,"href":"https:\/\/breeam-infrastructure.byggalliansen.no\/v6\/wp-json\/wp\/v2\/connection?post=2640"}],"curies":[{"name":"wp","href":"https:\/\/api.w.org\/{rel}","templated":true}]}}