{"id":2756,"date":"2025-01-23T12:33:22","date_gmt":"2025-01-23T12:33:22","guid":{"rendered":"https:\/\/manualer.byggalliansen.no\/v6\/?page_id=2756"},"modified":"2025-03-12T15:51:13","modified_gmt":"2025-03-12T15:51:13","slug":"2-1-1-identifisering-av-krav-til-robusthet","status":"publish","type":"page","link":"https:\/\/breeam-infrastructure.byggalliansen.no\/v6\/kategorier-og-emner\/2-robusthet\/2-1-risikovurdering-og-tiltak\/2-1-1-identifisering-av-krav-til-robusthet\/","title":{"rendered":"2.1.1 \u00a0Identifisering av krav til robusthet"},"content":{"rendered":"\n<p>2.1.1.1 \u00a0\u00a0F\u00f8r tidligfasen var fullf\u00f8rt, ble relevante krav til <dfn aria-describedby=\"desc-1740144575164-kkba8n3t9\" data-definition=\"Robusthet\">robusthet<\/dfn> i prosjektet identifisert basert p\u00e5 en oppdatert risikovurdering av prosjektet (se\u00a0<a href=\"https:\/\/breeam-infrastructure.byggalliansen.no\/v6\/kategorier-og-emner\/2-robusthet\/2-1-risikovurdering-og-tiltak\/2-1-4-identifisering-og-vurdering-av-risiko\/\">2.1.4<\/a>) og konsultasjon med <dfn aria-describedby=\"desc-1740144113195-9jy8wfn08\" data-definition=\"Relevante eksperter\">relevante eksperter<\/dfn>.<\/p>\n\n\n\n<p><\/p>\n","protected":false},"excerpt":{"rendered":"<p>2.1.1.1 \u00a0\u00a0F\u00f8r tidligfasen var fullf\u00f8rt, ble relevante krav til robusthet i prosjektet identifisert basert p\u00e5 en oppdatert risikovurdering av prosjektet (se\u00a02.1.4) og konsultasjon med relevante eksperter.<\/p>\n","protected":false},"author":2,"featured_media":0,"parent":2752,"menu_order":0,"comment_status":"closed","ping_status":"closed","template":"","meta":{"_acf_changed":false,"footnotes":""},"categories":[31],"connection":[112],"class_list":["post-2756","page","type-page","status-publish","hentry","category-faste-kriterier","connection-2-1-1"],"acf":[],"yoast_head":"<!-- This site is optimized with the Yoast SEO plugin v24.6 - https:\/\/yoast.com\/wordpress\/plugins\/seo\/ -->\n<title>2.1.1 \u00a0Identifisering av krav til robusthet - BREEAM Infrastructure for prosjekter<\/title>\n<meta name=\"robots\" content=\"index, follow, max-snippet:-1, max-image-preview:large, max-video-preview:-1\" \/>\n<link rel=\"canonical\" href=\"https:\/\/breeam-infrastructure.byggalliansen.no\/v6\/kategorier-og-emner\/2-robusthet\/2-1-risikovurdering-og-tiltak\/2-1-1-identifisering-av-krav-til-robusthet\/\" \/>\n<meta property=\"og:locale\" content=\"nb_NO\" \/>\n<meta property=\"og:type\" content=\"article\" \/>\n<meta property=\"og:title\" content=\"2.1.1 \u00a0Identifisering av krav til robusthet - BREEAM Infrastructure for prosjekter\" \/>\n<meta property=\"og:description\" content=\"2.1.1.1 \u00a0\u00a0F\u00f8r tidligfasen var fullf\u00f8rt, ble relevante krav til robusthet i prosjektet identifisert basert p\u00e5 en oppdatert risikovurdering av prosjektet (se\u00a02.1.4) og konsultasjon med relevante eksperter.\" \/>\n<meta property=\"og:url\" content=\"https:\/\/breeam-infrastructure.byggalliansen.no\/v6\/kategorier-og-emner\/2-robusthet\/2-1-risikovurdering-og-tiltak\/2-1-1-identifisering-av-krav-til-robusthet\/\" \/>\n<meta property=\"og:site_name\" content=\"BREEAM Infrastructure for prosjekter\" \/>\n<meta property=\"article:modified_time\" content=\"2025-03-12T15:51:13+00:00\" \/>\n<meta name=\"twitter:card\" content=\"summary_large_image\" \/>\n<meta name=\"twitter:label1\" content=\"Ansl. lesetid\" \/>\n\t<meta name=\"twitter:data1\" content=\"1 minutt\" \/>\n<script type=\"application\/ld+json\" class=\"yoast-schema-graph\">{\"@context\":\"https:\/\/schema.org\",\"@graph\":[{\"@type\":\"WebPage\",\"@id\":\"https:\/\/breeam-infrastructure.byggalliansen.no\/v6\/kategorier-og-emner\/2-robusthet\/2-1-risikovurdering-og-tiltak\/2-1-1-identifisering-av-krav-til-robusthet\/\",\"url\":\"https:\/\/breeam-infrastructure.byggalliansen.no\/v6\/kategorier-og-emner\/2-robusthet\/2-1-risikovurdering-og-tiltak\/2-1-1-identifisering-av-krav-til-robusthet\/\",\"name\":\"2.1.1 \u00a0Identifisering av krav til robusthet - BREEAM Infrastructure for prosjekter\",\"isPartOf\":{\"@id\":\"http:\/\/breeam-infrastructure.byggalliansen.no\/v6\/#website\"},\"datePublished\":\"2025-01-23T12:33:22+00:00\",\"dateModified\":\"2025-03-12T15:51:13+00:00\",\"breadcrumb\":{\"@id\":\"https:\/\/breeam-infrastructure.byggalliansen.no\/v6\/kategorier-og-emner\/2-robusthet\/2-1-risikovurdering-og-tiltak\/2-1-1-identifisering-av-krav-til-robusthet\/#breadcrumb\"},\"inLanguage\":\"nb-NO\",\"potentialAction\":[{\"@type\":\"ReadAction\",\"target\":[\"https:\/\/breeam-infrastructure.byggalliansen.no\/v6\/kategorier-og-emner\/2-robusthet\/2-1-risikovurdering-og-tiltak\/2-1-1-identifisering-av-krav-til-robusthet\/\"]}]},{\"@type\":\"BreadcrumbList\",\"@id\":\"https:\/\/breeam-infrastructure.byggalliansen.no\/v6\/kategorier-og-emner\/2-robusthet\/2-1-risikovurdering-og-tiltak\/2-1-1-identifisering-av-krav-til-robusthet\/#breadcrumb\",\"itemListElement\":[{\"@type\":\"ListItem\",\"position\":1,\"name\":\"BREEAM Infrastructure for prosjekter\",\"item\":\"https:\/\/breeam-infrastructure.byggalliansen.no\/v6\/\"},{\"@type\":\"ListItem\",\"position\":2,\"name\":\"Kategorier og emner\",\"item\":\"http:\/\/breeam-infrastructure.byggalliansen.no\/v6\/kategorier-og-emner\/\"},{\"@type\":\"ListItem\",\"position\":3,\"name\":\"2 Robusthet\",\"item\":\"https:\/\/breeam-infrastructure.byggalliansen.no\/v6\/kategorier-og-emner\/2-robusthet\/\"},{\"@type\":\"ListItem\",\"position\":4,\"name\":\"2.1 Risikovurdering og tiltak\",\"item\":\"https:\/\/breeam-infrastructure.byggalliansen.no\/v6\/kategorier-og-emner\/2-robusthet\/2-1-risikovurdering-og-tiltak\/\"},{\"@type\":\"ListItem\",\"position\":5,\"name\":\"2.1.1 \u00a0Identifisering av krav til robusthet\"}]},{\"@type\":\"WebSite\",\"@id\":\"http:\/\/breeam-infrastructure.byggalliansen.no\/v6\/#website\",\"url\":\"http:\/\/breeam-infrastructure.byggalliansen.no\/v6\/\",\"name\":\"BREEAM Infrastructure for prosjekter\",\"description\":\"Utgave 6, 2024\",\"potentialAction\":[{\"@type\":\"SearchAction\",\"target\":{\"@type\":\"EntryPoint\",\"urlTemplate\":\"http:\/\/breeam-infrastructure.byggalliansen.no\/v6\/?s={search_term_string}\"},\"query-input\":{\"@type\":\"PropertyValueSpecification\",\"valueRequired\":true,\"valueName\":\"search_term_string\"}}],\"inLanguage\":\"nb-NO\"}]}<\/script>\n<!-- \/ Yoast SEO plugin. -->","yoast_head_json":{"title":"2.1.1 \u00a0Identifisering av krav til robusthet - BREEAM Infrastructure for prosjekter","robots":{"index":"index","follow":"follow","max-snippet":"max-snippet:-1","max-image-preview":"max-image-preview:large","max-video-preview":"max-video-preview:-1"},"canonical":"https:\/\/breeam-infrastructure.byggalliansen.no\/v6\/kategorier-og-emner\/2-robusthet\/2-1-risikovurdering-og-tiltak\/2-1-1-identifisering-av-krav-til-robusthet\/","og_locale":"nb_NO","og_type":"article","og_title":"2.1.1 \u00a0Identifisering av krav til robusthet - BREEAM Infrastructure for prosjekter","og_description":"2.1.1.1 \u00a0\u00a0F\u00f8r tidligfasen var fullf\u00f8rt, ble relevante krav til robusthet i prosjektet identifisert basert p\u00e5 en oppdatert risikovurdering av prosjektet (se\u00a02.1.4) og konsultasjon med relevante eksperter.","og_url":"https:\/\/breeam-infrastructure.byggalliansen.no\/v6\/kategorier-og-emner\/2-robusthet\/2-1-risikovurdering-og-tiltak\/2-1-1-identifisering-av-krav-til-robusthet\/","og_site_name":"BREEAM Infrastructure for prosjekter","article_modified_time":"2025-03-12T15:51:13+00:00","twitter_card":"summary_large_image","twitter_misc":{"Ansl. lesetid":"1 minutt"},"schema":{"@context":"https:\/\/schema.org","@graph":[{"@type":"WebPage","@id":"https:\/\/breeam-infrastructure.byggalliansen.no\/v6\/kategorier-og-emner\/2-robusthet\/2-1-risikovurdering-og-tiltak\/2-1-1-identifisering-av-krav-til-robusthet\/","url":"https:\/\/breeam-infrastructure.byggalliansen.no\/v6\/kategorier-og-emner\/2-robusthet\/2-1-risikovurdering-og-tiltak\/2-1-1-identifisering-av-krav-til-robusthet\/","name":"2.1.1 \u00a0Identifisering av krav til robusthet - BREEAM Infrastructure for prosjekter","isPartOf":{"@id":"http:\/\/breeam-infrastructure.byggalliansen.no\/v6\/#website"},"datePublished":"2025-01-23T12:33:22+00:00","dateModified":"2025-03-12T15:51:13+00:00","breadcrumb":{"@id":"https:\/\/breeam-infrastructure.byggalliansen.no\/v6\/kategorier-og-emner\/2-robusthet\/2-1-risikovurdering-og-tiltak\/2-1-1-identifisering-av-krav-til-robusthet\/#breadcrumb"},"inLanguage":"nb-NO","potentialAction":[{"@type":"ReadAction","target":["https:\/\/breeam-infrastructure.byggalliansen.no\/v6\/kategorier-og-emner\/2-robusthet\/2-1-risikovurdering-og-tiltak\/2-1-1-identifisering-av-krav-til-robusthet\/"]}]},{"@type":"BreadcrumbList","@id":"https:\/\/breeam-infrastructure.byggalliansen.no\/v6\/kategorier-og-emner\/2-robusthet\/2-1-risikovurdering-og-tiltak\/2-1-1-identifisering-av-krav-til-robusthet\/#breadcrumb","itemListElement":[{"@type":"ListItem","position":1,"name":"BREEAM Infrastructure for prosjekter","item":"https:\/\/breeam-infrastructure.byggalliansen.no\/v6\/"},{"@type":"ListItem","position":2,"name":"Kategorier og emner","item":"http:\/\/breeam-infrastructure.byggalliansen.no\/v6\/kategorier-og-emner\/"},{"@type":"ListItem","position":3,"name":"2 Robusthet","item":"https:\/\/breeam-infrastructure.byggalliansen.no\/v6\/kategorier-og-emner\/2-robusthet\/"},{"@type":"ListItem","position":4,"name":"2.1 Risikovurdering og tiltak","item":"https:\/\/breeam-infrastructure.byggalliansen.no\/v6\/kategorier-og-emner\/2-robusthet\/2-1-risikovurdering-og-tiltak\/"},{"@type":"ListItem","position":5,"name":"2.1.1 \u00a0Identifisering av krav til robusthet"}]},{"@type":"WebSite","@id":"http:\/\/breeam-infrastructure.byggalliansen.no\/v6\/#website","url":"http:\/\/breeam-infrastructure.byggalliansen.no\/v6\/","name":"BREEAM Infrastructure for prosjekter","description":"Utgave 6, 2024","potentialAction":[{"@type":"SearchAction","target":{"@type":"EntryPoint","urlTemplate":"http:\/\/breeam-infrastructure.byggalliansen.no\/v6\/?s={search_term_string}"},"query-input":{"@type":"PropertyValueSpecification","valueRequired":true,"valueName":"search_term_string"}}],"inLanguage":"nb-NO"}]}},"_links":{"self":[{"href":"https:\/\/breeam-infrastructure.byggalliansen.no\/v6\/wp-json\/wp\/v2\/pages\/2756","targetHints":{"allow":["GET"]}}],"collection":[{"href":"https:\/\/breeam-infrastructure.byggalliansen.no\/v6\/wp-json\/wp\/v2\/pages"}],"about":[{"href":"https:\/\/breeam-infrastructure.byggalliansen.no\/v6\/wp-json\/wp\/v2\/types\/page"}],"author":[{"embeddable":true,"href":"https:\/\/breeam-infrastructure.byggalliansen.no\/v6\/wp-json\/wp\/v2\/users\/2"}],"replies":[{"embeddable":true,"href":"https:\/\/breeam-infrastructure.byggalliansen.no\/v6\/wp-json\/wp\/v2\/comments?post=2756"}],"version-history":[{"count":3,"href":"https:\/\/breeam-infrastructure.byggalliansen.no\/v6\/wp-json\/wp\/v2\/pages\/2756\/revisions"}],"predecessor-version":[{"id":3920,"href":"https:\/\/breeam-infrastructure.byggalliansen.no\/v6\/wp-json\/wp\/v2\/pages\/2756\/revisions\/3920"}],"up":[{"embeddable":true,"href":"https:\/\/breeam-infrastructure.byggalliansen.no\/v6\/wp-json\/wp\/v2\/pages\/2752"}],"wp:attachment":[{"href":"https:\/\/breeam-infrastructure.byggalliansen.no\/v6\/wp-json\/wp\/v2\/media?parent=2756"}],"wp:term":[{"taxonomy":"category","embeddable":true,"href":"https:\/\/breeam-infrastructure.byggalliansen.no\/v6\/wp-json\/wp\/v2\/categories?post=2756"},{"taxonomy":"connection","embeddable":true,"href":"https:\/\/breeam-infrastructure.byggalliansen.no\/v6\/wp-json\/wp\/v2\/connection?post=2756"}],"curies":[{"name":"wp","href":"https:\/\/api.w.org\/{rel}","templated":true}]}}