{"id":2818,"date":"2025-01-24T12:49:46","date_gmt":"2025-01-24T12:49:46","guid":{"rendered":"https:\/\/manualer.byggalliansen.no\/v6\/?page_id=2818"},"modified":"2025-03-05T10:34:43","modified_gmt":"2025-03-05T10:34:43","slug":"7-6-6-rydding-og-avhending-av-eksisterende-vegetasjon-vurdering","status":"publish","type":"page","link":"https:\/\/breeam-infrastructure.byggalliansen.no\/v6\/kategorier-og-emner\/7-ressurser\/7-6-avfallshandtering-i-anleggsfasen\/7-6-6-rydding-og-avhending-av-eksisterende-vegetasjon-vurdering\/","title":{"rendered":"7.6.6 \u00a0Rydding og avhending av eksisterende vegetasjon \u2013 vurdering"},"content":{"rendered":"\n<p>7.6.6.1 \u00a0De mest milj\u00f8vennlige m\u00e5tene \u00e5 h\u00e5ndtere rydding og avhending av eksisterende vegetasjon p\u00e5 er unders\u00f8kt, og anbefalinger er gitt.<\/p>\n","protected":false},"excerpt":{"rendered":"<p>7.6.6.1 \u00a0De mest milj\u00f8vennlige m\u00e5tene \u00e5 h\u00e5ndtere rydding og avhending av eksisterende vegetasjon p\u00e5 er unders\u00f8kt, og anbefalinger er gitt.<\/p>\n","protected":false},"author":2,"featured_media":0,"parent":2582,"menu_order":5,"comment_status":"closed","ping_status":"closed","template":"","meta":{"_acf_changed":false,"footnotes":""},"categories":[1],"connection":[121],"class_list":["post-2818","page","type-page","status-publish","hentry","category-kriterier","connection-7-6-6"],"acf":[],"yoast_head":"<!-- This site is optimized with the Yoast SEO plugin v24.6 - https:\/\/yoast.com\/wordpress\/plugins\/seo\/ -->\n<title>7.6.6 \u00a0Rydding og avhending av eksisterende vegetasjon \u2013 vurdering - BREEAM Infrastructure for prosjekter<\/title>\n<meta name=\"robots\" content=\"index, follow, max-snippet:-1, max-image-preview:large, max-video-preview:-1\" \/>\n<link rel=\"canonical\" href=\"https:\/\/breeam-infrastructure.byggalliansen.no\/v6\/kategorier-og-emner\/7-ressurser\/7-6-avfallshandtering-i-anleggsfasen\/7-6-6-rydding-og-avhending-av-eksisterende-vegetasjon-vurdering\/\" \/>\n<meta property=\"og:locale\" content=\"nb_NO\" \/>\n<meta property=\"og:type\" content=\"article\" \/>\n<meta property=\"og:title\" content=\"7.6.6 \u00a0Rydding og avhending av eksisterende vegetasjon \u2013 vurdering - BREEAM Infrastructure for prosjekter\" \/>\n<meta property=\"og:description\" content=\"7.6.6.1 \u00a0De mest milj\u00f8vennlige m\u00e5tene \u00e5 h\u00e5ndtere rydding og avhending av eksisterende vegetasjon p\u00e5 er unders\u00f8kt, og anbefalinger er gitt.\" \/>\n<meta property=\"og:url\" content=\"https:\/\/breeam-infrastructure.byggalliansen.no\/v6\/kategorier-og-emner\/7-ressurser\/7-6-avfallshandtering-i-anleggsfasen\/7-6-6-rydding-og-avhending-av-eksisterende-vegetasjon-vurdering\/\" \/>\n<meta property=\"og:site_name\" content=\"BREEAM Infrastructure for prosjekter\" \/>\n<meta property=\"article:modified_time\" content=\"2025-03-05T10:34:43+00:00\" \/>\n<meta name=\"twitter:card\" content=\"summary_large_image\" \/>\n<meta name=\"twitter:label1\" content=\"Ansl. lesetid\" \/>\n\t<meta name=\"twitter:data1\" content=\"1 minutt\" \/>\n<script type=\"application\/ld+json\" class=\"yoast-schema-graph\">{\"@context\":\"https:\/\/schema.org\",\"@graph\":[{\"@type\":\"WebPage\",\"@id\":\"https:\/\/breeam-infrastructure.byggalliansen.no\/v6\/kategorier-og-emner\/7-ressurser\/7-6-avfallshandtering-i-anleggsfasen\/7-6-6-rydding-og-avhending-av-eksisterende-vegetasjon-vurdering\/\",\"url\":\"https:\/\/breeam-infrastructure.byggalliansen.no\/v6\/kategorier-og-emner\/7-ressurser\/7-6-avfallshandtering-i-anleggsfasen\/7-6-6-rydding-og-avhending-av-eksisterende-vegetasjon-vurdering\/\",\"name\":\"7.6.6 \u00a0Rydding og avhending av eksisterende vegetasjon \u2013 vurdering - BREEAM Infrastructure for prosjekter\",\"isPartOf\":{\"@id\":\"http:\/\/breeam-infrastructure.byggalliansen.no\/v6\/#website\"},\"datePublished\":\"2025-01-24T12:49:46+00:00\",\"dateModified\":\"2025-03-05T10:34:43+00:00\",\"breadcrumb\":{\"@id\":\"https:\/\/breeam-infrastructure.byggalliansen.no\/v6\/kategorier-og-emner\/7-ressurser\/7-6-avfallshandtering-i-anleggsfasen\/7-6-6-rydding-og-avhending-av-eksisterende-vegetasjon-vurdering\/#breadcrumb\"},\"inLanguage\":\"nb-NO\",\"potentialAction\":[{\"@type\":\"ReadAction\",\"target\":[\"https:\/\/breeam-infrastructure.byggalliansen.no\/v6\/kategorier-og-emner\/7-ressurser\/7-6-avfallshandtering-i-anleggsfasen\/7-6-6-rydding-og-avhending-av-eksisterende-vegetasjon-vurdering\/\"]}]},{\"@type\":\"BreadcrumbList\",\"@id\":\"https:\/\/breeam-infrastructure.byggalliansen.no\/v6\/kategorier-og-emner\/7-ressurser\/7-6-avfallshandtering-i-anleggsfasen\/7-6-6-rydding-og-avhending-av-eksisterende-vegetasjon-vurdering\/#breadcrumb\",\"itemListElement\":[{\"@type\":\"ListItem\",\"position\":1,\"name\":\"BREEAM Infrastructure for prosjekter\",\"item\":\"https:\/\/breeam-infrastructure.byggalliansen.no\/v6\/\"},{\"@type\":\"ListItem\",\"position\":2,\"name\":\"Kategorier og emner\",\"item\":\"http:\/\/breeam-infrastructure.byggalliansen.no\/v6\/kategorier-og-emner\/\"},{\"@type\":\"ListItem\",\"position\":3,\"name\":\"7 Ressurser\",\"item\":\"http:\/\/breeam-infrastructure.byggalliansen.no\/v6\/kategorier-og-emner\/7-ressurser\/\"},{\"@type\":\"ListItem\",\"position\":4,\"name\":\"7.6 Avfallsh\u00e5ndtering i anleggsfasen\",\"item\":\"http:\/\/breeam-infrastructure.byggalliansen.no\/v6\/kategorier-og-emner\/7-ressurser\/7-6-avfallshandtering-i-anleggsfasen\/\"},{\"@type\":\"ListItem\",\"position\":5,\"name\":\"7.6.6 \u00a0Rydding og avhending av eksisterende vegetasjon \u2013 vurdering\"}]},{\"@type\":\"WebSite\",\"@id\":\"http:\/\/breeam-infrastructure.byggalliansen.no\/v6\/#website\",\"url\":\"http:\/\/breeam-infrastructure.byggalliansen.no\/v6\/\",\"name\":\"BREEAM Infrastructure for prosjekter\",\"description\":\"Utgave 6, 2024\",\"potentialAction\":[{\"@type\":\"SearchAction\",\"target\":{\"@type\":\"EntryPoint\",\"urlTemplate\":\"http:\/\/breeam-infrastructure.byggalliansen.no\/v6\/?s={search_term_string}\"},\"query-input\":{\"@type\":\"PropertyValueSpecification\",\"valueRequired\":true,\"valueName\":\"search_term_string\"}}],\"inLanguage\":\"nb-NO\"}]}<\/script>\n<!-- \/ Yoast SEO plugin. -->","yoast_head_json":{"title":"7.6.6 \u00a0Rydding og avhending av eksisterende vegetasjon \u2013 vurdering - BREEAM Infrastructure for prosjekter","robots":{"index":"index","follow":"follow","max-snippet":"max-snippet:-1","max-image-preview":"max-image-preview:large","max-video-preview":"max-video-preview:-1"},"canonical":"https:\/\/breeam-infrastructure.byggalliansen.no\/v6\/kategorier-og-emner\/7-ressurser\/7-6-avfallshandtering-i-anleggsfasen\/7-6-6-rydding-og-avhending-av-eksisterende-vegetasjon-vurdering\/","og_locale":"nb_NO","og_type":"article","og_title":"7.6.6 \u00a0Rydding og avhending av eksisterende vegetasjon \u2013 vurdering - BREEAM Infrastructure for prosjekter","og_description":"7.6.6.1 \u00a0De mest milj\u00f8vennlige m\u00e5tene \u00e5 h\u00e5ndtere rydding og avhending av eksisterende vegetasjon p\u00e5 er unders\u00f8kt, og anbefalinger er gitt.","og_url":"https:\/\/breeam-infrastructure.byggalliansen.no\/v6\/kategorier-og-emner\/7-ressurser\/7-6-avfallshandtering-i-anleggsfasen\/7-6-6-rydding-og-avhending-av-eksisterende-vegetasjon-vurdering\/","og_site_name":"BREEAM Infrastructure for prosjekter","article_modified_time":"2025-03-05T10:34:43+00:00","twitter_card":"summary_large_image","twitter_misc":{"Ansl. lesetid":"1 minutt"},"schema":{"@context":"https:\/\/schema.org","@graph":[{"@type":"WebPage","@id":"https:\/\/breeam-infrastructure.byggalliansen.no\/v6\/kategorier-og-emner\/7-ressurser\/7-6-avfallshandtering-i-anleggsfasen\/7-6-6-rydding-og-avhending-av-eksisterende-vegetasjon-vurdering\/","url":"https:\/\/breeam-infrastructure.byggalliansen.no\/v6\/kategorier-og-emner\/7-ressurser\/7-6-avfallshandtering-i-anleggsfasen\/7-6-6-rydding-og-avhending-av-eksisterende-vegetasjon-vurdering\/","name":"7.6.6 \u00a0Rydding og avhending av eksisterende vegetasjon \u2013 vurdering - BREEAM Infrastructure for prosjekter","isPartOf":{"@id":"http:\/\/breeam-infrastructure.byggalliansen.no\/v6\/#website"},"datePublished":"2025-01-24T12:49:46+00:00","dateModified":"2025-03-05T10:34:43+00:00","breadcrumb":{"@id":"https:\/\/breeam-infrastructure.byggalliansen.no\/v6\/kategorier-og-emner\/7-ressurser\/7-6-avfallshandtering-i-anleggsfasen\/7-6-6-rydding-og-avhending-av-eksisterende-vegetasjon-vurdering\/#breadcrumb"},"inLanguage":"nb-NO","potentialAction":[{"@type":"ReadAction","target":["https:\/\/breeam-infrastructure.byggalliansen.no\/v6\/kategorier-og-emner\/7-ressurser\/7-6-avfallshandtering-i-anleggsfasen\/7-6-6-rydding-og-avhending-av-eksisterende-vegetasjon-vurdering\/"]}]},{"@type":"BreadcrumbList","@id":"https:\/\/breeam-infrastructure.byggalliansen.no\/v6\/kategorier-og-emner\/7-ressurser\/7-6-avfallshandtering-i-anleggsfasen\/7-6-6-rydding-og-avhending-av-eksisterende-vegetasjon-vurdering\/#breadcrumb","itemListElement":[{"@type":"ListItem","position":1,"name":"BREEAM Infrastructure for prosjekter","item":"https:\/\/breeam-infrastructure.byggalliansen.no\/v6\/"},{"@type":"ListItem","position":2,"name":"Kategorier og emner","item":"http:\/\/breeam-infrastructure.byggalliansen.no\/v6\/kategorier-og-emner\/"},{"@type":"ListItem","position":3,"name":"7 Ressurser","item":"http:\/\/breeam-infrastructure.byggalliansen.no\/v6\/kategorier-og-emner\/7-ressurser\/"},{"@type":"ListItem","position":4,"name":"7.6 Avfallsh\u00e5ndtering i anleggsfasen","item":"http:\/\/breeam-infrastructure.byggalliansen.no\/v6\/kategorier-og-emner\/7-ressurser\/7-6-avfallshandtering-i-anleggsfasen\/"},{"@type":"ListItem","position":5,"name":"7.6.6 \u00a0Rydding og avhending av eksisterende vegetasjon \u2013 vurdering"}]},{"@type":"WebSite","@id":"http:\/\/breeam-infrastructure.byggalliansen.no\/v6\/#website","url":"http:\/\/breeam-infrastructure.byggalliansen.no\/v6\/","name":"BREEAM Infrastructure for prosjekter","description":"Utgave 6, 2024","potentialAction":[{"@type":"SearchAction","target":{"@type":"EntryPoint","urlTemplate":"http:\/\/breeam-infrastructure.byggalliansen.no\/v6\/?s={search_term_string}"},"query-input":{"@type":"PropertyValueSpecification","valueRequired":true,"valueName":"search_term_string"}}],"inLanguage":"nb-NO"}]}},"_links":{"self":[{"href":"https:\/\/breeam-infrastructure.byggalliansen.no\/v6\/wp-json\/wp\/v2\/pages\/2818","targetHints":{"allow":["GET"]}}],"collection":[{"href":"https:\/\/breeam-infrastructure.byggalliansen.no\/v6\/wp-json\/wp\/v2\/pages"}],"about":[{"href":"https:\/\/breeam-infrastructure.byggalliansen.no\/v6\/wp-json\/wp\/v2\/types\/page"}],"author":[{"embeddable":true,"href":"https:\/\/breeam-infrastructure.byggalliansen.no\/v6\/wp-json\/wp\/v2\/users\/2"}],"replies":[{"embeddable":true,"href":"https:\/\/breeam-infrastructure.byggalliansen.no\/v6\/wp-json\/wp\/v2\/comments?post=2818"}],"version-history":[{"count":3,"href":"https:\/\/breeam-infrastructure.byggalliansen.no\/v6\/wp-json\/wp\/v2\/pages\/2818\/revisions"}],"predecessor-version":[{"id":3888,"href":"https:\/\/breeam-infrastructure.byggalliansen.no\/v6\/wp-json\/wp\/v2\/pages\/2818\/revisions\/3888"}],"up":[{"embeddable":true,"href":"https:\/\/breeam-infrastructure.byggalliansen.no\/v6\/wp-json\/wp\/v2\/pages\/2582"}],"wp:attachment":[{"href":"https:\/\/breeam-infrastructure.byggalliansen.no\/v6\/wp-json\/wp\/v2\/media?parent=2818"}],"wp:term":[{"taxonomy":"category","embeddable":true,"href":"https:\/\/breeam-infrastructure.byggalliansen.no\/v6\/wp-json\/wp\/v2\/categories?post=2818"},{"taxonomy":"connection","embeddable":true,"href":"https:\/\/breeam-infrastructure.byggalliansen.no\/v6\/wp-json\/wp\/v2\/connection?post=2818"}],"curies":[{"name":"wp","href":"https:\/\/api.w.org\/{rel}","templated":true}]}}