{"id":2939,"date":"2025-01-28T16:47:41","date_gmt":"2025-01-28T16:47:41","guid":{"rendered":"https:\/\/manualer.byggalliansen.no\/v6\/?page_id=2939"},"modified":"2025-01-28T16:47:42","modified_gmt":"2025-01-28T16:47:42","slug":"7-8-7-vannforbruk-i-anleggsfasen-krav-fra-tiltakshaver","status":"publish","type":"page","link":"https:\/\/breeam-infrastructure.byggalliansen.no\/v6\/kategorier-og-emner\/7-ressurser\/7-8-vann\/7-8-7-vannforbruk-i-anleggsfasen-krav-fra-tiltakshaver\/","title":{"rendered":"7.8.7 \u00a0Vannforbruk i anleggsfasen \u2013 krav fra tiltakshaver"},"content":{"rendered":"\n<p>7.8.7.1 \u00a0Spesifikke m\u00e5lbare krav om \u00e5 m\u00e5le, overv\u00e5ke og redusere forbruket av vannverksvann eller utvunnet vann i anleggsfasen er integrert i \u00a0prosjektbeskrivelsen og innkj\u00f8psdokumentasjonen (for eksempel foresp\u00f8rsel om deltakelse, s\u00f8knadsskjemaer knyttet til kvalifisering og\/eller anbudsinvitasjon).<\/p>\n\n\n\n<p><\/p>\n","protected":false},"excerpt":{"rendered":"<p>7.8.7.1 \u00a0Spesifikke m\u00e5lbare krav om \u00e5 m\u00e5le, overv\u00e5ke og redusere forbruket av vannverksvann eller utvunnet vann i anleggsfasen er integrert i \u00a0prosjektbeskrivelsen og innkj\u00f8psdokumentasjonen (for eksempel foresp\u00f8rsel om deltakelse, s\u00f8knadsskjemaer knyttet til kvalifisering og\/eller anbudsinvitasjon).<\/p>\n","protected":false},"author":2,"featured_media":0,"parent":2588,"menu_order":6,"comment_status":"closed","ping_status":"closed","template":"","meta":{"_acf_changed":false,"footnotes":""},"categories":[31],"connection":[145],"class_list":["post-2939","page","type-page","status-publish","hentry","category-faste-kriterier","connection-7-8-7"],"acf":[],"yoast_head":"<!-- This site is optimized with the Yoast SEO plugin v24.6 - https:\/\/yoast.com\/wordpress\/plugins\/seo\/ -->\n<title>7.8.7 \u00a0Vannforbruk i anleggsfasen \u2013 krav fra tiltakshaver - BREEAM Infrastructure for prosjekter<\/title>\n<meta name=\"robots\" content=\"index, follow, max-snippet:-1, max-image-preview:large, max-video-preview:-1\" \/>\n<link rel=\"canonical\" href=\"https:\/\/breeam-infrastructure.byggalliansen.no\/v6\/kategorier-og-emner\/7-ressurser\/7-8-vann\/7-8-7-vannforbruk-i-anleggsfasen-krav-fra-tiltakshaver\/\" \/>\n<meta property=\"og:locale\" content=\"nb_NO\" \/>\n<meta property=\"og:type\" content=\"article\" \/>\n<meta property=\"og:title\" content=\"7.8.7 \u00a0Vannforbruk i anleggsfasen \u2013 krav fra tiltakshaver - BREEAM Infrastructure for prosjekter\" \/>\n<meta property=\"og:description\" content=\"7.8.7.1 \u00a0Spesifikke m\u00e5lbare krav om \u00e5 m\u00e5le, overv\u00e5ke og redusere forbruket av vannverksvann eller utvunnet vann i anleggsfasen er integrert i \u00a0prosjektbeskrivelsen og innkj\u00f8psdokumentasjonen (for eksempel foresp\u00f8rsel om deltakelse, s\u00f8knadsskjemaer knyttet til kvalifisering og\/eller anbudsinvitasjon).\" \/>\n<meta property=\"og:url\" content=\"https:\/\/breeam-infrastructure.byggalliansen.no\/v6\/kategorier-og-emner\/7-ressurser\/7-8-vann\/7-8-7-vannforbruk-i-anleggsfasen-krav-fra-tiltakshaver\/\" \/>\n<meta property=\"og:site_name\" content=\"BREEAM Infrastructure for prosjekter\" \/>\n<meta property=\"article:modified_time\" content=\"2025-01-28T16:47:42+00:00\" \/>\n<meta name=\"twitter:card\" content=\"summary_large_image\" \/>\n<meta name=\"twitter:label1\" content=\"Ansl. lesetid\" \/>\n\t<meta name=\"twitter:data1\" content=\"1 minutt\" \/>\n<script type=\"application\/ld+json\" class=\"yoast-schema-graph\">{\"@context\":\"https:\/\/schema.org\",\"@graph\":[{\"@type\":\"WebPage\",\"@id\":\"https:\/\/breeam-infrastructure.byggalliansen.no\/v6\/kategorier-og-emner\/7-ressurser\/7-8-vann\/7-8-7-vannforbruk-i-anleggsfasen-krav-fra-tiltakshaver\/\",\"url\":\"https:\/\/breeam-infrastructure.byggalliansen.no\/v6\/kategorier-og-emner\/7-ressurser\/7-8-vann\/7-8-7-vannforbruk-i-anleggsfasen-krav-fra-tiltakshaver\/\",\"name\":\"7.8.7 \u00a0Vannforbruk i anleggsfasen \u2013 krav fra tiltakshaver - BREEAM Infrastructure for prosjekter\",\"isPartOf\":{\"@id\":\"https:\/\/breeam-infrastructure.byggalliansen.no\/v6\/#website\"},\"datePublished\":\"2025-01-28T16:47:41+00:00\",\"dateModified\":\"2025-01-28T16:47:42+00:00\",\"breadcrumb\":{\"@id\":\"https:\/\/breeam-infrastructure.byggalliansen.no\/v6\/kategorier-og-emner\/7-ressurser\/7-8-vann\/7-8-7-vannforbruk-i-anleggsfasen-krav-fra-tiltakshaver\/#breadcrumb\"},\"inLanguage\":\"nb-NO\",\"potentialAction\":[{\"@type\":\"ReadAction\",\"target\":[\"https:\/\/breeam-infrastructure.byggalliansen.no\/v6\/kategorier-og-emner\/7-ressurser\/7-8-vann\/7-8-7-vannforbruk-i-anleggsfasen-krav-fra-tiltakshaver\/\"]}]},{\"@type\":\"BreadcrumbList\",\"@id\":\"https:\/\/breeam-infrastructure.byggalliansen.no\/v6\/kategorier-og-emner\/7-ressurser\/7-8-vann\/7-8-7-vannforbruk-i-anleggsfasen-krav-fra-tiltakshaver\/#breadcrumb\",\"itemListElement\":[{\"@type\":\"ListItem\",\"position\":1,\"name\":\"BREEAM Infrastructure for prosjekter\",\"item\":\"https:\/\/breeam-infrastructure.byggalliansen.no\/v6\/\"},{\"@type\":\"ListItem\",\"position\":2,\"name\":\"Kategorier og emner\",\"item\":\"https:\/\/breeam-infrastructure.byggalliansen.no\/v6\/kategorier-og-emner\/\"},{\"@type\":\"ListItem\",\"position\":3,\"name\":\"7 Ressurser\",\"item\":\"https:\/\/breeam-infrastructure.byggalliansen.no\/v6\/kategorier-og-emner\/7-ressurser\/\"},{\"@type\":\"ListItem\",\"position\":4,\"name\":\"7.8 Vann\",\"item\":\"https:\/\/breeam-infrastructure.byggalliansen.no\/v6\/kategorier-og-emner\/7-ressurser\/7-8-vann\/\"},{\"@type\":\"ListItem\",\"position\":5,\"name\":\"7.8.7 \u00a0Vannforbruk i anleggsfasen \u2013 krav fra tiltakshaver\"}]},{\"@type\":\"WebSite\",\"@id\":\"https:\/\/breeam-infrastructure.byggalliansen.no\/v6\/#website\",\"url\":\"https:\/\/breeam-infrastructure.byggalliansen.no\/v6\/\",\"name\":\"BREEAM Infrastructure for prosjekter\",\"description\":\"Utgave 6, 2024\",\"potentialAction\":[{\"@type\":\"SearchAction\",\"target\":{\"@type\":\"EntryPoint\",\"urlTemplate\":\"https:\/\/breeam-infrastructure.byggalliansen.no\/v6\/?s={search_term_string}\"},\"query-input\":{\"@type\":\"PropertyValueSpecification\",\"valueRequired\":true,\"valueName\":\"search_term_string\"}}],\"inLanguage\":\"nb-NO\"}]}<\/script>\n<!-- \/ Yoast SEO plugin. -->","yoast_head_json":{"title":"7.8.7 \u00a0Vannforbruk i anleggsfasen \u2013 krav fra tiltakshaver - BREEAM Infrastructure for prosjekter","robots":{"index":"index","follow":"follow","max-snippet":"max-snippet:-1","max-image-preview":"max-image-preview:large","max-video-preview":"max-video-preview:-1"},"canonical":"https:\/\/breeam-infrastructure.byggalliansen.no\/v6\/kategorier-og-emner\/7-ressurser\/7-8-vann\/7-8-7-vannforbruk-i-anleggsfasen-krav-fra-tiltakshaver\/","og_locale":"nb_NO","og_type":"article","og_title":"7.8.7 \u00a0Vannforbruk i anleggsfasen \u2013 krav fra tiltakshaver - BREEAM Infrastructure for prosjekter","og_description":"7.8.7.1 \u00a0Spesifikke m\u00e5lbare krav om \u00e5 m\u00e5le, overv\u00e5ke og redusere forbruket av vannverksvann eller utvunnet vann i anleggsfasen er integrert i \u00a0prosjektbeskrivelsen og innkj\u00f8psdokumentasjonen (for eksempel foresp\u00f8rsel om deltakelse, s\u00f8knadsskjemaer knyttet til kvalifisering og\/eller anbudsinvitasjon).","og_url":"https:\/\/breeam-infrastructure.byggalliansen.no\/v6\/kategorier-og-emner\/7-ressurser\/7-8-vann\/7-8-7-vannforbruk-i-anleggsfasen-krav-fra-tiltakshaver\/","og_site_name":"BREEAM Infrastructure for prosjekter","article_modified_time":"2025-01-28T16:47:42+00:00","twitter_card":"summary_large_image","twitter_misc":{"Ansl. lesetid":"1 minutt"},"schema":{"@context":"https:\/\/schema.org","@graph":[{"@type":"WebPage","@id":"https:\/\/breeam-infrastructure.byggalliansen.no\/v6\/kategorier-og-emner\/7-ressurser\/7-8-vann\/7-8-7-vannforbruk-i-anleggsfasen-krav-fra-tiltakshaver\/","url":"https:\/\/breeam-infrastructure.byggalliansen.no\/v6\/kategorier-og-emner\/7-ressurser\/7-8-vann\/7-8-7-vannforbruk-i-anleggsfasen-krav-fra-tiltakshaver\/","name":"7.8.7 \u00a0Vannforbruk i anleggsfasen \u2013 krav fra tiltakshaver - BREEAM Infrastructure for prosjekter","isPartOf":{"@id":"https:\/\/breeam-infrastructure.byggalliansen.no\/v6\/#website"},"datePublished":"2025-01-28T16:47:41+00:00","dateModified":"2025-01-28T16:47:42+00:00","breadcrumb":{"@id":"https:\/\/breeam-infrastructure.byggalliansen.no\/v6\/kategorier-og-emner\/7-ressurser\/7-8-vann\/7-8-7-vannforbruk-i-anleggsfasen-krav-fra-tiltakshaver\/#breadcrumb"},"inLanguage":"nb-NO","potentialAction":[{"@type":"ReadAction","target":["https:\/\/breeam-infrastructure.byggalliansen.no\/v6\/kategorier-og-emner\/7-ressurser\/7-8-vann\/7-8-7-vannforbruk-i-anleggsfasen-krav-fra-tiltakshaver\/"]}]},{"@type":"BreadcrumbList","@id":"https:\/\/breeam-infrastructure.byggalliansen.no\/v6\/kategorier-og-emner\/7-ressurser\/7-8-vann\/7-8-7-vannforbruk-i-anleggsfasen-krav-fra-tiltakshaver\/#breadcrumb","itemListElement":[{"@type":"ListItem","position":1,"name":"BREEAM Infrastructure for prosjekter","item":"https:\/\/breeam-infrastructure.byggalliansen.no\/v6\/"},{"@type":"ListItem","position":2,"name":"Kategorier og emner","item":"https:\/\/breeam-infrastructure.byggalliansen.no\/v6\/kategorier-og-emner\/"},{"@type":"ListItem","position":3,"name":"7 Ressurser","item":"https:\/\/breeam-infrastructure.byggalliansen.no\/v6\/kategorier-og-emner\/7-ressurser\/"},{"@type":"ListItem","position":4,"name":"7.8 Vann","item":"https:\/\/breeam-infrastructure.byggalliansen.no\/v6\/kategorier-og-emner\/7-ressurser\/7-8-vann\/"},{"@type":"ListItem","position":5,"name":"7.8.7 \u00a0Vannforbruk i anleggsfasen \u2013 krav fra tiltakshaver"}]},{"@type":"WebSite","@id":"https:\/\/breeam-infrastructure.byggalliansen.no\/v6\/#website","url":"https:\/\/breeam-infrastructure.byggalliansen.no\/v6\/","name":"BREEAM Infrastructure for prosjekter","description":"Utgave 6, 2024","potentialAction":[{"@type":"SearchAction","target":{"@type":"EntryPoint","urlTemplate":"https:\/\/breeam-infrastructure.byggalliansen.no\/v6\/?s={search_term_string}"},"query-input":{"@type":"PropertyValueSpecification","valueRequired":true,"valueName":"search_term_string"}}],"inLanguage":"nb-NO"}]}},"_links":{"self":[{"href":"https:\/\/breeam-infrastructure.byggalliansen.no\/v6\/wp-json\/wp\/v2\/pages\/2939","targetHints":{"allow":["GET"]}}],"collection":[{"href":"https:\/\/breeam-infrastructure.byggalliansen.no\/v6\/wp-json\/wp\/v2\/pages"}],"about":[{"href":"https:\/\/breeam-infrastructure.byggalliansen.no\/v6\/wp-json\/wp\/v2\/types\/page"}],"author":[{"embeddable":true,"href":"https:\/\/breeam-infrastructure.byggalliansen.no\/v6\/wp-json\/wp\/v2\/users\/2"}],"replies":[{"embeddable":true,"href":"https:\/\/breeam-infrastructure.byggalliansen.no\/v6\/wp-json\/wp\/v2\/comments?post=2939"}],"version-history":[{"count":1,"href":"https:\/\/breeam-infrastructure.byggalliansen.no\/v6\/wp-json\/wp\/v2\/pages\/2939\/revisions"}],"predecessor-version":[{"id":2940,"href":"https:\/\/breeam-infrastructure.byggalliansen.no\/v6\/wp-json\/wp\/v2\/pages\/2939\/revisions\/2940"}],"up":[{"embeddable":true,"href":"https:\/\/breeam-infrastructure.byggalliansen.no\/v6\/wp-json\/wp\/v2\/pages\/2588"}],"wp:attachment":[{"href":"https:\/\/breeam-infrastructure.byggalliansen.no\/v6\/wp-json\/wp\/v2\/media?parent=2939"}],"wp:term":[{"taxonomy":"category","embeddable":true,"href":"https:\/\/breeam-infrastructure.byggalliansen.no\/v6\/wp-json\/wp\/v2\/categories?post=2939"},{"taxonomy":"connection","embeddable":true,"href":"https:\/\/breeam-infrastructure.byggalliansen.no\/v6\/wp-json\/wp\/v2\/connection?post=2939"}],"curies":[{"name":"wp","href":"https:\/\/api.w.org\/{rel}","templated":true}]}}