{"id":2952,"date":"2025-02-04T11:27:22","date_gmt":"2025-02-04T11:27:22","guid":{"rendered":"https:\/\/manualer.byggalliansen.no\/v6\/?page_id=2952"},"modified":"2025-03-24T14:21:05","modified_gmt":"2025-03-24T14:21:05","slug":"2-1-4-identifisering-og-vurdering-av-risiko","status":"publish","type":"page","link":"https:\/\/breeam-infrastructure.byggalliansen.no\/v6\/kategorier-og-emner\/2-robusthet\/2-1-risikovurdering-og-tiltak\/2-1-4-identifisering-og-vurdering-av-risiko\/","title":{"rendered":"2.1.4 \u00a0Identifisering og vurdering av risiko"},"content":{"rendered":"\n<p>2.1.4.1 &nbsp;&nbsp;I alle prosjektfasene og ved hjelp av oppdatert prosjektinformasjon er all risiko og alle negative p\u00e5virkning identifisert og vurdert (eller gjennomg\u00e5tt og oppdatert) for \u00e9n eller flere kategorier knyttet til robusthet i samsvar med veiledningen.<\/p>\n\n\n\n<figure class=\"wp-block-table is-style-core-borders\"><table class=\"has-fixed-layout\"><thead><tr><td rowspan=\"2\">&nbsp;<\/td><td rowspan=\"2\">Tema knyttet til robusthet<\/td><td colspan=\"3\">Poeng tilgjengelig i hver revisjonsfase<\/td><\/tr><tr><td>Tidligfase<\/td><td>Designfase<\/td><td>Anleggsfase<\/td><\/tr><\/thead><tbody><tr><td>(i)<\/td><td><dfn aria-describedby=\"desc-1741167855812-lzg9y7nqy\" data-definition=\"\">Naturfare<\/dfn><\/td><td>14<\/td><td>7<\/td><td>7<\/td><\/tr><tr><td>(ii)<\/td><td>Klimaendringer<\/td><td>14<\/td><td>7<\/td><td>&#8211;<\/td><\/tr><tr><td>(iii)<\/td><td>Sikkerhet<\/td><td>14<\/td><td>7<\/td><td>7<\/td><\/tr><\/tbody><\/table><\/figure>\n","protected":false},"excerpt":{"rendered":"<p>2.1.4.1 &nbsp;&nbsp;I alle prosjektfasene og ved hjelp av oppdatert prosjektinformasjon er all risiko og alle negative p\u00e5virkning identifisert og vurdert (eller gjennomg\u00e5tt og oppdatert) for \u00e9n eller flere kategorier knyttet til robusthet i samsvar med veiledningen. &nbsp; Tema knyttet til robusthet Poeng tilgjengelig i hver revisjonsfase Tidligfase Designfase Anleggsfase (i) Naturfare 14 7 7 (ii) [&hellip;]<\/p>\n","protected":false},"author":4,"featured_media":0,"parent":2752,"menu_order":3,"comment_status":"closed","ping_status":"closed","template":"","meta":{"_acf_changed":false,"footnotes":""},"categories":[31],"connection":[148],"class_list":["post-2952","page","type-page","status-publish","hentry","category-faste-kriterier","connection-2-1-4"],"acf":[],"yoast_head":"<!-- This site is optimized with the Yoast SEO plugin v24.6 - https:\/\/yoast.com\/wordpress\/plugins\/seo\/ -->\n<title>2.1.4 \u00a0Identifisering og vurdering av risiko - BREEAM Infrastructure for prosjekter<\/title>\n<meta name=\"robots\" content=\"index, follow, max-snippet:-1, max-image-preview:large, max-video-preview:-1\" \/>\n<link rel=\"canonical\" href=\"https:\/\/breeam-infrastructure.byggalliansen.no\/v6\/kategorier-og-emner\/2-robusthet\/2-1-risikovurdering-og-tiltak\/2-1-4-identifisering-og-vurdering-av-risiko\/\" \/>\n<meta property=\"og:locale\" content=\"nb_NO\" \/>\n<meta property=\"og:type\" content=\"article\" \/>\n<meta property=\"og:title\" content=\"2.1.4 \u00a0Identifisering og vurdering av risiko - BREEAM Infrastructure for prosjekter\" \/>\n<meta property=\"og:description\" content=\"2.1.4.1 &nbsp;&nbsp;I alle prosjektfasene og ved hjelp av oppdatert prosjektinformasjon er all risiko og alle negative p\u00e5virkning identifisert og vurdert (eller gjennomg\u00e5tt og oppdatert) for \u00e9n eller flere kategorier knyttet til robusthet i samsvar med veiledningen. &nbsp; Tema knyttet til robusthet Poeng tilgjengelig i hver revisjonsfase Tidligfase Designfase Anleggsfase (i) Naturfare 14 7 7 (ii) [&hellip;]\" \/>\n<meta property=\"og:url\" content=\"https:\/\/breeam-infrastructure.byggalliansen.no\/v6\/kategorier-og-emner\/2-robusthet\/2-1-risikovurdering-og-tiltak\/2-1-4-identifisering-og-vurdering-av-risiko\/\" \/>\n<meta property=\"og:site_name\" content=\"BREEAM Infrastructure for prosjekter\" \/>\n<meta property=\"article:modified_time\" content=\"2025-03-24T14:21:05+00:00\" \/>\n<meta name=\"twitter:card\" content=\"summary_large_image\" \/>\n<meta name=\"twitter:label1\" content=\"Ansl. lesetid\" \/>\n\t<meta name=\"twitter:data1\" content=\"1 minutt\" \/>\n<script type=\"application\/ld+json\" class=\"yoast-schema-graph\">{\"@context\":\"https:\/\/schema.org\",\"@graph\":[{\"@type\":\"WebPage\",\"@id\":\"https:\/\/breeam-infrastructure.byggalliansen.no\/v6\/kategorier-og-emner\/2-robusthet\/2-1-risikovurdering-og-tiltak\/2-1-4-identifisering-og-vurdering-av-risiko\/\",\"url\":\"https:\/\/breeam-infrastructure.byggalliansen.no\/v6\/kategorier-og-emner\/2-robusthet\/2-1-risikovurdering-og-tiltak\/2-1-4-identifisering-og-vurdering-av-risiko\/\",\"name\":\"2.1.4 \u00a0Identifisering og vurdering av risiko - BREEAM Infrastructure for prosjekter\",\"isPartOf\":{\"@id\":\"http:\/\/breeam-infrastructure.byggalliansen.no\/v6\/#website\"},\"datePublished\":\"2025-02-04T11:27:22+00:00\",\"dateModified\":\"2025-03-24T14:21:05+00:00\",\"breadcrumb\":{\"@id\":\"https:\/\/breeam-infrastructure.byggalliansen.no\/v6\/kategorier-og-emner\/2-robusthet\/2-1-risikovurdering-og-tiltak\/2-1-4-identifisering-og-vurdering-av-risiko\/#breadcrumb\"},\"inLanguage\":\"nb-NO\",\"potentialAction\":[{\"@type\":\"ReadAction\",\"target\":[\"https:\/\/breeam-infrastructure.byggalliansen.no\/v6\/kategorier-og-emner\/2-robusthet\/2-1-risikovurdering-og-tiltak\/2-1-4-identifisering-og-vurdering-av-risiko\/\"]}]},{\"@type\":\"BreadcrumbList\",\"@id\":\"https:\/\/breeam-infrastructure.byggalliansen.no\/v6\/kategorier-og-emner\/2-robusthet\/2-1-risikovurdering-og-tiltak\/2-1-4-identifisering-og-vurdering-av-risiko\/#breadcrumb\",\"itemListElement\":[{\"@type\":\"ListItem\",\"position\":1,\"name\":\"BREEAM Infrastructure for prosjekter\",\"item\":\"https:\/\/breeam-infrastructure.byggalliansen.no\/v6\/\"},{\"@type\":\"ListItem\",\"position\":2,\"name\":\"Kategorier og emner\",\"item\":\"http:\/\/breeam-infrastructure.byggalliansen.no\/v6\/kategorier-og-emner\/\"},{\"@type\":\"ListItem\",\"position\":3,\"name\":\"2 Robusthet\",\"item\":\"https:\/\/breeam-infrastructure.byggalliansen.no\/v6\/kategorier-og-emner\/2-robusthet\/\"},{\"@type\":\"ListItem\",\"position\":4,\"name\":\"2.1 Risikovurdering og tiltak\",\"item\":\"https:\/\/breeam-infrastructure.byggalliansen.no\/v6\/kategorier-og-emner\/2-robusthet\/2-1-risikovurdering-og-tiltak\/\"},{\"@type\":\"ListItem\",\"position\":5,\"name\":\"2.1.4 \u00a0Identifisering og vurdering av risiko\"}]},{\"@type\":\"WebSite\",\"@id\":\"http:\/\/breeam-infrastructure.byggalliansen.no\/v6\/#website\",\"url\":\"http:\/\/breeam-infrastructure.byggalliansen.no\/v6\/\",\"name\":\"BREEAM Infrastructure for prosjekter\",\"description\":\"Utgave 6, 2024\",\"potentialAction\":[{\"@type\":\"SearchAction\",\"target\":{\"@type\":\"EntryPoint\",\"urlTemplate\":\"http:\/\/breeam-infrastructure.byggalliansen.no\/v6\/?s={search_term_string}\"},\"query-input\":{\"@type\":\"PropertyValueSpecification\",\"valueRequired\":true,\"valueName\":\"search_term_string\"}}],\"inLanguage\":\"nb-NO\"}]}<\/script>\n<!-- \/ Yoast SEO plugin. -->","yoast_head_json":{"title":"2.1.4 \u00a0Identifisering og vurdering av risiko - BREEAM Infrastructure for prosjekter","robots":{"index":"index","follow":"follow","max-snippet":"max-snippet:-1","max-image-preview":"max-image-preview:large","max-video-preview":"max-video-preview:-1"},"canonical":"https:\/\/breeam-infrastructure.byggalliansen.no\/v6\/kategorier-og-emner\/2-robusthet\/2-1-risikovurdering-og-tiltak\/2-1-4-identifisering-og-vurdering-av-risiko\/","og_locale":"nb_NO","og_type":"article","og_title":"2.1.4 \u00a0Identifisering og vurdering av risiko - BREEAM Infrastructure for prosjekter","og_description":"2.1.4.1 &nbsp;&nbsp;I alle prosjektfasene og ved hjelp av oppdatert prosjektinformasjon er all risiko og alle negative p\u00e5virkning identifisert og vurdert (eller gjennomg\u00e5tt og oppdatert) for \u00e9n eller flere kategorier knyttet til robusthet i samsvar med veiledningen. &nbsp; Tema knyttet til robusthet Poeng tilgjengelig i hver revisjonsfase Tidligfase Designfase Anleggsfase (i) Naturfare 14 7 7 (ii) [&hellip;]","og_url":"https:\/\/breeam-infrastructure.byggalliansen.no\/v6\/kategorier-og-emner\/2-robusthet\/2-1-risikovurdering-og-tiltak\/2-1-4-identifisering-og-vurdering-av-risiko\/","og_site_name":"BREEAM Infrastructure for prosjekter","article_modified_time":"2025-03-24T14:21:05+00:00","twitter_card":"summary_large_image","twitter_misc":{"Ansl. lesetid":"1 minutt"},"schema":{"@context":"https:\/\/schema.org","@graph":[{"@type":"WebPage","@id":"https:\/\/breeam-infrastructure.byggalliansen.no\/v6\/kategorier-og-emner\/2-robusthet\/2-1-risikovurdering-og-tiltak\/2-1-4-identifisering-og-vurdering-av-risiko\/","url":"https:\/\/breeam-infrastructure.byggalliansen.no\/v6\/kategorier-og-emner\/2-robusthet\/2-1-risikovurdering-og-tiltak\/2-1-4-identifisering-og-vurdering-av-risiko\/","name":"2.1.4 \u00a0Identifisering og vurdering av risiko - BREEAM Infrastructure for prosjekter","isPartOf":{"@id":"http:\/\/breeam-infrastructure.byggalliansen.no\/v6\/#website"},"datePublished":"2025-02-04T11:27:22+00:00","dateModified":"2025-03-24T14:21:05+00:00","breadcrumb":{"@id":"https:\/\/breeam-infrastructure.byggalliansen.no\/v6\/kategorier-og-emner\/2-robusthet\/2-1-risikovurdering-og-tiltak\/2-1-4-identifisering-og-vurdering-av-risiko\/#breadcrumb"},"inLanguage":"nb-NO","potentialAction":[{"@type":"ReadAction","target":["https:\/\/breeam-infrastructure.byggalliansen.no\/v6\/kategorier-og-emner\/2-robusthet\/2-1-risikovurdering-og-tiltak\/2-1-4-identifisering-og-vurdering-av-risiko\/"]}]},{"@type":"BreadcrumbList","@id":"https:\/\/breeam-infrastructure.byggalliansen.no\/v6\/kategorier-og-emner\/2-robusthet\/2-1-risikovurdering-og-tiltak\/2-1-4-identifisering-og-vurdering-av-risiko\/#breadcrumb","itemListElement":[{"@type":"ListItem","position":1,"name":"BREEAM Infrastructure for prosjekter","item":"https:\/\/breeam-infrastructure.byggalliansen.no\/v6\/"},{"@type":"ListItem","position":2,"name":"Kategorier og emner","item":"http:\/\/breeam-infrastructure.byggalliansen.no\/v6\/kategorier-og-emner\/"},{"@type":"ListItem","position":3,"name":"2 Robusthet","item":"https:\/\/breeam-infrastructure.byggalliansen.no\/v6\/kategorier-og-emner\/2-robusthet\/"},{"@type":"ListItem","position":4,"name":"2.1 Risikovurdering og tiltak","item":"https:\/\/breeam-infrastructure.byggalliansen.no\/v6\/kategorier-og-emner\/2-robusthet\/2-1-risikovurdering-og-tiltak\/"},{"@type":"ListItem","position":5,"name":"2.1.4 \u00a0Identifisering og vurdering av risiko"}]},{"@type":"WebSite","@id":"http:\/\/breeam-infrastructure.byggalliansen.no\/v6\/#website","url":"http:\/\/breeam-infrastructure.byggalliansen.no\/v6\/","name":"BREEAM Infrastructure for prosjekter","description":"Utgave 6, 2024","potentialAction":[{"@type":"SearchAction","target":{"@type":"EntryPoint","urlTemplate":"http:\/\/breeam-infrastructure.byggalliansen.no\/v6\/?s={search_term_string}"},"query-input":{"@type":"PropertyValueSpecification","valueRequired":true,"valueName":"search_term_string"}}],"inLanguage":"nb-NO"}]}},"_links":{"self":[{"href":"https:\/\/breeam-infrastructure.byggalliansen.no\/v6\/wp-json\/wp\/v2\/pages\/2952","targetHints":{"allow":["GET"]}}],"collection":[{"href":"https:\/\/breeam-infrastructure.byggalliansen.no\/v6\/wp-json\/wp\/v2\/pages"}],"about":[{"href":"https:\/\/breeam-infrastructure.byggalliansen.no\/v6\/wp-json\/wp\/v2\/types\/page"}],"author":[{"embeddable":true,"href":"https:\/\/breeam-infrastructure.byggalliansen.no\/v6\/wp-json\/wp\/v2\/users\/4"}],"replies":[{"embeddable":true,"href":"https:\/\/breeam-infrastructure.byggalliansen.no\/v6\/wp-json\/wp\/v2\/comments?post=2952"}],"version-history":[{"count":4,"href":"https:\/\/breeam-infrastructure.byggalliansen.no\/v6\/wp-json\/wp\/v2\/pages\/2952\/revisions"}],"predecessor-version":[{"id":4044,"href":"https:\/\/breeam-infrastructure.byggalliansen.no\/v6\/wp-json\/wp\/v2\/pages\/2952\/revisions\/4044"}],"up":[{"embeddable":true,"href":"https:\/\/breeam-infrastructure.byggalliansen.no\/v6\/wp-json\/wp\/v2\/pages\/2752"}],"wp:attachment":[{"href":"https:\/\/breeam-infrastructure.byggalliansen.no\/v6\/wp-json\/wp\/v2\/media?parent=2952"}],"wp:term":[{"taxonomy":"category","embeddable":true,"href":"https:\/\/breeam-infrastructure.byggalliansen.no\/v6\/wp-json\/wp\/v2\/categories?post=2952"},{"taxonomy":"connection","embeddable":true,"href":"https:\/\/breeam-infrastructure.byggalliansen.no\/v6\/wp-json\/wp\/v2\/connection?post=2952"}],"curies":[{"name":"wp","href":"https:\/\/api.w.org\/{rel}","templated":true}]}}