{"id":3027,"date":"2025-02-04T14:34:59","date_gmt":"2025-02-04T14:34:59","guid":{"rendered":"https:\/\/manualer.byggalliansen.no\/v6\/?page_id=3027"},"modified":"2025-02-04T14:34:59","modified_gmt":"2025-02-04T14:34:59","slug":"2-3-1-identifisering-av-fremtidige-behov","status":"publish","type":"page","link":"https:\/\/breeam-infrastructure.byggalliansen.no\/v6\/kategorier-og-emner\/2-robusthet\/2-3-fremtidige-behov\/2-3-1-identifisering-av-fremtidige-behov\/","title":{"rendered":"2.3.1 \u00a0Identifisering av fremtidige behov"},"content":{"rendered":"\n<p>2.3.1.1 &nbsp;I tidligfasen og designfasen er de forventede fremtidige behovene for prosjektet identifisert (eller gjennomg\u00e5tt og oppdatert) ved \u00e5:<\/p>\n\n\n\n<ol style=\"list-style-type:lower-alpha\" class=\"wp-block-list\">\n<li>vurdere forventede endringer man tror vil ha avgj\u00f8rende betydning for sektoren eller prosjektet<\/li>\n\n\n\n<li>st\u00f8tte disse antakelsene med robuste data<\/li>\n\n\n\n<li>konsultere relevante interessenter<\/li>\n<\/ol>\n\n\n\n<p><\/p>\n\n\n\n<p>2.3.1.2 &nbsp;F\u00f8r prosjekteringen ble innledet, ble behovene for prosjektet kommunisert til prosjekteringsgruppen.<\/p>\n\n\n\n<p><\/p>\n","protected":false},"excerpt":{"rendered":"<p>2.3.1.1 &nbsp;I tidligfasen og designfasen er de forventede fremtidige behovene for prosjektet identifisert (eller gjennomg\u00e5tt og oppdatert) ved \u00e5: 2.3.1.2 &nbsp;F\u00f8r prosjekteringen ble innledet, ble behovene for prosjektet kommunisert til prosjekteringsgruppen.<\/p>\n","protected":false},"author":4,"featured_media":0,"parent":3022,"menu_order":0,"comment_status":"closed","ping_status":"closed","template":"","meta":{"_acf_changed":false,"footnotes":""},"categories":[31],"connection":[160],"class_list":["post-3027","page","type-page","status-publish","hentry","category-faste-kriterier","connection-2-3-1"],"acf":[],"yoast_head":"<!-- This site is optimized with the Yoast SEO plugin v24.6 - https:\/\/yoast.com\/wordpress\/plugins\/seo\/ -->\n<title>2.3.1 \u00a0Identifisering av fremtidige behov - BREEAM Infrastructure for prosjekter<\/title>\n<meta name=\"robots\" content=\"index, follow, max-snippet:-1, max-image-preview:large, max-video-preview:-1\" \/>\n<link rel=\"canonical\" href=\"https:\/\/breeam-infrastructure.byggalliansen.no\/v6\/kategorier-og-emner\/2-robusthet\/2-3-fremtidige-behov\/2-3-1-identifisering-av-fremtidige-behov\/\" \/>\n<meta property=\"og:locale\" content=\"nb_NO\" \/>\n<meta property=\"og:type\" content=\"article\" \/>\n<meta property=\"og:title\" content=\"2.3.1 \u00a0Identifisering av fremtidige behov - BREEAM Infrastructure for prosjekter\" \/>\n<meta property=\"og:description\" content=\"2.3.1.1 &nbsp;I tidligfasen og designfasen er de forventede fremtidige behovene for prosjektet identifisert (eller gjennomg\u00e5tt og oppdatert) ved \u00e5: 2.3.1.2 &nbsp;F\u00f8r prosjekteringen ble innledet, ble behovene for prosjektet kommunisert til prosjekteringsgruppen.\" \/>\n<meta property=\"og:url\" content=\"https:\/\/breeam-infrastructure.byggalliansen.no\/v6\/kategorier-og-emner\/2-robusthet\/2-3-fremtidige-behov\/2-3-1-identifisering-av-fremtidige-behov\/\" \/>\n<meta property=\"og:site_name\" content=\"BREEAM Infrastructure for prosjekter\" \/>\n<meta name=\"twitter:card\" content=\"summary_large_image\" \/>\n<meta name=\"twitter:label1\" content=\"Ansl. lesetid\" \/>\n\t<meta name=\"twitter:data1\" content=\"1 minutt\" \/>\n<script type=\"application\/ld+json\" class=\"yoast-schema-graph\">{\"@context\":\"https:\/\/schema.org\",\"@graph\":[{\"@type\":\"WebPage\",\"@id\":\"https:\/\/breeam-infrastructure.byggalliansen.no\/v6\/kategorier-og-emner\/2-robusthet\/2-3-fremtidige-behov\/2-3-1-identifisering-av-fremtidige-behov\/\",\"url\":\"https:\/\/breeam-infrastructure.byggalliansen.no\/v6\/kategorier-og-emner\/2-robusthet\/2-3-fremtidige-behov\/2-3-1-identifisering-av-fremtidige-behov\/\",\"name\":\"2.3.1 \u00a0Identifisering av fremtidige behov - BREEAM Infrastructure for prosjekter\",\"isPartOf\":{\"@id\":\"http:\/\/breeam-infrastructure.byggalliansen.no\/v6\/#website\"},\"datePublished\":\"2025-02-04T14:34:59+00:00\",\"breadcrumb\":{\"@id\":\"https:\/\/breeam-infrastructure.byggalliansen.no\/v6\/kategorier-og-emner\/2-robusthet\/2-3-fremtidige-behov\/2-3-1-identifisering-av-fremtidige-behov\/#breadcrumb\"},\"inLanguage\":\"nb-NO\",\"potentialAction\":[{\"@type\":\"ReadAction\",\"target\":[\"https:\/\/breeam-infrastructure.byggalliansen.no\/v6\/kategorier-og-emner\/2-robusthet\/2-3-fremtidige-behov\/2-3-1-identifisering-av-fremtidige-behov\/\"]}]},{\"@type\":\"BreadcrumbList\",\"@id\":\"https:\/\/breeam-infrastructure.byggalliansen.no\/v6\/kategorier-og-emner\/2-robusthet\/2-3-fremtidige-behov\/2-3-1-identifisering-av-fremtidige-behov\/#breadcrumb\",\"itemListElement\":[{\"@type\":\"ListItem\",\"position\":1,\"name\":\"BREEAM Infrastructure for prosjekter\",\"item\":\"https:\/\/breeam-infrastructure.byggalliansen.no\/v6\/\"},{\"@type\":\"ListItem\",\"position\":2,\"name\":\"Kategorier og emner\",\"item\":\"http:\/\/breeam-infrastructure.byggalliansen.no\/v6\/kategorier-og-emner\/\"},{\"@type\":\"ListItem\",\"position\":3,\"name\":\"2 Robusthet\",\"item\":\"https:\/\/breeam-infrastructure.byggalliansen.no\/v6\/kategorier-og-emner\/2-robusthet\/\"},{\"@type\":\"ListItem\",\"position\":4,\"name\":\"2.3 Fremtidige behov\",\"item\":\"https:\/\/breeam-infrastructure.byggalliansen.no\/v6\/kategorier-og-emner\/2-robusthet\/2-3-fremtidige-behov\/\"},{\"@type\":\"ListItem\",\"position\":5,\"name\":\"2.3.1 \u00a0Identifisering av fremtidige behov\"}]},{\"@type\":\"WebSite\",\"@id\":\"http:\/\/breeam-infrastructure.byggalliansen.no\/v6\/#website\",\"url\":\"http:\/\/breeam-infrastructure.byggalliansen.no\/v6\/\",\"name\":\"BREEAM Infrastructure for prosjekter\",\"description\":\"Utgave 6, 2024\",\"potentialAction\":[{\"@type\":\"SearchAction\",\"target\":{\"@type\":\"EntryPoint\",\"urlTemplate\":\"http:\/\/breeam-infrastructure.byggalliansen.no\/v6\/?s={search_term_string}\"},\"query-input\":{\"@type\":\"PropertyValueSpecification\",\"valueRequired\":true,\"valueName\":\"search_term_string\"}}],\"inLanguage\":\"nb-NO\"}]}<\/script>\n<!-- \/ Yoast SEO plugin. -->","yoast_head_json":{"title":"2.3.1 \u00a0Identifisering av fremtidige behov - BREEAM Infrastructure for prosjekter","robots":{"index":"index","follow":"follow","max-snippet":"max-snippet:-1","max-image-preview":"max-image-preview:large","max-video-preview":"max-video-preview:-1"},"canonical":"https:\/\/breeam-infrastructure.byggalliansen.no\/v6\/kategorier-og-emner\/2-robusthet\/2-3-fremtidige-behov\/2-3-1-identifisering-av-fremtidige-behov\/","og_locale":"nb_NO","og_type":"article","og_title":"2.3.1 \u00a0Identifisering av fremtidige behov - BREEAM Infrastructure for prosjekter","og_description":"2.3.1.1 &nbsp;I tidligfasen og designfasen er de forventede fremtidige behovene for prosjektet identifisert (eller gjennomg\u00e5tt og oppdatert) ved \u00e5: 2.3.1.2 &nbsp;F\u00f8r prosjekteringen ble innledet, ble behovene for prosjektet kommunisert til prosjekteringsgruppen.","og_url":"https:\/\/breeam-infrastructure.byggalliansen.no\/v6\/kategorier-og-emner\/2-robusthet\/2-3-fremtidige-behov\/2-3-1-identifisering-av-fremtidige-behov\/","og_site_name":"BREEAM Infrastructure for prosjekter","twitter_card":"summary_large_image","twitter_misc":{"Ansl. lesetid":"1 minutt"},"schema":{"@context":"https:\/\/schema.org","@graph":[{"@type":"WebPage","@id":"https:\/\/breeam-infrastructure.byggalliansen.no\/v6\/kategorier-og-emner\/2-robusthet\/2-3-fremtidige-behov\/2-3-1-identifisering-av-fremtidige-behov\/","url":"https:\/\/breeam-infrastructure.byggalliansen.no\/v6\/kategorier-og-emner\/2-robusthet\/2-3-fremtidige-behov\/2-3-1-identifisering-av-fremtidige-behov\/","name":"2.3.1 \u00a0Identifisering av fremtidige behov - BREEAM Infrastructure for prosjekter","isPartOf":{"@id":"http:\/\/breeam-infrastructure.byggalliansen.no\/v6\/#website"},"datePublished":"2025-02-04T14:34:59+00:00","breadcrumb":{"@id":"https:\/\/breeam-infrastructure.byggalliansen.no\/v6\/kategorier-og-emner\/2-robusthet\/2-3-fremtidige-behov\/2-3-1-identifisering-av-fremtidige-behov\/#breadcrumb"},"inLanguage":"nb-NO","potentialAction":[{"@type":"ReadAction","target":["https:\/\/breeam-infrastructure.byggalliansen.no\/v6\/kategorier-og-emner\/2-robusthet\/2-3-fremtidige-behov\/2-3-1-identifisering-av-fremtidige-behov\/"]}]},{"@type":"BreadcrumbList","@id":"https:\/\/breeam-infrastructure.byggalliansen.no\/v6\/kategorier-og-emner\/2-robusthet\/2-3-fremtidige-behov\/2-3-1-identifisering-av-fremtidige-behov\/#breadcrumb","itemListElement":[{"@type":"ListItem","position":1,"name":"BREEAM Infrastructure for prosjekter","item":"https:\/\/breeam-infrastructure.byggalliansen.no\/v6\/"},{"@type":"ListItem","position":2,"name":"Kategorier og emner","item":"http:\/\/breeam-infrastructure.byggalliansen.no\/v6\/kategorier-og-emner\/"},{"@type":"ListItem","position":3,"name":"2 Robusthet","item":"https:\/\/breeam-infrastructure.byggalliansen.no\/v6\/kategorier-og-emner\/2-robusthet\/"},{"@type":"ListItem","position":4,"name":"2.3 Fremtidige behov","item":"https:\/\/breeam-infrastructure.byggalliansen.no\/v6\/kategorier-og-emner\/2-robusthet\/2-3-fremtidige-behov\/"},{"@type":"ListItem","position":5,"name":"2.3.1 \u00a0Identifisering av fremtidige behov"}]},{"@type":"WebSite","@id":"http:\/\/breeam-infrastructure.byggalliansen.no\/v6\/#website","url":"http:\/\/breeam-infrastructure.byggalliansen.no\/v6\/","name":"BREEAM Infrastructure for prosjekter","description":"Utgave 6, 2024","potentialAction":[{"@type":"SearchAction","target":{"@type":"EntryPoint","urlTemplate":"http:\/\/breeam-infrastructure.byggalliansen.no\/v6\/?s={search_term_string}"},"query-input":{"@type":"PropertyValueSpecification","valueRequired":true,"valueName":"search_term_string"}}],"inLanguage":"nb-NO"}]}},"_links":{"self":[{"href":"https:\/\/breeam-infrastructure.byggalliansen.no\/v6\/wp-json\/wp\/v2\/pages\/3027","targetHints":{"allow":["GET"]}}],"collection":[{"href":"https:\/\/breeam-infrastructure.byggalliansen.no\/v6\/wp-json\/wp\/v2\/pages"}],"about":[{"href":"https:\/\/breeam-infrastructure.byggalliansen.no\/v6\/wp-json\/wp\/v2\/types\/page"}],"author":[{"embeddable":true,"href":"https:\/\/breeam-infrastructure.byggalliansen.no\/v6\/wp-json\/wp\/v2\/users\/4"}],"replies":[{"embeddable":true,"href":"https:\/\/breeam-infrastructure.byggalliansen.no\/v6\/wp-json\/wp\/v2\/comments?post=3027"}],"version-history":[{"count":1,"href":"https:\/\/breeam-infrastructure.byggalliansen.no\/v6\/wp-json\/wp\/v2\/pages\/3027\/revisions"}],"predecessor-version":[{"id":3033,"href":"https:\/\/breeam-infrastructure.byggalliansen.no\/v6\/wp-json\/wp\/v2\/pages\/3027\/revisions\/3033"}],"up":[{"embeddable":true,"href":"https:\/\/breeam-infrastructure.byggalliansen.no\/v6\/wp-json\/wp\/v2\/pages\/3022"}],"wp:attachment":[{"href":"https:\/\/breeam-infrastructure.byggalliansen.no\/v6\/wp-json\/wp\/v2\/media?parent=3027"}],"wp:term":[{"taxonomy":"category","embeddable":true,"href":"https:\/\/breeam-infrastructure.byggalliansen.no\/v6\/wp-json\/wp\/v2\/categories?post=3027"},{"taxonomy":"connection","embeddable":true,"href":"https:\/\/breeam-infrastructure.byggalliansen.no\/v6\/wp-json\/wp\/v2\/connection?post=3027"}],"curies":[{"name":"wp","href":"https:\/\/api.w.org\/{rel}","templated":true}]}}