{"id":3192,"date":"2025-02-05T11:23:50","date_gmt":"2025-02-05T11:23:50","guid":{"rendered":"https:\/\/manualer.byggalliansen.no\/v6\/?page_id=3192"},"modified":"2025-03-04T13:16:42","modified_gmt":"2025-03-04T13:16:42","slug":"6-2-10-oppnaelse-av-resultater-for-avbotende-tiltak-i-anleggsfasen","status":"publish","type":"page","link":"https:\/\/breeam-infrastructure.byggalliansen.no\/v6\/kategorier-og-emner\/6-forurensing\/6-2-luft-stoy-og-lysforurensning\/6-2-10-oppnaelse-av-resultater-for-avbotende-tiltak-i-anleggsfasen\/","title":{"rendered":"6.2.10 \u00a0Oppn\u00e5else av resultater for avb\u00f8tende tiltak i anleggsfasen"},"content":{"rendered":"\n<p>6.2.10.1 \u00a0M\u00e5lingen av aspekter vurdert under <a href=\"https:\/\/breeam-infrastructure.byggalliansen.no\/v6\/kategorier-og-emner\/6-forurensing\/6-2-luft-stoy-og-lysforurensning\/6-2-9-maling-av-pavirkning-pa-naboer\/\">6.2.9<\/a> viste at det ble oppn\u00e5dd akseptable utslippsniv\u00e5er knyttet til alle aspekter (med potensiell p\u00e5virkning) i hele anleggsfasen.<\/p>\n\n\n\n<figure class=\"wp-block-table\"><table class=\"has-fixed-layout\"><thead><tr><th>Resultat<\/th><th>Poeng<\/th><\/tr><\/thead><tbody><tr><td>(a) Nei, men tiltak ble iverksatt<\/td><td>6<\/td><\/tr><tr><td>(b) Ja<\/td><td>12<\/td><\/tr><\/tbody><\/table><\/figure>\n\n\n\n<p><\/p>\n","protected":false},"excerpt":{"rendered":"<p>6.2.10.1 \u00a0M\u00e5lingen av aspekter vurdert under 6.2.9 viste at det ble oppn\u00e5dd akseptable utslippsniv\u00e5er knyttet til alle aspekter (med potensiell p\u00e5virkning) i hele anleggsfasen. Resultat Poeng (a) Nei, men tiltak ble iverksatt 6 (b) Ja 12<\/p>\n","protected":false},"author":2,"featured_media":0,"parent":3134,"menu_order":9,"comment_status":"closed","ping_status":"closed","template":"","meta":{"_acf_changed":false,"footnotes":""},"categories":[1],"connection":[200],"class_list":["post-3192","page","type-page","status-publish","hentry","category-kriterier","connection-6-2-10"],"acf":[],"yoast_head":"<!-- This site is optimized with the Yoast SEO plugin v24.6 - https:\/\/yoast.com\/wordpress\/plugins\/seo\/ -->\n<title>6.2.10 \u00a0Oppn\u00e5else av resultater for avb\u00f8tende tiltak i anleggsfasen - BREEAM Infrastructure for prosjekter<\/title>\n<meta name=\"robots\" content=\"index, follow, max-snippet:-1, max-image-preview:large, max-video-preview:-1\" \/>\n<link rel=\"canonical\" href=\"https:\/\/breeam-infrastructure.byggalliansen.no\/v6\/kategorier-og-emner\/6-forurensing\/6-2-luft-stoy-og-lysforurensning\/6-2-10-oppnaelse-av-resultater-for-avbotende-tiltak-i-anleggsfasen\/\" \/>\n<meta property=\"og:locale\" content=\"nb_NO\" \/>\n<meta property=\"og:type\" content=\"article\" \/>\n<meta property=\"og:title\" content=\"6.2.10 \u00a0Oppn\u00e5else av resultater for avb\u00f8tende tiltak i anleggsfasen - BREEAM Infrastructure for prosjekter\" \/>\n<meta property=\"og:description\" content=\"6.2.10.1 \u00a0M\u00e5lingen av aspekter vurdert under 6.2.9 viste at det ble oppn\u00e5dd akseptable utslippsniv\u00e5er knyttet til alle aspekter (med potensiell p\u00e5virkning) i hele anleggsfasen. Resultat Poeng (a) Nei, men tiltak ble iverksatt 6 (b) Ja 12\" \/>\n<meta property=\"og:url\" content=\"https:\/\/breeam-infrastructure.byggalliansen.no\/v6\/kategorier-og-emner\/6-forurensing\/6-2-luft-stoy-og-lysforurensning\/6-2-10-oppnaelse-av-resultater-for-avbotende-tiltak-i-anleggsfasen\/\" \/>\n<meta property=\"og:site_name\" content=\"BREEAM Infrastructure for prosjekter\" \/>\n<meta property=\"article:modified_time\" content=\"2025-03-04T13:16:42+00:00\" \/>\n<meta name=\"twitter:card\" content=\"summary_large_image\" \/>\n<meta name=\"twitter:label1\" content=\"Ansl. lesetid\" \/>\n\t<meta name=\"twitter:data1\" content=\"1 minutt\" \/>\n<script type=\"application\/ld+json\" class=\"yoast-schema-graph\">{\"@context\":\"https:\/\/schema.org\",\"@graph\":[{\"@type\":\"WebPage\",\"@id\":\"https:\/\/breeam-infrastructure.byggalliansen.no\/v6\/kategorier-og-emner\/6-forurensing\/6-2-luft-stoy-og-lysforurensning\/6-2-10-oppnaelse-av-resultater-for-avbotende-tiltak-i-anleggsfasen\/\",\"url\":\"https:\/\/breeam-infrastructure.byggalliansen.no\/v6\/kategorier-og-emner\/6-forurensing\/6-2-luft-stoy-og-lysforurensning\/6-2-10-oppnaelse-av-resultater-for-avbotende-tiltak-i-anleggsfasen\/\",\"name\":\"6.2.10 \u00a0Oppn\u00e5else av resultater for avb\u00f8tende tiltak i anleggsfasen - BREEAM Infrastructure for prosjekter\",\"isPartOf\":{\"@id\":\"https:\/\/breeam-infrastructure.byggalliansen.no\/v6\/#website\"},\"datePublished\":\"2025-02-05T11:23:50+00:00\",\"dateModified\":\"2025-03-04T13:16:42+00:00\",\"breadcrumb\":{\"@id\":\"https:\/\/breeam-infrastructure.byggalliansen.no\/v6\/kategorier-og-emner\/6-forurensing\/6-2-luft-stoy-og-lysforurensning\/6-2-10-oppnaelse-av-resultater-for-avbotende-tiltak-i-anleggsfasen\/#breadcrumb\"},\"inLanguage\":\"nb-NO\",\"potentialAction\":[{\"@type\":\"ReadAction\",\"target\":[\"https:\/\/breeam-infrastructure.byggalliansen.no\/v6\/kategorier-og-emner\/6-forurensing\/6-2-luft-stoy-og-lysforurensning\/6-2-10-oppnaelse-av-resultater-for-avbotende-tiltak-i-anleggsfasen\/\"]}]},{\"@type\":\"BreadcrumbList\",\"@id\":\"https:\/\/breeam-infrastructure.byggalliansen.no\/v6\/kategorier-og-emner\/6-forurensing\/6-2-luft-stoy-og-lysforurensning\/6-2-10-oppnaelse-av-resultater-for-avbotende-tiltak-i-anleggsfasen\/#breadcrumb\",\"itemListElement\":[{\"@type\":\"ListItem\",\"position\":1,\"name\":\"BREEAM Infrastructure for prosjekter\",\"item\":\"https:\/\/breeam-infrastructure.byggalliansen.no\/v6\/\"},{\"@type\":\"ListItem\",\"position\":2,\"name\":\"Kategorier og emner\",\"item\":\"https:\/\/breeam-infrastructure.byggalliansen.no\/v6\/kategorier-og-emner\/\"},{\"@type\":\"ListItem\",\"position\":3,\"name\":\"6 Forurensing\",\"item\":\"https:\/\/breeam-infrastructure.byggalliansen.no\/v6\/kategorier-og-emner\/6-forurensing\/\"},{\"@type\":\"ListItem\",\"position\":4,\"name\":\"6.2 Luft-, st\u00f8y- og lysforurensning\",\"item\":\"https:\/\/breeam-infrastructure.byggalliansen.no\/v6\/kategorier-og-emner\/6-forurensing\/6-2-luft-stoy-og-lysforurensning\/\"},{\"@type\":\"ListItem\",\"position\":5,\"name\":\"6.2.10 \u00a0Oppn\u00e5else av resultater for avb\u00f8tende tiltak i anleggsfasen\"}]},{\"@type\":\"WebSite\",\"@id\":\"https:\/\/breeam-infrastructure.byggalliansen.no\/v6\/#website\",\"url\":\"https:\/\/breeam-infrastructure.byggalliansen.no\/v6\/\",\"name\":\"BREEAM Infrastructure for prosjekter\",\"description\":\"Utgave 6, 2024\",\"potentialAction\":[{\"@type\":\"SearchAction\",\"target\":{\"@type\":\"EntryPoint\",\"urlTemplate\":\"https:\/\/breeam-infrastructure.byggalliansen.no\/v6\/?s={search_term_string}\"},\"query-input\":{\"@type\":\"PropertyValueSpecification\",\"valueRequired\":true,\"valueName\":\"search_term_string\"}}],\"inLanguage\":\"nb-NO\"}]}<\/script>\n<!-- \/ Yoast SEO plugin. -->","yoast_head_json":{"title":"6.2.10 \u00a0Oppn\u00e5else av resultater for avb\u00f8tende tiltak i anleggsfasen - BREEAM Infrastructure for prosjekter","robots":{"index":"index","follow":"follow","max-snippet":"max-snippet:-1","max-image-preview":"max-image-preview:large","max-video-preview":"max-video-preview:-1"},"canonical":"https:\/\/breeam-infrastructure.byggalliansen.no\/v6\/kategorier-og-emner\/6-forurensing\/6-2-luft-stoy-og-lysforurensning\/6-2-10-oppnaelse-av-resultater-for-avbotende-tiltak-i-anleggsfasen\/","og_locale":"nb_NO","og_type":"article","og_title":"6.2.10 \u00a0Oppn\u00e5else av resultater for avb\u00f8tende tiltak i anleggsfasen - BREEAM Infrastructure for prosjekter","og_description":"6.2.10.1 \u00a0M\u00e5lingen av aspekter vurdert under 6.2.9 viste at det ble oppn\u00e5dd akseptable utslippsniv\u00e5er knyttet til alle aspekter (med potensiell p\u00e5virkning) i hele anleggsfasen. Resultat Poeng (a) Nei, men tiltak ble iverksatt 6 (b) Ja 12","og_url":"https:\/\/breeam-infrastructure.byggalliansen.no\/v6\/kategorier-og-emner\/6-forurensing\/6-2-luft-stoy-og-lysforurensning\/6-2-10-oppnaelse-av-resultater-for-avbotende-tiltak-i-anleggsfasen\/","og_site_name":"BREEAM Infrastructure for prosjekter","article_modified_time":"2025-03-04T13:16:42+00:00","twitter_card":"summary_large_image","twitter_misc":{"Ansl. lesetid":"1 minutt"},"schema":{"@context":"https:\/\/schema.org","@graph":[{"@type":"WebPage","@id":"https:\/\/breeam-infrastructure.byggalliansen.no\/v6\/kategorier-og-emner\/6-forurensing\/6-2-luft-stoy-og-lysforurensning\/6-2-10-oppnaelse-av-resultater-for-avbotende-tiltak-i-anleggsfasen\/","url":"https:\/\/breeam-infrastructure.byggalliansen.no\/v6\/kategorier-og-emner\/6-forurensing\/6-2-luft-stoy-og-lysforurensning\/6-2-10-oppnaelse-av-resultater-for-avbotende-tiltak-i-anleggsfasen\/","name":"6.2.10 \u00a0Oppn\u00e5else av resultater for avb\u00f8tende tiltak i anleggsfasen - BREEAM Infrastructure for prosjekter","isPartOf":{"@id":"https:\/\/breeam-infrastructure.byggalliansen.no\/v6\/#website"},"datePublished":"2025-02-05T11:23:50+00:00","dateModified":"2025-03-04T13:16:42+00:00","breadcrumb":{"@id":"https:\/\/breeam-infrastructure.byggalliansen.no\/v6\/kategorier-og-emner\/6-forurensing\/6-2-luft-stoy-og-lysforurensning\/6-2-10-oppnaelse-av-resultater-for-avbotende-tiltak-i-anleggsfasen\/#breadcrumb"},"inLanguage":"nb-NO","potentialAction":[{"@type":"ReadAction","target":["https:\/\/breeam-infrastructure.byggalliansen.no\/v6\/kategorier-og-emner\/6-forurensing\/6-2-luft-stoy-og-lysforurensning\/6-2-10-oppnaelse-av-resultater-for-avbotende-tiltak-i-anleggsfasen\/"]}]},{"@type":"BreadcrumbList","@id":"https:\/\/breeam-infrastructure.byggalliansen.no\/v6\/kategorier-og-emner\/6-forurensing\/6-2-luft-stoy-og-lysforurensning\/6-2-10-oppnaelse-av-resultater-for-avbotende-tiltak-i-anleggsfasen\/#breadcrumb","itemListElement":[{"@type":"ListItem","position":1,"name":"BREEAM Infrastructure for prosjekter","item":"https:\/\/breeam-infrastructure.byggalliansen.no\/v6\/"},{"@type":"ListItem","position":2,"name":"Kategorier og emner","item":"https:\/\/breeam-infrastructure.byggalliansen.no\/v6\/kategorier-og-emner\/"},{"@type":"ListItem","position":3,"name":"6 Forurensing","item":"https:\/\/breeam-infrastructure.byggalliansen.no\/v6\/kategorier-og-emner\/6-forurensing\/"},{"@type":"ListItem","position":4,"name":"6.2 Luft-, st\u00f8y- og lysforurensning","item":"https:\/\/breeam-infrastructure.byggalliansen.no\/v6\/kategorier-og-emner\/6-forurensing\/6-2-luft-stoy-og-lysforurensning\/"},{"@type":"ListItem","position":5,"name":"6.2.10 \u00a0Oppn\u00e5else av resultater for avb\u00f8tende tiltak i anleggsfasen"}]},{"@type":"WebSite","@id":"https:\/\/breeam-infrastructure.byggalliansen.no\/v6\/#website","url":"https:\/\/breeam-infrastructure.byggalliansen.no\/v6\/","name":"BREEAM Infrastructure for prosjekter","description":"Utgave 6, 2024","potentialAction":[{"@type":"SearchAction","target":{"@type":"EntryPoint","urlTemplate":"https:\/\/breeam-infrastructure.byggalliansen.no\/v6\/?s={search_term_string}"},"query-input":{"@type":"PropertyValueSpecification","valueRequired":true,"valueName":"search_term_string"}}],"inLanguage":"nb-NO"}]}},"_links":{"self":[{"href":"https:\/\/breeam-infrastructure.byggalliansen.no\/v6\/wp-json\/wp\/v2\/pages\/3192","targetHints":{"allow":["GET"]}}],"collection":[{"href":"https:\/\/breeam-infrastructure.byggalliansen.no\/v6\/wp-json\/wp\/v2\/pages"}],"about":[{"href":"https:\/\/breeam-infrastructure.byggalliansen.no\/v6\/wp-json\/wp\/v2\/types\/page"}],"author":[{"embeddable":true,"href":"https:\/\/breeam-infrastructure.byggalliansen.no\/v6\/wp-json\/wp\/v2\/users\/2"}],"replies":[{"embeddable":true,"href":"https:\/\/breeam-infrastructure.byggalliansen.no\/v6\/wp-json\/wp\/v2\/comments?post=3192"}],"version-history":[{"count":3,"href":"https:\/\/breeam-infrastructure.byggalliansen.no\/v6\/wp-json\/wp\/v2\/pages\/3192\/revisions"}],"predecessor-version":[{"id":3860,"href":"https:\/\/breeam-infrastructure.byggalliansen.no\/v6\/wp-json\/wp\/v2\/pages\/3192\/revisions\/3860"}],"up":[{"embeddable":true,"href":"https:\/\/breeam-infrastructure.byggalliansen.no\/v6\/wp-json\/wp\/v2\/pages\/3134"}],"wp:attachment":[{"href":"https:\/\/breeam-infrastructure.byggalliansen.no\/v6\/wp-json\/wp\/v2\/media?parent=3192"}],"wp:term":[{"taxonomy":"category","embeddable":true,"href":"https:\/\/breeam-infrastructure.byggalliansen.no\/v6\/wp-json\/wp\/v2\/categories?post=3192"},{"taxonomy":"connection","embeddable":true,"href":"https:\/\/breeam-infrastructure.byggalliansen.no\/v6\/wp-json\/wp\/v2\/connection?post=3192"}],"curies":[{"name":"wp","href":"https:\/\/api.w.org\/{rel}","templated":true}]}}