{"id":3246,"date":"2025-02-10T11:44:22","date_gmt":"2025-02-10T11:44:22","guid":{"rendered":"https:\/\/manualer.byggalliansen.no\/v6\/?page_id=3246"},"modified":"2025-02-10T12:04:56","modified_gmt":"2025-02-10T12:04:56","slug":"5-1-landskap-og-visuell-pavirkning","status":"publish","type":"page","link":"https:\/\/breeam-infrastructure.byggalliansen.no\/v6\/kategorier-og-emner\/5-landskap-og-kulturarv\/5-1-landskap-og-visuell-pavirkning\/","title":{"rendered":"5.1 Landskap og visuell p\u00e5virkning"},"content":{"rendered":"\n<h2 class=\"wp-block-heading\">M\u00e5l<\/h2>\n\n\n\n<p>\u00c5 sikre at landskapets egenart respekteres og, der det er mulig, forbedres gjennom prosjekteringen og hensynsfull plassering av funksjoner p\u00e5 en m\u00e5te som st\u00f8tter det lokale milj\u00f8et og lokalsamfunnets \u00f8nsker og behov.<\/p>\n\n\n\n<p><\/p>\n","protected":false},"excerpt":{"rendered":"<p>\u00c5 sikre at landskapets egenart respekteres og, der det er mulig, forbedres gjennom prosjekteringen og hensynsfull plassering av funksjoner p\u00e5 en m\u00e5te som st\u00f8tter det lokale milj\u00f8et og lokalsamfunnets \u00f8nsker og behov.<\/p>\n","protected":false},"author":2,"featured_media":0,"parent":2282,"menu_order":0,"comment_status":"closed","ping_status":"closed","template":"page-portaltable.php","meta":{"_acf_changed":false,"footnotes":""},"categories":[],"connection":[],"class_list":["post-3246","page","type-page","status-publish","hentry"],"acf":[],"yoast_head":"<!-- This site is optimized with the Yoast SEO plugin v24.6 - https:\/\/yoast.com\/wordpress\/plugins\/seo\/ -->\n<title>5.1 Landskap og visuell p\u00e5virkning - BREEAM Infrastructure for prosjekter<\/title>\n<meta name=\"robots\" content=\"index, follow, max-snippet:-1, max-image-preview:large, max-video-preview:-1\" \/>\n<link rel=\"canonical\" href=\"https:\/\/breeam-infrastructure.byggalliansen.no\/v6\/kategorier-og-emner\/5-landskap-og-kulturarv\/5-1-landskap-og-visuell-pavirkning\/\" \/>\n<meta property=\"og:locale\" content=\"nb_NO\" \/>\n<meta property=\"og:type\" content=\"article\" \/>\n<meta property=\"og:title\" content=\"5.1 Landskap og visuell p\u00e5virkning - BREEAM Infrastructure for prosjekter\" \/>\n<meta property=\"og:description\" content=\"\u00c5 sikre at landskapets egenart respekteres og, der det er mulig, forbedres gjennom prosjekteringen og hensynsfull plassering av funksjoner p\u00e5 en m\u00e5te som st\u00f8tter det lokale milj\u00f8et og lokalsamfunnets \u00f8nsker og behov.\" \/>\n<meta property=\"og:url\" content=\"https:\/\/breeam-infrastructure.byggalliansen.no\/v6\/kategorier-og-emner\/5-landskap-og-kulturarv\/5-1-landskap-og-visuell-pavirkning\/\" \/>\n<meta property=\"og:site_name\" content=\"BREEAM Infrastructure for prosjekter\" \/>\n<meta property=\"article:modified_time\" content=\"2025-02-10T12:04:56+00:00\" \/>\n<meta name=\"twitter:card\" content=\"summary_large_image\" \/>\n<meta name=\"twitter:label1\" content=\"Ansl. lesetid\" \/>\n\t<meta name=\"twitter:data1\" content=\"1 minutt\" \/>\n<script type=\"application\/ld+json\" class=\"yoast-schema-graph\">{\"@context\":\"https:\/\/schema.org\",\"@graph\":[{\"@type\":\"WebPage\",\"@id\":\"https:\/\/breeam-infrastructure.byggalliansen.no\/v6\/kategorier-og-emner\/5-landskap-og-kulturarv\/5-1-landskap-og-visuell-pavirkning\/\",\"url\":\"https:\/\/breeam-infrastructure.byggalliansen.no\/v6\/kategorier-og-emner\/5-landskap-og-kulturarv\/5-1-landskap-og-visuell-pavirkning\/\",\"name\":\"5.1 Landskap og visuell p\u00e5virkning - BREEAM Infrastructure for prosjekter\",\"isPartOf\":{\"@id\":\"http:\/\/breeam-infrastructure.byggalliansen.no\/v6\/#website\"},\"datePublished\":\"2025-02-10T11:44:22+00:00\",\"dateModified\":\"2025-02-10T12:04:56+00:00\",\"breadcrumb\":{\"@id\":\"https:\/\/breeam-infrastructure.byggalliansen.no\/v6\/kategorier-og-emner\/5-landskap-og-kulturarv\/5-1-landskap-og-visuell-pavirkning\/#breadcrumb\"},\"inLanguage\":\"nb-NO\",\"potentialAction\":[{\"@type\":\"ReadAction\",\"target\":[\"https:\/\/breeam-infrastructure.byggalliansen.no\/v6\/kategorier-og-emner\/5-landskap-og-kulturarv\/5-1-landskap-og-visuell-pavirkning\/\"]}]},{\"@type\":\"BreadcrumbList\",\"@id\":\"https:\/\/breeam-infrastructure.byggalliansen.no\/v6\/kategorier-og-emner\/5-landskap-og-kulturarv\/5-1-landskap-og-visuell-pavirkning\/#breadcrumb\",\"itemListElement\":[{\"@type\":\"ListItem\",\"position\":1,\"name\":\"BREEAM Infrastructure for prosjekter\",\"item\":\"https:\/\/breeam-infrastructure.byggalliansen.no\/v6\/\"},{\"@type\":\"ListItem\",\"position\":2,\"name\":\"Kategorier og emner\",\"item\":\"http:\/\/breeam-infrastructure.byggalliansen.no\/v6\/kategorier-og-emner\/\"},{\"@type\":\"ListItem\",\"position\":3,\"name\":\"5 Landskap og kulturarv\",\"item\":\"https:\/\/breeam-infrastructure.byggalliansen.no\/v6\/kategorier-og-emner\/5-landskap-og-kulturarv\/\"},{\"@type\":\"ListItem\",\"position\":4,\"name\":\"5.1 Landskap og visuell p\u00e5virkning\"}]},{\"@type\":\"WebSite\",\"@id\":\"http:\/\/breeam-infrastructure.byggalliansen.no\/v6\/#website\",\"url\":\"http:\/\/breeam-infrastructure.byggalliansen.no\/v6\/\",\"name\":\"BREEAM Infrastructure for prosjekter\",\"description\":\"Utgave 6, 2024\",\"potentialAction\":[{\"@type\":\"SearchAction\",\"target\":{\"@type\":\"EntryPoint\",\"urlTemplate\":\"http:\/\/breeam-infrastructure.byggalliansen.no\/v6\/?s={search_term_string}\"},\"query-input\":{\"@type\":\"PropertyValueSpecification\",\"valueRequired\":true,\"valueName\":\"search_term_string\"}}],\"inLanguage\":\"nb-NO\"}]}<\/script>\n<!-- \/ Yoast SEO plugin. -->","yoast_head_json":{"title":"5.1 Landskap og visuell p\u00e5virkning - BREEAM Infrastructure for prosjekter","robots":{"index":"index","follow":"follow","max-snippet":"max-snippet:-1","max-image-preview":"max-image-preview:large","max-video-preview":"max-video-preview:-1"},"canonical":"https:\/\/breeam-infrastructure.byggalliansen.no\/v6\/kategorier-og-emner\/5-landskap-og-kulturarv\/5-1-landskap-og-visuell-pavirkning\/","og_locale":"nb_NO","og_type":"article","og_title":"5.1 Landskap og visuell p\u00e5virkning - BREEAM Infrastructure for prosjekter","og_description":"\u00c5 sikre at landskapets egenart respekteres og, der det er mulig, forbedres gjennom prosjekteringen og hensynsfull plassering av funksjoner p\u00e5 en m\u00e5te som st\u00f8tter det lokale milj\u00f8et og lokalsamfunnets \u00f8nsker og behov.","og_url":"https:\/\/breeam-infrastructure.byggalliansen.no\/v6\/kategorier-og-emner\/5-landskap-og-kulturarv\/5-1-landskap-og-visuell-pavirkning\/","og_site_name":"BREEAM Infrastructure for prosjekter","article_modified_time":"2025-02-10T12:04:56+00:00","twitter_card":"summary_large_image","twitter_misc":{"Ansl. lesetid":"1 minutt"},"schema":{"@context":"https:\/\/schema.org","@graph":[{"@type":"WebPage","@id":"https:\/\/breeam-infrastructure.byggalliansen.no\/v6\/kategorier-og-emner\/5-landskap-og-kulturarv\/5-1-landskap-og-visuell-pavirkning\/","url":"https:\/\/breeam-infrastructure.byggalliansen.no\/v6\/kategorier-og-emner\/5-landskap-og-kulturarv\/5-1-landskap-og-visuell-pavirkning\/","name":"5.1 Landskap og visuell p\u00e5virkning - BREEAM Infrastructure for prosjekter","isPartOf":{"@id":"http:\/\/breeam-infrastructure.byggalliansen.no\/v6\/#website"},"datePublished":"2025-02-10T11:44:22+00:00","dateModified":"2025-02-10T12:04:56+00:00","breadcrumb":{"@id":"https:\/\/breeam-infrastructure.byggalliansen.no\/v6\/kategorier-og-emner\/5-landskap-og-kulturarv\/5-1-landskap-og-visuell-pavirkning\/#breadcrumb"},"inLanguage":"nb-NO","potentialAction":[{"@type":"ReadAction","target":["https:\/\/breeam-infrastructure.byggalliansen.no\/v6\/kategorier-og-emner\/5-landskap-og-kulturarv\/5-1-landskap-og-visuell-pavirkning\/"]}]},{"@type":"BreadcrumbList","@id":"https:\/\/breeam-infrastructure.byggalliansen.no\/v6\/kategorier-og-emner\/5-landskap-og-kulturarv\/5-1-landskap-og-visuell-pavirkning\/#breadcrumb","itemListElement":[{"@type":"ListItem","position":1,"name":"BREEAM Infrastructure for prosjekter","item":"https:\/\/breeam-infrastructure.byggalliansen.no\/v6\/"},{"@type":"ListItem","position":2,"name":"Kategorier og emner","item":"http:\/\/breeam-infrastructure.byggalliansen.no\/v6\/kategorier-og-emner\/"},{"@type":"ListItem","position":3,"name":"5 Landskap og kulturarv","item":"https:\/\/breeam-infrastructure.byggalliansen.no\/v6\/kategorier-og-emner\/5-landskap-og-kulturarv\/"},{"@type":"ListItem","position":4,"name":"5.1 Landskap og visuell p\u00e5virkning"}]},{"@type":"WebSite","@id":"http:\/\/breeam-infrastructure.byggalliansen.no\/v6\/#website","url":"http:\/\/breeam-infrastructure.byggalliansen.no\/v6\/","name":"BREEAM Infrastructure for prosjekter","description":"Utgave 6, 2024","potentialAction":[{"@type":"SearchAction","target":{"@type":"EntryPoint","urlTemplate":"http:\/\/breeam-infrastructure.byggalliansen.no\/v6\/?s={search_term_string}"},"query-input":{"@type":"PropertyValueSpecification","valueRequired":true,"valueName":"search_term_string"}}],"inLanguage":"nb-NO"}]}},"_links":{"self":[{"href":"https:\/\/breeam-infrastructure.byggalliansen.no\/v6\/wp-json\/wp\/v2\/pages\/3246","targetHints":{"allow":["GET"]}}],"collection":[{"href":"https:\/\/breeam-infrastructure.byggalliansen.no\/v6\/wp-json\/wp\/v2\/pages"}],"about":[{"href":"https:\/\/breeam-infrastructure.byggalliansen.no\/v6\/wp-json\/wp\/v2\/types\/page"}],"author":[{"embeddable":true,"href":"https:\/\/breeam-infrastructure.byggalliansen.no\/v6\/wp-json\/wp\/v2\/users\/2"}],"replies":[{"embeddable":true,"href":"https:\/\/breeam-infrastructure.byggalliansen.no\/v6\/wp-json\/wp\/v2\/comments?post=3246"}],"version-history":[{"count":1,"href":"https:\/\/breeam-infrastructure.byggalliansen.no\/v6\/wp-json\/wp\/v2\/pages\/3246\/revisions"}],"predecessor-version":[{"id":3247,"href":"https:\/\/breeam-infrastructure.byggalliansen.no\/v6\/wp-json\/wp\/v2\/pages\/3246\/revisions\/3247"}],"up":[{"embeddable":true,"href":"https:\/\/breeam-infrastructure.byggalliansen.no\/v6\/wp-json\/wp\/v2\/pages\/2282"}],"wp:attachment":[{"href":"https:\/\/breeam-infrastructure.byggalliansen.no\/v6\/wp-json\/wp\/v2\/media?parent=3246"}],"wp:term":[{"taxonomy":"category","embeddable":true,"href":"https:\/\/breeam-infrastructure.byggalliansen.no\/v6\/wp-json\/wp\/v2\/categories?post=3246"},{"taxonomy":"connection","embeddable":true,"href":"https:\/\/breeam-infrastructure.byggalliansen.no\/v6\/wp-json\/wp\/v2\/connection?post=3246"}],"curies":[{"name":"wp","href":"https:\/\/api.w.org\/{rel}","templated":true}]}}