{"id":3265,"date":"2025-02-10T11:57:26","date_gmt":"2025-02-10T11:57:26","guid":{"rendered":"https:\/\/manualer.byggalliansen.no\/v6\/?page_id=3265"},"modified":"2025-02-10T11:57:26","modified_gmt":"2025-02-10T11:57:26","slug":"5-1-8-bevaring-av-eksisterende-vegetasjon","status":"publish","type":"page","link":"https:\/\/breeam-infrastructure.byggalliansen.no\/v6\/kategorier-og-emner\/5-landskap-og-kulturarv\/5-1-landskap-og-visuell-pavirkning\/5-1-8-bevaring-av-eksisterende-vegetasjon\/","title":{"rendered":"5.1.8 \u00a0Bevaring av eksisterende vegetasjon"},"content":{"rendered":"\n<p>5.1.8.1 \u00a0Basert p\u00e5 vurderingen av den eksisterende vegetasjonens tilstand er en andel vegetasjon av h\u00f8y eller moderat h\u00f8y kvalitet beholdt som en del av prosjekteringen.<\/p>\n\n\n\n<figure class=\"wp-block-table\"><table class=\"has-fixed-layout\"><thead><tr><th>Resultat<\/th><th>Poeng<\/th><\/tr><\/thead><tbody><tr><td>(a) 25\u00a0% eller mer<\/td><td>1<\/td><\/tr><tr><td>(b) 50\u00a0% eller mer<\/td><td>2<\/td><\/tr><tr><td>(c) 75\u00a0% eller mer<\/td><td>3<\/td><\/tr><tr><td>(d) 90\u00a0% eller mer<\/td><td>4<\/td><\/tr><\/tbody><\/table><\/figure>\n\n\n\n<p><\/p>\n","protected":false},"excerpt":{"rendered":"<p>5.1.8.1 \u00a0Basert p\u00e5 vurderingen av den eksisterende vegetasjonens tilstand er en andel vegetasjon av h\u00f8y eller moderat h\u00f8y kvalitet beholdt som en del av prosjekteringen. Resultat Poeng (a) 25\u00a0% eller mer 1 (b) 50\u00a0% eller mer 2 (c) 75\u00a0% eller mer 3 (d) 90\u00a0% eller mer 4<\/p>\n","protected":false},"author":2,"featured_media":0,"parent":3246,"menu_order":7,"comment_status":"closed","ping_status":"closed","template":"","meta":{"_acf_changed":false,"footnotes":""},"categories":[1],"connection":[210],"class_list":["post-3265","page","type-page","status-publish","hentry","category-kriterier","connection-5-1-8"],"acf":[],"yoast_head":"<!-- This site is optimized with the Yoast SEO plugin v24.6 - https:\/\/yoast.com\/wordpress\/plugins\/seo\/ -->\n<title>5.1.8 \u00a0Bevaring av eksisterende vegetasjon - BREEAM Infrastructure for prosjekter<\/title>\n<meta name=\"robots\" content=\"index, follow, max-snippet:-1, max-image-preview:large, max-video-preview:-1\" \/>\n<link rel=\"canonical\" href=\"https:\/\/breeam-infrastructure.byggalliansen.no\/v6\/kategorier-og-emner\/5-landskap-og-kulturarv\/5-1-landskap-og-visuell-pavirkning\/5-1-8-bevaring-av-eksisterende-vegetasjon\/\" \/>\n<meta property=\"og:locale\" content=\"nb_NO\" \/>\n<meta property=\"og:type\" content=\"article\" \/>\n<meta property=\"og:title\" content=\"5.1.8 \u00a0Bevaring av eksisterende vegetasjon - BREEAM Infrastructure for prosjekter\" \/>\n<meta property=\"og:description\" content=\"5.1.8.1 \u00a0Basert p\u00e5 vurderingen av den eksisterende vegetasjonens tilstand er en andel vegetasjon av h\u00f8y eller moderat h\u00f8y kvalitet beholdt som en del av prosjekteringen. Resultat Poeng (a) 25\u00a0% eller mer 1 (b) 50\u00a0% eller mer 2 (c) 75\u00a0% eller mer 3 (d) 90\u00a0% eller mer 4\" \/>\n<meta property=\"og:url\" content=\"https:\/\/breeam-infrastructure.byggalliansen.no\/v6\/kategorier-og-emner\/5-landskap-og-kulturarv\/5-1-landskap-og-visuell-pavirkning\/5-1-8-bevaring-av-eksisterende-vegetasjon\/\" \/>\n<meta property=\"og:site_name\" content=\"BREEAM Infrastructure for prosjekter\" \/>\n<meta name=\"twitter:card\" content=\"summary_large_image\" \/>\n<meta name=\"twitter:label1\" content=\"Ansl. lesetid\" \/>\n\t<meta name=\"twitter:data1\" content=\"1 minutt\" \/>\n<script type=\"application\/ld+json\" class=\"yoast-schema-graph\">{\"@context\":\"https:\/\/schema.org\",\"@graph\":[{\"@type\":\"WebPage\",\"@id\":\"https:\/\/breeam-infrastructure.byggalliansen.no\/v6\/kategorier-og-emner\/5-landskap-og-kulturarv\/5-1-landskap-og-visuell-pavirkning\/5-1-8-bevaring-av-eksisterende-vegetasjon\/\",\"url\":\"https:\/\/breeam-infrastructure.byggalliansen.no\/v6\/kategorier-og-emner\/5-landskap-og-kulturarv\/5-1-landskap-og-visuell-pavirkning\/5-1-8-bevaring-av-eksisterende-vegetasjon\/\",\"name\":\"5.1.8 \u00a0Bevaring av eksisterende vegetasjon - BREEAM Infrastructure for prosjekter\",\"isPartOf\":{\"@id\":\"http:\/\/breeam-infrastructure.byggalliansen.no\/v6\/#website\"},\"datePublished\":\"2025-02-10T11:57:26+00:00\",\"breadcrumb\":{\"@id\":\"https:\/\/breeam-infrastructure.byggalliansen.no\/v6\/kategorier-og-emner\/5-landskap-og-kulturarv\/5-1-landskap-og-visuell-pavirkning\/5-1-8-bevaring-av-eksisterende-vegetasjon\/#breadcrumb\"},\"inLanguage\":\"nb-NO\",\"potentialAction\":[{\"@type\":\"ReadAction\",\"target\":[\"https:\/\/breeam-infrastructure.byggalliansen.no\/v6\/kategorier-og-emner\/5-landskap-og-kulturarv\/5-1-landskap-og-visuell-pavirkning\/5-1-8-bevaring-av-eksisterende-vegetasjon\/\"]}]},{\"@type\":\"BreadcrumbList\",\"@id\":\"https:\/\/breeam-infrastructure.byggalliansen.no\/v6\/kategorier-og-emner\/5-landskap-og-kulturarv\/5-1-landskap-og-visuell-pavirkning\/5-1-8-bevaring-av-eksisterende-vegetasjon\/#breadcrumb\",\"itemListElement\":[{\"@type\":\"ListItem\",\"position\":1,\"name\":\"BREEAM Infrastructure for prosjekter\",\"item\":\"https:\/\/breeam-infrastructure.byggalliansen.no\/v6\/\"},{\"@type\":\"ListItem\",\"position\":2,\"name\":\"Kategorier og emner\",\"item\":\"http:\/\/breeam-infrastructure.byggalliansen.no\/v6\/kategorier-og-emner\/\"},{\"@type\":\"ListItem\",\"position\":3,\"name\":\"5 Landskap og kulturarv\",\"item\":\"https:\/\/breeam-infrastructure.byggalliansen.no\/v6\/kategorier-og-emner\/5-landskap-og-kulturarv\/\"},{\"@type\":\"ListItem\",\"position\":4,\"name\":\"5.1 Landskap og visuell p\u00e5virkning\",\"item\":\"https:\/\/breeam-infrastructure.byggalliansen.no\/v6\/kategorier-og-emner\/5-landskap-og-kulturarv\/5-1-landskap-og-visuell-pavirkning\/\"},{\"@type\":\"ListItem\",\"position\":5,\"name\":\"5.1.8 \u00a0Bevaring av eksisterende vegetasjon\"}]},{\"@type\":\"WebSite\",\"@id\":\"http:\/\/breeam-infrastructure.byggalliansen.no\/v6\/#website\",\"url\":\"http:\/\/breeam-infrastructure.byggalliansen.no\/v6\/\",\"name\":\"BREEAM Infrastructure for prosjekter\",\"description\":\"Utgave 6, 2024\",\"potentialAction\":[{\"@type\":\"SearchAction\",\"target\":{\"@type\":\"EntryPoint\",\"urlTemplate\":\"http:\/\/breeam-infrastructure.byggalliansen.no\/v6\/?s={search_term_string}\"},\"query-input\":{\"@type\":\"PropertyValueSpecification\",\"valueRequired\":true,\"valueName\":\"search_term_string\"}}],\"inLanguage\":\"nb-NO\"}]}<\/script>\n<!-- \/ Yoast SEO plugin. -->","yoast_head_json":{"title":"5.1.8 \u00a0Bevaring av eksisterende vegetasjon - BREEAM Infrastructure for prosjekter","robots":{"index":"index","follow":"follow","max-snippet":"max-snippet:-1","max-image-preview":"max-image-preview:large","max-video-preview":"max-video-preview:-1"},"canonical":"https:\/\/breeam-infrastructure.byggalliansen.no\/v6\/kategorier-og-emner\/5-landskap-og-kulturarv\/5-1-landskap-og-visuell-pavirkning\/5-1-8-bevaring-av-eksisterende-vegetasjon\/","og_locale":"nb_NO","og_type":"article","og_title":"5.1.8 \u00a0Bevaring av eksisterende vegetasjon - BREEAM Infrastructure for prosjekter","og_description":"5.1.8.1 \u00a0Basert p\u00e5 vurderingen av den eksisterende vegetasjonens tilstand er en andel vegetasjon av h\u00f8y eller moderat h\u00f8y kvalitet beholdt som en del av prosjekteringen. Resultat Poeng (a) 25\u00a0% eller mer 1 (b) 50\u00a0% eller mer 2 (c) 75\u00a0% eller mer 3 (d) 90\u00a0% eller mer 4","og_url":"https:\/\/breeam-infrastructure.byggalliansen.no\/v6\/kategorier-og-emner\/5-landskap-og-kulturarv\/5-1-landskap-og-visuell-pavirkning\/5-1-8-bevaring-av-eksisterende-vegetasjon\/","og_site_name":"BREEAM Infrastructure for prosjekter","twitter_card":"summary_large_image","twitter_misc":{"Ansl. lesetid":"1 minutt"},"schema":{"@context":"https:\/\/schema.org","@graph":[{"@type":"WebPage","@id":"https:\/\/breeam-infrastructure.byggalliansen.no\/v6\/kategorier-og-emner\/5-landskap-og-kulturarv\/5-1-landskap-og-visuell-pavirkning\/5-1-8-bevaring-av-eksisterende-vegetasjon\/","url":"https:\/\/breeam-infrastructure.byggalliansen.no\/v6\/kategorier-og-emner\/5-landskap-og-kulturarv\/5-1-landskap-og-visuell-pavirkning\/5-1-8-bevaring-av-eksisterende-vegetasjon\/","name":"5.1.8 \u00a0Bevaring av eksisterende vegetasjon - BREEAM Infrastructure for prosjekter","isPartOf":{"@id":"http:\/\/breeam-infrastructure.byggalliansen.no\/v6\/#website"},"datePublished":"2025-02-10T11:57:26+00:00","breadcrumb":{"@id":"https:\/\/breeam-infrastructure.byggalliansen.no\/v6\/kategorier-og-emner\/5-landskap-og-kulturarv\/5-1-landskap-og-visuell-pavirkning\/5-1-8-bevaring-av-eksisterende-vegetasjon\/#breadcrumb"},"inLanguage":"nb-NO","potentialAction":[{"@type":"ReadAction","target":["https:\/\/breeam-infrastructure.byggalliansen.no\/v6\/kategorier-og-emner\/5-landskap-og-kulturarv\/5-1-landskap-og-visuell-pavirkning\/5-1-8-bevaring-av-eksisterende-vegetasjon\/"]}]},{"@type":"BreadcrumbList","@id":"https:\/\/breeam-infrastructure.byggalliansen.no\/v6\/kategorier-og-emner\/5-landskap-og-kulturarv\/5-1-landskap-og-visuell-pavirkning\/5-1-8-bevaring-av-eksisterende-vegetasjon\/#breadcrumb","itemListElement":[{"@type":"ListItem","position":1,"name":"BREEAM Infrastructure for prosjekter","item":"https:\/\/breeam-infrastructure.byggalliansen.no\/v6\/"},{"@type":"ListItem","position":2,"name":"Kategorier og emner","item":"http:\/\/breeam-infrastructure.byggalliansen.no\/v6\/kategorier-og-emner\/"},{"@type":"ListItem","position":3,"name":"5 Landskap og kulturarv","item":"https:\/\/breeam-infrastructure.byggalliansen.no\/v6\/kategorier-og-emner\/5-landskap-og-kulturarv\/"},{"@type":"ListItem","position":4,"name":"5.1 Landskap og visuell p\u00e5virkning","item":"https:\/\/breeam-infrastructure.byggalliansen.no\/v6\/kategorier-og-emner\/5-landskap-og-kulturarv\/5-1-landskap-og-visuell-pavirkning\/"},{"@type":"ListItem","position":5,"name":"5.1.8 \u00a0Bevaring av eksisterende vegetasjon"}]},{"@type":"WebSite","@id":"http:\/\/breeam-infrastructure.byggalliansen.no\/v6\/#website","url":"http:\/\/breeam-infrastructure.byggalliansen.no\/v6\/","name":"BREEAM Infrastructure for prosjekter","description":"Utgave 6, 2024","potentialAction":[{"@type":"SearchAction","target":{"@type":"EntryPoint","urlTemplate":"http:\/\/breeam-infrastructure.byggalliansen.no\/v6\/?s={search_term_string}"},"query-input":{"@type":"PropertyValueSpecification","valueRequired":true,"valueName":"search_term_string"}}],"inLanguage":"nb-NO"}]}},"_links":{"self":[{"href":"https:\/\/breeam-infrastructure.byggalliansen.no\/v6\/wp-json\/wp\/v2\/pages\/3265","targetHints":{"allow":["GET"]}}],"collection":[{"href":"https:\/\/breeam-infrastructure.byggalliansen.no\/v6\/wp-json\/wp\/v2\/pages"}],"about":[{"href":"https:\/\/breeam-infrastructure.byggalliansen.no\/v6\/wp-json\/wp\/v2\/types\/page"}],"author":[{"embeddable":true,"href":"https:\/\/breeam-infrastructure.byggalliansen.no\/v6\/wp-json\/wp\/v2\/users\/2"}],"replies":[{"embeddable":true,"href":"https:\/\/breeam-infrastructure.byggalliansen.no\/v6\/wp-json\/wp\/v2\/comments?post=3265"}],"version-history":[{"count":1,"href":"https:\/\/breeam-infrastructure.byggalliansen.no\/v6\/wp-json\/wp\/v2\/pages\/3265\/revisions"}],"predecessor-version":[{"id":3266,"href":"https:\/\/breeam-infrastructure.byggalliansen.no\/v6\/wp-json\/wp\/v2\/pages\/3265\/revisions\/3266"}],"up":[{"embeddable":true,"href":"https:\/\/breeam-infrastructure.byggalliansen.no\/v6\/wp-json\/wp\/v2\/pages\/3246"}],"wp:attachment":[{"href":"https:\/\/breeam-infrastructure.byggalliansen.no\/v6\/wp-json\/wp\/v2\/media?parent=3265"}],"wp:term":[{"taxonomy":"category","embeddable":true,"href":"https:\/\/breeam-infrastructure.byggalliansen.no\/v6\/wp-json\/wp\/v2\/categories?post=3265"},{"taxonomy":"connection","embeddable":true,"href":"https:\/\/breeam-infrastructure.byggalliansen.no\/v6\/wp-json\/wp\/v2\/connection?post=3265"}],"curies":[{"name":"wp","href":"https:\/\/api.w.org\/{rel}","templated":true}]}}