{"id":3267,"date":"2025-02-10T11:58:46","date_gmt":"2025-02-10T11:58:46","guid":{"rendered":"https:\/\/manualer.byggalliansen.no\/v6\/?page_id=3267"},"modified":"2025-03-13T14:09:55","modified_gmt":"2025-03-13T14:09:55","slug":"5-1-9-landskapselementer-ut-over-vegetasjon","status":"publish","type":"page","link":"https:\/\/breeam-infrastructure.byggalliansen.no\/v6\/kategorier-og-emner\/5-landskap-og-kulturarv\/5-1-landskap-og-visuell-pavirkning\/5-1-9-landskapselementer-ut-over-vegetasjon\/","title":{"rendered":"5.1.9 \u00a0Landskapselementer ut over vegetasjon"},"content":{"rendered":"\n<p>5.1.9.1 \u00a0Verdien av andre elementer (ikke vegetasjon) knyttet til landskapet og friluftsomr\u00e5der er vurdert, <strong>og<\/strong> prosjekteringsforslagene legger vekt p\u00e5 bevaring av verdifulle, s\u00e6regne og historiske elementer.<\/p>\n\n\n\n<figure class=\"wp-block-table\"><table class=\"has-fixed-layout\"><thead><tr><th>Resultat<\/th><th>Poeng<\/th><\/tr><\/thead><tbody><tr><td>(a) Ja, men negativ p\u00e5virkning<\/td><td>7<\/td><\/tr><tr><td>(b) Ja, n\u00f8ytral eller ingen p\u00e5virkning<\/td><td>11<\/td><\/tr><tr><td>(c) Ja, forbedring<\/td><td>18<\/td><\/tr><\/tbody><\/table><\/figure>\n\n\n\n<p><\/p>\n","protected":false},"excerpt":{"rendered":"<p>5.1.9.1 \u00a0Verdien av andre elementer (ikke vegetasjon) knyttet til landskapet og friluftsomr\u00e5der er vurdert, og prosjekteringsforslagene legger vekt p\u00e5 bevaring av verdifulle, s\u00e6regne og historiske elementer. Resultat Poeng (a) Ja, men negativ p\u00e5virkning 7 (b) Ja, n\u00f8ytral eller ingen p\u00e5virkning 11 (c) Ja, forbedring 18<\/p>\n","protected":false},"author":2,"featured_media":0,"parent":3246,"menu_order":8,"comment_status":"closed","ping_status":"closed","template":"","meta":{"_acf_changed":false,"footnotes":""},"categories":[1],"connection":[211],"class_list":["post-3267","page","type-page","status-publish","hentry","category-kriterier","connection-5-1-9"],"acf":[],"yoast_head":"<!-- This site is optimized with the Yoast SEO plugin v24.6 - https:\/\/yoast.com\/wordpress\/plugins\/seo\/ -->\n<title>5.1.9 \u00a0Landskapselementer ut over vegetasjon - BREEAM Infrastructure for prosjekter<\/title>\n<meta name=\"robots\" content=\"index, follow, max-snippet:-1, max-image-preview:large, max-video-preview:-1\" \/>\n<link rel=\"canonical\" href=\"https:\/\/breeam-infrastructure.byggalliansen.no\/v6\/kategorier-og-emner\/5-landskap-og-kulturarv\/5-1-landskap-og-visuell-pavirkning\/5-1-9-landskapselementer-ut-over-vegetasjon\/\" \/>\n<meta property=\"og:locale\" content=\"nb_NO\" \/>\n<meta property=\"og:type\" content=\"article\" \/>\n<meta property=\"og:title\" content=\"5.1.9 \u00a0Landskapselementer ut over vegetasjon - BREEAM Infrastructure for prosjekter\" \/>\n<meta property=\"og:description\" content=\"5.1.9.1 \u00a0Verdien av andre elementer (ikke vegetasjon) knyttet til landskapet og friluftsomr\u00e5der er vurdert, og prosjekteringsforslagene legger vekt p\u00e5 bevaring av verdifulle, s\u00e6regne og historiske elementer. Resultat Poeng (a) Ja, men negativ p\u00e5virkning 7 (b) Ja, n\u00f8ytral eller ingen p\u00e5virkning 11 (c) Ja, forbedring 18\" \/>\n<meta property=\"og:url\" content=\"https:\/\/breeam-infrastructure.byggalliansen.no\/v6\/kategorier-og-emner\/5-landskap-og-kulturarv\/5-1-landskap-og-visuell-pavirkning\/5-1-9-landskapselementer-ut-over-vegetasjon\/\" \/>\n<meta property=\"og:site_name\" content=\"BREEAM Infrastructure for prosjekter\" \/>\n<meta property=\"article:modified_time\" content=\"2025-03-13T14:09:55+00:00\" \/>\n<meta name=\"twitter:card\" content=\"summary_large_image\" \/>\n<meta name=\"twitter:label1\" content=\"Ansl. lesetid\" \/>\n\t<meta name=\"twitter:data1\" content=\"1 minutt\" \/>\n<script type=\"application\/ld+json\" class=\"yoast-schema-graph\">{\"@context\":\"https:\/\/schema.org\",\"@graph\":[{\"@type\":\"WebPage\",\"@id\":\"https:\/\/breeam-infrastructure.byggalliansen.no\/v6\/kategorier-og-emner\/5-landskap-og-kulturarv\/5-1-landskap-og-visuell-pavirkning\/5-1-9-landskapselementer-ut-over-vegetasjon\/\",\"url\":\"https:\/\/breeam-infrastructure.byggalliansen.no\/v6\/kategorier-og-emner\/5-landskap-og-kulturarv\/5-1-landskap-og-visuell-pavirkning\/5-1-9-landskapselementer-ut-over-vegetasjon\/\",\"name\":\"5.1.9 \u00a0Landskapselementer ut over vegetasjon - BREEAM Infrastructure for prosjekter\",\"isPartOf\":{\"@id\":\"http:\/\/breeam-infrastructure.byggalliansen.no\/v6\/#website\"},\"datePublished\":\"2025-02-10T11:58:46+00:00\",\"dateModified\":\"2025-03-13T14:09:55+00:00\",\"breadcrumb\":{\"@id\":\"https:\/\/breeam-infrastructure.byggalliansen.no\/v6\/kategorier-og-emner\/5-landskap-og-kulturarv\/5-1-landskap-og-visuell-pavirkning\/5-1-9-landskapselementer-ut-over-vegetasjon\/#breadcrumb\"},\"inLanguage\":\"nb-NO\",\"potentialAction\":[{\"@type\":\"ReadAction\",\"target\":[\"https:\/\/breeam-infrastructure.byggalliansen.no\/v6\/kategorier-og-emner\/5-landskap-og-kulturarv\/5-1-landskap-og-visuell-pavirkning\/5-1-9-landskapselementer-ut-over-vegetasjon\/\"]}]},{\"@type\":\"BreadcrumbList\",\"@id\":\"https:\/\/breeam-infrastructure.byggalliansen.no\/v6\/kategorier-og-emner\/5-landskap-og-kulturarv\/5-1-landskap-og-visuell-pavirkning\/5-1-9-landskapselementer-ut-over-vegetasjon\/#breadcrumb\",\"itemListElement\":[{\"@type\":\"ListItem\",\"position\":1,\"name\":\"BREEAM Infrastructure for prosjekter\",\"item\":\"https:\/\/breeam-infrastructure.byggalliansen.no\/v6\/\"},{\"@type\":\"ListItem\",\"position\":2,\"name\":\"Kategorier og emner\",\"item\":\"http:\/\/breeam-infrastructure.byggalliansen.no\/v6\/kategorier-og-emner\/\"},{\"@type\":\"ListItem\",\"position\":3,\"name\":\"5 Landskap og kulturarv\",\"item\":\"https:\/\/breeam-infrastructure.byggalliansen.no\/v6\/kategorier-og-emner\/5-landskap-og-kulturarv\/\"},{\"@type\":\"ListItem\",\"position\":4,\"name\":\"5.1 Landskap og visuell p\u00e5virkning\",\"item\":\"https:\/\/breeam-infrastructure.byggalliansen.no\/v6\/kategorier-og-emner\/5-landskap-og-kulturarv\/5-1-landskap-og-visuell-pavirkning\/\"},{\"@type\":\"ListItem\",\"position\":5,\"name\":\"5.1.9 \u00a0Landskapselementer ut over vegetasjon\"}]},{\"@type\":\"WebSite\",\"@id\":\"http:\/\/breeam-infrastructure.byggalliansen.no\/v6\/#website\",\"url\":\"http:\/\/breeam-infrastructure.byggalliansen.no\/v6\/\",\"name\":\"BREEAM Infrastructure for prosjekter\",\"description\":\"Utgave 6, 2024\",\"potentialAction\":[{\"@type\":\"SearchAction\",\"target\":{\"@type\":\"EntryPoint\",\"urlTemplate\":\"http:\/\/breeam-infrastructure.byggalliansen.no\/v6\/?s={search_term_string}\"},\"query-input\":{\"@type\":\"PropertyValueSpecification\",\"valueRequired\":true,\"valueName\":\"search_term_string\"}}],\"inLanguage\":\"nb-NO\"}]}<\/script>\n<!-- \/ Yoast SEO plugin. -->","yoast_head_json":{"title":"5.1.9 \u00a0Landskapselementer ut over vegetasjon - BREEAM Infrastructure for prosjekter","robots":{"index":"index","follow":"follow","max-snippet":"max-snippet:-1","max-image-preview":"max-image-preview:large","max-video-preview":"max-video-preview:-1"},"canonical":"https:\/\/breeam-infrastructure.byggalliansen.no\/v6\/kategorier-og-emner\/5-landskap-og-kulturarv\/5-1-landskap-og-visuell-pavirkning\/5-1-9-landskapselementer-ut-over-vegetasjon\/","og_locale":"nb_NO","og_type":"article","og_title":"5.1.9 \u00a0Landskapselementer ut over vegetasjon - BREEAM Infrastructure for prosjekter","og_description":"5.1.9.1 \u00a0Verdien av andre elementer (ikke vegetasjon) knyttet til landskapet og friluftsomr\u00e5der er vurdert, og prosjekteringsforslagene legger vekt p\u00e5 bevaring av verdifulle, s\u00e6regne og historiske elementer. Resultat Poeng (a) Ja, men negativ p\u00e5virkning 7 (b) Ja, n\u00f8ytral eller ingen p\u00e5virkning 11 (c) Ja, forbedring 18","og_url":"https:\/\/breeam-infrastructure.byggalliansen.no\/v6\/kategorier-og-emner\/5-landskap-og-kulturarv\/5-1-landskap-og-visuell-pavirkning\/5-1-9-landskapselementer-ut-over-vegetasjon\/","og_site_name":"BREEAM Infrastructure for prosjekter","article_modified_time":"2025-03-13T14:09:55+00:00","twitter_card":"summary_large_image","twitter_misc":{"Ansl. lesetid":"1 minutt"},"schema":{"@context":"https:\/\/schema.org","@graph":[{"@type":"WebPage","@id":"https:\/\/breeam-infrastructure.byggalliansen.no\/v6\/kategorier-og-emner\/5-landskap-og-kulturarv\/5-1-landskap-og-visuell-pavirkning\/5-1-9-landskapselementer-ut-over-vegetasjon\/","url":"https:\/\/breeam-infrastructure.byggalliansen.no\/v6\/kategorier-og-emner\/5-landskap-og-kulturarv\/5-1-landskap-og-visuell-pavirkning\/5-1-9-landskapselementer-ut-over-vegetasjon\/","name":"5.1.9 \u00a0Landskapselementer ut over vegetasjon - BREEAM Infrastructure for prosjekter","isPartOf":{"@id":"http:\/\/breeam-infrastructure.byggalliansen.no\/v6\/#website"},"datePublished":"2025-02-10T11:58:46+00:00","dateModified":"2025-03-13T14:09:55+00:00","breadcrumb":{"@id":"https:\/\/breeam-infrastructure.byggalliansen.no\/v6\/kategorier-og-emner\/5-landskap-og-kulturarv\/5-1-landskap-og-visuell-pavirkning\/5-1-9-landskapselementer-ut-over-vegetasjon\/#breadcrumb"},"inLanguage":"nb-NO","potentialAction":[{"@type":"ReadAction","target":["https:\/\/breeam-infrastructure.byggalliansen.no\/v6\/kategorier-og-emner\/5-landskap-og-kulturarv\/5-1-landskap-og-visuell-pavirkning\/5-1-9-landskapselementer-ut-over-vegetasjon\/"]}]},{"@type":"BreadcrumbList","@id":"https:\/\/breeam-infrastructure.byggalliansen.no\/v6\/kategorier-og-emner\/5-landskap-og-kulturarv\/5-1-landskap-og-visuell-pavirkning\/5-1-9-landskapselementer-ut-over-vegetasjon\/#breadcrumb","itemListElement":[{"@type":"ListItem","position":1,"name":"BREEAM Infrastructure for prosjekter","item":"https:\/\/breeam-infrastructure.byggalliansen.no\/v6\/"},{"@type":"ListItem","position":2,"name":"Kategorier og emner","item":"http:\/\/breeam-infrastructure.byggalliansen.no\/v6\/kategorier-og-emner\/"},{"@type":"ListItem","position":3,"name":"5 Landskap og kulturarv","item":"https:\/\/breeam-infrastructure.byggalliansen.no\/v6\/kategorier-og-emner\/5-landskap-og-kulturarv\/"},{"@type":"ListItem","position":4,"name":"5.1 Landskap og visuell p\u00e5virkning","item":"https:\/\/breeam-infrastructure.byggalliansen.no\/v6\/kategorier-og-emner\/5-landskap-og-kulturarv\/5-1-landskap-og-visuell-pavirkning\/"},{"@type":"ListItem","position":5,"name":"5.1.9 \u00a0Landskapselementer ut over vegetasjon"}]},{"@type":"WebSite","@id":"http:\/\/breeam-infrastructure.byggalliansen.no\/v6\/#website","url":"http:\/\/breeam-infrastructure.byggalliansen.no\/v6\/","name":"BREEAM Infrastructure for prosjekter","description":"Utgave 6, 2024","potentialAction":[{"@type":"SearchAction","target":{"@type":"EntryPoint","urlTemplate":"http:\/\/breeam-infrastructure.byggalliansen.no\/v6\/?s={search_term_string}"},"query-input":{"@type":"PropertyValueSpecification","valueRequired":true,"valueName":"search_term_string"}}],"inLanguage":"nb-NO"}]}},"_links":{"self":[{"href":"https:\/\/breeam-infrastructure.byggalliansen.no\/v6\/wp-json\/wp\/v2\/pages\/3267","targetHints":{"allow":["GET"]}}],"collection":[{"href":"https:\/\/breeam-infrastructure.byggalliansen.no\/v6\/wp-json\/wp\/v2\/pages"}],"about":[{"href":"https:\/\/breeam-infrastructure.byggalliansen.no\/v6\/wp-json\/wp\/v2\/types\/page"}],"author":[{"embeddable":true,"href":"https:\/\/breeam-infrastructure.byggalliansen.no\/v6\/wp-json\/wp\/v2\/users\/2"}],"replies":[{"embeddable":true,"href":"https:\/\/breeam-infrastructure.byggalliansen.no\/v6\/wp-json\/wp\/v2\/comments?post=3267"}],"version-history":[{"count":3,"href":"https:\/\/breeam-infrastructure.byggalliansen.no\/v6\/wp-json\/wp\/v2\/pages\/3267\/revisions"}],"predecessor-version":[{"id":3937,"href":"https:\/\/breeam-infrastructure.byggalliansen.no\/v6\/wp-json\/wp\/v2\/pages\/3267\/revisions\/3937"}],"up":[{"embeddable":true,"href":"https:\/\/breeam-infrastructure.byggalliansen.no\/v6\/wp-json\/wp\/v2\/pages\/3246"}],"wp:attachment":[{"href":"https:\/\/breeam-infrastructure.byggalliansen.no\/v6\/wp-json\/wp\/v2\/media?parent=3267"}],"wp:term":[{"taxonomy":"category","embeddable":true,"href":"https:\/\/breeam-infrastructure.byggalliansen.no\/v6\/wp-json\/wp\/v2\/categories?post=3267"},{"taxonomy":"connection","embeddable":true,"href":"https:\/\/breeam-infrastructure.byggalliansen.no\/v6\/wp-json\/wp\/v2\/connection?post=3267"}],"curies":[{"name":"wp","href":"https:\/\/api.w.org\/{rel}","templated":true}]}}