{"id":3343,"date":"2025-02-10T14:30:50","date_gmt":"2025-02-10T14:30:50","guid":{"rendered":"https:\/\/manualer.byggalliansen.no\/v6\/?page_id=3343"},"modified":"2025-02-10T14:42:45","modified_gmt":"2025-02-10T14:42:45","slug":"5-2-12-lokal-beskyttelse-av-kulturminner","status":"publish","type":"page","link":"https:\/\/breeam-infrastructure.byggalliansen.no\/v6\/kategorier-og-emner\/5-landskap-og-kulturarv\/5-2-kulturarv\/5-2-12-lokal-beskyttelse-av-kulturminner\/","title":{"rendered":"5.2.12 \u00a0Lokal beskyttelse av kulturminner"},"content":{"rendered":"\n<p>5.2.12.1 \u00a0S\u00e5rbare kulturminner som skal bevares, er sperret av, eller det er iverksatt andre beskyttelsestiltak for \u00e5 unng\u00e5 utilsiktet skade. Medarbeidere ved anlegget har f\u00e5tt hensiktsmessige instrukser (for eksempel under samlinger p\u00e5 stedet).<\/p>\n\n\n\n<figure class=\"wp-block-table\"><table class=\"has-fixed-layout\"><thead><tr><th>Resultat<\/th><th>Poeng<\/th><\/tr><\/thead><tbody><tr><td>(a) Det er iverksatt beskyttelsestiltak.<\/td><td>8<\/td><\/tr><tr><td>(b) Det er ogs\u00e5 gitt hensiktsmessige instrukser.<\/td><td>13<\/td><\/tr><\/tbody><\/table><\/figure>\n\n\n\n<p><\/p>\n","protected":false},"excerpt":{"rendered":"<p>5.2.12.1 \u00a0S\u00e5rbare kulturminner som skal bevares, er sperret av, eller det er iverksatt andre beskyttelsestiltak for \u00e5 unng\u00e5 utilsiktet skade. Medarbeidere ved anlegget har f\u00e5tt hensiktsmessige instrukser (for eksempel under samlinger p\u00e5 stedet). Resultat Poeng (a) Det er iverksatt beskyttelsestiltak. 8 (b) Det er ogs\u00e5 gitt hensiktsmessige instrukser. 13<\/p>\n","protected":false},"author":2,"featured_media":0,"parent":3248,"menu_order":11,"comment_status":"closed","ping_status":"closed","template":"","meta":{"_acf_changed":false,"footnotes":""},"categories":[1],"connection":[227],"class_list":["post-3343","page","type-page","status-publish","hentry","category-kriterier","connection-5-2-12"],"acf":[],"yoast_head":"<!-- This site is optimized with the Yoast SEO plugin v24.6 - https:\/\/yoast.com\/wordpress\/plugins\/seo\/ -->\n<title>5.2.12 \u00a0Lokal beskyttelse av kulturminner - BREEAM Infrastructure for prosjekter<\/title>\n<meta name=\"robots\" content=\"index, follow, max-snippet:-1, max-image-preview:large, max-video-preview:-1\" \/>\n<link rel=\"canonical\" href=\"https:\/\/breeam-infrastructure.byggalliansen.no\/v6\/kategorier-og-emner\/5-landskap-og-kulturarv\/5-2-kulturarv\/5-2-12-lokal-beskyttelse-av-kulturminner\/\" \/>\n<meta property=\"og:locale\" content=\"nb_NO\" \/>\n<meta property=\"og:type\" content=\"article\" \/>\n<meta property=\"og:title\" content=\"5.2.12 \u00a0Lokal beskyttelse av kulturminner - BREEAM Infrastructure for prosjekter\" \/>\n<meta property=\"og:description\" content=\"5.2.12.1 \u00a0S\u00e5rbare kulturminner som skal bevares, er sperret av, eller det er iverksatt andre beskyttelsestiltak for \u00e5 unng\u00e5 utilsiktet skade. Medarbeidere ved anlegget har f\u00e5tt hensiktsmessige instrukser (for eksempel under samlinger p\u00e5 stedet). Resultat Poeng (a) Det er iverksatt beskyttelsestiltak. 8 (b) Det er ogs\u00e5 gitt hensiktsmessige instrukser. 13\" \/>\n<meta property=\"og:url\" content=\"https:\/\/breeam-infrastructure.byggalliansen.no\/v6\/kategorier-og-emner\/5-landskap-og-kulturarv\/5-2-kulturarv\/5-2-12-lokal-beskyttelse-av-kulturminner\/\" \/>\n<meta property=\"og:site_name\" content=\"BREEAM Infrastructure for prosjekter\" \/>\n<meta property=\"article:modified_time\" content=\"2025-02-10T14:42:45+00:00\" \/>\n<meta name=\"twitter:card\" content=\"summary_large_image\" \/>\n<meta name=\"twitter:label1\" content=\"Ansl. lesetid\" \/>\n\t<meta name=\"twitter:data1\" content=\"1 minutt\" \/>\n<script type=\"application\/ld+json\" class=\"yoast-schema-graph\">{\"@context\":\"https:\/\/schema.org\",\"@graph\":[{\"@type\":\"WebPage\",\"@id\":\"https:\/\/breeam-infrastructure.byggalliansen.no\/v6\/kategorier-og-emner\/5-landskap-og-kulturarv\/5-2-kulturarv\/5-2-12-lokal-beskyttelse-av-kulturminner\/\",\"url\":\"https:\/\/breeam-infrastructure.byggalliansen.no\/v6\/kategorier-og-emner\/5-landskap-og-kulturarv\/5-2-kulturarv\/5-2-12-lokal-beskyttelse-av-kulturminner\/\",\"name\":\"5.2.12 \u00a0Lokal beskyttelse av kulturminner - BREEAM Infrastructure for prosjekter\",\"isPartOf\":{\"@id\":\"http:\/\/breeam-infrastructure.byggalliansen.no\/v6\/#website\"},\"datePublished\":\"2025-02-10T14:30:50+00:00\",\"dateModified\":\"2025-02-10T14:42:45+00:00\",\"breadcrumb\":{\"@id\":\"https:\/\/breeam-infrastructure.byggalliansen.no\/v6\/kategorier-og-emner\/5-landskap-og-kulturarv\/5-2-kulturarv\/5-2-12-lokal-beskyttelse-av-kulturminner\/#breadcrumb\"},\"inLanguage\":\"nb-NO\",\"potentialAction\":[{\"@type\":\"ReadAction\",\"target\":[\"https:\/\/breeam-infrastructure.byggalliansen.no\/v6\/kategorier-og-emner\/5-landskap-og-kulturarv\/5-2-kulturarv\/5-2-12-lokal-beskyttelse-av-kulturminner\/\"]}]},{\"@type\":\"BreadcrumbList\",\"@id\":\"https:\/\/breeam-infrastructure.byggalliansen.no\/v6\/kategorier-og-emner\/5-landskap-og-kulturarv\/5-2-kulturarv\/5-2-12-lokal-beskyttelse-av-kulturminner\/#breadcrumb\",\"itemListElement\":[{\"@type\":\"ListItem\",\"position\":1,\"name\":\"BREEAM Infrastructure for prosjekter\",\"item\":\"https:\/\/breeam-infrastructure.byggalliansen.no\/v6\/\"},{\"@type\":\"ListItem\",\"position\":2,\"name\":\"Kategorier og emner\",\"item\":\"http:\/\/breeam-infrastructure.byggalliansen.no\/v6\/kategorier-og-emner\/\"},{\"@type\":\"ListItem\",\"position\":3,\"name\":\"5 Landskap og kulturarv\",\"item\":\"https:\/\/breeam-infrastructure.byggalliansen.no\/v6\/kategorier-og-emner\/5-landskap-og-kulturarv\/\"},{\"@type\":\"ListItem\",\"position\":4,\"name\":\"5.2 Kulturarv\",\"item\":\"https:\/\/breeam-infrastructure.byggalliansen.no\/v6\/kategorier-og-emner\/5-landskap-og-kulturarv\/5-2-kulturarv\/\"},{\"@type\":\"ListItem\",\"position\":5,\"name\":\"5.2.12 \u00a0Lokal beskyttelse av kulturminner\"}]},{\"@type\":\"WebSite\",\"@id\":\"http:\/\/breeam-infrastructure.byggalliansen.no\/v6\/#website\",\"url\":\"http:\/\/breeam-infrastructure.byggalliansen.no\/v6\/\",\"name\":\"BREEAM Infrastructure for prosjekter\",\"description\":\"Utgave 6, 2024\",\"potentialAction\":[{\"@type\":\"SearchAction\",\"target\":{\"@type\":\"EntryPoint\",\"urlTemplate\":\"http:\/\/breeam-infrastructure.byggalliansen.no\/v6\/?s={search_term_string}\"},\"query-input\":{\"@type\":\"PropertyValueSpecification\",\"valueRequired\":true,\"valueName\":\"search_term_string\"}}],\"inLanguage\":\"nb-NO\"}]}<\/script>\n<!-- \/ Yoast SEO plugin. -->","yoast_head_json":{"title":"5.2.12 \u00a0Lokal beskyttelse av kulturminner - BREEAM Infrastructure for prosjekter","robots":{"index":"index","follow":"follow","max-snippet":"max-snippet:-1","max-image-preview":"max-image-preview:large","max-video-preview":"max-video-preview:-1"},"canonical":"https:\/\/breeam-infrastructure.byggalliansen.no\/v6\/kategorier-og-emner\/5-landskap-og-kulturarv\/5-2-kulturarv\/5-2-12-lokal-beskyttelse-av-kulturminner\/","og_locale":"nb_NO","og_type":"article","og_title":"5.2.12 \u00a0Lokal beskyttelse av kulturminner - BREEAM Infrastructure for prosjekter","og_description":"5.2.12.1 \u00a0S\u00e5rbare kulturminner som skal bevares, er sperret av, eller det er iverksatt andre beskyttelsestiltak for \u00e5 unng\u00e5 utilsiktet skade. Medarbeidere ved anlegget har f\u00e5tt hensiktsmessige instrukser (for eksempel under samlinger p\u00e5 stedet). Resultat Poeng (a) Det er iverksatt beskyttelsestiltak. 8 (b) Det er ogs\u00e5 gitt hensiktsmessige instrukser. 13","og_url":"https:\/\/breeam-infrastructure.byggalliansen.no\/v6\/kategorier-og-emner\/5-landskap-og-kulturarv\/5-2-kulturarv\/5-2-12-lokal-beskyttelse-av-kulturminner\/","og_site_name":"BREEAM Infrastructure for prosjekter","article_modified_time":"2025-02-10T14:42:45+00:00","twitter_card":"summary_large_image","twitter_misc":{"Ansl. lesetid":"1 minutt"},"schema":{"@context":"https:\/\/schema.org","@graph":[{"@type":"WebPage","@id":"https:\/\/breeam-infrastructure.byggalliansen.no\/v6\/kategorier-og-emner\/5-landskap-og-kulturarv\/5-2-kulturarv\/5-2-12-lokal-beskyttelse-av-kulturminner\/","url":"https:\/\/breeam-infrastructure.byggalliansen.no\/v6\/kategorier-og-emner\/5-landskap-og-kulturarv\/5-2-kulturarv\/5-2-12-lokal-beskyttelse-av-kulturminner\/","name":"5.2.12 \u00a0Lokal beskyttelse av kulturminner - BREEAM Infrastructure for prosjekter","isPartOf":{"@id":"http:\/\/breeam-infrastructure.byggalliansen.no\/v6\/#website"},"datePublished":"2025-02-10T14:30:50+00:00","dateModified":"2025-02-10T14:42:45+00:00","breadcrumb":{"@id":"https:\/\/breeam-infrastructure.byggalliansen.no\/v6\/kategorier-og-emner\/5-landskap-og-kulturarv\/5-2-kulturarv\/5-2-12-lokal-beskyttelse-av-kulturminner\/#breadcrumb"},"inLanguage":"nb-NO","potentialAction":[{"@type":"ReadAction","target":["https:\/\/breeam-infrastructure.byggalliansen.no\/v6\/kategorier-og-emner\/5-landskap-og-kulturarv\/5-2-kulturarv\/5-2-12-lokal-beskyttelse-av-kulturminner\/"]}]},{"@type":"BreadcrumbList","@id":"https:\/\/breeam-infrastructure.byggalliansen.no\/v6\/kategorier-og-emner\/5-landskap-og-kulturarv\/5-2-kulturarv\/5-2-12-lokal-beskyttelse-av-kulturminner\/#breadcrumb","itemListElement":[{"@type":"ListItem","position":1,"name":"BREEAM Infrastructure for prosjekter","item":"https:\/\/breeam-infrastructure.byggalliansen.no\/v6\/"},{"@type":"ListItem","position":2,"name":"Kategorier og emner","item":"http:\/\/breeam-infrastructure.byggalliansen.no\/v6\/kategorier-og-emner\/"},{"@type":"ListItem","position":3,"name":"5 Landskap og kulturarv","item":"https:\/\/breeam-infrastructure.byggalliansen.no\/v6\/kategorier-og-emner\/5-landskap-og-kulturarv\/"},{"@type":"ListItem","position":4,"name":"5.2 Kulturarv","item":"https:\/\/breeam-infrastructure.byggalliansen.no\/v6\/kategorier-og-emner\/5-landskap-og-kulturarv\/5-2-kulturarv\/"},{"@type":"ListItem","position":5,"name":"5.2.12 \u00a0Lokal beskyttelse av kulturminner"}]},{"@type":"WebSite","@id":"http:\/\/breeam-infrastructure.byggalliansen.no\/v6\/#website","url":"http:\/\/breeam-infrastructure.byggalliansen.no\/v6\/","name":"BREEAM Infrastructure for prosjekter","description":"Utgave 6, 2024","potentialAction":[{"@type":"SearchAction","target":{"@type":"EntryPoint","urlTemplate":"http:\/\/breeam-infrastructure.byggalliansen.no\/v6\/?s={search_term_string}"},"query-input":{"@type":"PropertyValueSpecification","valueRequired":true,"valueName":"search_term_string"}}],"inLanguage":"nb-NO"}]}},"_links":{"self":[{"href":"https:\/\/breeam-infrastructure.byggalliansen.no\/v6\/wp-json\/wp\/v2\/pages\/3343","targetHints":{"allow":["GET"]}}],"collection":[{"href":"https:\/\/breeam-infrastructure.byggalliansen.no\/v6\/wp-json\/wp\/v2\/pages"}],"about":[{"href":"https:\/\/breeam-infrastructure.byggalliansen.no\/v6\/wp-json\/wp\/v2\/types\/page"}],"author":[{"embeddable":true,"href":"https:\/\/breeam-infrastructure.byggalliansen.no\/v6\/wp-json\/wp\/v2\/users\/2"}],"replies":[{"embeddable":true,"href":"https:\/\/breeam-infrastructure.byggalliansen.no\/v6\/wp-json\/wp\/v2\/comments?post=3343"}],"version-history":[{"count":2,"href":"https:\/\/breeam-infrastructure.byggalliansen.no\/v6\/wp-json\/wp\/v2\/pages\/3343\/revisions"}],"predecessor-version":[{"id":3361,"href":"https:\/\/breeam-infrastructure.byggalliansen.no\/v6\/wp-json\/wp\/v2\/pages\/3343\/revisions\/3361"}],"up":[{"embeddable":true,"href":"https:\/\/breeam-infrastructure.byggalliansen.no\/v6\/wp-json\/wp\/v2\/pages\/3248"}],"wp:attachment":[{"href":"https:\/\/breeam-infrastructure.byggalliansen.no\/v6\/wp-json\/wp\/v2\/media?parent=3343"}],"wp:term":[{"taxonomy":"category","embeddable":true,"href":"https:\/\/breeam-infrastructure.byggalliansen.no\/v6\/wp-json\/wp\/v2\/categories?post=3343"},{"taxonomy":"connection","embeddable":true,"href":"https:\/\/breeam-infrastructure.byggalliansen.no\/v6\/wp-json\/wp\/v2\/connection?post=3343"}],"curies":[{"name":"wp","href":"https:\/\/api.w.org\/{rel}","templated":true}]}}