{"id":3520,"date":"2025-02-12T15:28:56","date_gmt":"2025-02-12T15:28:56","guid":{"rendered":"https:\/\/manualer.byggalliansen.no\/v6\/?page_id=3520"},"modified":"2025-03-04T11:54:22","modified_gmt":"2025-03-04T11:54:22","slug":"4-3-3-kartlegging-og-vurdering-av-okologisk-verdi","status":"publish","type":"page","link":"https:\/\/breeam-infrastructure.byggalliansen.no\/v6\/kategorier-og-emner\/4-arealbruk-og-okologi\/4-3-beskyttelse-av-biodiversitet\/4-3-3-kartlegging-og-vurdering-av-okologisk-verdi\/","title":{"rendered":"4.3.3 \u00a0Kartlegging og vurdering av \u00f8kologisk verdi"},"content":{"rendered":"\n<p>4.3.3.1 &nbsp;En <dfn aria-describedby=\"desc-1741088933698-ddxkjsecj\" data-definition=\"\u00d8kolog med n\u00f8dvendige kvalifikasjoner (Suitably Qualified Ecologist \u2013 SQE)\">\u00f8kolog med n\u00f8dvendige kvalifikasjoner<\/dfn> har blitt engasjert i en fase som sikrer at vedkommende blir involvert i beslutninger om generell og detaljert utforming av anleggsomr\u00e5det, og f\u00e5r innflytelse p\u00e5 strategiske beslutninger i planleggingen der dette er n\u00f8dvendig for \u00e5 ivareta muligheter til beskyttelse og forbedringer.<\/p>\n\n\n\n<p>4.3.3.2 \u00a0F\u00f8r prosjektbeskrivelsen utarbeides, har en \u00f8kolog med n\u00f8dvendige kvalifikasjoner utf\u00f8rt en hensiktsmessig kartlegging og vurdering av lokaliteten og tilknyttede <dfn aria-describedby=\"desc-1741089251231-21nvq1hfl\" data-definition=\"Influensomr\u00e5de\">influensomr\u00e5der<\/dfn>. Hensikten er \u00e5 identifisere den <dfn aria-describedby=\"desc-1741088353497-dwe9smqhj\" data-definition=\"\u00d8kologisk referanseverdi\">\u00f8kologiske referanseverdien<\/dfn>, herunder<\/p>\n\n\n\n<ol style=\"list-style-type:lower-alpha\" class=\"wp-block-list\">\n<li>lokalitetens n\u00e5v\u00e6rende og potensielle \u00f8kologiske verdi og tilstand samt tilknyttede omr\u00e5der innenfor influensomr\u00e5det<\/li>\n\n\n\n<li>direkte og indirekte risiko for n\u00e5v\u00e6rende \u00f8kologiske verdi<\/li>\n\n\n\n<li>kapasiteten og muligheten til \u00e5 \u00f8ke \u00f8kologiske verdi p\u00e5 lokaliteten og, der det er aktuelt, arealer innenfor influensomr\u00e5det<\/li>\n<\/ol>\n\n\n\n<p>4.3.3.3 &nbsp;Informasjonen og dataene er sammenstilt og delt med prosjektgruppen som grunnlag for forberedelser, prosjektering og anleggsarbeid p\u00e5 lokaliteten.<\/p>\n\n\n\n<p><\/p>\n","protected":false},"excerpt":{"rendered":"<p>4.3.3.1 &nbsp;En \u00f8kolog med n\u00f8dvendige kvalifikasjoner har blitt engasjert i en fase som sikrer at vedkommende blir involvert i beslutninger om generell og detaljert utforming av anleggsomr\u00e5det, og f\u00e5r innflytelse p\u00e5 strategiske beslutninger i planleggingen der dette er n\u00f8dvendig for \u00e5 ivareta muligheter til beskyttelse og forbedringer. 4.3.3.2 \u00a0F\u00f8r prosjektbeskrivelsen utarbeides, har en \u00f8kolog med [&hellip;]<\/p>\n","protected":false},"author":2,"featured_media":0,"parent":3427,"menu_order":2,"comment_status":"closed","ping_status":"closed","template":"","meta":{"_acf_changed":false,"footnotes":""},"categories":[1],"connection":[255],"class_list":["post-3520","page","type-page","status-publish","hentry","category-kriterier","connection-4-3-3"],"acf":[],"yoast_head":"<!-- This site is optimized with the Yoast SEO plugin v24.6 - https:\/\/yoast.com\/wordpress\/plugins\/seo\/ -->\n<title>4.3.3 \u00a0Kartlegging og vurdering av \u00f8kologisk verdi - BREEAM Infrastructure for prosjekter<\/title>\n<meta name=\"robots\" content=\"index, follow, max-snippet:-1, max-image-preview:large, max-video-preview:-1\" \/>\n<link rel=\"canonical\" href=\"http:\/\/breeam-infrastructure.byggalliansen.no\/v6\/kategorier-og-emner\/4-arealbruk-og-okologi\/4-3-beskyttelse-av-biodiversitet\/4-3-3-kartlegging-og-vurdering-av-okologisk-verdi\/\" \/>\n<meta property=\"og:locale\" content=\"nb_NO\" \/>\n<meta property=\"og:type\" content=\"article\" \/>\n<meta property=\"og:title\" content=\"4.3.3 \u00a0Kartlegging og vurdering av \u00f8kologisk verdi - BREEAM Infrastructure for prosjekter\" \/>\n<meta property=\"og:description\" content=\"4.3.3.1 &nbsp;En \u00f8kolog med n\u00f8dvendige kvalifikasjoner har blitt engasjert i en fase som sikrer at vedkommende blir involvert i beslutninger om generell og detaljert utforming av anleggsomr\u00e5det, og f\u00e5r innflytelse p\u00e5 strategiske beslutninger i planleggingen der dette er n\u00f8dvendig for \u00e5 ivareta muligheter til beskyttelse og forbedringer. 4.3.3.2 \u00a0F\u00f8r prosjektbeskrivelsen utarbeides, har en \u00f8kolog med [&hellip;]\" \/>\n<meta property=\"og:url\" content=\"http:\/\/breeam-infrastructure.byggalliansen.no\/v6\/kategorier-og-emner\/4-arealbruk-og-okologi\/4-3-beskyttelse-av-biodiversitet\/4-3-3-kartlegging-og-vurdering-av-okologisk-verdi\/\" \/>\n<meta property=\"og:site_name\" content=\"BREEAM Infrastructure for prosjekter\" \/>\n<meta property=\"article:modified_time\" content=\"2025-03-04T11:54:22+00:00\" \/>\n<meta name=\"twitter:card\" content=\"summary_large_image\" \/>\n<meta name=\"twitter:label1\" content=\"Ansl. lesetid\" \/>\n\t<meta name=\"twitter:data1\" content=\"1 minutt\" \/>\n<script type=\"application\/ld+json\" class=\"yoast-schema-graph\">{\"@context\":\"https:\/\/schema.org\",\"@graph\":[{\"@type\":\"WebPage\",\"@id\":\"http:\/\/breeam-infrastructure.byggalliansen.no\/v6\/kategorier-og-emner\/4-arealbruk-og-okologi\/4-3-beskyttelse-av-biodiversitet\/4-3-3-kartlegging-og-vurdering-av-okologisk-verdi\/\",\"url\":\"http:\/\/breeam-infrastructure.byggalliansen.no\/v6\/kategorier-og-emner\/4-arealbruk-og-okologi\/4-3-beskyttelse-av-biodiversitet\/4-3-3-kartlegging-og-vurdering-av-okologisk-verdi\/\",\"name\":\"4.3.3 \u00a0Kartlegging og vurdering av \u00f8kologisk verdi - BREEAM Infrastructure for prosjekter\",\"isPartOf\":{\"@id\":\"http:\/\/breeam-infrastructure.byggalliansen.no\/v6\/#website\"},\"datePublished\":\"2025-02-12T15:28:56+00:00\",\"dateModified\":\"2025-03-04T11:54:22+00:00\",\"breadcrumb\":{\"@id\":\"http:\/\/breeam-infrastructure.byggalliansen.no\/v6\/kategorier-og-emner\/4-arealbruk-og-okologi\/4-3-beskyttelse-av-biodiversitet\/4-3-3-kartlegging-og-vurdering-av-okologisk-verdi\/#breadcrumb\"},\"inLanguage\":\"nb-NO\",\"potentialAction\":[{\"@type\":\"ReadAction\",\"target\":[\"http:\/\/breeam-infrastructure.byggalliansen.no\/v6\/kategorier-og-emner\/4-arealbruk-og-okologi\/4-3-beskyttelse-av-biodiversitet\/4-3-3-kartlegging-og-vurdering-av-okologisk-verdi\/\"]}]},{\"@type\":\"BreadcrumbList\",\"@id\":\"http:\/\/breeam-infrastructure.byggalliansen.no\/v6\/kategorier-og-emner\/4-arealbruk-og-okologi\/4-3-beskyttelse-av-biodiversitet\/4-3-3-kartlegging-og-vurdering-av-okologisk-verdi\/#breadcrumb\",\"itemListElement\":[{\"@type\":\"ListItem\",\"position\":1,\"name\":\"BREEAM Infrastructure for prosjekter\",\"item\":\"https:\/\/breeam-infrastructure.byggalliansen.no\/v6\/\"},{\"@type\":\"ListItem\",\"position\":2,\"name\":\"Kategorier og emner\",\"item\":\"http:\/\/breeam-infrastructure.byggalliansen.no\/v6\/kategorier-og-emner\/\"},{\"@type\":\"ListItem\",\"position\":3,\"name\":\"4 Arealbruk og \u00f8kologi\",\"item\":\"http:\/\/breeam-infrastructure.byggalliansen.no\/v6\/kategorier-og-emner\/4-arealbruk-og-okologi\/\"},{\"@type\":\"ListItem\",\"position\":4,\"name\":\"4.3 Beskyttelse av biodiversitet\",\"item\":\"https:\/\/breeam-infrastructure.byggalliansen.no\/v6\/kategorier-og-emner\/4-arealbruk-og-okologi\/4-3-beskyttelse-av-biodiversitet\/\"},{\"@type\":\"ListItem\",\"position\":5,\"name\":\"4.3.3 \u00a0Kartlegging og vurdering av \u00f8kologisk verdi\"}]},{\"@type\":\"WebSite\",\"@id\":\"http:\/\/breeam-infrastructure.byggalliansen.no\/v6\/#website\",\"url\":\"http:\/\/breeam-infrastructure.byggalliansen.no\/v6\/\",\"name\":\"BREEAM Infrastructure for prosjekter\",\"description\":\"Utgave 6, 2024\",\"potentialAction\":[{\"@type\":\"SearchAction\",\"target\":{\"@type\":\"EntryPoint\",\"urlTemplate\":\"http:\/\/breeam-infrastructure.byggalliansen.no\/v6\/?s={search_term_string}\"},\"query-input\":{\"@type\":\"PropertyValueSpecification\",\"valueRequired\":true,\"valueName\":\"search_term_string\"}}],\"inLanguage\":\"nb-NO\"}]}<\/script>\n<!-- \/ Yoast SEO plugin. -->","yoast_head_json":{"title":"4.3.3 \u00a0Kartlegging og vurdering av \u00f8kologisk verdi - BREEAM Infrastructure for prosjekter","robots":{"index":"index","follow":"follow","max-snippet":"max-snippet:-1","max-image-preview":"max-image-preview:large","max-video-preview":"max-video-preview:-1"},"canonical":"http:\/\/breeam-infrastructure.byggalliansen.no\/v6\/kategorier-og-emner\/4-arealbruk-og-okologi\/4-3-beskyttelse-av-biodiversitet\/4-3-3-kartlegging-og-vurdering-av-okologisk-verdi\/","og_locale":"nb_NO","og_type":"article","og_title":"4.3.3 \u00a0Kartlegging og vurdering av \u00f8kologisk verdi - BREEAM Infrastructure for prosjekter","og_description":"4.3.3.1 &nbsp;En \u00f8kolog med n\u00f8dvendige kvalifikasjoner har blitt engasjert i en fase som sikrer at vedkommende blir involvert i beslutninger om generell og detaljert utforming av anleggsomr\u00e5det, og f\u00e5r innflytelse p\u00e5 strategiske beslutninger i planleggingen der dette er n\u00f8dvendig for \u00e5 ivareta muligheter til beskyttelse og forbedringer. 4.3.3.2 \u00a0F\u00f8r prosjektbeskrivelsen utarbeides, har en \u00f8kolog med [&hellip;]","og_url":"http:\/\/breeam-infrastructure.byggalliansen.no\/v6\/kategorier-og-emner\/4-arealbruk-og-okologi\/4-3-beskyttelse-av-biodiversitet\/4-3-3-kartlegging-og-vurdering-av-okologisk-verdi\/","og_site_name":"BREEAM Infrastructure for prosjekter","article_modified_time":"2025-03-04T11:54:22+00:00","twitter_card":"summary_large_image","twitter_misc":{"Ansl. lesetid":"1 minutt"},"schema":{"@context":"https:\/\/schema.org","@graph":[{"@type":"WebPage","@id":"http:\/\/breeam-infrastructure.byggalliansen.no\/v6\/kategorier-og-emner\/4-arealbruk-og-okologi\/4-3-beskyttelse-av-biodiversitet\/4-3-3-kartlegging-og-vurdering-av-okologisk-verdi\/","url":"http:\/\/breeam-infrastructure.byggalliansen.no\/v6\/kategorier-og-emner\/4-arealbruk-og-okologi\/4-3-beskyttelse-av-biodiversitet\/4-3-3-kartlegging-og-vurdering-av-okologisk-verdi\/","name":"4.3.3 \u00a0Kartlegging og vurdering av \u00f8kologisk verdi - BREEAM Infrastructure for prosjekter","isPartOf":{"@id":"http:\/\/breeam-infrastructure.byggalliansen.no\/v6\/#website"},"datePublished":"2025-02-12T15:28:56+00:00","dateModified":"2025-03-04T11:54:22+00:00","breadcrumb":{"@id":"http:\/\/breeam-infrastructure.byggalliansen.no\/v6\/kategorier-og-emner\/4-arealbruk-og-okologi\/4-3-beskyttelse-av-biodiversitet\/4-3-3-kartlegging-og-vurdering-av-okologisk-verdi\/#breadcrumb"},"inLanguage":"nb-NO","potentialAction":[{"@type":"ReadAction","target":["http:\/\/breeam-infrastructure.byggalliansen.no\/v6\/kategorier-og-emner\/4-arealbruk-og-okologi\/4-3-beskyttelse-av-biodiversitet\/4-3-3-kartlegging-og-vurdering-av-okologisk-verdi\/"]}]},{"@type":"BreadcrumbList","@id":"http:\/\/breeam-infrastructure.byggalliansen.no\/v6\/kategorier-og-emner\/4-arealbruk-og-okologi\/4-3-beskyttelse-av-biodiversitet\/4-3-3-kartlegging-og-vurdering-av-okologisk-verdi\/#breadcrumb","itemListElement":[{"@type":"ListItem","position":1,"name":"BREEAM Infrastructure for prosjekter","item":"https:\/\/breeam-infrastructure.byggalliansen.no\/v6\/"},{"@type":"ListItem","position":2,"name":"Kategorier og emner","item":"http:\/\/breeam-infrastructure.byggalliansen.no\/v6\/kategorier-og-emner\/"},{"@type":"ListItem","position":3,"name":"4 Arealbruk og \u00f8kologi","item":"http:\/\/breeam-infrastructure.byggalliansen.no\/v6\/kategorier-og-emner\/4-arealbruk-og-okologi\/"},{"@type":"ListItem","position":4,"name":"4.3 Beskyttelse av biodiversitet","item":"https:\/\/breeam-infrastructure.byggalliansen.no\/v6\/kategorier-og-emner\/4-arealbruk-og-okologi\/4-3-beskyttelse-av-biodiversitet\/"},{"@type":"ListItem","position":5,"name":"4.3.3 \u00a0Kartlegging og vurdering av \u00f8kologisk verdi"}]},{"@type":"WebSite","@id":"http:\/\/breeam-infrastructure.byggalliansen.no\/v6\/#website","url":"http:\/\/breeam-infrastructure.byggalliansen.no\/v6\/","name":"BREEAM Infrastructure for prosjekter","description":"Utgave 6, 2024","potentialAction":[{"@type":"SearchAction","target":{"@type":"EntryPoint","urlTemplate":"http:\/\/breeam-infrastructure.byggalliansen.no\/v6\/?s={search_term_string}"},"query-input":{"@type":"PropertyValueSpecification","valueRequired":true,"valueName":"search_term_string"}}],"inLanguage":"nb-NO"}]}},"_links":{"self":[{"href":"https:\/\/breeam-infrastructure.byggalliansen.no\/v6\/wp-json\/wp\/v2\/pages\/3520","targetHints":{"allow":["GET"]}}],"collection":[{"href":"https:\/\/breeam-infrastructure.byggalliansen.no\/v6\/wp-json\/wp\/v2\/pages"}],"about":[{"href":"https:\/\/breeam-infrastructure.byggalliansen.no\/v6\/wp-json\/wp\/v2\/types\/page"}],"author":[{"embeddable":true,"href":"https:\/\/breeam-infrastructure.byggalliansen.no\/v6\/wp-json\/wp\/v2\/users\/2"}],"replies":[{"embeddable":true,"href":"https:\/\/breeam-infrastructure.byggalliansen.no\/v6\/wp-json\/wp\/v2\/comments?post=3520"}],"version-history":[{"count":3,"href":"https:\/\/breeam-infrastructure.byggalliansen.no\/v6\/wp-json\/wp\/v2\/pages\/3520\/revisions"}],"predecessor-version":[{"id":3835,"href":"https:\/\/breeam-infrastructure.byggalliansen.no\/v6\/wp-json\/wp\/v2\/pages\/3520\/revisions\/3835"}],"up":[{"embeddable":true,"href":"https:\/\/breeam-infrastructure.byggalliansen.no\/v6\/wp-json\/wp\/v2\/pages\/3427"}],"wp:attachment":[{"href":"https:\/\/breeam-infrastructure.byggalliansen.no\/v6\/wp-json\/wp\/v2\/media?parent=3520"}],"wp:term":[{"taxonomy":"category","embeddable":true,"href":"https:\/\/breeam-infrastructure.byggalliansen.no\/v6\/wp-json\/wp\/v2\/categories?post=3520"},{"taxonomy":"connection","embeddable":true,"href":"https:\/\/breeam-infrastructure.byggalliansen.no\/v6\/wp-json\/wp\/v2\/connection?post=3520"}],"curies":[{"name":"wp","href":"https:\/\/api.w.org\/{rel}","templated":true}]}}