{"id":3526,"date":"2025-02-12T15:31:18","date_gmt":"2025-02-12T15:31:18","guid":{"rendered":"https:\/\/manualer.byggalliansen.no\/v6\/?page_id=3526"},"modified":"2025-02-12T15:31:19","modified_gmt":"2025-02-12T15:31:19","slug":"4-3-6-omrader-med-hoy-okologisk-verdi","status":"publish","type":"page","link":"https:\/\/breeam-infrastructure.byggalliansen.no\/v6\/kategorier-og-emner\/4-arealbruk-og-okologi\/4-3-beskyttelse-av-biodiversitet\/4-3-6-omrader-med-hoy-okologisk-verdi\/","title":{"rendered":"4.3.6 \u00a0Omr\u00e5der med h\u00f8y \u00f8kologisk verdi"},"content":{"rendered":"\n<p>4.3.6.1 \u00a0Prosjektet, deriblant arealer brukt til midlertidig arbeid, er ikke plassert p\u00e5, og omfatter ikke arealer eller sj\u00f8bunn med registrert h\u00f8y \u00f8kologisk verdi eller som inneholder registrerte arter av h\u00f8y verdi.<\/p>\n\n\n\n<p><\/p>\n","protected":false},"excerpt":{"rendered":"<p>4.3.6.1 \u00a0Prosjektet, deriblant arealer brukt til midlertidig arbeid, er ikke plassert p\u00e5, og omfatter ikke arealer eller sj\u00f8bunn med registrert h\u00f8y \u00f8kologisk verdi eller som inneholder registrerte arter av h\u00f8y verdi.<\/p>\n","protected":false},"author":2,"featured_media":0,"parent":3427,"menu_order":5,"comment_status":"closed","ping_status":"closed","template":"","meta":{"_acf_changed":false,"footnotes":""},"categories":[1],"connection":[258],"class_list":["post-3526","page","type-page","status-publish","hentry","category-kriterier","connection-4-3-6"],"acf":[],"yoast_head":"<!-- This site is optimized with the Yoast SEO plugin v24.6 - https:\/\/yoast.com\/wordpress\/plugins\/seo\/ -->\n<title>4.3.6 \u00a0Omr\u00e5der med h\u00f8y \u00f8kologisk verdi - BREEAM Infrastructure for prosjekter<\/title>\n<meta name=\"robots\" content=\"index, follow, max-snippet:-1, max-image-preview:large, max-video-preview:-1\" \/>\n<link rel=\"canonical\" href=\"https:\/\/breeam-infrastructure.byggalliansen.no\/v6\/kategorier-og-emner\/4-arealbruk-og-okologi\/4-3-beskyttelse-av-biodiversitet\/4-3-6-omrader-med-hoy-okologisk-verdi\/\" \/>\n<meta property=\"og:locale\" content=\"nb_NO\" \/>\n<meta property=\"og:type\" content=\"article\" \/>\n<meta property=\"og:title\" content=\"4.3.6 \u00a0Omr\u00e5der med h\u00f8y \u00f8kologisk verdi - BREEAM Infrastructure for prosjekter\" \/>\n<meta property=\"og:description\" content=\"4.3.6.1 \u00a0Prosjektet, deriblant arealer brukt til midlertidig arbeid, er ikke plassert p\u00e5, og omfatter ikke arealer eller sj\u00f8bunn med registrert h\u00f8y \u00f8kologisk verdi eller som inneholder registrerte arter av h\u00f8y verdi.\" \/>\n<meta property=\"og:url\" content=\"https:\/\/breeam-infrastructure.byggalliansen.no\/v6\/kategorier-og-emner\/4-arealbruk-og-okologi\/4-3-beskyttelse-av-biodiversitet\/4-3-6-omrader-med-hoy-okologisk-verdi\/\" \/>\n<meta property=\"og:site_name\" content=\"BREEAM Infrastructure for prosjekter\" \/>\n<meta property=\"article:modified_time\" content=\"2025-02-12T15:31:19+00:00\" \/>\n<meta name=\"twitter:card\" content=\"summary_large_image\" \/>\n<script type=\"application\/ld+json\" class=\"yoast-schema-graph\">{\"@context\":\"https:\/\/schema.org\",\"@graph\":[{\"@type\":\"WebPage\",\"@id\":\"https:\/\/breeam-infrastructure.byggalliansen.no\/v6\/kategorier-og-emner\/4-arealbruk-og-okologi\/4-3-beskyttelse-av-biodiversitet\/4-3-6-omrader-med-hoy-okologisk-verdi\/\",\"url\":\"https:\/\/breeam-infrastructure.byggalliansen.no\/v6\/kategorier-og-emner\/4-arealbruk-og-okologi\/4-3-beskyttelse-av-biodiversitet\/4-3-6-omrader-med-hoy-okologisk-verdi\/\",\"name\":\"4.3.6 \u00a0Omr\u00e5der med h\u00f8y \u00f8kologisk verdi - BREEAM Infrastructure for prosjekter\",\"isPartOf\":{\"@id\":\"http:\/\/breeam-infrastructure.byggalliansen.no\/v6\/#website\"},\"datePublished\":\"2025-02-12T15:31:18+00:00\",\"dateModified\":\"2025-02-12T15:31:19+00:00\",\"breadcrumb\":{\"@id\":\"https:\/\/breeam-infrastructure.byggalliansen.no\/v6\/kategorier-og-emner\/4-arealbruk-og-okologi\/4-3-beskyttelse-av-biodiversitet\/4-3-6-omrader-med-hoy-okologisk-verdi\/#breadcrumb\"},\"inLanguage\":\"nb-NO\",\"potentialAction\":[{\"@type\":\"ReadAction\",\"target\":[\"https:\/\/breeam-infrastructure.byggalliansen.no\/v6\/kategorier-og-emner\/4-arealbruk-og-okologi\/4-3-beskyttelse-av-biodiversitet\/4-3-6-omrader-med-hoy-okologisk-verdi\/\"]}]},{\"@type\":\"BreadcrumbList\",\"@id\":\"https:\/\/breeam-infrastructure.byggalliansen.no\/v6\/kategorier-og-emner\/4-arealbruk-og-okologi\/4-3-beskyttelse-av-biodiversitet\/4-3-6-omrader-med-hoy-okologisk-verdi\/#breadcrumb\",\"itemListElement\":[{\"@type\":\"ListItem\",\"position\":1,\"name\":\"BREEAM Infrastructure for prosjekter\",\"item\":\"https:\/\/breeam-infrastructure.byggalliansen.no\/v6\/\"},{\"@type\":\"ListItem\",\"position\":2,\"name\":\"Kategorier og emner\",\"item\":\"http:\/\/breeam-infrastructure.byggalliansen.no\/v6\/kategorier-og-emner\/\"},{\"@type\":\"ListItem\",\"position\":3,\"name\":\"4 Arealbruk og \u00f8kologi\",\"item\":\"http:\/\/breeam-infrastructure.byggalliansen.no\/v6\/kategorier-og-emner\/4-arealbruk-og-okologi\/\"},{\"@type\":\"ListItem\",\"position\":4,\"name\":\"4.3 Beskyttelse av biodiversitet\",\"item\":\"https:\/\/breeam-infrastructure.byggalliansen.no\/v6\/kategorier-og-emner\/4-arealbruk-og-okologi\/4-3-beskyttelse-av-biodiversitet\/\"},{\"@type\":\"ListItem\",\"position\":5,\"name\":\"4.3.6 \u00a0Omr\u00e5der med h\u00f8y \u00f8kologisk verdi\"}]},{\"@type\":\"WebSite\",\"@id\":\"http:\/\/breeam-infrastructure.byggalliansen.no\/v6\/#website\",\"url\":\"http:\/\/breeam-infrastructure.byggalliansen.no\/v6\/\",\"name\":\"BREEAM Infrastructure for prosjekter\",\"description\":\"Utgave 6, 2024\",\"potentialAction\":[{\"@type\":\"SearchAction\",\"target\":{\"@type\":\"EntryPoint\",\"urlTemplate\":\"http:\/\/breeam-infrastructure.byggalliansen.no\/v6\/?s={search_term_string}\"},\"query-input\":{\"@type\":\"PropertyValueSpecification\",\"valueRequired\":true,\"valueName\":\"search_term_string\"}}],\"inLanguage\":\"nb-NO\"}]}<\/script>\n<!-- \/ Yoast SEO plugin. -->","yoast_head_json":{"title":"4.3.6 \u00a0Omr\u00e5der med h\u00f8y \u00f8kologisk verdi - BREEAM Infrastructure for prosjekter","robots":{"index":"index","follow":"follow","max-snippet":"max-snippet:-1","max-image-preview":"max-image-preview:large","max-video-preview":"max-video-preview:-1"},"canonical":"https:\/\/breeam-infrastructure.byggalliansen.no\/v6\/kategorier-og-emner\/4-arealbruk-og-okologi\/4-3-beskyttelse-av-biodiversitet\/4-3-6-omrader-med-hoy-okologisk-verdi\/","og_locale":"nb_NO","og_type":"article","og_title":"4.3.6 \u00a0Omr\u00e5der med h\u00f8y \u00f8kologisk verdi - BREEAM Infrastructure for prosjekter","og_description":"4.3.6.1 \u00a0Prosjektet, deriblant arealer brukt til midlertidig arbeid, er ikke plassert p\u00e5, og omfatter ikke arealer eller sj\u00f8bunn med registrert h\u00f8y \u00f8kologisk verdi eller som inneholder registrerte arter av h\u00f8y verdi.","og_url":"https:\/\/breeam-infrastructure.byggalliansen.no\/v6\/kategorier-og-emner\/4-arealbruk-og-okologi\/4-3-beskyttelse-av-biodiversitet\/4-3-6-omrader-med-hoy-okologisk-verdi\/","og_site_name":"BREEAM Infrastructure for prosjekter","article_modified_time":"2025-02-12T15:31:19+00:00","twitter_card":"summary_large_image","schema":{"@context":"https:\/\/schema.org","@graph":[{"@type":"WebPage","@id":"https:\/\/breeam-infrastructure.byggalliansen.no\/v6\/kategorier-og-emner\/4-arealbruk-og-okologi\/4-3-beskyttelse-av-biodiversitet\/4-3-6-omrader-med-hoy-okologisk-verdi\/","url":"https:\/\/breeam-infrastructure.byggalliansen.no\/v6\/kategorier-og-emner\/4-arealbruk-og-okologi\/4-3-beskyttelse-av-biodiversitet\/4-3-6-omrader-med-hoy-okologisk-verdi\/","name":"4.3.6 \u00a0Omr\u00e5der med h\u00f8y \u00f8kologisk verdi - BREEAM Infrastructure for prosjekter","isPartOf":{"@id":"http:\/\/breeam-infrastructure.byggalliansen.no\/v6\/#website"},"datePublished":"2025-02-12T15:31:18+00:00","dateModified":"2025-02-12T15:31:19+00:00","breadcrumb":{"@id":"https:\/\/breeam-infrastructure.byggalliansen.no\/v6\/kategorier-og-emner\/4-arealbruk-og-okologi\/4-3-beskyttelse-av-biodiversitet\/4-3-6-omrader-med-hoy-okologisk-verdi\/#breadcrumb"},"inLanguage":"nb-NO","potentialAction":[{"@type":"ReadAction","target":["https:\/\/breeam-infrastructure.byggalliansen.no\/v6\/kategorier-og-emner\/4-arealbruk-og-okologi\/4-3-beskyttelse-av-biodiversitet\/4-3-6-omrader-med-hoy-okologisk-verdi\/"]}]},{"@type":"BreadcrumbList","@id":"https:\/\/breeam-infrastructure.byggalliansen.no\/v6\/kategorier-og-emner\/4-arealbruk-og-okologi\/4-3-beskyttelse-av-biodiversitet\/4-3-6-omrader-med-hoy-okologisk-verdi\/#breadcrumb","itemListElement":[{"@type":"ListItem","position":1,"name":"BREEAM Infrastructure for prosjekter","item":"https:\/\/breeam-infrastructure.byggalliansen.no\/v6\/"},{"@type":"ListItem","position":2,"name":"Kategorier og emner","item":"http:\/\/breeam-infrastructure.byggalliansen.no\/v6\/kategorier-og-emner\/"},{"@type":"ListItem","position":3,"name":"4 Arealbruk og \u00f8kologi","item":"http:\/\/breeam-infrastructure.byggalliansen.no\/v6\/kategorier-og-emner\/4-arealbruk-og-okologi\/"},{"@type":"ListItem","position":4,"name":"4.3 Beskyttelse av biodiversitet","item":"https:\/\/breeam-infrastructure.byggalliansen.no\/v6\/kategorier-og-emner\/4-arealbruk-og-okologi\/4-3-beskyttelse-av-biodiversitet\/"},{"@type":"ListItem","position":5,"name":"4.3.6 \u00a0Omr\u00e5der med h\u00f8y \u00f8kologisk verdi"}]},{"@type":"WebSite","@id":"http:\/\/breeam-infrastructure.byggalliansen.no\/v6\/#website","url":"http:\/\/breeam-infrastructure.byggalliansen.no\/v6\/","name":"BREEAM Infrastructure for prosjekter","description":"Utgave 6, 2024","potentialAction":[{"@type":"SearchAction","target":{"@type":"EntryPoint","urlTemplate":"http:\/\/breeam-infrastructure.byggalliansen.no\/v6\/?s={search_term_string}"},"query-input":{"@type":"PropertyValueSpecification","valueRequired":true,"valueName":"search_term_string"}}],"inLanguage":"nb-NO"}]}},"_links":{"self":[{"href":"https:\/\/breeam-infrastructure.byggalliansen.no\/v6\/wp-json\/wp\/v2\/pages\/3526","targetHints":{"allow":["GET"]}}],"collection":[{"href":"https:\/\/breeam-infrastructure.byggalliansen.no\/v6\/wp-json\/wp\/v2\/pages"}],"about":[{"href":"https:\/\/breeam-infrastructure.byggalliansen.no\/v6\/wp-json\/wp\/v2\/types\/page"}],"author":[{"embeddable":true,"href":"https:\/\/breeam-infrastructure.byggalliansen.no\/v6\/wp-json\/wp\/v2\/users\/2"}],"replies":[{"embeddable":true,"href":"https:\/\/breeam-infrastructure.byggalliansen.no\/v6\/wp-json\/wp\/v2\/comments?post=3526"}],"version-history":[{"count":1,"href":"https:\/\/breeam-infrastructure.byggalliansen.no\/v6\/wp-json\/wp\/v2\/pages\/3526\/revisions"}],"predecessor-version":[{"id":3527,"href":"https:\/\/breeam-infrastructure.byggalliansen.no\/v6\/wp-json\/wp\/v2\/pages\/3526\/revisions\/3527"}],"up":[{"embeddable":true,"href":"https:\/\/breeam-infrastructure.byggalliansen.no\/v6\/wp-json\/wp\/v2\/pages\/3427"}],"wp:attachment":[{"href":"https:\/\/breeam-infrastructure.byggalliansen.no\/v6\/wp-json\/wp\/v2\/media?parent=3526"}],"wp:term":[{"taxonomy":"category","embeddable":true,"href":"https:\/\/breeam-infrastructure.byggalliansen.no\/v6\/wp-json\/wp\/v2\/categories?post=3526"},{"taxonomy":"connection","embeddable":true,"href":"https:\/\/breeam-infrastructure.byggalliansen.no\/v6\/wp-json\/wp\/v2\/connection?post=3526"}],"curies":[{"name":"wp","href":"https:\/\/api.w.org\/{rel}","templated":true}]}}