{"id":3578,"date":"2025-02-13T08:13:17","date_gmt":"2025-02-13T08:13:17","guid":{"rendered":"https:\/\/manualer.byggalliansen.no\/v6\/?page_id=3578"},"modified":"2025-03-04T12:04:11","modified_gmt":"2025-03-04T12:04:11","slug":"4-4-2-forbedring-av-eksisterende-okologiske-funksjoner","status":"publish","type":"page","link":"https:\/\/breeam-infrastructure.byggalliansen.no\/v6\/kategorier-og-emner\/4-arealbruk-og-okologi\/4-4-endring-og-forbedring-av-biodiversitet\/4-4-2-forbedring-av-eksisterende-okologiske-funksjoner\/","title":{"rendered":"4.4.2 \u00a0Forbedring av eksisterende \u00f8kologiske funksjoner"},"content":{"rendered":"\n<p>4.4.2.1 \u00a0En relevant spesialist har gitt anbefalinger for \u00e5 forbedre de eksisterende \u00f8kologiske funksjonene i omr\u00e5det (i tillegg til eventuell bevaring, avb\u00f8tende tiltak eller <dfn aria-describedby=\"desc-1741089841651-ikjyunszk\" data-definition=\"Kompensering\">kompensering<\/dfn> for eksisterende egenskaper), og disse er integrert i prosjektet.<\/p>\n\n\n\n<p><\/p>\n","protected":false},"excerpt":{"rendered":"<p>4.4.2.1 \u00a0En relevant spesialist har gitt anbefalinger for \u00e5 forbedre de eksisterende \u00f8kologiske funksjonene i omr\u00e5det (i tillegg til eventuell bevaring, avb\u00f8tende tiltak eller kompensering for eksisterende egenskaper), og disse er integrert i prosjektet.<\/p>\n","protected":false},"author":2,"featured_media":0,"parent":3429,"menu_order":1,"comment_status":"closed","ping_status":"closed","template":"","meta":{"_acf_changed":false,"footnotes":""},"categories":[1],"connection":[265],"class_list":["post-3578","page","type-page","status-publish","hentry","category-kriterier","connection-4-4-2"],"acf":[],"yoast_head":"<!-- This site is optimized with the Yoast SEO plugin v24.6 - https:\/\/yoast.com\/wordpress\/plugins\/seo\/ -->\n<title>4.4.2 \u00a0Forbedring av eksisterende \u00f8kologiske funksjoner - BREEAM Infrastructure for prosjekter<\/title>\n<meta name=\"robots\" content=\"index, follow, max-snippet:-1, max-image-preview:large, max-video-preview:-1\" \/>\n<link rel=\"canonical\" href=\"https:\/\/breeam-infrastructure.byggalliansen.no\/v6\/kategorier-og-emner\/4-arealbruk-og-okologi\/4-4-endring-og-forbedring-av-biodiversitet\/4-4-2-forbedring-av-eksisterende-okologiske-funksjoner\/\" \/>\n<meta property=\"og:locale\" content=\"nb_NO\" \/>\n<meta property=\"og:type\" content=\"article\" \/>\n<meta property=\"og:title\" content=\"4.4.2 \u00a0Forbedring av eksisterende \u00f8kologiske funksjoner - BREEAM Infrastructure for prosjekter\" \/>\n<meta property=\"og:description\" content=\"4.4.2.1 \u00a0En relevant spesialist har gitt anbefalinger for \u00e5 forbedre de eksisterende \u00f8kologiske funksjonene i omr\u00e5det (i tillegg til eventuell bevaring, avb\u00f8tende tiltak eller kompensering for eksisterende egenskaper), og disse er integrert i prosjektet.\" \/>\n<meta property=\"og:url\" content=\"https:\/\/breeam-infrastructure.byggalliansen.no\/v6\/kategorier-og-emner\/4-arealbruk-og-okologi\/4-4-endring-og-forbedring-av-biodiversitet\/4-4-2-forbedring-av-eksisterende-okologiske-funksjoner\/\" \/>\n<meta property=\"og:site_name\" content=\"BREEAM Infrastructure for prosjekter\" \/>\n<meta property=\"article:modified_time\" content=\"2025-03-04T12:04:11+00:00\" \/>\n<meta name=\"twitter:card\" content=\"summary_large_image\" \/>\n<meta name=\"twitter:label1\" content=\"Ansl. lesetid\" \/>\n\t<meta name=\"twitter:data1\" content=\"1 minutt\" \/>\n<script type=\"application\/ld+json\" class=\"yoast-schema-graph\">{\"@context\":\"https:\/\/schema.org\",\"@graph\":[{\"@type\":\"WebPage\",\"@id\":\"https:\/\/breeam-infrastructure.byggalliansen.no\/v6\/kategorier-og-emner\/4-arealbruk-og-okologi\/4-4-endring-og-forbedring-av-biodiversitet\/4-4-2-forbedring-av-eksisterende-okologiske-funksjoner\/\",\"url\":\"https:\/\/breeam-infrastructure.byggalliansen.no\/v6\/kategorier-og-emner\/4-arealbruk-og-okologi\/4-4-endring-og-forbedring-av-biodiversitet\/4-4-2-forbedring-av-eksisterende-okologiske-funksjoner\/\",\"name\":\"4.4.2 \u00a0Forbedring av eksisterende \u00f8kologiske funksjoner - BREEAM Infrastructure for prosjekter\",\"isPartOf\":{\"@id\":\"https:\/\/breeam-infrastructure.byggalliansen.no\/v6\/#website\"},\"datePublished\":\"2025-02-13T08:13:17+00:00\",\"dateModified\":\"2025-03-04T12:04:11+00:00\",\"breadcrumb\":{\"@id\":\"https:\/\/breeam-infrastructure.byggalliansen.no\/v6\/kategorier-og-emner\/4-arealbruk-og-okologi\/4-4-endring-og-forbedring-av-biodiversitet\/4-4-2-forbedring-av-eksisterende-okologiske-funksjoner\/#breadcrumb\"},\"inLanguage\":\"nb-NO\",\"potentialAction\":[{\"@type\":\"ReadAction\",\"target\":[\"https:\/\/breeam-infrastructure.byggalliansen.no\/v6\/kategorier-og-emner\/4-arealbruk-og-okologi\/4-4-endring-og-forbedring-av-biodiversitet\/4-4-2-forbedring-av-eksisterende-okologiske-funksjoner\/\"]}]},{\"@type\":\"BreadcrumbList\",\"@id\":\"https:\/\/breeam-infrastructure.byggalliansen.no\/v6\/kategorier-og-emner\/4-arealbruk-og-okologi\/4-4-endring-og-forbedring-av-biodiversitet\/4-4-2-forbedring-av-eksisterende-okologiske-funksjoner\/#breadcrumb\",\"itemListElement\":[{\"@type\":\"ListItem\",\"position\":1,\"name\":\"BREEAM Infrastructure for prosjekter\",\"item\":\"https:\/\/breeam-infrastructure.byggalliansen.no\/v6\/\"},{\"@type\":\"ListItem\",\"position\":2,\"name\":\"Kategorier og emner\",\"item\":\"https:\/\/breeam-infrastructure.byggalliansen.no\/v6\/kategorier-og-emner\/\"},{\"@type\":\"ListItem\",\"position\":3,\"name\":\"4 Arealbruk og \u00f8kologi\",\"item\":\"http:\/\/breeam-infrastructure.byggalliansen.no\/v6\/kategorier-og-emner\/4-arealbruk-og-okologi\/\"},{\"@type\":\"ListItem\",\"position\":4,\"name\":\"4.4 Endring og forbedring av biodiversitet\",\"item\":\"https:\/\/breeam-infrastructure.byggalliansen.no\/v6\/kategorier-og-emner\/4-arealbruk-og-okologi\/4-4-endring-og-forbedring-av-biodiversitet\/\"},{\"@type\":\"ListItem\",\"position\":5,\"name\":\"4.4.2 \u00a0Forbedring av eksisterende \u00f8kologiske funksjoner\"}]},{\"@type\":\"WebSite\",\"@id\":\"https:\/\/breeam-infrastructure.byggalliansen.no\/v6\/#website\",\"url\":\"https:\/\/breeam-infrastructure.byggalliansen.no\/v6\/\",\"name\":\"BREEAM Infrastructure for prosjekter\",\"description\":\"Utgave 6, 2024\",\"potentialAction\":[{\"@type\":\"SearchAction\",\"target\":{\"@type\":\"EntryPoint\",\"urlTemplate\":\"https:\/\/breeam-infrastructure.byggalliansen.no\/v6\/?s={search_term_string}\"},\"query-input\":{\"@type\":\"PropertyValueSpecification\",\"valueRequired\":true,\"valueName\":\"search_term_string\"}}],\"inLanguage\":\"nb-NO\"}]}<\/script>\n<!-- \/ Yoast SEO plugin. -->","yoast_head_json":{"title":"4.4.2 \u00a0Forbedring av eksisterende \u00f8kologiske funksjoner - BREEAM Infrastructure for prosjekter","robots":{"index":"index","follow":"follow","max-snippet":"max-snippet:-1","max-image-preview":"max-image-preview:large","max-video-preview":"max-video-preview:-1"},"canonical":"https:\/\/breeam-infrastructure.byggalliansen.no\/v6\/kategorier-og-emner\/4-arealbruk-og-okologi\/4-4-endring-og-forbedring-av-biodiversitet\/4-4-2-forbedring-av-eksisterende-okologiske-funksjoner\/","og_locale":"nb_NO","og_type":"article","og_title":"4.4.2 \u00a0Forbedring av eksisterende \u00f8kologiske funksjoner - BREEAM Infrastructure for prosjekter","og_description":"4.4.2.1 \u00a0En relevant spesialist har gitt anbefalinger for \u00e5 forbedre de eksisterende \u00f8kologiske funksjonene i omr\u00e5det (i tillegg til eventuell bevaring, avb\u00f8tende tiltak eller kompensering for eksisterende egenskaper), og disse er integrert i prosjektet.","og_url":"https:\/\/breeam-infrastructure.byggalliansen.no\/v6\/kategorier-og-emner\/4-arealbruk-og-okologi\/4-4-endring-og-forbedring-av-biodiversitet\/4-4-2-forbedring-av-eksisterende-okologiske-funksjoner\/","og_site_name":"BREEAM Infrastructure for prosjekter","article_modified_time":"2025-03-04T12:04:11+00:00","twitter_card":"summary_large_image","twitter_misc":{"Ansl. lesetid":"1 minutt"},"schema":{"@context":"https:\/\/schema.org","@graph":[{"@type":"WebPage","@id":"https:\/\/breeam-infrastructure.byggalliansen.no\/v6\/kategorier-og-emner\/4-arealbruk-og-okologi\/4-4-endring-og-forbedring-av-biodiversitet\/4-4-2-forbedring-av-eksisterende-okologiske-funksjoner\/","url":"https:\/\/breeam-infrastructure.byggalliansen.no\/v6\/kategorier-og-emner\/4-arealbruk-og-okologi\/4-4-endring-og-forbedring-av-biodiversitet\/4-4-2-forbedring-av-eksisterende-okologiske-funksjoner\/","name":"4.4.2 \u00a0Forbedring av eksisterende \u00f8kologiske funksjoner - BREEAM Infrastructure for prosjekter","isPartOf":{"@id":"https:\/\/breeam-infrastructure.byggalliansen.no\/v6\/#website"},"datePublished":"2025-02-13T08:13:17+00:00","dateModified":"2025-03-04T12:04:11+00:00","breadcrumb":{"@id":"https:\/\/breeam-infrastructure.byggalliansen.no\/v6\/kategorier-og-emner\/4-arealbruk-og-okologi\/4-4-endring-og-forbedring-av-biodiversitet\/4-4-2-forbedring-av-eksisterende-okologiske-funksjoner\/#breadcrumb"},"inLanguage":"nb-NO","potentialAction":[{"@type":"ReadAction","target":["https:\/\/breeam-infrastructure.byggalliansen.no\/v6\/kategorier-og-emner\/4-arealbruk-og-okologi\/4-4-endring-og-forbedring-av-biodiversitet\/4-4-2-forbedring-av-eksisterende-okologiske-funksjoner\/"]}]},{"@type":"BreadcrumbList","@id":"https:\/\/breeam-infrastructure.byggalliansen.no\/v6\/kategorier-og-emner\/4-arealbruk-og-okologi\/4-4-endring-og-forbedring-av-biodiversitet\/4-4-2-forbedring-av-eksisterende-okologiske-funksjoner\/#breadcrumb","itemListElement":[{"@type":"ListItem","position":1,"name":"BREEAM Infrastructure for prosjekter","item":"https:\/\/breeam-infrastructure.byggalliansen.no\/v6\/"},{"@type":"ListItem","position":2,"name":"Kategorier og emner","item":"https:\/\/breeam-infrastructure.byggalliansen.no\/v6\/kategorier-og-emner\/"},{"@type":"ListItem","position":3,"name":"4 Arealbruk og \u00f8kologi","item":"http:\/\/breeam-infrastructure.byggalliansen.no\/v6\/kategorier-og-emner\/4-arealbruk-og-okologi\/"},{"@type":"ListItem","position":4,"name":"4.4 Endring og forbedring av biodiversitet","item":"https:\/\/breeam-infrastructure.byggalliansen.no\/v6\/kategorier-og-emner\/4-arealbruk-og-okologi\/4-4-endring-og-forbedring-av-biodiversitet\/"},{"@type":"ListItem","position":5,"name":"4.4.2 \u00a0Forbedring av eksisterende \u00f8kologiske funksjoner"}]},{"@type":"WebSite","@id":"https:\/\/breeam-infrastructure.byggalliansen.no\/v6\/#website","url":"https:\/\/breeam-infrastructure.byggalliansen.no\/v6\/","name":"BREEAM Infrastructure for prosjekter","description":"Utgave 6, 2024","potentialAction":[{"@type":"SearchAction","target":{"@type":"EntryPoint","urlTemplate":"https:\/\/breeam-infrastructure.byggalliansen.no\/v6\/?s={search_term_string}"},"query-input":{"@type":"PropertyValueSpecification","valueRequired":true,"valueName":"search_term_string"}}],"inLanguage":"nb-NO"}]}},"_links":{"self":[{"href":"https:\/\/breeam-infrastructure.byggalliansen.no\/v6\/wp-json\/wp\/v2\/pages\/3578","targetHints":{"allow":["GET"]}}],"collection":[{"href":"https:\/\/breeam-infrastructure.byggalliansen.no\/v6\/wp-json\/wp\/v2\/pages"}],"about":[{"href":"https:\/\/breeam-infrastructure.byggalliansen.no\/v6\/wp-json\/wp\/v2\/types\/page"}],"author":[{"embeddable":true,"href":"https:\/\/breeam-infrastructure.byggalliansen.no\/v6\/wp-json\/wp\/v2\/users\/2"}],"replies":[{"embeddable":true,"href":"https:\/\/breeam-infrastructure.byggalliansen.no\/v6\/wp-json\/wp\/v2\/comments?post=3578"}],"version-history":[{"count":3,"href":"https:\/\/breeam-infrastructure.byggalliansen.no\/v6\/wp-json\/wp\/v2\/pages\/3578\/revisions"}],"predecessor-version":[{"id":3841,"href":"https:\/\/breeam-infrastructure.byggalliansen.no\/v6\/wp-json\/wp\/v2\/pages\/3578\/revisions\/3841"}],"up":[{"embeddable":true,"href":"https:\/\/breeam-infrastructure.byggalliansen.no\/v6\/wp-json\/wp\/v2\/pages\/3429"}],"wp:attachment":[{"href":"https:\/\/breeam-infrastructure.byggalliansen.no\/v6\/wp-json\/wp\/v2\/media?parent=3578"}],"wp:term":[{"taxonomy":"category","embeddable":true,"href":"https:\/\/breeam-infrastructure.byggalliansen.no\/v6\/wp-json\/wp\/v2\/categories?post=3578"},{"taxonomy":"connection","embeddable":true,"href":"https:\/\/breeam-infrastructure.byggalliansen.no\/v6\/wp-json\/wp\/v2\/connection?post=3578"}],"curies":[{"name":"wp","href":"https:\/\/api.w.org\/{rel}","templated":true}]}}